{"id":6731,"date":"2020-06-26T09:58:21","date_gmt":"2020-06-26T08:58:21","guid":{"rendered":"https:\/\/ozonetech.com\/?page_id=6731"},"modified":"2024-10-10T10:32:39","modified_gmt":"2024-10-10T08:32:39","slug":"pumpgropar-luktproblem","status":"publish","type":"page","link":"https:\/\/ozonetech.com\/sv\/applikationer\/lukt-sanering\/pumpgropar-luktproblem\/","title":{"rendered":"Pumpgropar &#8211; luktproblem"},"content":{"rendered":"\n<section\n    class=\"block hero hero--regular\"\n    style=\"background-image: url('https:\/\/ozonetech.com\/wp-content\/uploads\/2021\/02\/pump-station-1600x484.jpg'); --hero-opacity: 0.3\"\n>\n\n    <div class=\"container-fluid\">\n\n        <div class=\"content editor_content\">\n                         \n                <h2 class='h2'>Pumpgropar &#8211; luktproblem<\/h2>            \n                    <\/div>\n\n            <\/div>\n<\/section>\n\n\n<section class=\"component component_breadcrumbs\">\n\t<div class=\"container-fluid\">\n  \t<\/div>\n<\/section>\n\n\n<section\n    id=\"\"\n    class=\"block content-block\"\n\tstyle=\"--cb-bg: light-gray; --cb-content: #000; padding-top: 30px; padding-bottom: 30px;\"\n>\n    \n\n<div class=\"container-fluid editor_content content content--narrow\">\n    <div class=\"row\">\n        <div class=\"col-12 editor_content\">\n            <h1>Det mest effektiva s\u00e4ttet att behandla luktproblem p\u00e5 pumpstationer \u00e4r direkt vid k\u00e4llan<\/h1>\n<p class=\"preamble\">Pumpgropar och pumpbrunnar luktar av naturliga sk\u00e4l. Det grundvatten som samlas f\u00f6r att senare ledas till dagvattenavledningen st\u00e5r ofta stilla och kommer med tiden avge lukt. Om lukten st\u00f6r omgivningen kan ozon minimera problemet. Ozonet produceras n\u00e4ra pumpgropen och leds sen ner i pumpgropen kontinuerligt.<\/p>\n        <\/div>\n    <\/div>\n<\/div>\n\n<\/section>\n\n\n\n<section class=\"block product-block\" style=\"--bg: white; --tc: #000000; --button-bg: #299f23; --button-tc: #ffffff; --button-hover-bg: transparent; --button-hover-tc: #299f23;\" >\n    <div class=\"container-fluid\">\n        <div class=\"row justify-content-center top\">\n            <div class=\"col-md-12 editor_content\">\n                                            <\/div>\n        <\/div>\n        <div class=\"row justify-content-center bottom\">\n            <div class=\"col-md-6 editor_content\">\n                <h3>Ozonrening med ACT-3000P<\/h3>\n<p>Ozonproduktionen anpassas efter luktproblemets storlek tillf\u00f6rs dygnet runt f\u00f6r att minimera lukten. Anv\u00e4ndningen \u00e4r enkel och driftkostnaden minimal.<\/p>\n<p>ACT-3000P \u00e4r utvecklad och tillverkad i Sverige av Ozonetech. V\u00e5ra stora skr\u00e4ddarsydda systeml\u00f6sningar f\u00f6r rening av luft och vatten finns v\u00e4rlden \u00f6ver p\u00e5 industrier, avloppsreningsverk, j\u00e4stfabriker, l\u00e4kemedelstillverkare, bryggerier, v\u00e4xthus och shoppingcenter. Vi \u00e4r snabbv\u00e4xande och flerfaldigt prisbel\u00f6nade.<\/p>\n<p><em>ACT-3000P \u00e4r utvecklad f\u00f6r professionell sanering och desinfektion inom industri, tj\u00e4nstesektor och kommunal verksamhet.<\/em><\/p>\n<p>&nbsp;<\/p>\n\n                            <\/div>\n            <div class=\"col-md-6 text-center\">\n                                    <img loading=\"lazy\" decoding=\"async\" width=\"1181\" height=\"1228\" src=\"https:\/\/ozonetech.com\/wp-content\/uploads\/2021\/03\/Ozonetech-ACT-3000P.jpg\" class=\"attachment-full size-full\" alt=\"\" srcset=\"https:\/\/ozonetech.com\/wp-content\/uploads\/2021\/03\/Ozonetech-ACT-3000P.jpg 1181w, https:\/\/ozonetech.com\/wp-content\/uploads\/2021\/03\/Ozonetech-ACT-3000P-289x300.jpg 289w, https:\/\/ozonetech.com\/wp-content\/uploads\/2021\/03\/Ozonetech-ACT-3000P-985x1024.jpg 985w, https:\/\/ozonetech.com\/wp-content\/uploads\/2021\/03\/Ozonetech-ACT-3000P-768x799.jpg 768w\" sizes=\"auto, (max-width: 1181px) 100vw, 1181px\" \/>                \n                <a href='https:\/\/ozonetech.com\/sv\/produkter\/ozongeneratorer\/act-serien\/' class='btn' target=''>Beg\u00e4r en offert<\/a>            <\/div>\n        <\/div>\n    <\/div>\n<\/section>\n\n\n\n<section\n    id=\"\"\n    class=\"block content-block\"\n\tstyle=\"--cb-bg: #e6e6e6; --cb-content: #000; padding-top: 30px; padding-bottom: 30px;\"\n>\n    \n\n<div class=\"container-fluid editor_content content content--narrow\">\n    <div class=\"row\">\n        <div class=\"col-12 editor_content\">\n            <h4>Enkel behandling, g\u00f6r s\u00e5 h\u00e4r<\/h4>\n<p>1. Montera ACT-3000P i v\u00e4ggracket<br \/>\n2. Anslut luftpumpen och ozoninjektorn<br \/>\n3. F\u00f6r in ozoninjektorn i avluftningsr\u00f6ret<br \/>\n4. V\u00e4lj ozonproduktion 1-100 %<br \/>\n5. Produktionen p\u00e5g\u00e5r vanligtvis dygnet runt<br \/>\n6. Reglera ozonproduktionen vid behov<\/p>\n        <\/div>\n    <\/div>\n<\/div>\n\n<\/section>\n","protected":false},"excerpt":{"rendered":"","protected":false},"author":21,"featured_media":0,"parent":14794,"menu_order":0,"comment_status":"closed","ping_status":"closed","template":"","meta":{"_acf_changed":false,"_seopress_robots_primary_cat":"","_seopress_titles_title":"","_seopress_titles_desc":"","_seopress_robots_index":"","inline_featured_image":false,"footnotes":""},"class_list":["post-6731","page","type-page","status-publish","hentry"],"acf":[],"_links":{"self":[{"href":"https:\/\/ozonetech.com\/sv\/wp-json\/wp\/v2\/pages\/6731","targetHints":{"allow":["GET"]}}],"collection":[{"href":"https:\/\/ozonetech.com\/sv\/wp-json\/wp\/v2\/pages"}],"about":[{"href":"https:\/\/ozonetech.com\/sv\/wp-json\/wp\/v2\/types\/page"}],"author":[{"embeddable":true,"href":"https:\/\/ozonetech.com\/sv\/wp-json\/wp\/v2\/users\/21"}],"replies":[{"embeddable":true,"href":"https:\/\/ozonetech.com\/sv\/wp-json\/wp\/v2\/comments?post=6731"}],"version-history":[{"count":46,"href":"https:\/\/ozonetech.com\/sv\/wp-json\/wp\/v2\/pages\/6731\/revisions"}],"predecessor-version":[{"id":40637,"href":"https:\/\/ozonetech.com\/sv\/wp-json\/wp\/v2\/pages\/6731\/revisions\/40637"}],"up":[{"embeddable":true,"href":"https:\/\/ozonetech.com\/sv\/wp-json\/wp\/v2\/pages\/14794"}],"wp:attachment":[{"href":"https:\/\/ozonetech.com\/sv\/wp-json\/wp\/v2\/media?parent=6731"}],"curies":[{"name":"wp","href":"https:\/\/api.w.org\/{rel}","templated":true}]}}