{"id":40044,"date":"2024-10-07T12:56:47","date_gmt":"2024-10-07T10:56:47","guid":{"rendered":"https:\/\/ozonetech.com\/?page_id=40044"},"modified":"2024-10-10T09:09:15","modified_gmt":"2024-10-10T07:09:15","slug":"lakemedelsindustrin","status":"publish","type":"page","link":"https:\/\/ozonetech.com\/sv\/lakemedelsindustrin\/","title":{"rendered":"L\u00e4kemedelsindustrin"},"content":{"rendered":"\n<section\n    class=\"block hero hero--regular\"\n    style=\"background-image: url('https:\/\/ozonetech.com\/wp-content\/uploads\/2024\/09\/pharma-industry-1600x484.png'); --hero-opacity: 0.25\"\n>\n\n    <div class=\"container-fluid\">\n\n        <div class=\"content editor_content\">\n                         \n                <h2 class='h2'>L\u00e4kemedelsindustrin<\/h2>            \n                    <\/div>\n\n            <\/div>\n<\/section>\n\n\n\n<section\n    id=\"\"\n    class=\"block content-block\"\n\tstyle=\"--cb-bg: #fff; --cb-content: #000; \"\n>\n    \n\n<div class=\"container-fluid editor_content content content--narrow\">\n    <div class=\"row\">\n        <div class=\"col-12 editor_content\">\n            <h1>Reningssystem f\u00f6r mikrof\u00f6roreningar och l\u00e4kemedelsrester<\/h1>\n<h5>Den globala l\u00e4kemedelsanv\u00e4ndningen har \u00f6kat stadigt under de senaste decennierna och de totala utgifterna f\u00f6rutsp\u00e5s forts\u00e4tta att v\u00e4xa under de kommande \u00e5ren. Denna \u00f6kning drivs av en rad faktorer, inklusive den st\u00e4ndigt v\u00e4xande globala konkurrensen som balanseras av utg\u00e5ngna patent och \u00f6kningen av generiska l\u00e4kemedel, nya produktintag f\u00f6r att n\u00e4mna n\u00e5gra. Allt detta har resulterat i \u00f6kande koncentrationer av l\u00e4kemedelsrester i v\u00e5rt avloppsvatten. Detta utg\u00f6r en enorm utmaning f\u00f6r avloppsvattenhanteringen runt om i v\u00e4rlden som beh\u00f6ver ta itu med de potentiella effekterna som dessa l\u00e4kemedelsrester har p\u00e5 dricksvattenkvaliteten, ekosystemet och m\u00e4nniskors och andra levande organismers h\u00e4lsa.<\/h5>\n<p>Nuvarande behandlingsteknik som anv\u00e4nds i avloppsreningsverk \u00e4r vanligtvis inte l\u00e4mplig f\u00f6r att avl\u00e4gsna mikrobiella stabila kemiska f\u00f6roreningar och utv\u00e4rderingen av avl\u00e4gsningseffektiviteten som till\u00e4mpas idag \u00e4r inte fullst\u00e4ndig. L\u00e4kemedelsrester och andra framv\u00e4xande \u00e4mnen passerar genom moderna avloppsreningsverk och hamnar i det mottagande vattnet och slammet.<\/p>\n<p>\u00c4mnen som antibiotika (t.ex. Amoxicillin och Ciprofloxacin), betablockerare och l\u00e4kemedel som morfin och kodein \u00e4r sv\u00e5ra och ofta om\u00f6jliga att behandla i reningsverk p\u00e5 grund av deras komplexa kemiska strukturer. S\u00e5dana \u00e4mnen har en negativ effekt p\u00e5 fisk, v\u00e4xter och hela ekosystem och ackumuleras \u00f6ver tid p\u00e5 grund av deras icke-biologiskt nedbrytbara egenskaper.<\/p>\n<p>Mellifiq har mer \u00e4n 20 \u00e5rs erfarenhet av att implementera avancerade oxidationsl\u00f6sningar och tekniker inom vattenbehandling f\u00f6r ett brett spektrum av industrier och kommuner och statliga organisationer. V\u00e5ra innovativa l\u00f6sningar, som kombinerar ozon och konventionell teknik, \u00e4r idealiska f\u00f6r vatten- och luftrening i produktionsprocessen s\u00e5v\u00e4l som f\u00f6r behandling av utsl\u00e4ppsvatten.<\/p>\n<p>V\u00e5rt m\u00e5l \u00e4r att erbjuda en mer effektiv och h\u00e5llbar l\u00f6sning som hj\u00e4lper dig att f\u00f6rb\u00e4ttra ditt f\u00f6retags l\u00f6nsamhet och produktionskvalitet. Genom att minska dina energikostnader kommer du ocks\u00e5 automatiskt att s\u00e4nka dina produktionsanl\u00e4ggningars milj\u00f6p\u00e5verkan.<\/p>\n<p>Mellifiq offer more than 20 years of experience implementing advanced oxidation solutions and technologies in water treatment for a wide range of industies and municipalites and governmental organisations. Our innovative solutions, combining ozone and conventional technologies, are ideal for water and air treatment in the production process as well as treatment of the discharged wastewater.<\/p>\n<p>Our goal is to offer a more efficient and sustainable solution that helps you improve your business profitability and output quality. By reducing your energy costs you will also automaticaly lower your production facilitie\u2019s environmental impact.<\/p>\n<p>&nbsp;<\/p>\n<p>&nbsp;<\/p>\n        <\/div>\n    <\/div>\n<\/div>\n\n\n\n<div class=\"container-fluid editor_content content content--narrow\">\n    <div class=\"row\">\n        <div class=\"col-12 editor_content\">\n            <p>&nbsp;<\/p>\n<h3>En h\u00e4lsorisk som kan elimineras<\/h3>\n<h5>Kan l\u00e4kemedelsrester tas bort effektivt och h\u00e5llbart?<\/h5>\n        <\/div>\n    <\/div>\n<\/div>\n\n\n<div class=\"container-fluid editor_content content content--narrow\">\n    <div class=\"row\">\n        <div class=\"col-md-6\">\n            <div id=\"attachment_21265\" style=\"width: 810px\" class=\"wp-caption aligncenter\"><img loading=\"lazy\" decoding=\"async\" aria-describedby=\"caption-attachment-21265\" class=\"wp-image-21265 \" src=\"https:\/\/ozonetech.com\/wp-content\/uploads\/2024\/10\/pharmaceutical-diclofenac.png\" alt=\"\" width=\"800\" height=\"450\" \/><p id=\"caption-attachment-21265\" class=\"wp-caption-text\">Diklofenak.<\/p><\/div>\n<div id=\"attachment_21265\" style=\"width: 810px\" class=\"wp-caption aligncenter\"><img loading=\"lazy\" decoding=\"async\" aria-describedby=\"caption-attachment-21265\" class=\"wp-image-21265 \" src=\"https:\/\/ozonetech.com\/wp-content\/uploads\/2024\/10\/pharmaceutical-naproxen.png\" alt=\"\" width=\"800\" height=\"450\" \/><p id=\"caption-attachment-21265\" class=\"wp-caption-text\">Naproxen.<\/p><\/div>\n<div id=\"attachment_21265\" style=\"width: 810px\" class=\"wp-caption aligncenter\"><img loading=\"lazy\" decoding=\"async\" aria-describedby=\"caption-attachment-21265\" class=\"wp-image-21265 \" src=\"https:\/\/ozonetech.com\/wp-content\/uploads\/2024\/10\/pharmaceutical-acetaminophen.png\" alt=\"\" width=\"800\" height=\"450\" \/><p id=\"caption-attachment-21265\" class=\"wp-caption-text\">Acetaminophen.<\/p><\/div>\n        <\/div>\n        <div class=\"col-md-6\">\n            <div id=\"attachment_21265\" style=\"width: 810px\" class=\"wp-caption aligncenter\"><img loading=\"lazy\" decoding=\"async\" aria-describedby=\"caption-attachment-21265\" class=\"wp-image-21265 \" src=\"https:\/\/ozonetech.com\/wp-content\/uploads\/2024\/10\/pharmaceutical-prozac.png\" alt=\"\" width=\"800\" height=\"450\" \/><p id=\"caption-attachment-21265\" class=\"wp-caption-text\">Prozac.<\/p><\/div>\n<div id=\"attachment_21265\" style=\"width: 810px\" class=\"wp-caption aligncenter\"><img loading=\"lazy\" decoding=\"async\" aria-describedby=\"caption-attachment-21265\" class=\"wp-image-21265 \" src=\"https:\/\/ozonetech.com\/wp-content\/uploads\/2024\/10\/pharmaceutical-ibuprofen.png\" alt=\"\" width=\"800\" height=\"450\" \/><p id=\"caption-attachment-21265\" class=\"wp-caption-text\">Ibuprofen.<\/p><\/div>\n<div id=\"attachment_21265\" style=\"width: 810px\" class=\"wp-caption aligncenter\"><img loading=\"lazy\" decoding=\"async\" aria-describedby=\"caption-attachment-21265\" class=\"wp-image-21265 \" src=\"https:\/\/ozonetech.com\/wp-content\/uploads\/2024\/10\/pharmaceutical-tetracycline.png\" alt=\"\" width=\"800\" height=\"450\" \/><p id=\"caption-attachment-21265\" class=\"wp-caption-text\">Tetracycline.<\/p><\/div>\n        <\/div>\n    <\/div>\n<\/div><\/section>\n\n\n\n<section\n    id=\"\"\n    class=\"block content-block\"\n\tstyle=\"--cb-bg: #fff; --cb-content: #000; \"\n>\n    \n\n<div class=\"container-fluid editor_content content content--narrow\">\n    <div class=\"row\">\n        <div class=\"col-12 editor_content\">\n            <h3>Ja, det g\u00e5r<\/h3>\n<p>Antibiotika, v\u00e4rktabletter och antiseptiska medel \u00e4r exempel p\u00e5 mediciner som kan vara livsviktiga f\u00f6r m\u00e4nniskors h\u00e4lsa, samtidigt som de har skadliga effekter p\u00e5 milj\u00f6n.<\/p>\n<p>En stor del av de l\u00e4kemedel som konsumeras av m\u00e4nniskor har under l\u00e5ng tid p\u00e5verkat naturen via avloppsvattnet. Denna ackumulering av l\u00e4kemedel och mikrof\u00f6roreningar kan nu stoppas genom att avloppsvattnet renas fr\u00e5n farmaceutiska aktiva substanser (API) innan det sl\u00e4pps ut.<\/p>\n<p>B\u00e5de privata och offentliga akt\u00f6rer v\u00e4rlden \u00f6ver har tagit initiativ f\u00f6r att fr\u00e4mja utvecklingen inom rening av utsl\u00e4pp av skadliga mikrof\u00f6roreningar.<\/p>\n<p>Mellifiq \u00e4r ett globalt teknikf\u00f6retag specialiserat p\u00e5 de mest effektiva behandlingsmetoderna f\u00f6r rening av farmaceutiska aktiva substanser i avloppsreningsverk och i l\u00e4kemedelsindustrin.<\/p>\n<p>H\u00e4r presenterar vi v\u00e5r teknologi, ingenj\u00f6rskunskap och de konsulttj\u00e4nster som beh\u00f6vs f\u00f6r att leverera de mest kostnads- och energieffektiva reningsl\u00f6sningarna.<\/p>\n<p>Endast en br\u00e5kdel av alla farmaceutiska aktiva substanser (API) kan renas med hj\u00e4lp av traditionell reningsteknik vilket betyder att en stor del av l\u00e4kemedelsresterna idag hamnar i naturen och leder till skadliga effekter p\u00e5 flora, fauna och slutligen ocks\u00e5 p\u00e5 m\u00e4nniskan.<\/p>\n<p>&nbsp;<\/p>\n<p>&nbsp;<\/p>\n        <\/div>\n    <\/div>\n<\/div>\n\n<\/section>\n\n\n\n<section\n    id=\"\"\n    class=\"block content-block\"\n\tstyle=\"--cb-bg: #bcd19b; --cb-content: #000000; padding-top: 30px; padding-bottom: 30px;\"\n>\n    \n\n<div class=\"container-fluid editor_content content content--narrow\">\n    <div class=\"row\">\n        <div class=\"col-12 editor_content\">\n            <h4>VISSTE DU ATT&#8230;<\/h4>\n<p>I Sverige anv\u00e4nder vi mer \u00e4n 1 000 olika aktiva substanser i cirka 7 600 olika l\u00e4kemedel. Till detta kommer ett ungef\u00e4r lika stort antal hj\u00e4lp\u00e4mnen och m\u00e5nga sorters f\u00f6rpackningsmaterial. De flesta nya l\u00e4kemedel som godk\u00e4nns f\u00f6r f\u00f6rs\u00e4ljning i Sverige \u00e4r nya fabrikat av redan tidigare k\u00e4nda och anv\u00e4nda substanser. Nya substanser tillkommer dock varje \u00e5r.<\/p>\n        <\/div>\n    <\/div>\n<\/div>\n\n<\/section>\n\n\n\n<section\n    id=\"\"\n    class=\"block content-block\"\n\tstyle=\"--cb-bg: #fff; --cb-content: #000; \"\n>\n    \n\n<div class=\"container-fluid editor_content content content--narrow\">\n    <div class=\"row\">\n        <div class=\"col-12 editor_content\">\n            <h3><\/h3>\n<h3><\/h3>\n<h3>Vanligt f\u00f6rekommande l\u00e4kemedelsrester<\/h3>\n<p>H\u00e4r listas n\u00e5gra l\u00e4kemedelsf\u00f6roreningar som \u00e4r vanligt f\u00f6rekommande i avloppsstr\u00f6mmen:<\/p>\n        <\/div>\n    <\/div>\n<\/div>\n\n<\/section>\n\n\n\n<section\n    id=\"\"\n    class=\"block content-block\"\n\tstyle=\"--cb-bg: #ffffff; --cb-content: #ffffff; padding-top: 30px; padding-bottom: 30px;\"\n>\n    \n<div class=\"container-fluid editor_content content content--narrow\">\n    <div class=\"row\">\n        <div class=\"col-md-6\">\n            <div class=\"fade-in\">\n<p><img loading=\"lazy\" decoding=\"async\" class=\"wp-image-21265 \" src=\"https:\/\/ozonetech.com\/wp-content\/uploads\/2024\/10\/pharmaceutical-paracetamol.png\" alt=\"\" width=\"800\" height=\"450\" \/><\/p>\n<\/div>\n        <\/div>\n        <div class=\"col-md-6\">\n            <p><img loading=\"lazy\" decoding=\"async\" class=\"wp-image-21265 \" src=\"https:\/\/ozonetech.com\/wp-content\/uploads\/2024\/10\/pharmaceutical-codeine.png\" alt=\"\" width=\"800\" height=\"450\" \/><\/p>\n        <\/div>\n    <\/div>\n<\/div><\/section>\n\n\n\n<section\n    id=\"\"\n    class=\"block content-block\"\n\tstyle=\"--cb-bg: #fff; --cb-content: #000; \"\n>\n    \n<div class=\"container-fluid editor_content content content--narrow\">\n    <div class=\"row\">\n        <div class=\"col-md-6\">\n            <h5>Paracetamol<\/h5>\n<p>Paracetamol (N-acetyl-4-aminofenol) \u00e4r en grupp l\u00e4kemedel (t.ex. Alvedon) som finns i milda analgetika eller icke-steroida antiinflammatoriska l\u00e4kemedel som s\u00e4ljs i stora m\u00e4ngder. De anv\u00e4nds ofta f\u00f6r att minska sm\u00e4rta och febersymptom. Den ber\u00e4knade \u00e5rliga v\u00e4rldsproduktionen av paracetamol \u00e4r cirka 145 000 ton. Paracetamolmolekylen best\u00e5r av en bensenringk\u00e4rna, substituerad med en hydroxylgrupp och kv\u00e4veatomen i en acetamid. Mer info om paracetamolnedbrytningen med ozonbehandling finns nedan.<\/p>\n        <\/div>\n        <div class=\"col-md-6\">\n            <h5>Kodein<\/h5>\n<p>Kodein (3-metylmorfin) \u00e4r ett narkotiskt l\u00e4kemedel (t.ex. Oramorph) som anv\u00e4nds f\u00f6r att behandla m\u00e5ttlig sm\u00e4rta och hosta. Den best\u00e5r av en aromatisk ring och en kvart\u00e4r kolatom kopplad till en terti\u00e4r amingrupp med tv\u00e5 andra kolatomer. Denna kemiska egenskap \u00e4r ocks\u00e5 k\u00e4nd som morfinregeln. Molekylen best\u00e5r av totalt fem ringar, varav tre \u00e4r i samma plan.<\/p>\n        <\/div>\n    <\/div>\n<\/div><\/section>\n\n\n\n<section\n    id=\"\"\n    class=\"block content-block\"\n\tstyle=\"--cb-bg: #fff; --cb-content: #000; \"\n>\n    \n<div class=\"container-fluid editor_content content content--narrow\">\n    <div class=\"row\">\n        <div class=\"col-md-6\">\n            <p><img loading=\"lazy\" decoding=\"async\" class=\"wp-image-21265 \" src=\"https:\/\/ozonetech.com\/wp-content\/uploads\/2024\/10\/pharmaceutical-diclofenac-1.png\" alt=\"\" width=\"800\" height=\"450\" \/><\/p>\n        <\/div>\n        <div class=\"col-md-6\">\n            <p><img loading=\"lazy\" decoding=\"async\" class=\"wp-image-21265 \" src=\"https:\/\/ozonetech.com\/wp-content\/uploads\/2024\/10\/pharmaceutical-propofol.png\" alt=\"\" width=\"800\" height=\"450\" \/><\/p>\n        <\/div>\n    <\/div>\n<\/div><\/section>\n\n\n\n<section\n    id=\"\"\n    class=\"block content-block\"\n\tstyle=\"--cb-bg: #fff; --cb-content: #000; \"\n>\n    \n<div class=\"container-fluid editor_content content content--narrow\">\n    <div class=\"row\">\n        <div class=\"col-md-6\">\n            <h5>Diklofenak<\/h5>\n<p>Diklofenak 2-(2, 6-dikloranillino) fenyl\u00e4ttiksyra \u00e4r ett icke-steroid antiinflammatoriskt l\u00e4kemedel (dvs Voltaren) som \u00e4r l\u00e4ttillg\u00e4ngligt i medicinska butiker och hundratals ton s\u00e4ljs \u00f6ver hela v\u00e4rlden varje \u00e5r. Den best\u00e5r av tv\u00e5 intilliggande aromatiska ringar, d\u00e4r en ring b\u00e4r ett karboxylat och den andra, en fenylring, binder vinkelr\u00e4tt mot toppen av den aromatiska ringen med tv\u00e5 orto-klorgrupper.<\/p>\n        <\/div>\n        <div class=\"col-md-6\">\n            <h5>Propofol<\/h5>\n<p>Propofol (2,6-bis (1-metyletyl) fenol) \u00e4r en stabil molekyl och ett intraven\u00f6st anestesimedel som anv\u00e4nds f\u00f6r att uppr\u00e4tth\u00e5lla allm\u00e4n anestesi (t.ex. Propoven). Propofol best\u00e5r av en bensenring och en isopropylgrupp. Propofol, liksom de andra f\u00f6reningarna som n\u00e4mns ovan, bryts effektivt ned till under detektionsniv\u00e5er med ozonbehandling. Propofol i synnerhet har visat en f\u00f6rsta ordningens reaktion i typ i ett typiskt avloppsvattenavlopp fr\u00e5n l\u00e4kemedelsindustrin.<\/p>\n        <\/div>\n    <\/div>\n<\/div><\/section>\n\n\n\n<section\n    id=\"\"\n    class=\"block content-block\"\n\tstyle=\"--cb-bg: #fff; --cb-content: #000; \"\n>\n    \n\n<div class=\"container-fluid editor_content content content--narrow\">\n    <div class=\"row\">\n        <div class=\"col-12 editor_content\">\n            <p><img loading=\"lazy\" decoding=\"async\" class=\"wp-image-21265 \" src=\"https:\/\/ozonetech.com\/wp-content\/uploads\/2024\/10\/Pharmaceuticals-in-wastewater.png\" alt=\"\" width=\"800\" height=\"450\" \/><\/p>\n<p>&nbsp;<\/p>\n<p>&nbsp;<\/p>\n<p>&nbsp;<\/p>\n        <\/div>\n    <\/div>\n<\/div>\n\n<\/section>\n\n\n\n<section\n    id=\"\"\n    class=\"block content-block\"\n\tstyle=\"--cb-bg: #fff; --cb-content: #000; \"\n>\n    \n\n<div class=\"container-fluid editor_content content content--narrow\">\n    <div class=\"row\">\n        <div class=\"col-12 editor_content\">\n            <h4>L\u00e4kemedelsutsl\u00e4pp \u2013 fr\u00e4msta k\u00e4llor<\/h4>\n        <\/div>\n    <\/div>\n<\/div>\n\n\n<div class=\"container-fluid editor_content content content--narrow\">\n    <div class=\"row\">\n        <div class=\"col-md-6\">\n            <h5>Sjukhus<\/h5>\n<p>L\u00e4kemedel kan hittas i naturligt vatten som ett resultat av att man spolar ner kvarvarande produkter i privata hem, men sjukhus \u00e4r en stor k\u00e4lla. D\u00e4rf\u00f6r b\u00f6r ozonteknik \u00f6verv\u00e4gas f\u00f6r att f\u00f6rb\u00e4ttra prestanda hos reningsverk f\u00f6r sjukhus eller som terti\u00e4r vid kommunala reningsverk. Det har visat sig att sjukhus bidrar till cirka 20 % av l\u00e4kemedelsbelastningen i avloppsstr\u00f6mmar enligt EU PILLS-projektet.<\/p>\n<p>&nbsp;<\/p>\n        <\/div>\n        <div class=\"col-md-6\">\n            <h5>L\u00e4kemedelsindustrin<\/h5>\n<p>L\u00e4kemedelsindustrin kan vidta \u00e5tg\u00e4rder f\u00f6r att eliminera l\u00e4kemedelsresterna i avloppsvattnet i produktionsprocessen. Industrin \u00e4r en viktig k\u00e4lla till de farmaceutiska mikrof\u00f6roreningar som kan identifieras i kommunala avloppsreningsverk. Kraven \u00f6kar nu p\u00e5 tillverkarna att eliminera l\u00e4kemedelsresterna innan avloppsvattnet sl\u00e4pps ut.<\/p>\n        <\/div>\n    <\/div>\n<\/div>\n\n<div class=\"container-fluid editor_content content content--narrow\">\n    <div class=\"row\">\n        <div class=\"col-12 editor_content\">\n            <h4><\/h4>\n<h4>Metoder f\u00f6r att behandla l\u00e4kemedelsrester<\/h4>\n<p>Idag finns det flera tekniker som kan bli ett komplement till avloppsreningsverkens sekund\u00e4ra, biologiska behandling.<\/p>\n        <\/div>\n    <\/div>\n<\/div>\n\n\n<div class=\"container-fluid editor_content content content--narrow\">\n    <div class=\"row\">\n        <div class=\"col-md-6\">\n            <h5>Pulveriserat aktivt kol (PAC)<\/h5>\n<p>PAC fungerar som ett effektivt mikrof\u00f6roreningsfilter och kan anv\u00e4ndas som ett terti\u00e4rt reningssteg vid rening av avloppsvatten. Det kan ta bort upp till 86 % av l\u00e4kemedelsrester genom adsorption och ger inte bara omvandling av m\u00e5lsubstanser utan avl\u00e4gsnande.<\/p>\n<h5>UV<\/h5>\n<p>UV-ljus \u00e4r ett kostnadseffektivt s\u00e4tt att rena process- och avloppsvatten men har en begr\u00e4nsad f\u00f6rm\u00e5ga att bryta ner l\u00e4kemedelsrester. Kovalova, et al. (2013) har rapporterat att 33 % av dessa substanser kan reduceras med denna teknik. UV \u00e4r effektivt mot jodkontrastmedia.<\/p>\n        <\/div>\n        <div class=\"col-md-6\">\n            <h5>Ozonbehandling<\/h5>\n<p>Ozon \u00e4r ett kraftfullt oxidationsmedel som effektivt bryter kovalenta bindningar i komplexa molekyler, vilket g\u00f6r ozon till en mycket framg\u00e5ngsrik teknik f\u00f6r att ta bort l\u00e4kemedel i process- och avloppsvatten. Ozon kan \u00e4ven anv\u00e4ndas i avancerade oxidationsprocesser (AOP) f\u00f6r att fr\u00e4mja bildningen av hydroxylradikaler som \u00f6kar oxidationspotentialen vid behandling av de mest sv\u00e5rnedbrytbara substanserna. Det har bekr\u00e4ftats att ozonteknik kan rena 100% av l\u00e4kemedelsresterna i processavloppsstr\u00f6mmar. Typiskt applicerad m\u00e4ngd ozon \u00e4r 0,3-1,2 g O3\/g DOC (inl\u00f6st organiskt kol) enligt Barasel, et al. (2015). Barasel, et al. (2015).<\/p>\n<p>Mellifiq har \u00f6ver 20 \u00e5rs erfarenhet av avancerade oxidationsprocesser och har framg\u00e5ngsrikt utf\u00f6rt projekt tillsammans med industrin med 100 % nedbrytning av l\u00e4kemedelsrester i processavloppsvatten. Figuren nedan visar resultatet efter behandling av ett vanligt f\u00f6rekommande l\u00e4kemedel med ozon och ozon-AOP.<\/p>\n<p>&nbsp;<\/p>\n<p>&nbsp;<\/p>\n        <\/div>\n    <\/div>\n<\/div><\/section>\n\n\n\n<section\n    id=\"\"\n    class=\"block content-block\"\n\tstyle=\"--cb-bg: #bcd19b; --cb-content: #000; padding-top: 30px; padding-bottom: 30px;\"\n>\n    \n<div class=\"container-fluid editor_content content\">\n    <div class=\"row\">\n        <div class=\"col-12 editor_content\">\n            <h3>Ozonbehandling av farmaceutiska rester<\/h3>\n<p>EU har omkring 100 000 kemikalier registrerade. Av dessa anv\u00e4nds cirka 30 000 i stora m\u00e4ngder, ett ton per \u00e5r eller mer, f\u00f6r konsumtion av m\u00e4nniskor. En stor del av dessa aktiva substanser (mikrof\u00f6roreningar) n\u00e5r oundvikligen vattenmilj\u00f6n \u2013 fr\u00e5n tillverkningen, anv\u00e4ndningen och avfallshanteringen.<\/p>\n<p>L\u00e4kemedel \u00e4r en av de viktigaste nya f\u00f6roreningarna i vattenreningsprocesser och har direkt p\u00e5verkan p\u00e5 m\u00e4nniskors v\u00e4lbefinnande och ekosystemet. K\u00e4llor till l\u00e4kemedelsutsl\u00e4ppen \u00e4r bland annat rester fr\u00e5n djuruppf\u00f6dning, sjukhus, fiskodlingar samt kommunala och industriella avloppsutsl\u00e4pp. Behandling av avloppsvatten har dessutom blivit sv\u00e5rare av flera anledningar. N\u00e5gra exempel:<\/p>\n<ul>\n<li>Avloppsvattnet inneh\u00e5ller kluster av farmaceutiska aktiva substanser. Dessa mikrof\u00f6roreningar kan vara resistenta mot befintliga behandlingsprocesser p\u00e5 grund av deras komplexa molekyl\u00e4ra strukturer som \u00e4r sv\u00e5ra att behandla p\u00e5 traditionellt vis.<\/li>\n<li>Str\u00e4nga regler f\u00f6r utsl\u00e4ppsgr\u00e4nser f\u00f6r avloppsvatten<br \/>\nObehandlade l\u00e4kemedelsrester i avloppsvatten bidrar starkt till de v\u00e4xande problemen med antibiotikaresistenta bakteriestammar.<\/li>\n<\/ul>\n        <\/div>\n    <\/div>\n    <div class=\"row\">\n        <div class=\"col-12\">\n                    <\/div>\n    <\/div>\n<\/div><\/section>\n\n\n\n<section\n    id=\"\"\n    class=\"block content-block\"\n\tstyle=\"--cb-bg: #fff; --cb-content: #000; \"\n>\n    \n\n<div class=\"container-fluid editor_content content content--narrow\">\n    <div class=\"row\">\n        <div class=\"col-12 editor_content\">\n            <div style=\"padding: 56.25% 0 0 0; position: relative;\"><iframe style=\"position: absolute; top: 0; left: 0; width: 100%; height: 100%;\" title=\"Micropollutant removal at Kungsbacka WWTP (full)\" src=\"https:\/\/player.vimeo.com\/video\/836153630?badge=0&amp;autopause=0&amp;player_id=0&amp;app_id=58479\" frameborder=\"0\"><\/iframe><\/div>\n<p><script src=\"https:\/\/player.vimeo.com\/api\/player.js\"><\/script><\/p>\n<p>&nbsp;<\/p>\n<p>&nbsp;<\/p>\n        <\/div>\n    <\/div>\n<\/div>\n\n<\/section>\n\n\n\n<section\n    id=\"\"\n    class=\"block content-block\"\n\tstyle=\"--cb-bg: #fff; --cb-content: #000; \"\n>\n    \n\n<div class=\"container-fluid editor_content content content--narrow\">\n    <div class=\"row\">\n        <div class=\"col-12 editor_content\">\n            <p>Ozone technology provides a cost-effective alternative to traditional destruction by incineration. Mellifiq employs the Ozonetech RENA CIP or RENA AOP engineered systems to break down these micropollutants which will save large amounts of the operational costs associated with destruction. The figure below displays estimations for operational costs, comparing the heating and evaporating of process water and ozone treatment for micropollutants. Note that any handling costs for off-site incineration destruction are not included in the comparison below.<\/p>\n<p>&nbsp;<\/p>\n<p>&nbsp;<\/p>\n        <\/div>\n    <\/div>\n<\/div>\n\n<\/section>\n","protected":false},"excerpt":{"rendered":"","protected":false},"author":42,"featured_media":0,"parent":0,"menu_order":0,"comment_status":"closed","ping_status":"closed","template":"","meta":{"_acf_changed":false,"_seopress_robots_primary_cat":"","_seopress_titles_title":"","_seopress_titles_desc":"","_seopress_robots_index":"","inline_featured_image":false,"footnotes":""},"class_list":["post-40044","page","type-page","status-publish","hentry"],"acf":[],"_links":{"self":[{"href":"https:\/\/ozonetech.com\/sv\/wp-json\/wp\/v2\/pages\/40044","targetHints":{"allow":["GET"]}}],"collection":[{"href":"https:\/\/ozonetech.com\/sv\/wp-json\/wp\/v2\/pages"}],"about":[{"href":"https:\/\/ozonetech.com\/sv\/wp-json\/wp\/v2\/types\/page"}],"author":[{"embeddable":true,"href":"https:\/\/ozonetech.com\/sv\/wp-json\/wp\/v2\/users\/42"}],"replies":[{"embeddable":true,"href":"https:\/\/ozonetech.com\/sv\/wp-json\/wp\/v2\/comments?post=40044"}],"version-history":[{"count":26,"href":"https:\/\/ozonetech.com\/sv\/wp-json\/wp\/v2\/pages\/40044\/revisions"}],"predecessor-version":[{"id":40378,"href":"https:\/\/ozonetech.com\/sv\/wp-json\/wp\/v2\/pages\/40044\/revisions\/40378"}],"wp:attachment":[{"href":"https:\/\/ozonetech.com\/sv\/wp-json\/wp\/v2\/media?parent=40044"}],"curies":[{"name":"wp","href":"https:\/\/api.w.org\/{rel}","templated":true}]}}