{"id":39804,"date":"2024-09-25T16:39:42","date_gmt":"2024-09-25T14:39:42","guid":{"rendered":"https:\/\/ozonetech.com\/?page_id=39804"},"modified":"2025-04-25T13:47:08","modified_gmt":"2025-04-25T11:47:08","slug":"kontakt","status":"publish","type":"page","link":"https:\/\/ozonetech.com\/sv\/kontakt\/","title":{"rendered":"Kontakt"},"content":{"rendered":"\n<section\n    id=\"\"\n    class=\"block content-block\"\n\tstyle=\"--cb-bg: #fff; --cb-content: #000; \"\n>\n    \n\n<div class=\"container-fluid editor_content content content--full\">\n    <div class=\"row\">\n        <div class=\"col-12 editor_content\">\n            <h1>Kontakt<\/h1>\n<h3><\/h3>\n<p>&nbsp;<\/p>\n<p>&nbsp;<\/p>\n<h3>Global n\u00e4rvaro med lokal p\u00e5verkan: vi n\u00e5r \u00f6ver gr\u00e4nser f\u00f6r att \u00e5stadkomma f\u00f6r\u00e4ndring<\/h3>\n<p>Ta kontakt genom att fylla i v\u00e5rt kontaktformul\u00e4r eller genom att anv\u00e4nda kontaktuppgifterna f\u00f6r varje plats.<\/p>\n        <\/div>\n    <\/div>\n<\/div>\n\n<\/section>\n\n\n\n<section\n    id=\"S040N081TDLRNTU2MdY1MTBK1rUwS0nRTUk0T0xLs0g1TDYxBgA\"\n    class=\"block content-block\"\n\tstyle=\"--cb-bg: #fff; --cb-content: #000; \"\n>\n    \n\n<div class=\"container-fluid editor_content content content--full\">\n    <div class=\"row\">\n        <div class=\"col-12 editor_content\">\n            <p><!-- SharpSpring Form for Contact Us (SE) - Mellifiq.com  --><br \/>\n<script type=\"text\/javascript\">\n    var ss_form = {'account': 'MzawMDE3MzI2BwA', 'formID': 'S040N081TDLRNTU2MdY1MTBK1rUwS0nRTUk0T0xLs0g1TDYxBgA'};\n    ss_form.width = '100%';\n    ss_form.domain = 'app-3QNJA1Z2XY.marketingautomation.services';\n    ss_form.hidden = {'field_400000003544067': 'Ozonetech.com'};\n    ss_form.target_id = 'target'; \/\/ Optional parameter: forms will be placed inside the element with the specified id\n    \/\/ ss_form.polling = true; \/\/ Optional parameter: set to true ONLY if your page loads dynamically and the id needs to be polled continually.\n<\/script><br \/>\n<script type=\"text\/javascript\" src=\"https:\/\/koi-3QNJA1Z2XY.marketingautomation.services\/client\/form.js?ver=2.0.1\"><\/script><\/p>\n<div id=\"target\"><\/div>\n        <\/div>\n    <\/div>\n<\/div>\n\n<\/section>\n\n\n\n<section class=\"block single-contact-block\">\n    <div class=\"container-fluid\">\n        <div class=\"content\">\n            <div class=\"google-map\">\n                <p><img loading=\"lazy\" decoding=\"async\" class=\"alignnone  wp-image-42181\" src=\"https:\/\/ozonetech.com\/wp-content\/uploads\/2025\/01\/getty-images-pVER5iPmTN4-unsplash-300x200.jpg\" alt=\"\" width=\"485\" height=\"323\" srcset=\"https:\/\/ozonetech.com\/wp-content\/uploads\/2025\/01\/getty-images-pVER5iPmTN4-unsplash-300x200.jpg 300w, https:\/\/ozonetech.com\/wp-content\/uploads\/2025\/01\/getty-images-pVER5iPmTN4-unsplash-1024x683.jpg 1024w, https:\/\/ozonetech.com\/wp-content\/uploads\/2025\/01\/getty-images-pVER5iPmTN4-unsplash-768x512.jpg 768w, https:\/\/ozonetech.com\/wp-content\/uploads\/2025\/01\/getty-images-pVER5iPmTN4-unsplash-1536x1024.jpg 1536w, https:\/\/ozonetech.com\/wp-content\/uploads\/2025\/01\/getty-images-pVER5iPmTN4-unsplash-2048x1365.jpg 2048w\" sizes=\"auto, (max-width: 485px) 100vw, 485px\" \/><\/p>\n            <\/div>\n            <div class=\"wrapper\">\n                <div class=\"wrapper__title\">\n                    <h3 class='h3'> Huvudkontor, Sverige<\/h3>                <\/div>\n                <div class=\"wrapper__address\">\n                    <svg version=\"1.1\" id=\"Layer_1\" xmlns=\"http:\/\/www.w3.org\/2000\/svg\" x=\"0\" y=\"0\" viewBox=\"0 0 17.5 25\" xml:space=\"preserve\"><path fill=\"#5F5F5F\" d=\"M8.75 0C3.92 0 0 3.91 0 8.74v.01C0 15.31 8.75 25 8.75 25s8.75-9.69 8.75-16.25C17.5 3.92 13.59 0 8.76 0h-.01zm0 11.88c-1.73 0-3.13-1.4-3.13-3.13s1.4-3.13 3.13-3.13 3.13 1.4 3.13 3.13a3.141 3.141 0 01-3.13 3.13z\"\/><\/svg>                    Elektrav\u00e4gen 53, SE-126 30 H\u00e4gersten, Sverige                <\/div>\n                <div class=\"wrapper__numbers\">\n                                            <div class=\"number\">\n                            <div class=\"number__label\">\n                                                                                                        (8 am \u2013 5 pm CET)                                                            <\/div>\n                                                            <a class=\"number__value\" href=\"tel:+46 10 252 30 00\">\n                                    <svg version=\"1.1\" id=\"Layer_1\" xmlns=\"http:\/\/www.w3.org\/2000\/svg\" x=\"0\" y=\"0\" viewBox=\"0 0 15 15\" xml:space=\"preserve\"><path fill=\"#5F5F5F\" d=\"M14.46.72l-3.05-.7a.708.708 0 00-.81.4L9.2 3.71c-.12.28-.04.62.2.82l1.77 1.45a10.857 10.857 0 01-5.19 5.19L4.53 9.4a.681.681 0 00-.82-.2L.43 10.6c-.31.14-.48.48-.41.81l.7 3.05c.07.32.36.54.69.54C8.91 15 15 8.92 15 1.41c0-.33-.22-.62-.54-.69z\"\/><\/svg>                                    +46 10 252 30 00                                <\/a>\n                                                    <\/div>\n                                    <\/div>\n            <\/div>\n        <\/div>\n    <\/div>\n<\/section>\n\n\n\n\n<section class=\"block contact-blocks\">\n    <div class=\"container-fluid\">\n        <div class=\"row editor_content\">\n                            \n                <div class=\"col col-12 col-sm-12 col-md-6\" style=\"background-color: #bcd19b;\">\n                    <h3>G\u00f6teborg, Sverige<\/h3>\n                    <div class=\"address\">\n                        <span class=\"icon\"><svg version=\"1.1\" id=\"Layer_1\" xmlns=\"http:\/\/www.w3.org\/2000\/svg\" x=\"0\" y=\"0\" viewBox=\"0 0 17.5 25\" xml:space=\"preserve\"><path fill=\"#5F5F5F\" d=\"M8.75 0C3.92 0 0 3.91 0 8.74v.01C0 15.31 8.75 25 8.75 25s8.75-9.69 8.75-16.25C17.5 3.92 13.59 0 8.76 0h-.01zm0 11.88c-1.73 0-3.13-1.4-3.13-3.13s1.4-3.13 3.13-3.13 3.13 1.4 3.13 3.13a3.141 3.141 0 01-3.13 3.13z\"\/><\/svg><\/span>\n                        <div>\n                            <strong>Mellifiq<\/strong>\n                            <div class=\"thin\">\n                                Gamla riksv\u00e4gen 48, SE-42832, K\u00e5llered, Sverige                            <\/div>\n                        <\/div>\n                    <\/div>\n                    <div class=\"phone\">\n                        <span class=\"icon\"><svg version=\"1.1\" id=\"Layer_1\" xmlns=\"http:\/\/www.w3.org\/2000\/svg\" x=\"0\" y=\"0\" viewBox=\"0 0 15 15\" xml:space=\"preserve\"><path fill=\"#5F5F5F\" d=\"M14.46.72l-3.05-.7a.708.708 0 00-.81.4L9.2 3.71c-.12.28-.04.62.2.82l1.77 1.45a10.857 10.857 0 01-5.19 5.19L4.53 9.4a.681.681 0 00-.82-.2L.43 10.6c-.31.14-.48.48-.41.81l.7 3.05c.07.32.36.54.69.54C8.91 15 15 8.92 15 1.41c0-.33-.22-.62-.54-.69z\"\/><\/svg><\/span>\n                        +46 10 252 30 00                    <\/div>\n                <\/div>\n\n                            \n                <div class=\"col col-12 col-sm-12 col-md-6\" style=\"background-color: #bcd19b;\">\n                    <h3>Helsingfors, Finland<\/h3>\n                    <div class=\"address\">\n                        <span class=\"icon\"><svg version=\"1.1\" id=\"Layer_1\" xmlns=\"http:\/\/www.w3.org\/2000\/svg\" x=\"0\" y=\"0\" viewBox=\"0 0 17.5 25\" xml:space=\"preserve\"><path fill=\"#5F5F5F\" d=\"M8.75 0C3.92 0 0 3.91 0 8.74v.01C0 15.31 8.75 25 8.75 25s8.75-9.69 8.75-16.25C17.5 3.92 13.59 0 8.76 0h-.01zm0 11.88c-1.73 0-3.13-1.4-3.13-3.13s1.4-3.13 3.13-3.13 3.13 1.4 3.13 3.13a3.141 3.141 0 01-3.13 3.13z\"\/><\/svg><\/span>\n                        <div>\n                            <strong>Mellifiq<\/strong>\n                            <div class=\"thin\">\n                                Etel\u00e4ranta 14, 00130 Helsinki, Finland                            <\/div>\n                        <\/div>\n                    <\/div>\n                    <div class=\"phone\">\n                        <span class=\"icon\"><svg version=\"1.1\" id=\"Layer_1\" xmlns=\"http:\/\/www.w3.org\/2000\/svg\" x=\"0\" y=\"0\" viewBox=\"0 0 15 15\" xml:space=\"preserve\"><path fill=\"#5F5F5F\" d=\"M14.46.72l-3.05-.7a.708.708 0 00-.81.4L9.2 3.71c-.12.28-.04.62.2.82l1.77 1.45a10.857 10.857 0 01-5.19 5.19L4.53 9.4a.681.681 0 00-.82-.2L.43 10.6c-.31.14-.48.48-.41.81l.7 3.05c.07.32.36.54.69.54C8.91 15 15 8.92 15 1.41c0-.33-.22-.62-.54-.69z\"\/><\/svg><\/span>\n                        Phone: +358 251 221 80                    <\/div>\n                <\/div>\n\n                            \n                <div class=\"col col-12 col-sm-12 col-md-6\" style=\"background-color: #bcd19b;\">\n                    <h3>Talinn, Estland<\/h3>\n                    <div class=\"address\">\n                        <span class=\"icon\"><svg version=\"1.1\" id=\"Layer_1\" xmlns=\"http:\/\/www.w3.org\/2000\/svg\" x=\"0\" y=\"0\" viewBox=\"0 0 17.5 25\" xml:space=\"preserve\"><path fill=\"#5F5F5F\" d=\"M8.75 0C3.92 0 0 3.91 0 8.74v.01C0 15.31 8.75 25 8.75 25s8.75-9.69 8.75-16.25C17.5 3.92 13.59 0 8.76 0h-.01zm0 11.88c-1.73 0-3.13-1.4-3.13-3.13s1.4-3.13 3.13-3.13 3.13 1.4 3.13 3.13a3.141 3.141 0 01-3.13 3.13z\"\/><\/svg><\/span>\n                        <div>\n                            <strong>Mellifiq<\/strong>\n                            <div class=\"thin\">\n                                Veerenni 24, 10135 Tallinn, Estland                            <\/div>\n                        <\/div>\n                    <\/div>\n                    <div class=\"phone\">\n                        <span class=\"icon\"><svg version=\"1.1\" id=\"Layer_1\" xmlns=\"http:\/\/www.w3.org\/2000\/svg\" x=\"0\" y=\"0\" viewBox=\"0 0 15 15\" xml:space=\"preserve\"><path fill=\"#5F5F5F\" d=\"M14.46.72l-3.05-.7a.708.708 0 00-.81.4L9.2 3.71c-.12.28-.04.62.2.82l1.77 1.45a10.857 10.857 0 01-5.19 5.19L4.53 9.4a.681.681 0 00-.82-.2L.43 10.6c-.31.14-.48.48-.41.81l.7 3.05c.07.32.36.54.69.54C8.91 15 15 8.92 15 1.41c0-.33-.22-.62-.54-.69z\"\/><\/svg><\/span>\n                        Phone: +358 449 805 760                    <\/div>\n                <\/div>\n\n                            \n                <div class=\"col col-12 col-sm-12 col-md-6\" style=\"background-color: #bcd19b;\">\n                    <h3>L\u00fcbeck, Germany<\/h3>\n                    <div class=\"address\">\n                        <span class=\"icon\"><svg version=\"1.1\" id=\"Layer_1\" xmlns=\"http:\/\/www.w3.org\/2000\/svg\" x=\"0\" y=\"0\" viewBox=\"0 0 17.5 25\" xml:space=\"preserve\"><path fill=\"#5F5F5F\" d=\"M8.75 0C3.92 0 0 3.91 0 8.74v.01C0 15.31 8.75 25 8.75 25s8.75-9.69 8.75-16.25C17.5 3.92 13.59 0 8.76 0h-.01zm0 11.88c-1.73 0-3.13-1.4-3.13-3.13s1.4-3.13 3.13-3.13 3.13 1.4 3.13 3.13a3.141 3.141 0 01-3.13 3.13z\"\/><\/svg><\/span>\n                        <div>\n                            <strong>Mellifiq<\/strong>\n                            <div class=\"thin\">\n                                Sperberweg 6 23569 L\u00fcbeck                            <\/div>\n                        <\/div>\n                    <\/div>\n                    <div class=\"phone\">\n                        <span class=\"icon\"><svg version=\"1.1\" id=\"Layer_1\" xmlns=\"http:\/\/www.w3.org\/2000\/svg\" x=\"0\" y=\"0\" viewBox=\"0 0 15 15\" xml:space=\"preserve\"><path fill=\"#5F5F5F\" d=\"M14.46.72l-3.05-.7a.708.708 0 00-.81.4L9.2 3.71c-.12.28-.04.62.2.82l1.77 1.45a10.857 10.857 0 01-5.19 5.19L4.53 9.4a.681.681 0 00-.82-.2L.43 10.6c-.31.14-.48.48-.41.81l.7 3.05c.07.32.36.54.69.54C8.91 15 15 8.92 15 1.41c0-.33-.22-.62-.54-.69z\"\/><\/svg><\/span>\n                        +46 10 252 30 00                    <\/div>\n                <\/div>\n\n                    <\/div>\n    <\/div>\n<\/section>\n\n","protected":false},"excerpt":{"rendered":"","protected":false},"author":42,"featured_media":0,"parent":0,"menu_order":0,"comment_status":"closed","ping_status":"closed","template":"","meta":{"_acf_changed":false,"_seopress_robots_primary_cat":"","_seopress_titles_title":"","_seopress_titles_desc":"","_seopress_robots_index":"","inline_featured_image":false,"footnotes":""},"class_list":["post-39804","page","type-page","status-publish","hentry"],"acf":[],"_links":{"self":[{"href":"https:\/\/ozonetech.com\/sv\/wp-json\/wp\/v2\/pages\/39804","targetHints":{"allow":["GET"]}}],"collection":[{"href":"https:\/\/ozonetech.com\/sv\/wp-json\/wp\/v2\/pages"}],"about":[{"href":"https:\/\/ozonetech.com\/sv\/wp-json\/wp\/v2\/types\/page"}],"author":[{"embeddable":true,"href":"https:\/\/ozonetech.com\/sv\/wp-json\/wp\/v2\/users\/42"}],"replies":[{"embeddable":true,"href":"https:\/\/ozonetech.com\/sv\/wp-json\/wp\/v2\/comments?post=39804"}],"version-history":[{"count":27,"href":"https:\/\/ozonetech.com\/sv\/wp-json\/wp\/v2\/pages\/39804\/revisions"}],"predecessor-version":[{"id":42540,"href":"https:\/\/ozonetech.com\/sv\/wp-json\/wp\/v2\/pages\/39804\/revisions\/42540"}],"wp:attachment":[{"href":"https:\/\/ozonetech.com\/sv\/wp-json\/wp\/v2\/media?parent=39804"}],"curies":[{"name":"wp","href":"https:\/\/api.w.org\/{rel}","templated":true}]}}