{"id":39790,"date":"2024-09-25T11:59:21","date_gmt":"2024-09-25T09:59:21","guid":{"rendered":"https:\/\/ozonetech.com\/?page_id=39790"},"modified":"2024-10-11T10:01:39","modified_gmt":"2024-10-11T08:01:39","slug":"mellifiq-academy","status":"publish","type":"page","link":"https:\/\/ozonetech.com\/sv\/mellifiq-academy\/","title":{"rendered":"Mellifiq Academy"},"content":{"rendered":"\n<section\n    class=\"block hero hero--regular\"\n    style=\"background-image: url('https:\/\/ozonetech.com\/wp-content\/uploads\/2024\/09\/mellifiq-academy-1600x484.png'); --hero-opacity: 0.25\"\n>\n\n    <div class=\"container-fluid\">\n\n        <div class=\"content editor_content\">\n                         \n                <h2 class='h2'>Mellifiq Academy <\/h2>            \n                    <\/div>\n\n            <\/div>\n<\/section>\n\n\n\n<section\n    id=\"\"\n    class=\"block content-block\"\n\tstyle=\"--cb-bg: #fff; --cb-content: #000; \"\n>\n    \n\n<div class=\"container-fluid editor_content content content--narrow\">\n    <div class=\"row\">\n        <div class=\"col-12 editor_content\">\n            <h1>Allt du beh\u00f6ver veta om rening av luft och vatten<\/h1>\n<h4>Mellifiq Academy ger dig v\u00e4rdefull kunskap om effektiva reningstekniker, f\u00f6rdelar och m\u00f6jligheter.<\/h4>\n<p>Mellifiq Academy \u00e4r ett objektivt informationscenter och en kunskaps\u00f6verf\u00f6ringsplattform d\u00e4r vi delar med oss av 25 \u00e5rs kunskap och erfarenhet om luftbehandling och vattenrening. Ambitionen med v\u00e5ra utbildningar \u00e4r att \u00f6ka kunskapen om ozonrening och visa p\u00e5 de m\u00e5nga f\u00f6rdelar som metoden har. Vi g\u00e5r bland annat igenom olika reningstekniker, lyfter fram vad som \u00e4r viktigt att t\u00e4nka p\u00e5, tydligg\u00f6r kraven som borde st\u00e4llas och belyser varf\u00f6r g\u00e4llande regelverk och standarder \u00e4r viktiga att beakta f\u00f6r att lyckas med ett reningsprojekt.<\/p>\n<p>Sedan start, 2011, har Mellifiq Academy utbildat mer \u00e4n 4500 tekniska konsulter, driftchefer, fastighets\u00e4gare, f\u00f6rvaltare, ventilationsentrepren\u00f6rer, restaurang\u00e4gare med fler. I takt med att fler f\u00e5r upp \u00f6gonen f\u00f6r ozonrening \u00e4r tiden mogen att erbjuda v\u00e5ra utbildningar till en bredare m\u00e5lgrupp. V\u00e5r kunskap har vi samlat genom gedigen forskning och teoretisk modellering, produktutveckling, samt ett stort antal faktiska installationer av avancerade, h\u00e5llbara och effektiva reningsl\u00f6sningar runt om i v\u00e4rlden.<\/p>\n<p>F\u00f6r mer information, bes\u00f6k v\u00e5r externa sida: <a href=\"https:\/\/academy.mellifiq.com\/sv\" target=\"_blank\" rel=\"noopener\">Mellifiq Academy<\/a><\/p>\n<p>&nbsp;<\/p>\n<p>&nbsp;<\/p>\n        <\/div>\n    <\/div>\n<\/div>\n\n<\/section>\n","protected":false},"excerpt":{"rendered":"","protected":false},"author":42,"featured_media":0,"parent":0,"menu_order":0,"comment_status":"closed","ping_status":"closed","template":"","meta":{"_acf_changed":false,"_seopress_robots_primary_cat":"","_seopress_titles_title":"","_seopress_titles_desc":"","_seopress_robots_index":"","inline_featured_image":false,"footnotes":""},"class_list":["post-39790","page","type-page","status-publish","hentry"],"acf":[],"_links":{"self":[{"href":"https:\/\/ozonetech.com\/sv\/wp-json\/wp\/v2\/pages\/39790","targetHints":{"allow":["GET"]}}],"collection":[{"href":"https:\/\/ozonetech.com\/sv\/wp-json\/wp\/v2\/pages"}],"about":[{"href":"https:\/\/ozonetech.com\/sv\/wp-json\/wp\/v2\/types\/page"}],"author":[{"embeddable":true,"href":"https:\/\/ozonetech.com\/sv\/wp-json\/wp\/v2\/users\/42"}],"replies":[{"embeddable":true,"href":"https:\/\/ozonetech.com\/sv\/wp-json\/wp\/v2\/comments?post=39790"}],"version-history":[{"count":8,"href":"https:\/\/ozonetech.com\/sv\/wp-json\/wp\/v2\/pages\/39790\/revisions"}],"predecessor-version":[{"id":41191,"href":"https:\/\/ozonetech.com\/sv\/wp-json\/wp\/v2\/pages\/39790\/revisions\/41191"}],"wp:attachment":[{"href":"https:\/\/ozonetech.com\/sv\/wp-json\/wp\/v2\/media?parent=39790"}],"curies":[{"name":"wp","href":"https:\/\/api.w.org\/{rel}","templated":true}]}}