{"id":39634,"date":"2024-09-25T08:39:12","date_gmt":"2024-09-25T06:39:12","guid":{"rendered":"https:\/\/ozonetech.com\/?page_id=39634"},"modified":"2024-09-25T08:40:08","modified_gmt":"2024-09-25T06:40:08","slug":"kvalitetespolicy","status":"publish","type":"page","link":"https:\/\/ozonetech.com\/sv\/kvalitetespolicy\/","title":{"rendered":"Kvalitetespolicy"},"content":{"rendered":"\n<section\n    class=\"block hero hero--regular\"\n    style=\"background-image: url('https:\/\/ozonetech.com\/wp-content\/uploads\/2024\/09\/quality-policy-green-1600x484.png'); --hero-opacity: 0.25\"\n>\n\n    <div class=\"container-fluid\">\n\n        <div class=\"content editor_content\">\n                         \n                <h2 class='h3'>Kvalitetspolicy<\/h2>            \n                    <\/div>\n\n            <\/div>\n<\/section>\n\n\n\n<section\n    id=\"\"\n    class=\"block content-block\"\n\tstyle=\"--cb-bg: #fff; --cb-content: #000; \"\n>\n    \n\n<div class=\"container-fluid editor_content content content--full\">\n    <div class=\"row\">\n        <div class=\"col-12 editor_content\">\n            <h2>Mellifiqs kvalitetspolicy<\/h2>\n<p>Mellifiq levererar l\u00f6sningar f\u00f6r ett mer h\u00e5llbart samh\u00e4lle. Vi marknadsf\u00f6r h\u00f6gkvalitativa l\u00f6sningar f\u00f6r att reng\u00f6ra, desinficera och ta bort lukt fr\u00e5n luft och vatten. Som systemleverant\u00f6r tar vi ett stort ansvar f\u00f6r kvaliteten p\u00e5 v\u00e5ra leveranser. Vi arbetar f\u00f6rebyggande och l\u00e5ngsiktigt med kvalitet som en integrerad del av v\u00e5r dagliga verksamhet.<\/p>\n<p>&nbsp;<\/p>\n<h3>Vi ska:<\/h3>\n<h4>\nVar kundernas f\u00f6rstahandsval<\/h4>\n<p>Vi ska alltid leverera r\u00e4tt l\u00f6sningar och tj\u00e4nster f\u00f6r att uppn\u00e5 eller \u00f6vertr\u00e4ffa kundens f\u00f6rv\u00e4ntningar. Med n\u00f6jda kunder och sj\u00e4lar som uppfyller kraven kommer vi att vara kundernas f\u00f6rstahandsval.<\/p>\n<h4>Fokusera p\u00e5 kunden<\/h4>\n<p>Vi ska vara tillg\u00e4ngliga, lyh\u00f6rda, flexibla \u2013 men ocks\u00e5 tydliga med hur vi vill m\u00f6ta kundens behov b\u00e5de p\u00e5 kort och l\u00e5ng sikt.<\/p>\n<h4>\nLeverera h\u00f6gsta kvalitet<\/h4>\n<p>V\u00e5ra l\u00f6sningar ska vara b\u00e4ttre \u00e4n v\u00e5ra konkurrenter. F\u00f6r att uppn\u00e5 detta m\u00e5ste kvaliteten alltid vara p\u00e5 h\u00f6gsta niv\u00e5 och st\u00e4ndiga f\u00f6rb\u00e4ttringar s\u00e4kerst\u00e4ller att v\u00e5ra l\u00f6sningar uppfyller g\u00e4llande krav.<\/p>\n<h4>T\u00e4nk kommersiellt<\/h4>\n<p>Det l\u00e5ngsiktiga f\u00f6rtroendet f\u00f6r v\u00e5rt f\u00f6retag \u00e4r alltid viktigare \u00e4n kortsiktiga vinster.<\/p>\n<h4>Var innovativ<\/h4>\n<p>Vi ska utveckla b\u00e4ttre l\u00f6sningar \u00e4n andra som finns p\u00e5 marknaden och d\u00e4rmed f\u00f6r\u00e4ndra marknadens syn p\u00e5 begreppen ren och st\u00e4dning.<\/p>\n<h4>H\u00e5ll v\u00e5ra l\u00f6ften<\/h4>\n<p>Vi h\u00e5ller vad vi lovar, och om det inte \u00e4r m\u00f6jligt kommer vi genast att ber\u00e4tta f\u00f6r kunden. Vi levererar i r\u00e4tt tid eller helst innan.<\/p>\n<h4>Har kompetenta, motiverade och ansvarsfulla medarbetare<\/h4>\n<p>Mellifiq ska vara en attraktiv arbetsgivare och rekrytera de mest kompetenta och motiverade medarbetarna. Medarbetarna ska vara kvalificerade f\u00f6r det arbete de utf\u00f6r och sj\u00e4lva ta ansvar f\u00f6r att f\u00f6retagets kvalitetsm\u00e5l n\u00e5s.<\/p>\n<p>&nbsp;<\/p>\n<p>&nbsp;<\/p>\n        <\/div>\n    <\/div>\n<\/div>\n\n<\/section>\n","protected":false},"excerpt":{"rendered":"","protected":false},"author":42,"featured_media":0,"parent":0,"menu_order":0,"comment_status":"closed","ping_status":"closed","template":"","meta":{"_acf_changed":false,"_seopress_robots_primary_cat":"","_seopress_titles_title":"","_seopress_titles_desc":"","_seopress_robots_index":"","inline_featured_image":false,"footnotes":""},"class_list":["post-39634","page","type-page","status-publish","hentry"],"acf":[],"_links":{"self":[{"href":"https:\/\/ozonetech.com\/sv\/wp-json\/wp\/v2\/pages\/39634","targetHints":{"allow":["GET"]}}],"collection":[{"href":"https:\/\/ozonetech.com\/sv\/wp-json\/wp\/v2\/pages"}],"about":[{"href":"https:\/\/ozonetech.com\/sv\/wp-json\/wp\/v2\/types\/page"}],"author":[{"embeddable":true,"href":"https:\/\/ozonetech.com\/sv\/wp-json\/wp\/v2\/users\/42"}],"replies":[{"embeddable":true,"href":"https:\/\/ozonetech.com\/sv\/wp-json\/wp\/v2\/comments?post=39634"}],"version-history":[{"count":5,"href":"https:\/\/ozonetech.com\/sv\/wp-json\/wp\/v2\/pages\/39634\/revisions"}],"predecessor-version":[{"id":39641,"href":"https:\/\/ozonetech.com\/sv\/wp-json\/wp\/v2\/pages\/39634\/revisions\/39641"}],"wp:attachment":[{"href":"https:\/\/ozonetech.com\/sv\/wp-json\/wp\/v2\/media?parent=39634"}],"curies":[{"name":"wp","href":"https:\/\/api.w.org\/{rel}","templated":true}]}}