{"id":39623,"date":"2024-09-25T08:32:14","date_gmt":"2024-09-25T06:32:14","guid":{"rendered":"https:\/\/ozonetech.com\/?page_id=39623"},"modified":"2024-09-25T08:33:13","modified_gmt":"2024-09-25T06:33:13","slug":"miljopolicy","status":"publish","type":"page","link":"https:\/\/ozonetech.com\/sv\/miljopolicy\/","title":{"rendered":"Milj\u00f6policy"},"content":{"rendered":"\n<section\n    class=\"block hero hero--regular\"\n    style=\"background-image: url('https:\/\/ozonetech.com\/wp-content\/uploads\/2024\/09\/sky-evironment-image-1600x484.png'); --hero-opacity: 0.25\"\n>\n\n    <div class=\"container-fluid\">\n\n        <div class=\"content editor_content\">\n                         \n                <h2 class='h3'>Milj\u00f6 policy<\/h2>            \n                    <\/div>\n\n            <\/div>\n<\/section>\n\n\n\n<section\n    id=\"\"\n    class=\"block content-block\"\n\tstyle=\"--cb-bg: #fff; --cb-content: #000; \"\n>\n    \n\n<div class=\"container-fluid editor_content content content--full\">\n    <div class=\"row\">\n        <div class=\"col-12 editor_content\">\n            <h2>Mellifiq\u2019s milj\u00f6policy<\/h2>\n<p>Mellifiq levererar l\u00f6sningar f\u00f6r ett mer h\u00e5llbart samh\u00e4lle. Vi marknadsf\u00f6r h\u00f6gkvalitativa l\u00f6sningar f\u00f6r att reng\u00f6ra, desinficera och ta bort lukt fr\u00e5n luft och vatten. Som systemleverant\u00f6r tar vi ett stort ansvar f\u00f6r kvaliteten p\u00e5 v\u00e5ra leveranser. Vi arbetar f\u00f6rebyggande och l\u00e5ngsiktigt med kvalitet som en integrerad del av v\u00e5r dagliga verksamhet.<\/p>\n<p>&nbsp;<\/p>\n<h3>For protection of the environment &amp; prevention of pollution we shall:<\/h3>\n<h4>Act responsibly<\/h4>\n<p>We work to increase material efficiency, reduce waste and phase our hazardous substances. We work with a preventive and long-term environmental way of thinking.<\/p>\n<h4>Assist our customers to choose a green solution<\/h4>\n<p>Our goal is that our solutions will help our customers to become more sustainable. This can be done by reducing emissions and energy consumption.<\/p>\n<h4>Work towards our environmental goals<\/h4>\n<p>The organization should work together to fulfil compliance and achieve the environmental goals set.<\/p>\n<h4>Include the environmental aspect in our continuous improvement process<\/h4>\n<p>The environmental thinking should be woven into the company\u2019s improvement process. An opportunity to improve and at the same time make an environmental sound decision, should always be given priority.<\/p>\n<h4>Development competence within environmental work<\/h4>\n<p>We want our employees to contribute to the internal environmental work and also make demands on our suppliers and business partners.<\/p>\n<p>&nbsp;<\/p>\n<p>&nbsp;<\/p>\n        <\/div>\n    <\/div>\n<\/div>\n\n<\/section>\n","protected":false},"excerpt":{"rendered":"","protected":false},"author":42,"featured_media":0,"parent":0,"menu_order":0,"comment_status":"closed","ping_status":"closed","template":"","meta":{"_acf_changed":false,"_seopress_robots_primary_cat":"","_seopress_titles_title":"","_seopress_titles_desc":"","_seopress_robots_index":"","inline_featured_image":false,"footnotes":""},"class_list":["post-39623","page","type-page","status-publish","hentry"],"acf":[],"_links":{"self":[{"href":"https:\/\/ozonetech.com\/sv\/wp-json\/wp\/v2\/pages\/39623","targetHints":{"allow":["GET"]}}],"collection":[{"href":"https:\/\/ozonetech.com\/sv\/wp-json\/wp\/v2\/pages"}],"about":[{"href":"https:\/\/ozonetech.com\/sv\/wp-json\/wp\/v2\/types\/page"}],"author":[{"embeddable":true,"href":"https:\/\/ozonetech.com\/sv\/wp-json\/wp\/v2\/users\/42"}],"replies":[{"embeddable":true,"href":"https:\/\/ozonetech.com\/sv\/wp-json\/wp\/v2\/comments?post=39623"}],"version-history":[{"count":5,"href":"https:\/\/ozonetech.com\/sv\/wp-json\/wp\/v2\/pages\/39623\/revisions"}],"predecessor-version":[{"id":39633,"href":"https:\/\/ozonetech.com\/sv\/wp-json\/wp\/v2\/pages\/39623\/revisions\/39633"}],"wp:attachment":[{"href":"https:\/\/ozonetech.com\/sv\/wp-json\/wp\/v2\/media?parent=39623"}],"curies":[{"name":"wp","href":"https:\/\/api.w.org\/{rel}","templated":true}]}}