{"id":39616,"date":"2024-09-25T08:28:08","date_gmt":"2024-09-25T06:28:08","guid":{"rendered":"https:\/\/ozonetech.com\/?page_id=39616"},"modified":"2024-09-25T08:28:08","modified_gmt":"2024-09-25T06:28:08","slug":"for-leverantorer","status":"publish","type":"page","link":"https:\/\/ozonetech.com\/sv\/for-leverantorer\/","title":{"rendered":"F\u00f6r leverant\u00f6rer"},"content":{"rendered":"\n<section\n    id=\"\"\n    class=\"block content-block\"\n\tstyle=\"--cb-bg: #fff; --cb-content: #000; \"\n>\n    \n\n<div class=\"container-fluid editor_content content content--narrow\">\n    <div class=\"row\">\n        <div class=\"col-12 editor_content\">\n            <h2>F\u00f6r leverant\u00f6rer<\/h2>\n<p>&nbsp;<\/p>\n<h4>Viktigt meddelande till alla leverant\u00f6rer<\/h4>\n<p>Mellifiq har starka meriter n\u00e4r det kommer till projekt av olika storlekar och med olika m\u00e5l fr\u00e5n de fyra senaste \u00e5rtiondena. Projekten \u00e4r utspridda \u00f6ver olika marknader, produktserier och tj\u00e4nster. V\u00e5rt m\u00e5l \u00e4r att f\u00f6rb\u00e4ttra tids- och kostnadseffektiviteten och \u00e4ven att \u00f6ka process\u00e4kerheten f\u00f6r b\u00e5de v\u00e5ra leverant\u00f6rer och oss som kund.<\/p>\n<p><strong>Observera att dessa \u00e4ndringar m\u00e5ste till\u00e4mpas p\u00e5 alla fakturor fr\u00e5n och med den 1 januari 2020.<\/strong><\/p>\n<p>&nbsp;<\/p>\n<h4>Leverera fakturor<\/h4>\n<p>Fr\u00e5n och med den 1 januari 2020 accepterar Mellifiq endast elektroniska fakturor i standardiserat format (som Svefaktura) eller systemgenererade PDF-filer (ej skannade). Bilagor ska \u00e4ven skickas i samma elektroniska format tillsammans med fakturan.<\/p>\n<p>Fakturor fr\u00e5n icke-svenska leverant\u00f6rer kan skickas som PDF-filer som mejlas till<\/p>\n<p>Fr\u00e5n och med den 1 januari 2020 accepterar Mellifiq endast elektroniska fakturor i standardiserat format (som Svefaktura) eller systemgenererade PDF-filer (ej skannade). Bilagor ska \u00e4ven skickas i samma elektroniska format tillsammans med fakturan.<\/p>\n<p>Fakturor fr\u00e5n icke-svenska leverant\u00f6rer kan skickas som PDF-filer som mejlas till\u00a0<a href=\"mailto:invoice@mellifiq.com\">invoice@mellifiq.com<\/a>.<\/p>\n<p>F\u00f6retagsnamn, registreringsnummer, GLN och\/eller Peppol:ID finns i din ink\u00f6psorder.<\/p>\n<p><strong>Fakturor fr\u00e5n svenska leverant\u00f6rer accepteras endast som elektronisk faktura (\u201dE-faktura\u201d), riktad till operat\u00f6r (Scancloud) med giltigt GLN eller PeppolID.<\/strong><\/p>\n<p>&nbsp;<\/p>\n<h4>Fakturans inneh\u00e5ll<\/h4>\n<p>F\u00f6r att p\u00e5skynda processen och f\u00f6rb\u00e4ttra kvaliteten p\u00e5 v\u00e5ra betalningar m\u00e5ste kraven nedan uppfyllas och tydligt anges p\u00e5 alla fakturor:<\/p>\n<ol>\n<li>Namnet p\u00e5 k\u00f6paren fr\u00e5n v\u00e5rt f\u00f6retag, t.ex. &#8221;Din referens:&#8221;<\/li>\n<li>Ink\u00f6psordernummer, alternativt namnet p\u00e5 projektet eller avdelningen<\/li>\n<li>Betalningsvillkor, inte kortare \u00e4n 30 dagar \u2013 eller l\u00e4ngre om s\u00e5dant avtal finns<\/li>\n<li>Inga avgifter som fakturerings- eller administrationsavgifter<\/li>\n<\/ol>\n<p><strong>Obs: Fakturor som inte uppfyller dessa krav kommer att returneras till avs\u00e4ndaren utan ytterligare \u00e5tg\u00e4rder.<\/strong><\/p>\n<p>&nbsp;<\/p>\n<h4>Mer information<\/h4>\n<p>Tveka inte, <a href=\"https:\/\/ozonetech.com\/contact\/\">kontakta oss<\/a> om du har ytterligare fr\u00e5gor.<\/p>\n<p>Faktureringsinstruktioner f\u00f6r leverant\u00f6rer med relaterade krav kommer att uppdateras p\u00e5 denna sida.<\/p>\n<p>Vi ser fram emot att forts\u00e4tta arbeta tillsammans med dig f\u00f6r en b\u00e4ttre milj\u00f6<br \/>\noch en s\u00e4krare process f\u00f6r b\u00e5de dig och oss.<\/p>\n<p>&nbsp;<\/p>\n        <\/div>\n    <\/div>\n<\/div>\n\n<\/section>\n","protected":false},"excerpt":{"rendered":"","protected":false},"author":42,"featured_media":0,"parent":0,"menu_order":0,"comment_status":"closed","ping_status":"closed","template":"","meta":{"_acf_changed":false,"_seopress_robots_primary_cat":"","_seopress_titles_title":"","_seopress_titles_desc":"","_seopress_robots_index":"","inline_featured_image":false,"footnotes":""},"class_list":["post-39616","page","type-page","status-publish","hentry"],"acf":[],"_links":{"self":[{"href":"https:\/\/ozonetech.com\/sv\/wp-json\/wp\/v2\/pages\/39616","targetHints":{"allow":["GET"]}}],"collection":[{"href":"https:\/\/ozonetech.com\/sv\/wp-json\/wp\/v2\/pages"}],"about":[{"href":"https:\/\/ozonetech.com\/sv\/wp-json\/wp\/v2\/types\/page"}],"author":[{"embeddable":true,"href":"https:\/\/ozonetech.com\/sv\/wp-json\/wp\/v2\/users\/42"}],"replies":[{"embeddable":true,"href":"https:\/\/ozonetech.com\/sv\/wp-json\/wp\/v2\/comments?post=39616"}],"version-history":[{"count":4,"href":"https:\/\/ozonetech.com\/sv\/wp-json\/wp\/v2\/pages\/39616\/revisions"}],"predecessor-version":[{"id":39622,"href":"https:\/\/ozonetech.com\/sv\/wp-json\/wp\/v2\/pages\/39616\/revisions\/39622"}],"wp:attachment":[{"href":"https:\/\/ozonetech.com\/sv\/wp-json\/wp\/v2\/media?parent=39616"}],"curies":[{"name":"wp","href":"https:\/\/api.w.org\/{rel}","templated":true}]}}