{"id":39610,"date":"2024-09-25T08:18:44","date_gmt":"2024-09-25T06:18:44","guid":{"rendered":"https:\/\/ozonetech.com\/?page_id=39610"},"modified":"2024-09-25T08:18:44","modified_gmt":"2024-09-25T06:18:44","slug":"framtidsvision-och-uppdrag","status":"publish","type":"page","link":"https:\/\/ozonetech.com\/sv\/framtidsvision-och-uppdrag\/","title":{"rendered":"Framtidsvision och uppdrag"},"content":{"rendered":"\n<section\n    id=\"\"\n    class=\"block content-block\"\n\tstyle=\"--cb-bg: #fff; --cb-content: #000; \"\n>\n    \n\n<div class=\"container-fluid editor_content content content--full\">\n    <div class=\"row\">\n        <div class=\"col-12 editor_content\">\n            <h2>Framtidsvision och uppdrag<\/h2>\n<p>&nbsp;<\/p>\n<h3>V\u00e5r vision<\/h3>\n<p><strong>\u201cA world where air and water is purified efficiently, and with minimal environmental impact\u201d<\/strong><\/p>\n<p>Dag f\u00f6r dag tar v\u00e5ra globala installationer v\u00e4rlden n\u00e4rmare v\u00e5r vision. I framtiden kommer vi att bidra \u00e4nnu mer n\u00e4r kraven p\u00e5 effektiv rening sk\u00e4rps.<\/p>\n<p>Men v\u00e5r vision str\u00e4cker sig bortom effektiv rening. Sj\u00e4lva reng\u00f6ringsmetoderna m\u00e5ste vara gr\u00f6na och h\u00e5llbara och ha endast en marginell p\u00e5verkan p\u00e5 milj\u00f6n. R\u00e5material, tillverkning, transporter, hantering, anv\u00e4ndning, avfall och restprodukter &#8211; v\u00e5r vision om minimal milj\u00f6p\u00e5verkan omfattar allt detta.<\/p>\n<p>Det verkar rimligt att en reningsmetod avlastar milj\u00f6n mer \u00e4n den belastar den.<\/p>\n<p>&nbsp;<\/p>\n<h3>V\u00e5rt uppdrag<\/h3>\n<p><strong>\u201cRedefining Purity \u2013 Raising the bar for the concept of clean\u201d<\/strong><\/p>\n<p>M\u00e4nskligheten st\u00e5r inf\u00f6r m\u00e5nga utmaningar. Bland dem ing\u00e5r att minska energif\u00f6rbrukningen, minska anv\u00e4ndningen av icke f\u00f6rnybara resurser, \u00f6ka \u00e5tervinningen, minska f\u00f6roreningar och vid m\u00f6jlighet \u00f6verg\u00e5 till f\u00f6rnybara resurser. V\u00e5ra ozonbaserade reningsl\u00f6sningar uppfyller dessa krav. Ozonbehandling \u00e4r energieffektiv, h\u00e5ller f\u00f6roreningarna n\u00e4ra noll och anv\u00e4nder omgivande luft som r\u00e5vara.<\/p>\n<p>S\u00e5 vi h\u00f6jer ambitionen. Vi vill bidra till att sk\u00e4rpa kraven f\u00f6r begreppet &#8221;rent&#8221;. Marknaden m\u00e5ste vara medveten om att det som idag anses rent inte kommer att vara tillr\u00e4ckligt imorgon. Arbetet med internationella standarder f\u00f6r rening har samma ambition av mycket goda sk\u00e4l. N\u00e4r reningsmetoderna n\u00e5r en h\u00f6gre reningsgrad kommer milj\u00f6belastningen att minska.<\/p>\n<p>Att \u00e4ndra uppfattningen om begreppet &#8221;rent&#8221; \u00e4r viktigt och v\u00e4rt anstr\u00e4ngningen. F\u00f6lj med oss.<\/p>\n<p>&nbsp;<\/p>\n<p>&nbsp;<\/p>\n        <\/div>\n    <\/div>\n<\/div>\n\n<\/section>\n","protected":false},"excerpt":{"rendered":"","protected":false},"author":42,"featured_media":0,"parent":0,"menu_order":0,"comment_status":"closed","ping_status":"closed","template":"","meta":{"_acf_changed":false,"_seopress_robots_primary_cat":"","_seopress_titles_title":"","_seopress_titles_desc":"","_seopress_robots_index":"","inline_featured_image":false,"footnotes":""},"class_list":["post-39610","page","type-page","status-publish","hentry"],"acf":[],"_links":{"self":[{"href":"https:\/\/ozonetech.com\/sv\/wp-json\/wp\/v2\/pages\/39610","targetHints":{"allow":["GET"]}}],"collection":[{"href":"https:\/\/ozonetech.com\/sv\/wp-json\/wp\/v2\/pages"}],"about":[{"href":"https:\/\/ozonetech.com\/sv\/wp-json\/wp\/v2\/types\/page"}],"author":[{"embeddable":true,"href":"https:\/\/ozonetech.com\/sv\/wp-json\/wp\/v2\/users\/42"}],"replies":[{"embeddable":true,"href":"https:\/\/ozonetech.com\/sv\/wp-json\/wp\/v2\/comments?post=39610"}],"version-history":[{"count":3,"href":"https:\/\/ozonetech.com\/sv\/wp-json\/wp\/v2\/pages\/39610\/revisions"}],"predecessor-version":[{"id":39615,"href":"https:\/\/ozonetech.com\/sv\/wp-json\/wp\/v2\/pages\/39610\/revisions\/39615"}],"wp:attachment":[{"href":"https:\/\/ozonetech.com\/sv\/wp-json\/wp\/v2\/media?parent=39610"}],"curies":[{"name":"wp","href":"https:\/\/api.w.org\/{rel}","templated":true}]}}