{"id":36340,"date":"2021-07-13T14:18:12","date_gmt":"2021-07-13T13:18:12","guid":{"rendered":"https:\/\/ozonetech.com\/om-ozon\/smartozone\/"},"modified":"2024-10-11T10:07:33","modified_gmt":"2024-10-11T08:07:33","slug":"smartozone","status":"publish","type":"page","link":"https:\/\/ozonetech.com\/sv\/om-ozon\/smartozone\/","title":{"rendered":"SMARTOZONE\u2122"},"content":{"rendered":"\n<section\n    class=\"block hero hero--regular\"\n    style=\"background-image: url('https:\/\/ozonetech.com\/wp-content\/uploads\/2021\/03\/about-ozone-1600x484.jpg'); --hero-opacity: 0.3\"\n>\n\n    <div class=\"container-fluid\">\n\n        <div class=\"content editor_content\">\n                         \n                <h2 class='h2'>SMARTOZONE\u2122 <\/h2>            \n                    <\/div>\n\n            <\/div>\n<\/section>\n\n\n<section class=\"component component_breadcrumbs\">\n\t<div class=\"container-fluid\">\n  \t<\/div>\n<\/section>\n\n\n<section\n    id=\"\"\n    class=\"block content-block\"\n\tstyle=\"--cb-bg: #fff; --cb-content: #000; \"\n>\n    \n\n<div class=\"container-fluid editor_content content content--narrow\">\n    <div class=\"row\">\n        <div class=\"col-12 editor_content\">\n            <h1>Smarta l\u00f6sningar, h\u00f6gklassig teknik och anv\u00e4ndarv\u00e4nlighet i en och samma design<\/h1>\n<p>Vi har samlat all v\u00e5r erfarenhet och allt v\u00e5rt know-how fr\u00e5n \u00f6ver fyra decennier av design, tillverkning och drifts\u00e4ttning av avancerade ozonl\u00f6sningar f\u00f6r olika applikationer och paketerat det i en avancerad, men \u00e4nd\u00e5 mycket anv\u00e4ndarv\u00e4nlig design \u2013 SMARTOZONE\u2122 konceptet.<\/p>\n<p>SMARTOZONE\u2122 kombinerar ingenj\u00f6rskonst, h\u00f6gklassig teknik, m\u00e5ng\u00e5rig erfarenhet och anv\u00e4ndarv\u00e4nlighet i ett och samma designkoncept.<\/p>\n<p>V\u00e5ra Ozonetech-l\u00f6sningar och Ozonetech-system bygger p\u00e5 designkonceptet SMARTOZONE\u2122 vilket g\u00f6r att vi kan leverera maximalt optimerad behandlingseffektivitet, drift- och livscykelkostnad.<\/p>\n        <\/div>\n    <\/div>\n<\/div>\n\n<\/section>\n","protected":false},"excerpt":{"rendered":"","protected":false},"author":12,"featured_media":0,"parent":11700,"menu_order":0,"comment_status":"closed","ping_status":"closed","template":"","meta":{"_acf_changed":false,"_seopress_robots_primary_cat":"","_seopress_titles_title":"","_seopress_titles_desc":"SMARTOZONE\u2122 kombinerar ingenj\u00f6rskonst, h\u00f6gklassig teknik, m\u00e5ng\u00e5rig erfarenhet och anv\u00e4ndarv\u00e4nlighet i ett och samma designkoncept","_seopress_robots_index":"","inline_featured_image":false,"footnotes":""},"class_list":["post-36340","page","type-page","status-publish","hentry"],"acf":[],"_links":{"self":[{"href":"https:\/\/ozonetech.com\/sv\/wp-json\/wp\/v2\/pages\/36340","targetHints":{"allow":["GET"]}}],"collection":[{"href":"https:\/\/ozonetech.com\/sv\/wp-json\/wp\/v2\/pages"}],"about":[{"href":"https:\/\/ozonetech.com\/sv\/wp-json\/wp\/v2\/types\/page"}],"author":[{"embeddable":true,"href":"https:\/\/ozonetech.com\/sv\/wp-json\/wp\/v2\/users\/12"}],"replies":[{"embeddable":true,"href":"https:\/\/ozonetech.com\/sv\/wp-json\/wp\/v2\/comments?post=36340"}],"version-history":[{"count":7,"href":"https:\/\/ozonetech.com\/sv\/wp-json\/wp\/v2\/pages\/36340\/revisions"}],"predecessor-version":[{"id":41228,"href":"https:\/\/ozonetech.com\/sv\/wp-json\/wp\/v2\/pages\/36340\/revisions\/41228"}],"up":[{"embeddable":true,"href":"https:\/\/ozonetech.com\/sv\/wp-json\/wp\/v2\/pages\/11700"}],"wp:attachment":[{"href":"https:\/\/ozonetech.com\/sv\/wp-json\/wp\/v2\/media?parent=36340"}],"curies":[{"name":"wp","href":"https:\/\/api.w.org\/{rel}","templated":true}]}}