{"id":35003,"date":"2021-06-02T13:39:39","date_gmt":"2021-06-02T12:39:39","guid":{"rendered":"https:\/\/ozonetech.com\/?page_id=35003"},"modified":"2021-06-02T15:23:29","modified_gmt":"2021-06-02T14:23:29","slug":"thank-you-ozone-equipment","status":"publish","type":"page","link":"https:\/\/ozonetech.com\/sv\/thank-you-ozone-equipment\/","title":{"rendered":"Tack! &#8211; Ozontillbeh\u00f6r"},"content":{"rendered":"\n<section\n    id=\"\"\n    class=\"block content-block\"\n\tstyle=\"--cb-bg: #fff; --cb-content: #000; \"\n>\n    \n\n<div class=\"container-fluid editor_content content content--full\">\n    <div class=\"row\">\n        <div class=\"col-12 editor_content\">\n            <p><script>\n  gtag('event', 'conversion', {'send_to': 'AW-1060591749\/Hf2XCNT8iOIBEIWx3fkD'});\n<\/script><\/p>\n        <\/div>\n    <\/div>\n<\/div>\n\n\n\n<div class=\"container-fluid editor_content content content--narrow\">\n    <div class=\"row\">\n        <div class=\"col-12 editor_content\">\n            <h2><\/h2>\n<h2>Tack!<\/h2>\n<p>Din f\u00f6rfr\u00e5ga har nu skickats in.<br \/>\nVi \u00e5terkommer till dig s\u00e5 snart som m\u00f6jligt.<\/p>\n<p>Forts\u00e4tt g\u00e4rna att l\u00e4sa mer om <a href=\"https:\/\/ozonetech.com\/sv\/produkter\/ozontillbehor-slutna-kylsystem\/\">ozontillbeh\u00f6r och slutna kylsystem<\/a>\u00a0och v\u00e5ra andra <a href=\"https:\/\/ozonetech.com\/sv\/produkter\/\">produkter<\/a> och <a href=\"https:\/\/ozonetech.com\/sv\/losningar-system\/\">l\u00f6sningar<\/a>.<br \/>\nGl\u00f6m inte att f\u00f6lja oss p\u00e5 <a href=\"https:\/\/se.linkedin.com\/company\/mellifiq\" target=\"_blank\" rel=\"noopener\">Linkedin<\/a> f\u00f6r att h\u00e5lla dig uppdaterad med v\u00e5ra senaste nyheter.<\/p>\n<p>&nbsp;<\/p>\n<p>&nbsp;<\/p>\n        <\/div>\n    <\/div>\n<\/div>\n\n<\/section>\n","protected":false},"excerpt":{"rendered":"","protected":false},"author":12,"featured_media":0,"parent":0,"menu_order":0,"comment_status":"closed","ping_status":"closed","template":"","meta":{"_acf_changed":false,"_seopress_robots_primary_cat":"","_seopress_titles_title":"","_seopress_titles_desc":"","_seopress_robots_index":"yes","inline_featured_image":false,"footnotes":""},"class_list":["post-35003","page","type-page","status-publish","hentry"],"acf":[],"_links":{"self":[{"href":"https:\/\/ozonetech.com\/sv\/wp-json\/wp\/v2\/pages\/35003","targetHints":{"allow":["GET"]}}],"collection":[{"href":"https:\/\/ozonetech.com\/sv\/wp-json\/wp\/v2\/pages"}],"about":[{"href":"https:\/\/ozonetech.com\/sv\/wp-json\/wp\/v2\/types\/page"}],"author":[{"embeddable":true,"href":"https:\/\/ozonetech.com\/sv\/wp-json\/wp\/v2\/users\/12"}],"replies":[{"embeddable":true,"href":"https:\/\/ozonetech.com\/sv\/wp-json\/wp\/v2\/comments?post=35003"}],"version-history":[{"count":4,"href":"https:\/\/ozonetech.com\/sv\/wp-json\/wp\/v2\/pages\/35003\/revisions"}],"predecessor-version":[{"id":35119,"href":"https:\/\/ozonetech.com\/sv\/wp-json\/wp\/v2\/pages\/35003\/revisions\/35119"}],"wp:attachment":[{"href":"https:\/\/ozonetech.com\/sv\/wp-json\/wp\/v2\/media?parent=35003"}],"curies":[{"name":"wp","href":"https:\/\/api.w.org\/{rel}","templated":true}]}}