{"id":30575,"date":"2021-03-15T16:17:22","date_gmt":"2021-03-15T15:17:22","guid":{"rendered":"https:\/\/ozonetech.com\/applikationer\/vattenrening\/bottled-water-ozone\/"},"modified":"2024-10-22T08:21:42","modified_gmt":"2024-10-22T06:21:42","slug":"flaskvattentillverkning-med-ozon","status":"publish","type":"page","link":"https:\/\/ozonetech.com\/sv\/applikationer\/vattenrening\/flaskvattentillverkning-med-ozon\/","title":{"rendered":"Flaskvattentillverkning med ozon"},"content":{"rendered":"\n<section\n    class=\"block hero hero--regular\"\n    style=\"background-image: url('https:\/\/ozonetech.com\/wp-content\/uploads\/2024\/10\/Edited-Firefly-closeup-image-of-glass-bottle-without-liquid-industrial-background.jpg'); --hero-opacity: 0.4\"\n>\n\n    <div class=\"container-fluid\">\n\n        <div class=\"content editor_content\">\n                         \n                <h2 class='h2'>Flaskvattentillverkning med ozon<\/h2>            \n                    <\/div>\n\n            <\/div>\n<\/section>\n\n\n<section class=\"component component_breadcrumbs\">\n\t<div class=\"container-fluid\">\n  \t<\/div>\n<\/section>\n\n\n<section\n    id=\"\"\n    class=\"block content-block\"\n\tstyle=\"--cb-bg: #fff; --cb-content: #000; \"\n>\n    \n\n<div class=\"container-fluid editor_content content content--narrow\">\n    <div class=\"row\">\n        <div class=\"col-12 editor_content\">\n            <h1>H\u00e5llbar och effektiv f\u00f6rbehandling och desinficering av tappningsanl\u00e4ggningar<\/h1>\n<p class=\"preamble\">Ozonbehandling av vatten i dryckesindustrin har haft en viktig roll \u00e4nda sedan 1970-talet d\u00e5 flaskvattenbranschen f\u00f6ddes. Utmaningarna i industrin var i produktionen, steril hantering and lagring av stora vattenm\u00e4ngder d\u00e4r tillv\u00e4xt av bakterier och andra mikroorganismer kan f\u00f6r\u00f6ka sig explotionsartat. Smak, lukt and konsumentens h\u00e4lsa kan p\u00e5verkas utan noggrann desinfektion.<\/p>\n<p>Amerikanska FDA godk\u00e4nnde officiellt ozon som s\u00e4kert i vattendesinfektionsapplikationer och under GMP (Good Manufacturing Practice) f\u00f6r upp till 0.4 ppm koncentration av ozon i vattenfas. Sedan dess har flera statliga myndigheter godk\u00e4nnt ozon som en nyckelkomponent in flaskvattenapplikationer, exempelvis WHO. Ozon \u00e4r s\u00e4kert att anv\u00e4nda i flaskvattenindustrin enligt International Bottle Water Association (IBWA) utan att l\u00e4mna n\u00e5gra bieffekter.<\/p>\n<h3>Ozonbehandling i flaskvattenprocesserna<\/h3>\n<p>Figuren nedan visar de \u00f6vergripande enhetsoperationerna i tillverkning av vatten p\u00e5 flaska och vanliga ozonapplikationer.<\/p>\n<p><img loading=\"lazy\" decoding=\"async\" class=\"aligncenter wp-image-29450 size-large\" src=\"https:\/\/ozonetech.com\/wp-content\/uploads\/2021\/03\/treatment-for-disinfection-2-1024x512.png\" alt=\"\" width=\"1024\" height=\"512\" srcset=\"https:\/\/ozonetech.com\/wp-content\/uploads\/2021\/03\/treatment-for-disinfection-2-1024x512.png 1024w, https:\/\/ozonetech.com\/wp-content\/uploads\/2021\/03\/treatment-for-disinfection-2-300x150.png 300w, https:\/\/ozonetech.com\/wp-content\/uploads\/2021\/03\/treatment-for-disinfection-2-768x384.png 768w, https:\/\/ozonetech.com\/wp-content\/uploads\/2021\/03\/treatment-for-disinfection-2.png 1500w\" sizes=\"auto, (max-width: 1024px) 100vw, 1024px\" \/><\/p>\n        <\/div>\n    <\/div>\n<\/div>\n\n\n\n<div class=\"container-fluid editor_content content content--narrow\">\n    <div class=\"row\">\n        <div class=\"col-12 editor_content\">\n            <h3>Ozonrening i f\u00f6rbehandling<\/h3>\n<p>Ozon kan anv\u00e4ndas i f\u00f6rbehandlingsprocesser f\u00f6r att eliminera j\u00e4rn, mangan, f\u00e4rg, bakterier, smak och lukt. F\u00f6rozonering reducerar utvecklingen av biofilm som kvalitetss\u00e4krar vattnet samt minskar underh\u00e5llskostnaderna nedstr\u00f6m i processen. I m\u00e5nga fall anv\u00e4nds ozon tillsammans med annan teknik men \u00e4r alltid en grundl\u00e4ggande del av reningprocessen. Ozon anv\u00e4nds som ers\u00e4ttning av klorbaserade desinfektionsmedel i f\u00f6rbehandlingen.<\/p>\n<h3>Desinfektion med ozon<\/h3>\n<p>Ozon \u00e4r ett exeptionellt kemikaliefritt desinfektionsmedel och en kraftfull oxidant. Mer information om mekanismerna kring ozondesinfektion finns p\u00e5 denna sida. Under ozonering av flaskvatten, regleras noggrannt ozonniv\u00e5erna f\u00f6r en specifik kontakttid, vilket sanerar vattnet innan fyllningsprocessen. Typisk koncentration \u00e4r cirka 0,2-0,5 ppm f\u00f6r en kontaktid p\u00e5 cirka 5-20 minuter, beroende p\u00e5 \u00f6vrig vattenkvalitet och temperatur. V\u00e5ra ozonsystem n\u00e5r snabbt r\u00e4tt niv\u00e5er av inl\u00f6st ozon och oxidationspotential tack vare v\u00e5rt inbyggda styr- och reglersystem som \u00e4r en del av v\u00e5ra RENA Vivo-system.<\/p>\n<p>Under ozonering skapas en og\u00e4stv\u00e4nlig milj\u00f6 f\u00f6r mikroorganismer att v\u00e4xa i, s\u00e5som parasiter, Cryptosporidium och Guardia cysts. F\u00f6rutom detta uppn\u00e5s en slutgiltig kvalitetss\u00e4kring av vattnet helt fritt fr\u00e5n o\u00e4nskad lukt och smak inf\u00f6r fyllningssteget.<\/p>\n<h3>Ozon j\u00e4mf\u00f6rt med kemisk desinfektion<\/h3>\n<p>Trots att ozon \u00e4r en vanlig teknik f\u00f6r vattenbehandling innan fyllningslinjerna anv\u00e4nder vissa anl\u00e4ggningar fortfarande kemikalier s\u00e5som hypoklorit (NaClO) f\u00f6r att h\u00e5lla vattnet mikrobfritt. Tabellen nedan sammanfattar skillnaden mellan dessa tv\u00e5 metoder.<\/p>\n<p>&nbsp;<\/p>\n        <\/div>\n    <\/div>\n<\/div>\n\n<div class=\"container-fluid editor_content\">\n    <div class=\"row\">\n        <div class=\"col-12 editor_content table-wrapper \" style=\"--table-text-color-header: #FFFFFF; --table-text-color-rows: #000000; --table-background-color-header: #5f5f5f; --table-background-color-rows-even: #efefef; --table-background-color-rows-odd: #dfdfdf; \">\n                            \n<table id=\"tablepress-183\" class=\"tablepress tablepress-id-183\" aria-describedby=\"tablepress-183-description\">\n<thead>\n<tr class=\"row-1\">\n\t<th class=\"column-1\">Egenskaper<\/th><th class=\"column-2\">Ozon<\/th><th class=\"column-3\">Hypoklorit och andra kemikalier<\/th>\n<\/tr>\n<\/thead>\n<tbody class=\"row-striping\">\n<tr class=\"row-2\">\n\t<td class=\"column-1\">Desinfektionskapacitet (CT, mg\/L.min)\t<\/td><td class=\"column-2\">0.05-1<\/td><td class=\"column-3\">0.1-10<\/td>\n<\/tr>\n<tr class=\"row-3\">\n\t<td class=\"column-1\">Typisk applicerad koncentration (ppm)<\/td><td class=\"column-2\">0.1-0.3<\/td><td class=\"column-3\">0.3-0.6<\/td>\n<\/tr>\n<tr class=\"row-4\">\n\t<td class=\"column-1\">Restprodukter<\/td><td class=\"column-2\">None<\/td><td class=\"column-3\">Ja, kr\u00e4ver eliminering med UV eller filter<\/td>\n<\/tr>\n<tr class=\"row-5\">\n\t<td class=\"column-1\">Biprodukter<\/td><td class=\"column-2\">None<\/td><td class=\"column-3\">Kan generera cancerogena klorerade biprodukter vid h\u00f6gre halter organiskt material<\/td>\n<\/tr>\n<tr class=\"row-6\">\n\t<td class=\"column-1\">pH-reglering<\/td><td class=\"column-2\">Kr\u00e4vs ej<\/td><td class=\"column-3\">B\u00f6r regleras till cirka 6,5-7 f\u00f6r att bibeh\u00e5lla b\u00e4sta desinkfetionskapacitet<\/td>\n<\/tr>\n<tr class=\"row-7\">\n\t<td class=\"column-1\">Mekanisk utrustning<\/td><td class=\"column-2\"><a href=\"https:\/\/ozonetech.com\/sv\/losningar-system\/vattenrening\/rena-vivo\/\">RENA Vivo ozone system<\/a><\/td><td class=\"column-3\">Doseringspump, kemikaliertank, \u00f6vrig utrustning f\u00f6r pH och andra sensorer<\/td>\n<\/tr>\n<tr class=\"row-8\">\n\t<td class=\"column-1\">F\u00f6rbrukning<\/td><td class=\"column-2\">1-2 kW<\/td><td class=\"column-3\">Kemikalier, el f\u00f6r mekanisk utrustning, syra f\u00f6r pH-reglering<\/td>\n<\/tr>\n<\/tbody>\n<\/table>\n<span id=\"tablepress-183-description\" class=\"tablepress-table-description tablepress-table-description-id-183\"><\/span>\n<!-- #tablepress-183 from cache -->                                <\/div>\n    <\/div>\n<\/div>\n\n\n<div class=\"container-fluid editor_content content content--narrow\">\n    <div class=\"row\">\n        <div class=\"col-12 editor_content\">\n            <h3>Nyckelf\u00e4rdig l\u00f6sning RENA Vivo<\/h3>\n<p>Ozonetech specialiserar sig p\u00e5 nyckelf\u00e4rdiga l\u00f6sningar f\u00f6r att tillgodose renings- och desinfektionsbehov inom flaskvattenapplikationer. V\u00e5ra system kommer f\u00e4rdigmonterade fr\u00e5n fabrik, inklusive ozongenerator, syrgasgenerator, avancerad styr- och reglersystem, ozondestruktion och avgasning. V\u00e5ra RENA Vivo A- och B-seriesystem \u00e4r tillr\u00e4ckligt f\u00f6r att uppn\u00e5 de h\u00f6ga vattenkvalitetskraven i produktionsprocessen. L\u00e4s mer om v\u00e5ra nyckelf\u00e4rdiga l\u00f6sningar <a href=\"https:\/\/ozonetech.com\/sv\/losningar-system\/vattenrening\/rena-vivo\/\">h\u00e4r<\/a>.<\/p>\n<ul>\n<li>V\u00e5ra ozonsystem genererar snabbt l\u00e4mplig oxidationspotential f\u00f6r snabb desinficerande effekt j\u00e4mf\u00f6rt med kemikalier<\/li>\n<li>Mycket l\u00e5g driftkostnad och energikonsumption<\/li>\n<li>Komplett oxidation vilket eliminerar bi-produkter<\/li>\n<li>L\u00e5gt underh\u00e5ll med mycket kort \u00e5terbetalningstid<\/li>\n<\/ul>\n<p>V\u00e5r design m\u00f6jligg\u00f6ra enkel installation med tv\u00e5 hydrauliska anslutningar som kan anslutas som buffertankar eller direkt i matarledningar. Alla sensorer som kr\u00e4vs f\u00f6r att reglera ozonprocessen \u00e4r inbyggda i systemet. Vi uppn\u00e5r minst 25 g inl\u00f6st ozon per kWh, vilket motsvarar h\u00f6gsta m\u00f6jliga verkningsgrad. All mekanismer f\u00f6r s\u00e4ker anv\u00e4ndings som avgasningsventil, ozongas destruktor och sensorer f\u00f6r den omgivande luften \u00e4r integrerade i v\u00e5ra <a href=\"https:\/\/ozonetech.com\/sv\/losningar-system\/vattenrening\/rena-vivo\/\">RENA Vivo-system<\/a>.<\/p>\n<p style=\"text-align: center;\"><img loading=\"lazy\" decoding=\"async\" class=\"aligncenter wp-image-29720 size-large\" src=\"https:\/\/ozonetech.com\/wp-content\/uploads\/2021\/03\/rena-vivo-ozonetech-1024x993.jpg\" alt=\"\" width=\"1024\" height=\"993\" srcset=\"https:\/\/ozonetech.com\/wp-content\/uploads\/2021\/03\/rena-vivo-ozonetech-1024x993.jpg 1024w, https:\/\/ozonetech.com\/wp-content\/uploads\/2021\/03\/rena-vivo-ozonetech-300x291.jpg 300w, https:\/\/ozonetech.com\/wp-content\/uploads\/2021\/03\/rena-vivo-ozonetech-768x745.jpg 768w, https:\/\/ozonetech.com\/wp-content\/uploads\/2021\/03\/rena-vivo-ozonetech.jpg 1500w\" sizes=\"auto, (max-width: 1024px) 100vw, 1024px\" \/><\/p>\n<p><a href=\"https:\/\/ozonetech.com\/contact\/\" target=\"_blank\" rel=\"noopener\">Kontakta oss<\/a> idag f\u00f6r mer information eller hj\u00e4lp f\u00f6r b\u00e4sta m\u00f6jliga vattenkvalitet i din anl\u00e4ggning!<\/p>\n        <\/div>\n    <\/div>\n<\/div>\n\n<\/section>\n","protected":false},"excerpt":{"rendered":"","protected":false},"author":21,"featured_media":0,"parent":16960,"menu_order":0,"comment_status":"closed","ping_status":"closed","template":"","meta":{"_acf_changed":false,"_seopress_robots_primary_cat":"","_seopress_titles_title":"","_seopress_titles_desc":"","_seopress_robots_index":"","inline_featured_image":false,"footnotes":""},"class_list":["post-30575","page","type-page","status-publish","hentry"],"acf":[],"_links":{"self":[{"href":"https:\/\/ozonetech.com\/sv\/wp-json\/wp\/v2\/pages\/30575","targetHints":{"allow":["GET"]}}],"collection":[{"href":"https:\/\/ozonetech.com\/sv\/wp-json\/wp\/v2\/pages"}],"about":[{"href":"https:\/\/ozonetech.com\/sv\/wp-json\/wp\/v2\/types\/page"}],"author":[{"embeddable":true,"href":"https:\/\/ozonetech.com\/sv\/wp-json\/wp\/v2\/users\/21"}],"replies":[{"embeddable":true,"href":"https:\/\/ozonetech.com\/sv\/wp-json\/wp\/v2\/comments?post=30575"}],"version-history":[{"count":34,"href":"https:\/\/ozonetech.com\/sv\/wp-json\/wp\/v2\/pages\/30575\/revisions"}],"predecessor-version":[{"id":41504,"href":"https:\/\/ozonetech.com\/sv\/wp-json\/wp\/v2\/pages\/30575\/revisions\/41504"}],"up":[{"embeddable":true,"href":"https:\/\/ozonetech.com\/sv\/wp-json\/wp\/v2\/pages\/16960"}],"wp:attachment":[{"href":"https:\/\/ozonetech.com\/sv\/wp-json\/wp\/v2\/media?parent=30575"}],"curies":[{"name":"wp","href":"https:\/\/api.w.org\/{rel}","templated":true}]}}