{"id":28127,"date":"2021-03-11T15:09:19","date_gmt":"2021-03-11T14:09:19","guid":{"rendered":"https:\/\/ozonetech.com\/privacy-policy-2\/"},"modified":"2021-03-12T11:42:16","modified_gmt":"2021-03-12T10:42:16","slug":"integritetspolicy","status":"publish","type":"page","link":"https:\/\/ozonetech.com\/sv\/integritetspolicy\/","title":{"rendered":"Integritetspolicy"},"content":{"rendered":"\n<section\n    class=\"block hero hero--regular\"\n    style=\"background-image: url('https:\/\/ozonetech.com\/wp-content\/uploads\/2021\/03\/Privacy-policy-1600x484.jpg'); --hero-opacity: 0.3\"\n>\n\n    <div class=\"container-fluid\">\n\n        <div class=\"content editor_content\">\n                         \n                <h1 class='h1'>Integritetspolicy<\/h1>            \n                    <\/div>\n\n            <\/div>\n<\/section>\n\n\n\n<section\n    id=\"\"\n    class=\"block content-block\"\n\tstyle=\"--cb-bg: #fff; --cb-content: #000; \"\n>\n    \n\n<div class=\"container-fluid editor_content content content--narrow\">\n    <div class=\"row\">\n        <div class=\"col-12 editor_content\">\n            <h2 id=\"h-1-personal-data\"><strong>1. Personuppgifter<\/strong><\/h2>\n<p>Genom att samtycka till att f\u00e5 information om GDPR accepterar du att Mellifiq Group (\u201cMellifiq\u201d \/ \u201cvi\u201d) kan spara ditt namn, telefonnummer, e-postadress, postadress och annan information (h\u00e4refter kallad \u201cPersonlig information\u201d) som du l\u00e4mnade till Mellifiq.<\/p>\n<p>Mellifiq anv\u00e4nder din personliga information f\u00f6r att skicka information till dig och genomf\u00f6ra unders\u00f6kningar samt skicka nyheter om v\u00e5ra tj\u00e4nster (\u201dtj\u00e4nster\u201d) och produkter (\u201dprodukter\u201d). N\u00e4r du har slutf\u00f6rt en unders\u00f6kning eller ett webbplatsformul\u00e4r kan din inmatning och personliga information anv\u00e4ndas av Mellifiq f\u00f6r att kontakta dig f\u00f6r att f\u00f6rb\u00e4ttra din upplevelse av v\u00e5ra tj\u00e4nster och produkter och kontakta dig som din kund \/ potentiella kund \/ leverant\u00f6r \/ partner. Din personliga information kan ocks\u00e5 anv\u00e4ndas f\u00f6r att skapa statistik och rapporter om v\u00e5ra tj\u00e4nster och produkter samt bes\u00f6kare p\u00e5 v\u00e5r webbplats.<\/p>\n<p>Mellifiq kommer inte att lagra, \u00f6verf\u00f6ra eller p\u00e5 annat s\u00e4tt behandla dina personuppgifter ut\u00f6ver de specifika syften som anges ovan.<\/p>\n<p>Bearbetning av dina personuppgifter \u00e4r n\u00f6dv\u00e4ndig f\u00f6r att uppn\u00e5 ovann\u00e4mnda syfte, och fr\u00e5n och med 25 maj 2018 \u00e4r det n\u00f6dv\u00e4ndigt f\u00f6r till\u00e4mpningen av artikel 6 1.a i den allm\u00e4nna dataskyddsf\u00f6rordningen (f\u00f6rordning (EU) 2016\/679) ( \u201dGDPR\u201d). Dina personuppgifter kan ocks\u00e5 behandlas om Mellifiq rimligen anser det n\u00f6dv\u00e4ndigt f\u00f6r att uppfylla en r\u00e4ttslig skyldighet (fr\u00e5n och med 25 maj 2018 enligt artikel 6 (1c) i GDPR).<\/p>\n<p>En f\u00f6ruts\u00e4ttning f\u00f6r att forts\u00e4tta f\u00e5 information om v\u00e5rt f\u00f6retag och v\u00e5ra produkter och tj\u00e4nster \u00e4r att du f\u00f6rser oss med din personliga information. Du kan \u00e5terkalla ditt samtycke till behandling av personuppgifter n\u00e4r som helst utan att det p\u00e5verkar lagligheten i v\u00e5r behandling, baserat p\u00e5 ditt samtycke, innan du drar tillbaka.<\/p>\n<p>Vi kan anv\u00e4nda automatiserad teknik som cookies och annan sp\u00e5rningsprogramvara f\u00f6r att samla in personlig information fr\u00e5n ditt datorsystem eller mobila enhet. Vi kan samla in f\u00f6ljande information:<\/p>\n<ul>\n<li>Internetprotokoll (IP) -adress eller annan enhetsidentifierare<\/li>\n<li>Webbl\u00e4sartyp och version<\/li>\n<li>Webbl\u00e4sningsinformation, till exempel sidor du tittar p\u00e5 och l\u00e4nkarna du klickar p\u00e5, hur du interagerar med e-postmeddelanden som vi skickar till dig och om du bes\u00f6ker v\u00e5r webbplats via en webbplats f\u00f6r sociala medier<\/li>\n<li>Tidszon inst\u00e4llning<\/li>\n<li>Webbl\u00e4sartill\u00e4gg \u2013 typ och version<\/li>\n<li>Operativsystem och plattform<\/li>\n<li>Annan information fr\u00e5n b\u00e4rbar enhet<\/li>\n<li>Med ditt tillst\u00e5nd kan vi ocks\u00e5 samla in din exakta platsinformation. Vi kan ocks\u00e5 samla in bes\u00f6kstid, anv\u00e4ndningsm\u00f6nster och dom\u00e4nnamnet p\u00e5 webbplatsen som du l\u00e4nkade till v\u00e5ra webbplatser fr\u00e5n.<\/li>\n<li>Information som du tillhandah\u00e5ller n\u00e4r du fyller i ett webbplatsformul\u00e4r<\/li>\n<\/ul>\n<p>Vi anv\u00e4nder denna information anonymt och anv\u00e4nder den inte f\u00f6r att identifiera n\u00e5gon speciell anv\u00e4ndare. Vi l\u00e4nkar inte dessa uppgifter till andra uppgifter som vi har om dig.<\/p>\n<p>Tredje part kan ocks\u00e5 f\u00f6rse oss med ytterligare offentligt tillg\u00e4nglig information om dig.<\/p>\n<h3 id=\"h-2-storage-and-transfer-of-personal-data\"><strong>2. Lagring och \u00f6verf\u00f6ring av personuppgifter<\/strong><\/h3>\n<p>Din personliga information lagras p\u00e5 servrar i EU. Du bekr\u00e4ftar att dina personuppgifter f\u00f6rs \u00f6ver nationella gr\u00e4nser. Om du \u00e4r EU-medborgare lagras dina personuppgifter inom EU, eftersom dina personuppgifter lagras p\u00e5 servrar i EU och behandlas i EU. Om du inte \u00e4r EU-medborgare till\u00e5ter du h\u00e4rmed att dina personuppgifter \u00f6verf\u00f6rs \u00f6ver EU: s gr\u00e4nser till och fr\u00e5n ditt land f\u00f6r ovan n\u00e4mnda \u00e4ndam\u00e5l.<\/p>\n<h3 id=\"h-3-data-controller-and-recipient-of-personal-data\"><strong>3. Uppgiftsansvarig och mottagare av personuppgifter<\/strong><\/h3>\n<p>Mellifiq AB, Elektrav\u00e4gen 53, 12630 H\u00e4gersten, Sverige \u00e4r ansvarigt f\u00f6r personuppgifter och d\u00e4rmed ansvarigt f\u00f6r s\u00e4kerheten. Mellifiq AB kan dela din personliga information med andra Mellifiq-f\u00f6retag \/ dotterbolag f\u00f6r de specifika syften som anges ovan.<\/p>\n<p>Andra auktoriserade tredje parter kan beh\u00f6va komma \u00e5t eller lagra personuppgifter om nationell lagstiftning kr\u00e4ver det. Mellifiq begr\u00e4nsar auktoriserade tredje parts \u00e5tkomst och anv\u00e4ndning av personuppgifter.<\/p>\n<h3 id=\"h-4-storage-period\"><strong>4. Lagringsperiod<\/strong><\/h3>\n<p>Dina personuppgifter sparas endast f\u00f6r de syften som n\u00e4mns ovan. Om en r\u00e4ttslig eller disciplin\u00e4r \u00e5tg\u00e4rd inleds kan personuppgifter lagras till \u00e5tg\u00e4rden avslutats, inklusive eventuella upps\u00e4gningsperioder, och kommer sedan raderas eller arkiveras. Dina personuppgifter kommer inte lagras i ett format som g\u00f6r att du kan identifieras ut\u00f6ver vad Mellifiq anser vara n\u00f6dv\u00e4ndigt f\u00f6r att uppn\u00e5 de syften f\u00f6r vilka de samlades in eller behandlades eller enligt g\u00e4llande lagstiftning om lagring av personuppgifter.<\/p>\n<h3 id=\"h-5-access-to-your-personal-data-other-rights\"><strong>5. Tillg\u00e5ng till dina personuppgifter \/ andra r\u00e4ttigheter<\/strong><\/h3>\n<p>Enligt till\u00e4mplig lag har du r\u00e4tt: (i) att kontrollera om och vilken typ av personuppgifter Mellifiq har om dig och att f\u00e5 tillg\u00e5ng till eller beg\u00e4ra kopior av s\u00e5dana personuppgifter; och (ii) att beg\u00e4ra korrigering, till\u00e4gg eller radering av personuppgifter om dig som \u00e4r felaktigt eller otillr\u00e4ckligt behandlade i enlighet med till\u00e4mplig lag, och (iii) beg\u00e4ra att Mellifiq begr\u00e4nsar insamlingen, behandlingen eller anv\u00e4ndningen av dina personuppgifter, och (iv) under vissa omst\u00e4ndigheter och av legitima sk\u00e4l mots\u00e4tta dig behandlingen av dina personuppgifter, och (v) f\u00f6r att beg\u00e4ra dataportabilitet.<\/p>\n<p>Om du har fr\u00e5gor relaterade till sekretesspolicyn, om du uppt\u00e4cker att det har skett ett brott mot den, om du vill veta mer eller vill anv\u00e4nda en eller flera av ovanst\u00e5ende r\u00e4ttigheter, v\u00e4nligen kontakta Mellifiq\u00a0<a href=\"https:\/\/mellifiq.com\/sv\/kontakt\/\" target=\"_blank\" rel=\"noopener\">h\u00e4r<\/a>.<\/p>\n<p>Du har alltid r\u00e4tt att l\u00e4mna in ett klagom\u00e5l till Datainspektionen ang\u00e5ende behandlingen av dina personuppgifter.<\/p>\n        <\/div>\n    <\/div>\n<\/div>\n\n<\/section>\n","protected":false},"excerpt":{"rendered":"","protected":false},"author":21,"featured_media":0,"parent":0,"menu_order":0,"comment_status":"closed","ping_status":"closed","template":"","meta":{"_acf_changed":false,"_seopress_robots_primary_cat":"","_seopress_titles_title":"","_seopress_titles_desc":"","_seopress_robots_index":"","inline_featured_image":false,"footnotes":""},"class_list":["post-28127","page","type-page","status-publish","hentry"],"acf":[],"_links":{"self":[{"href":"https:\/\/ozonetech.com\/sv\/wp-json\/wp\/v2\/pages\/28127","targetHints":{"allow":["GET"]}}],"collection":[{"href":"https:\/\/ozonetech.com\/sv\/wp-json\/wp\/v2\/pages"}],"about":[{"href":"https:\/\/ozonetech.com\/sv\/wp-json\/wp\/v2\/types\/page"}],"author":[{"embeddable":true,"href":"https:\/\/ozonetech.com\/sv\/wp-json\/wp\/v2\/users\/21"}],"replies":[{"embeddable":true,"href":"https:\/\/ozonetech.com\/sv\/wp-json\/wp\/v2\/comments?post=28127"}],"version-history":[{"count":5,"href":"https:\/\/ozonetech.com\/sv\/wp-json\/wp\/v2\/pages\/28127\/revisions"}],"predecessor-version":[{"id":28134,"href":"https:\/\/ozonetech.com\/sv\/wp-json\/wp\/v2\/pages\/28127\/revisions\/28134"}],"wp:attachment":[{"href":"https:\/\/ozonetech.com\/sv\/wp-json\/wp\/v2\/media?parent=28127"}],"curies":[{"name":"wp","href":"https:\/\/api.w.org\/{rel}","templated":true}]}}