{"id":28119,"date":"2021-03-11T14:55:02","date_gmt":"2021-03-11T13:55:02","guid":{"rendered":"https:\/\/ozonetech.com\/cookie-policy\/"},"modified":"2021-03-23T13:05:41","modified_gmt":"2021-03-23T12:05:41","slug":"cookiepolicy","status":"publish","type":"page","link":"https:\/\/ozonetech.com\/sv\/cookiepolicy\/","title":{"rendered":"Cookiepolicy"},"content":{"rendered":"\n<section\n    class=\"block hero hero--regular\"\n    style=\"background-image: url('https:\/\/ozonetech.com\/wp-content\/uploads\/2021\/03\/cookie-policy-1600x484.jpg'); --hero-opacity: 0.3\"\n>\n\n    <div class=\"container-fluid\">\n\n        <div class=\"content editor_content\">\n                         \n                <h1 class='h1'>Cookiepolicy<\/h1>            \n                    <\/div>\n\n            <\/div>\n<\/section>\n\n\n\n<section\n    id=\"\"\n    class=\"block content-block\"\n\tstyle=\"--cb-bg: #fff; --cb-content: #000; \"\n>\n    \n\n<div class=\"container-fluid editor_content content content--narrow\">\n    <div class=\"row\">\n        <div class=\"col-12 editor_content\">\n            <h2 id=\"h-about-this-cookie-policy\">Om cookiepolicyn<\/h2>\n<p>Denna cookiepolicy f\u00f6rklarar vad kakor \u00e4r och hur vi anv\u00e4nder dem. Du b\u00f6r l\u00e4sa denna policy s\u00e5 att du kan f\u00f6rst\u00e5 vilken typ av kakor vi anv\u00e4nder, vilken informationen vi samlar in med kakor, och hur informationen anv\u00e4nds. F\u00f6r mer information om hur vi anv\u00e4nder, lagrar och h\u00e5ller dina personuppgifter s\u00e4kra, l\u00e4s v\u00e5r <a href=\"https:\/\/ozonetech.com\/sv\/integritetspolicy\/\" rel=\"noopener\">integritetspolicy<\/a>.<\/p>\n<p>Denna policy beskriver ocks\u00e5 vilka r\u00e4ttigheter du har i f\u00f6rh\u00e5llande till de personuppgifter du ger oss. Om du har n\u00e5gra fr\u00e5gor om denna kakpolicy, v\u00e4nligen kontakta oss <a href=\"http:\/\/www.mellifiq.com\/sv\/kontakt\" target=\"_blank\" rel=\"noopener\">h\u00e4r<\/a>.<\/p>\n<h3 id=\"h-what-are-cookies\">Vad \u00e4r kakor?<\/h3>\n<p>Kakor (cookies) \u00e4r textfiler som lagras i webbl\u00e4saren eller p\u00e5 h\u00e5rddisken p\u00e5 din dator eller mobilenhet n\u00e4r du bes\u00f6ker en webbsida eller ett program. Kakor g\u00f6r att ditt bes\u00f6k p\u00e5 v\u00e5r webbplats blir s\u00e5 smidigt som m\u00f6jligt och de kommer ocks\u00e5 ih\u00e5g n\u00e5gra av dina preferenser, s\u00e5 att du inte beh\u00f6ver l\u00e4gga in dina uppgifter om och om igen.<\/p>\n<p>Det finns olika typer av kakor. Vissa kommer direkt fr\u00e5n v\u00e5r webbplats och andra kommer fr\u00e5n tredje part som placerar kakor p\u00e5 v\u00e5r webbplats.<\/p>\n<p>Kakor kan lagras under olika l\u00e5nga tider i din webbl\u00e4sare eller enhet. Sessionskakor raderas fr\u00e5n din dator eller enhet n\u00e4r du st\u00e4nger din webbl\u00e4sare. Fasta kakor lagras p\u00e5 din dator eller enhet tills de raderas eller n\u00e5r sitt utg\u00e5ngsdatum.<\/p>\n<h3 id=\"h-we-have-3-varieties-of-cookies-which-operate-on-our-website\">Vi har tre varianter av kakor p\u00e5 v\u00e5r webbplats:<\/h3>\n<h4 id=\"h-1-strictly-necessary-cookies\">1. N\u00f6dv\u00e4ndiga kakor<\/h4>\n<p>Dessa kakor \u00e4r n\u00f6dv\u00e4ndiga f\u00f6r att webbplatsen ska fungera och kan inte st\u00e4ngas av i v\u00e5ra system. Kakor s\u00e4tts vanligtvis bara som svar p\u00e5 saker du g\u00f6r, som att beg\u00e4ra tj\u00e4nster, st\u00e4lla in sekretesspreferenser, logga in eller fylla i formul\u00e4r. Du kan st\u00e4lla in din webbl\u00e4sare s\u00e5 att den blockerar eller varnar f\u00f6r dessa kakor, men delar av webbplatsen kommer inte fungera d\u00e5. Dessa kakor lagrar ingen personlig identifierbar information.<\/p>\n<h4 id=\"h-2-performance-cookies\">2. Prestandakakor<\/h4>\n<p>Dessa kakor g\u00f6r det m\u00f6jligt f\u00f6r oss att r\u00e4kna bes\u00f6k och k\u00e4llor, s\u00e5 att vi kan m\u00e4ta och f\u00f6rb\u00e4ttra v\u00e5r webbplats prestanda. De hj\u00e4lper oss att veta vilka sidor som \u00e4r mest och minst popul\u00e4ra och se hur bes\u00f6kare r\u00f6r sig p\u00e5 webbplatsen. All information som dessa kakor samlar sl\u00e5s ihop och blir d\u00e5 anonymiserad. Om du inte till\u00e5ter dessa kakor vet vi inte n\u00e4r du har bes\u00f6kt v\u00e5r webbplats.<\/p>\n<h4 id=\"h-3-targeting-cookies\">3. M\u00e5linriktade (targeting) kakor<\/h4>\n<p>Dessa kakor kan placeras p\u00e5 v\u00e5r webbplats av v\u00e5ra annonspartners som kan anv\u00e4nda dem f\u00f6r att skapa en profil av dina intressen och visa relevanta annonser p\u00e5 andra webbplatser. De lagrar inte personlig information utan identifierar endast din webbl\u00e4sare och internetenhet. Om du inte till\u00e5ter dessa kakor kommer reklamen bli mindre anpassad till dig.<\/p>\n<h3 id=\"h-how-do-we-use-cookies\">Hur anv\u00e4nder vi kakor?<\/h3>\n<p>Vi anv\u00e4nder kakor f\u00f6r att f\u00f6rb\u00e4ttra din surfupplevelse genom att:<\/p>\n<ul id=\"block-b0e4a446-ad72-4af1-9a99-d26b801accee\">\n<li>Se n\u00e4r du loggar in och vilka inst\u00e4llningar du har gjort<\/li>\n<li>Ge dig en surfupplevelse som \u00e4r unik f\u00f6r dig, och visa inneh\u00e5ll som vi tror f\u00f6rb\u00e4ttrar din upplevelse p\u00e5 v\u00e5r webbplats<\/li>\n<li>Analysera hur du anv\u00e4nder v\u00e5r webbplats vilket hj\u00e4lper oss fels\u00f6ka och m\u00e4ta webbplatsens kvalitetet<\/li>\n<\/ul>\n<h3 id=\"h-changes-to-the-cookie-policy\">\u00c4ndringar av cookiepolicyn<\/h3>\n<p>Policyn kan uppdateras. Om vi g\u00f6r v\u00e4sentliga \u00e4ndringar kommer vi att meddela dig, men kontrollera g\u00e4rna regelbundet denna policy f\u00f6r att s\u00e4kerst\u00e4lla att du sett den senaste versionen. Den senaste uppdateringen av cookiepolicyn gjordes 9 september 2020.<\/p>\n        <\/div>\n    <\/div>\n<\/div>\n\n<\/section>\n","protected":false},"excerpt":{"rendered":"","protected":false},"author":21,"featured_media":0,"parent":0,"menu_order":0,"comment_status":"closed","ping_status":"closed","template":"","meta":{"_acf_changed":false,"_seopress_robots_primary_cat":"","_seopress_titles_title":"","_seopress_titles_desc":"","_seopress_robots_index":"","inline_featured_image":false,"footnotes":""},"class_list":["post-28119","page","type-page","status-publish","hentry"],"acf":[],"_links":{"self":[{"href":"https:\/\/ozonetech.com\/sv\/wp-json\/wp\/v2\/pages\/28119","targetHints":{"allow":["GET"]}}],"collection":[{"href":"https:\/\/ozonetech.com\/sv\/wp-json\/wp\/v2\/pages"}],"about":[{"href":"https:\/\/ozonetech.com\/sv\/wp-json\/wp\/v2\/types\/page"}],"author":[{"embeddable":true,"href":"https:\/\/ozonetech.com\/sv\/wp-json\/wp\/v2\/users\/21"}],"replies":[{"embeddable":true,"href":"https:\/\/ozonetech.com\/sv\/wp-json\/wp\/v2\/comments?post=28119"}],"version-history":[{"count":11,"href":"https:\/\/ozonetech.com\/sv\/wp-json\/wp\/v2\/pages\/28119\/revisions"}],"predecessor-version":[{"id":32602,"href":"https:\/\/ozonetech.com\/sv\/wp-json\/wp\/v2\/pages\/28119\/revisions\/32602"}],"wp:attachment":[{"href":"https:\/\/ozonetech.com\/sv\/wp-json\/wp\/v2\/media?parent=28119"}],"curies":[{"name":"wp","href":"https:\/\/api.w.org\/{rel}","templated":true}]}}