{"id":26986,"date":"2021-03-10T15:51:51","date_gmt":"2021-03-10T14:51:51","guid":{"rendered":"https:\/\/ozonetech.com\/produkter\/oxygen-concentrators\/topaz-series\/"},"modified":"2024-11-07T08:07:20","modified_gmt":"2024-11-07T07:07:20","slug":"topaz-serien","status":"publish","type":"page","link":"https:\/\/ozonetech.com\/sv\/produkter\/syrgasgeneratorer-och-koncentratorer\/topaz-serien\/","title":{"rendered":"Topaz-serien"},"content":{"rendered":"\n<section\n    id=\"\"\n    class=\"block content-block\"\n\tstyle=\"--cb-bg: #fff; --cb-content: #000; \"\n>\n    \n\n<div class=\"container-fluid editor_content content content--narrow\">\n    <div class=\"row\">\n        <div class=\"col-12 editor_content\">\n            <h1 class=\"h2\">Topaz-serien<\/h1>\n<p class=\"preamble\">Det finns tusentals Topaz PSA syrgasgeneratorer i drift v\u00e4rlden \u00f6ver \u2013 alla speciellt designade f\u00f6r p\u00e5litlighet, energieffektivitet och anv\u00e4ndarv\u00e4nlighet.<\/p>\n<p>Topazens p\u00e5litlighet, l\u00e5ga ljudniv\u00e5 och f\u00f6rm\u00e5ga att leverera upp till 95,5% syrgaskoncentration g\u00f6r att den passar perfekt f\u00f6r m\u00e5nga kommersiella anv\u00e4ndningsomr\u00e5den. Den kr\u00e4ver ingen installation, utan kan kopplas ihop direkt med applikationen eller systemet och startas omedelbart.<\/p>\n        <\/div>\n    <\/div>\n<\/div>\n\n\n<div class=\"container-fluid content content--narrow\">\n    <div class=\"row\">\n        <div class=\"col-md-6 order-1 editor_content \">\n            <h2><\/h2>\n<h2 class=\"h3\">Vanliga anv\u00e4ndningsomr\u00e5den<\/h2>\n<h3 class=\"h4\">Tillverkning<\/h3>\n<ul>\n<li>Smycken\/h\u00e5rdl\u00f6dning\/l\u00f6dning<\/li>\n<li>Termisk\/kemisk oxidation<\/li>\n<li>Glasarbete\/Glasbl\u00e5sning<\/li>\n<\/ul>\n<h3 class=\"h4\">Milj\u00f6<\/h3>\n<ul>\n<li>Ozon (generator) matningsgas<\/li>\n<li>Milj\u00f6sanering<\/li>\n<li>Avfall\/Vattenbehandling<\/li>\n<\/ul>\n<h3 class=\"h4\">Annat<\/h3>\n<ul>\n<li>Fiskodling<\/li>\n<\/ul>\n        <\/div>\n        <div class=\"col-md-6 order-2 editor_content d-flex justify-content-center\">\n                                            <figure class=\"side-image \">\n                    <img loading=\"lazy\" decoding=\"async\" width=\"425\" height=\"477\" src=\"https:\/\/ozonetech.com\/wp-content\/uploads\/2021\/03\/topaz-ozonetech-2-e1614762809551.png\" class=\"attachment-full size-full\" alt=\"\" srcset=\"https:\/\/ozonetech.com\/wp-content\/uploads\/2021\/03\/topaz-ozonetech-2-e1614762809551.png 425w, https:\/\/ozonetech.com\/wp-content\/uploads\/2021\/03\/topaz-ozonetech-2-e1614762809551-267x300.png 267w\" sizes=\"auto, (max-width: 425px) 100vw, 425px\" \/>                                    <\/figure>\n                    <\/div>\n    <\/div>\n<\/div>\n\n\n<div class=\"container-fluid editor_content content content--narrow\">\n    <div class=\"row\">\n        <div class=\"col-12 editor_content\">\n            <h3>Beg\u00e4r en offert<\/h3>\n<h3><script type=\"text\/javascript\">\n    var ss_form = {'account': 'MzawMDE3MzI2BwA', 'formID': 'MzNINUtLtbDUNUpOStM1STJL0U00t0zWNTBPSzJMNElMMjU3AQA'};\n    ss_form.width = '100%';\n    ss_form.height = '1000';\n    ss_form.display = 'block';\n    ss_form.domain = 'app-3QNJA1Z2XY.marketingautomation.services';\n    ss_form.hidden = {'field_400000003544067': 'Ozonetech.com'};\n    \/\/ ss_form.target_id = 'target'; \/\/ Optional parameter: forms will be placed inside the element with the specified id\n    \/\/ ss_form.polling = true; \/\/ Optional parameter: set to true ONLY if your page loads dynamically and the id needs to be polled continually.\n<\/script><br \/>\n<script type=\"text\/javascript\" src=\"https:\/\/koi-3QNJA1Z2XY.marketingautomation.services\/client\/form.js?ver=2.0.1\"><\/script><\/h3>\n        <\/div>\n    <\/div>\n<\/div>\n\n<\/section>\n","protected":false},"excerpt":{"rendered":"","protected":false},"author":21,"featured_media":0,"parent":16742,"menu_order":0,"comment_status":"closed","ping_status":"closed","template":"","meta":{"_acf_changed":false,"_seopress_robots_primary_cat":"","_seopress_titles_title":"","_seopress_titles_desc":"Topazens p\u00e5litlighet, l\u00e5ga ljudniv\u00e5 och f\u00f6rm\u00e5ga att leverera upp till 95,5% syrgaskoncentration g\u00f6r att den passar f\u00f6r m\u00e5nga applikationer.","_seopress_robots_index":"","inline_featured_image":false,"footnotes":""},"class_list":["post-26986","page","type-page","status-publish","hentry"],"acf":[],"_links":{"self":[{"href":"https:\/\/ozonetech.com\/sv\/wp-json\/wp\/v2\/pages\/26986","targetHints":{"allow":["GET"]}}],"collection":[{"href":"https:\/\/ozonetech.com\/sv\/wp-json\/wp\/v2\/pages"}],"about":[{"href":"https:\/\/ozonetech.com\/sv\/wp-json\/wp\/v2\/types\/page"}],"author":[{"embeddable":true,"href":"https:\/\/ozonetech.com\/sv\/wp-json\/wp\/v2\/users\/21"}],"replies":[{"embeddable":true,"href":"https:\/\/ozonetech.com\/sv\/wp-json\/wp\/v2\/comments?post=26986"}],"version-history":[{"count":11,"href":"https:\/\/ozonetech.com\/sv\/wp-json\/wp\/v2\/pages\/26986\/revisions"}],"predecessor-version":[{"id":41956,"href":"https:\/\/ozonetech.com\/sv\/wp-json\/wp\/v2\/pages\/26986\/revisions\/41956"}],"up":[{"embeddable":true,"href":"https:\/\/ozonetech.com\/sv\/wp-json\/wp\/v2\/pages\/16742"}],"wp:attachment":[{"href":"https:\/\/ozonetech.com\/sv\/wp-json\/wp\/v2\/media?parent=26986"}],"curies":[{"name":"wp","href":"https:\/\/api.w.org\/{rel}","templated":true}]}}