{"id":17610,"date":"2020-12-03T14:52:07","date_gmt":"2020-12-03T14:52:07","guid":{"rendered":"https:\/\/ozonetech.com\/home\/"},"modified":"2025-01-03T15:01:14","modified_gmt":"2025-01-03T14:01:14","slug":"home","status":"publish","type":"page","link":"https:\/\/ozonetech.com\/sv\/","title":{"rendered":""},"content":{"rendered":"\n<section class=\"hero-carousel-block\">\n  <div class=\"hero-carousel\">\n                  <div class=\"content\">\n          <div class=\"bg-one\" style=\"background-image: url('https:\/\/ozonetech.com\/wp-content\/uploads\/2021\/03\/OTS-carousel-2021-2-EN-3.jpg');\">\n            <div class=\"full-opacity\">\n              <div class=\"opacity\" style=\"opacity: 0.2;\"><\/div>\n              <div class=\"hero-carousel-content\" style=\"display: none;\">\n                <h1 style=\"color: ;\">Vi renar luft och vatten i 46 l\u00e4nder<\/h1>\n                              <\/div>\n            <\/div>\n          <\/div>\n        <\/div>\n                        <div class=\"content\">\n          <div class=\"bg-one\" style=\"background-image: url('https:\/\/ozonetech.com\/wp-content\/uploads\/2024\/10\/rena-vivo-delivery-2-front.png');\">\n            <div class=\"full-opacity\">\n              <div class=\"opacity\" style=\"opacity: 0;\"><\/div>\n              <div class=\"hero-carousel-content\" style=\"display: none;\">\n                <h1 style=\"color: ;\">Ozonetech \u00e4r en del av Mellifiq<\/h1>\n                <p style=\"text-align: center;\">&#8211; fortfarande med samma h\u00f6gklassiga ozongeneratorer,<br \/>\nsystem, instrumentation och sensorer<\/p>\n<p><a href=\"https:\/\/mellifiq.com\/sv\/\" target=\"_blank\" rel=\"noopener\"><img loading=\"lazy\" decoding=\"async\" class=\"aligncenter wp-image-25431 size-medium\" src=\"https:\/\/ozonetech.com\/wp-content\/uploads\/2021\/03\/Mellifiq-logo-rgb-vit-300x109.png\" alt=\"\" width=\"300\" height=\"109\" srcset=\"https:\/\/ozonetech.com\/wp-content\/uploads\/2021\/03\/Mellifiq-logo-rgb-vit-300x109.png 300w, https:\/\/ozonetech.com\/wp-content\/uploads\/2021\/03\/Mellifiq-logo-rgb-vit-1024x372.png 1024w, https:\/\/ozonetech.com\/wp-content\/uploads\/2021\/03\/Mellifiq-logo-rgb-vit-768x279.png 768w, https:\/\/ozonetech.com\/wp-content\/uploads\/2021\/03\/Mellifiq-logo-rgb-vit-1536x558.png 1536w, https:\/\/ozonetech.com\/wp-content\/uploads\/2021\/03\/Mellifiq-logo-rgb-vit-2048x744.png 2048w\" sizes=\"auto, (max-width: 300px) 100vw, 300px\" \/><\/a><\/p>\n              <\/div>\n            <\/div>\n          <\/div>\n        <\/div>\n                        <div class=\"content\">\n          <div class=\"bg-one\" style=\"background-image: url('https:\/\/ozonetech.com\/wp-content\/uploads\/2021\/10\/Lecture-2.png');\">\n            <div class=\"full-opacity\">\n              <div class=\"opacity\" style=\"opacity: 0;\"><\/div>\n              <div class=\"hero-carousel-content\" style=\"display: none;\">\n                <h1 style=\"color: #000000;\">Vill du l\u00e4ra dig mer?<\/h1>\n                <p><img loading=\"lazy\" decoding=\"async\" class=\"alignnone wp-image-38883 size-medium aligncenter\" src=\"https:\/\/ozonetech.com\/wp-content\/uploads\/2021\/10\/MellifiqAcademy_blue_laying-1-300x45.png\" alt=\"\" width=\"300\" height=\"45\" srcset=\"https:\/\/ozonetech.com\/wp-content\/uploads\/2021\/10\/MellifiqAcademy_blue_laying-1-300x45.png 300w, https:\/\/ozonetech.com\/wp-content\/uploads\/2021\/10\/MellifiqAcademy_blue_laying-1-1024x154.png 1024w, https:\/\/ozonetech.com\/wp-content\/uploads\/2021\/10\/MellifiqAcademy_blue_laying-1-768x115.png 768w, https:\/\/ozonetech.com\/wp-content\/uploads\/2021\/10\/MellifiqAcademy_blue_laying-1.png 1313w\" sizes=\"auto, (max-width: 300px) 100vw, 300px\" \/><\/p>\n<h3 style=\"text-align: center;\"><span style=\"color: #000000;\">Vi delar v\u00e5r kunskap<\/span><\/h3>\n              <\/div>\n            <\/div>\n          <\/div>\n        <\/div>\n            <\/div>\n<\/section>\n\n\n\n<section class=\"block our-projects-block\" style=\"--fill-bg: #299f23; --bg: #e6e6e6; --tc: #000000; --product-bg: #ffffff; --product-tc: #000000; --button-bg: ; --button-tc: ; --button-hover-bg: ; --button-hover-tc: ;\">\n    <div class=\"container-fluid container-max-width\">\n                  <div class=\"content\" style=\"text-align: center;\">\n                    <h2 class='h2'>V\u00e5ra produkter, l\u00f6sningar och system<\/h2>            <p class=\"preamble\" style=\"text-align: left;\">Ozonetech \u00e4r ett v\u00e4rldserk\u00e4nt innovativt varum\u00e4rke som tillhandah\u00e5ller ett komplett utbud av h\u00f6gklassiga ozon- och oxidationsprodukter, l\u00f6sningar och system f\u00f6r behandling av luft och vatten inom olika industriella och offentliga applikationer.<\/p>\n<p class=\"preamble\" style=\"text-align: left;\">Vi har sammanst\u00e4llt \u00f6ver 40 \u00e5rs erfarenhet och kunskap fr\u00e5n design, tillverkning och drifts\u00e4ttning av avancerade ozon- och oxidationsl\u00f6sningar och system f\u00f6r att utveckla de mest effektiva och h\u00e5llbara applikationer som inte bara l\u00f6ser v\u00e5ra kunders problem men ocks\u00e5 bidrar med reellt aff\u00e4rsv\u00e4rde och s\u00e4nker deras verksamhets klimatp\u00e5verkan.<\/p>\n        <\/div>\n                <div class=\"our-projects\">\n                          <a href=\"https:\/\/ozonetech.com\/sv\/produkter\/ozongeneratorer\/\">\n                <div class=\"our_projects_project\">\n                  <div class=\"our_projects_center_image\">\n                    <img loading=\"lazy\" decoding=\"async\" width=\"200\" height=\"170\" src=\"https:\/\/ozonetech.com\/wp-content\/uploads\/2021\/03\/Ozone-generators-170x200-1.png\" class=\"attachment-large size-large\" alt=\"Ozone generator\" \/>                  <\/div>\n                  <h3 class=\"title\"><div style=\"font-size:14.5pt;\">Ozongeneratorer<\/div><\/h3>\n                <\/div>\n              <\/a>\n                          <a href=\"https:\/\/ozonetech.com\/sv\/losningar-system\/\">\n                <div class=\"our_projects_project\">\n                  <div class=\"our_projects_center_image\">\n                    <img loading=\"lazy\" decoding=\"async\" width=\"200\" height=\"170\" src=\"https:\/\/ozonetech.com\/wp-content\/uploads\/2021\/03\/RENA-tellus-Mellifiq-brand-170x200-1.png\" class=\"attachment-large size-large\" alt=\"\" \/>                  <\/div>\n                  <h3 class=\"title\"><div style=\"font-size:14.5pt;\">Ozonsystem<\/div><\/h3>\n                <\/div>\n              <\/a>\n                          <a href=\"https:\/\/ozonetech.com\/sv\/losningar-system\/storkok\/\">\n                <div class=\"our_projects_project\">\n                  <div class=\"our_projects_center_image\">\n                    <img loading=\"lazy\" decoding=\"async\" width=\"200\" height=\"170\" src=\"https:\/\/ozonetech.com\/wp-content\/uploads\/2021\/03\/RENA-kitchen-170x200-1.png\" class=\"attachment-large size-large\" alt=\"\" \/>                  <\/div>\n                  <h3 class=\"title\"><div style=\"font-size:14.5pt;\">Stork\u00f6k<\/div><\/h3>\n                <\/div>\n              <\/a>\n                          <a href=\"https:\/\/ozonetech.com\/sv\/produkter\/syrgasgeneratorer-och-koncentratorer\/\">\n                <div class=\"our_projects_project\">\n                  <div class=\"our_projects_center_image\">\n                    <img loading=\"lazy\" decoding=\"async\" width=\"200\" height=\"170\" src=\"https:\/\/ozonetech.com\/wp-content\/uploads\/2021\/03\/Oxygen-generators-170x200-1.png\" class=\"attachment-large size-large\" alt=\"\" \/>                  <\/div>\n                  <h3 class=\"title\"><div style=\"font-size:14.5pt;\">Syrgasgeneratorer<br> och -koncentratorer<\/div><\/h3>\n                <\/div>\n              <\/a>\n                          <a href=\"https:\/\/ozonetech.com\/sv\/produkter\/sensorer-monitorer\/\">\n                <div class=\"our_projects_project\">\n                  <div class=\"our_projects_center_image\">\n                    <img loading=\"lazy\" decoding=\"async\" width=\"200\" height=\"170\" src=\"https:\/\/ozonetech.com\/wp-content\/uploads\/2021\/03\/Sensors-and-monitors-170x200-1.png\" class=\"attachment-large size-large\" alt=\"\" \/>                  <\/div>\n                  <h3 class=\"title\"><div style=\"font-size:14.5pt;\">Sensorer &#038; monitorer<\/div><\/h3>\n                <\/div>\n              <\/a>\n                          <a href=\"https:\/\/ozonetech.com\/sv\/produkter\/ozondestruktorer\/\">\n                <div class=\"our_projects_project\">\n                  <div class=\"our_projects_center_image\">\n                    <img loading=\"lazy\" decoding=\"async\" width=\"200\" height=\"170\" src=\"https:\/\/ozonetech.com\/wp-content\/uploads\/2021\/03\/ozone-destructors-170x200-1.png\" class=\"attachment-large size-large\" alt=\"\" \/>                  <\/div>\n                  <h3 class=\"title\"><div style=\"font-size:14.5pt;\">Ozondestruktorer<\/div><\/h3>\n                <\/div>\n              <\/a>\n                          <a href=\"https:\/\/ozonetech.com\/sv\/lakemedelsindustrin\/\">\n                <div class=\"our_projects_project\">\n                  <div class=\"our_projects_center_image\">\n                    <img loading=\"lazy\" decoding=\"async\" width=\"200\" height=\"170\" src=\"https:\/\/ozonetech.com\/wp-content\/uploads\/2021\/03\/Micro-pollutant-removal-solution-container-170x200-1.png\" class=\"attachment-large size-large\" alt=\"\" \/>                  <\/div>\n                  <h3 class=\"title\"><div style=\"font-size:14.5pt;\">L\u00e4kemedelsrester i avloppsvatten<\/div><\/h3>\n                <\/div>\n              <\/a>\n                          <a href=\"https:\/\/ozonetech.com\/sv\/applikationer\/luftbehandling\/luktbehandling\/\">\n                <div class=\"our_projects_project\">\n                  <div class=\"our_projects_center_image\">\n                    <img loading=\"lazy\" decoding=\"async\" width=\"200\" height=\"170\" src=\"https:\/\/ozonetech.com\/wp-content\/uploads\/2021\/03\/RENA-Pro-C-170x200-1.png\" class=\"attachment-large size-large\" alt=\"\" \/>                  <\/div>\n                  <h3 class=\"title\"><div style=\"font-size:14.5pt;\">Luktbehandling<\/div><\/h3>\n                <\/div>\n              <\/a>\n                          <a href=\"https:\/\/ozonetech.com\/sv\/produkter\/ozontillbehor-slutna-kylsystem\/\">\n                <div class=\"our_projects_project\">\n                  <div class=\"our_projects_center_image\">\n                    <img loading=\"lazy\" decoding=\"async\" width=\"200\" height=\"170\" src=\"https:\/\/ozonetech.com\/wp-content\/uploads\/2024\/09\/Untitled-1-1.png\" class=\"attachment-large size-large\" alt=\"\" \/>                  <\/div>\n                  <h3 class=\"title\"><div style=\"font-size:14.5pt;\">Ozontillbeh\u00f6r<\/div><\/h3>\n                <\/div>\n              <\/a>\n                    <\/div>\n                <div class=\"btn-container\">\n                    <\/div>\n      <\/div>\n    <\/div>\n  <\/div>\n<\/section>\n\n\n\n<section class=\"block big-cta\" style=\"--cta-bg: #5f5f5f; --cta-text: #ffffff; --cta-btn: #299f23; --cta-btn-hover: #5f5f5f; --cta-btn-text-hover: #299f23; --cta-border: #299f23 \">\n    <div class=\"container-fluid d-flex flex-column align-items-center editor-content\">\n                    <figure class='image'>\n                <img loading=\"lazy\" decoding=\"async\" width=\"80\" height=\"80\" src=\"https:\/\/ozonetech.com\/wp-content\/uploads\/2021\/01\/OzoneAcademy_green_rgb_80_80.png\" class=\"attachment-large size-large\" alt=\"\" \/>            <\/figure>\n        \n        <h2 class='h3'>Vi sprider v\u00e5r kunskap<\/h2>\n        <div class=\"content\">\n            Vi utbildar v\u00e5r omv\u00e4rld genom att anordna seminarier och webbinarier f\u00f6r professionella som vill l\u00e4ra sig mer om effektiv rening av k\u00f6ksfr\u00e5nluft och industriell luft och vatten.        <\/div>\n\n        <div class=\"btn-container\">\n                            <a href='https:\/\/academy.mellifiq.com\/sv' class='btn btn--secondary' target='_blank'>Anm\u00e4l dig p\u00e5 academy.mellifiq.com<\/a>                    <\/div>\n    <\/div>\n<\/section>\n\n\n\n<section class=\"block sharpspring-block\">\n    <\/section>\n\n\n<section class=\"block awards\" style=\" background-color: #FFFFFF\">\n  <div class=\"container-fluid\">\n    <div class=\"awards-title\" style=\" color: #000000\">\n      <H2 class='H2'>Utm\u00e4rkelser<\/H2>    <\/div>\n    <div class=\"awards-wrapper\">\n              <ul>\n                                    <li>\n                <img decoding=\"async\" src=\"https:\/\/ozonetech.com\/wp-content\/uploads\/2021\/01\/seal-of-excellence.png\" alt=\"\">\n              <\/li>\n                                                <li>\n                <img decoding=\"async\" src=\"https:\/\/ozonetech.com\/wp-content\/uploads\/2021\/01\/e-prize-2017.png\" alt=\"\">\n              <\/li>\n                                                <li>\n                <img decoding=\"async\" src=\"https:\/\/ozonetech.com\/wp-content\/uploads\/2021\/01\/gasell-2016.png\" alt=\"\">\n              <\/li>\n                                                <li>\n                <img decoding=\"async\" src=\"https:\/\/ozonetech.com\/wp-content\/uploads\/2021\/01\/gasell-2017.png\" alt=\"\">\n              <\/li>\n                                                <li>\n                <img decoding=\"async\" src=\"https:\/\/ozonetech.com\/wp-content\/uploads\/2021\/01\/gasell-2018.png\" alt=\"\">\n              <\/li>\n                                                <li>\n                <img decoding=\"async\" src=\"https:\/\/ozonetech.com\/wp-content\/uploads\/2021\/01\/gasell-mastar.png\" alt=\"\">\n              <\/li>\n                                                <li>\n                <img decoding=\"async\" src=\"https:\/\/ozonetech.com\/wp-content\/uploads\/2021\/01\/gasell-2019.png\" alt=\"\">\n              <\/li>\n                                                <li>\n                <img decoding=\"async\" src=\"https:\/\/ozonetech.com\/wp-content\/uploads\/2021\/01\/gasell-2020.png\" alt=\"\">\n              <\/li>\n                                                <li>\n                <img decoding=\"async\" src=\"https:\/\/ozonetech.com\/wp-content\/uploads\/2021\/01\/framtidsgasell.png\" alt=\"\">\n              <\/li>\n                                                <li>\n                <img decoding=\"async\" src=\"https:\/\/ozonetech.com\/wp-content\/uploads\/2021\/01\/impactgasell.png\" alt=\"\">\n              <\/li>\n                                                <li>\n                <img decoding=\"async\" src=\"https:\/\/ozonetech.com\/wp-content\/uploads\/2021\/12\/gasell-2016-400px-2.png\" alt=\"\">\n              <\/li>\n                              <\/ul>\n          <\/div>\n  <\/div>\n<\/section>\n","protected":false},"excerpt":{"rendered":"","protected":false},"author":42,"featured_media":25534,"parent":0,"menu_order":0,"comment_status":"closed","ping_status":"closed","template":"","meta":{"_acf_changed":false,"_seopress_robots_primary_cat":"","_seopress_titles_title":"","_seopress_titles_desc":"","_seopress_robots_index":"","inline_featured_image":false,"footnotes":""},"class_list":["post-17610","page","type-page","status-publish","has-post-thumbnail","hentry"],"acf":[],"_links":{"self":[{"href":"https:\/\/ozonetech.com\/sv\/wp-json\/wp\/v2\/pages\/17610","targetHints":{"allow":["GET"]}}],"collection":[{"href":"https:\/\/ozonetech.com\/sv\/wp-json\/wp\/v2\/pages"}],"about":[{"href":"https:\/\/ozonetech.com\/sv\/wp-json\/wp\/v2\/types\/page"}],"author":[{"embeddable":true,"href":"https:\/\/ozonetech.com\/sv\/wp-json\/wp\/v2\/users\/42"}],"replies":[{"embeddable":true,"href":"https:\/\/ozonetech.com\/sv\/wp-json\/wp\/v2\/comments?post=17610"}],"version-history":[{"count":116,"href":"https:\/\/ozonetech.com\/sv\/wp-json\/wp\/v2\/pages\/17610\/revisions"}],"predecessor-version":[{"id":42356,"href":"https:\/\/ozonetech.com\/sv\/wp-json\/wp\/v2\/pages\/17610\/revisions\/42356"}],"wp:featuredmedia":[{"embeddable":true,"href":"https:\/\/ozonetech.com\/sv\/wp-json\/wp\/v2\/media\/25534"}],"wp:attachment":[{"href":"https:\/\/ozonetech.com\/sv\/wp-json\/wp\/v2\/media?parent=17610"}],"curies":[{"name":"wp","href":"https:\/\/api.w.org\/{rel}","templated":true}]}}