{"id":16700,"date":"2021-01-20T16:27:11","date_gmt":"2021-01-20T15:27:11","guid":{"rendered":"https:\/\/ozonetech.com\/?page_id=16700"},"modified":"2024-10-09T16:45:26","modified_gmt":"2024-10-09T14:45:26","slug":"fettavskiljare-luktproblem","status":"publish","type":"page","link":"https:\/\/ozonetech.com\/sv\/applikationer\/luftbehandling\/fettavskiljare-luktproblem\/","title":{"rendered":"Fettavskiljare"},"content":{"rendered":"\n<section\n    class=\"block hero hero--regular\"\n    style=\"background-image: url('https:\/\/ozonetech.com\/wp-content\/uploads\/2021\/02\/grease-trap-1600x484.jpg'); --hero-opacity: 0.3\"\n>\n\n    <div class=\"container-fluid\">\n\n        <div class=\"content editor_content\">\n                         \n                <h2 class='h2'>Fettavskiljare &#8211; luktproblem<\/h2>            \n                    <\/div>\n\n            <\/div>\n<\/section>\n\n\n<section class=\"component component_breadcrumbs\">\n\t<div class=\"container-fluid\">\n  \t<\/div>\n<\/section>\n\n\n<section\n    id=\"\"\n    class=\"block content-block\"\n\tstyle=\"--cb-bg: #fff; --cb-content: #000; \"\n>\n    \n\n<div class=\"container-fluid editor_content content content--narrow\">\n    <div class=\"row\">\n        <div class=\"col-12 editor_content\">\n            <h1>L\u00f6sa luktproblem i fettavskiljare med en kompakt och h\u00e5llbar l\u00f6sning<\/h1>\n<p class=\"preamble\">Fettavskiljare g\u00f6r stora insatser f\u00f6r milj\u00f6n. Med mindre fett i avloppsvattnet minskar problemen i avloppsledningar, pumpstationer och avloppsstationer.<\/p>\n<p>Men fettavskiljaren sprider ocks\u00e5 lukt i omgivningen via ventilationskanaler, avluftningsr\u00f6r och ofta ocks\u00e5 direkt fr\u00e5n rummet d\u00e4r fettavskiljaren st\u00e5r. Det kan st\u00e4lla till problem f\u00f6r de som vistas i n\u00e4romr\u00e5det.<\/p>\n<p>Luktproblemet kan enkelt \u00e5tg\u00e4rdas med kontinuerlig tillf\u00f6rsel av ozon. F\u00f6rutom lukten reduceras \u00e4ven mikroorganismer, bakterier och virus snabbt och effektivt och utan att l\u00e4mna n\u00e5gra kemiska biprodukter. Genom tillf\u00f6rsel av ozon kan ni kraftigt minska spridningen av dessa lukter samtidigt som ni f\u00f6rb\u00e4ttrar hygienen i utrymmet v\u00e4sentligt.<\/p>\n<p>Fettavskiljare skall enligt EN1825-1 installeras om det finns risk f\u00f6r att mer \u00e4n obetydliga m\u00e4ngder av fett spolas ut i avloppet. I de flesta fall kr\u00e4vs installation av fettavskiljare f\u00f6r fastigheter som har restauranger och stork\u00f6k som hyresg\u00e4ster.<\/p>\n        <\/div>\n    <\/div>\n<\/div>\n\n<\/section>\n\n\n\n<section class=\"block product-block\" style=\"--bg: white; --tc: #000000; --button-bg: #299f23; --button-tc: #ffffff; --button-hover-bg: transparent; --button-hover-tc: #299f23;\" >\n    <div class=\"container-fluid\">\n        <div class=\"row justify-content-center top\">\n            <div class=\"col-md-12 editor_content\">\n                                            <\/div>\n        <\/div>\n        <div class=\"row justify-content-center bottom\">\n            <div class=\"col-md-6 editor_content\">\n                <h3>Ozonrening med ACT-3000P<\/h3>\n<p>Ozonproduktionen anpassas efter luktproblemets storlek tillf\u00f6rs dygnet runt f\u00f6r att minimera lukten. Anv\u00e4ndningen \u00e4r enkel och driftkostnaden minimal.<\/p>\n<p style=\"text-align: left;\">ACT-3000P \u00e4r utvecklad och tillverkad i Sverige av Ozonetech. V\u00e5ra stora skr\u00e4ddarsydda systeml\u00f6sningar f\u00f6r rening av luft och vatten finns v\u00e4rlden \u00f6ver p\u00e5 industrier, avloppsreningsverk, j\u00e4stfabriker, l\u00e4kemedelstillverkare, bryggerier, v\u00e4xthus och shoppingcenter. Vi \u00e4r snabbv\u00e4xande och flerfaldigt prisbel\u00f6nade.<\/p>\n<p><em>ACT-3000P \u00e4r utvecklad f\u00f6r professionell sanering och desinfektion inom industri, tj\u00e4nstesektor och kommunal verksamhet.<\/em><\/p>\n\n                            <\/div>\n            <div class=\"col-md-6 text-center\">\n                                    <img loading=\"lazy\" decoding=\"async\" width=\"425\" height=\"417\" src=\"https:\/\/ozonetech.com\/wp-content\/uploads\/2021\/02\/Ozonetech-ACT-3000P-425.png\" class=\"attachment-full size-full\" alt=\"\" srcset=\"https:\/\/ozonetech.com\/wp-content\/uploads\/2021\/02\/Ozonetech-ACT-3000P-425.png 425w, https:\/\/ozonetech.com\/wp-content\/uploads\/2021\/02\/Ozonetech-ACT-3000P-425-300x294.png 300w\" sizes=\"auto, (max-width: 425px) 100vw, 425px\" \/>                \n                <a href='https:\/\/ozonetech.com\/sv\/produkter\/ozongeneratorer\/act-serien\/' class='btn' target=''>Beg\u00e4r en offert<\/a>            <\/div>\n        <\/div>\n    <\/div>\n<\/section>\n\n\n\n<section\n    id=\"\"\n    class=\"block content-block\"\n\tstyle=\"--cb-bg: #e6e6e6; --cb-content: #000; padding-top: 30px; padding-bottom: 30px;\"\n>\n    \n\n<div class=\"container-fluid editor_content content content--narrow\">\n    <div class=\"row\">\n        <div class=\"col-12 editor_content\">\n            <h4>Enkel behandling, g\u00f6r s\u00e5 h\u00e4r<\/h4>\n<p>1. Montera ACT-3000P i v\u00e4ggracket<br \/>\n2. Anslut luftpumpen och ozoninjektorn<br \/>\n3. F\u00f6r in ozoninjektorn i avluftningsr\u00f6ret<br \/>\n4. V\u00e4lj ozonproduktion 1-100 %<br \/>\n5. Produktionen p\u00e5g\u00e5r vanligtvis dygnet runt<br \/>\n6. Reglera ozonproduktionen vid behov<\/p>\n        <\/div>\n    <\/div>\n<\/div>\n\n<\/section>\n","protected":false},"excerpt":{"rendered":"","protected":false},"author":21,"featured_media":0,"parent":14758,"menu_order":0,"comment_status":"closed","ping_status":"closed","template":"","meta":{"_acf_changed":false,"_seopress_robots_primary_cat":"","_seopress_titles_title":"","_seopress_titles_desc":"","_seopress_robots_index":"","inline_featured_image":false,"footnotes":""},"class_list":["post-16700","page","type-page","status-publish","hentry"],"acf":[],"_links":{"self":[{"href":"https:\/\/ozonetech.com\/sv\/wp-json\/wp\/v2\/pages\/16700","targetHints":{"allow":["GET"]}}],"collection":[{"href":"https:\/\/ozonetech.com\/sv\/wp-json\/wp\/v2\/pages"}],"about":[{"href":"https:\/\/ozonetech.com\/sv\/wp-json\/wp\/v2\/types\/page"}],"author":[{"embeddable":true,"href":"https:\/\/ozonetech.com\/sv\/wp-json\/wp\/v2\/users\/21"}],"replies":[{"embeddable":true,"href":"https:\/\/ozonetech.com\/sv\/wp-json\/wp\/v2\/comments?post=16700"}],"version-history":[{"count":33,"href":"https:\/\/ozonetech.com\/sv\/wp-json\/wp\/v2\/pages\/16700\/revisions"}],"predecessor-version":[{"id":40190,"href":"https:\/\/ozonetech.com\/sv\/wp-json\/wp\/v2\/pages\/16700\/revisions\/40190"}],"up":[{"embeddable":true,"href":"https:\/\/ozonetech.com\/sv\/wp-json\/wp\/v2\/pages\/14758"}],"wp:attachment":[{"href":"https:\/\/ozonetech.com\/sv\/wp-json\/wp\/v2\/media?parent=16700"}],"curies":[{"name":"wp","href":"https:\/\/api.w.org\/{rel}","templated":true}]}}