{"id":15718,"date":"2020-06-23T09:16:32","date_gmt":"2020-06-23T09:16:32","guid":{"rendered":"https:\/\/ozonetech.com\/applikationer\/luftbehandling\/odor-control\/"},"modified":"2024-10-09T16:48:21","modified_gmt":"2024-10-09T14:48:21","slug":"luktbehandling","status":"publish","type":"page","link":"https:\/\/ozonetech.com\/sv\/applikationer\/luftbehandling\/luktbehandling\/","title":{"rendered":"Luktbehandling"},"content":{"rendered":"\n<section\n    class=\"block hero hero--regular\"\n    style=\"background-image: url('https:\/\/ozonetech.com\/wp-content\/uploads\/2021\/02\/odor-control-1-1600x484.jpg'); --hero-opacity: 0.3\"\n>\n\n    <div class=\"container-fluid\">\n\n        <div class=\"content editor_content\">\n                         \n                <h2 class='h2'>Luktbehandling<\/h2>            \n                    <\/div>\n\n            <\/div>\n<\/section>\n\n\n<section class=\"component component_breadcrumbs\">\n\t<div class=\"container-fluid\">\n  \t<\/div>\n<\/section>\n\n\n\n\n\n<section\n    id=\"\"\n    class=\"block content-block\"\n\tstyle=\"--cb-bg: white; --cb-content: #000; padding-top: 30px; padding-bottom: 30px;\"\n>\n    \n\n<div class=\"container-fluid editor_content content content--narrow\">\n    <div class=\"row\">\n        <div class=\"col-12 editor_content\">\n            <h1>Energieffektiv behandling av luktande f\u00f6reningar<\/h1>\n<p class=\"preamble\">F\u00f6reningar och \u00e4mnen som kan bidra till luktproblem s\u00e5som <a href=\"https:\/\/ozonetech.com\/sv\/applikationer\/luftbehandling\/voc\/\">flyktiga organiska f\u00f6reningar (VOCer)<\/a>, H<sub>2<\/sub>S och flyktiga fettsyror (VFA), finns bland annat i k\u00f6ksventilation och ett stort antal olika industrier. \u00c4ven om dessa lukter inte n\u00f6dv\u00e4ndigtvis beh\u00f6ver inneb\u00e4ra en h\u00e4lsofara s\u00e5 bidrar de med otrevliga f\u00f6rh\u00e5llanden f\u00f6r omgivande omr\u00e5den som leder till r\u00e4ttf\u00e4rdigade klagom\u00e5l mot luktk\u00e4llan.<\/p>\n<p>VOCer som luktar kan h\u00e4rstamma fr\u00e5n nedbrytning av organiska f\u00f6reningar, antingen genom bakteriell eller termisk verkan. Denna nedbrytning \u00e4r en vanlig process inom <a href=\"https:\/\/ozonetech.com\/sv\/applikationer\/storkok\/\" target=\"_blank\" rel=\"noopener\">matlagning<\/a>, <a href=\"https:\/\/mellifiq.com\/sv\/livsmedelsindustri\/\" target=\"_blank\" rel=\"noopener\">livsmedelsindustrin<\/a> (extern sida),\u00a0<a href=\"https:\/\/mellifiq.com\/sv\/bryggerier\/\" target=\"_blank\" rel=\"noopener\">bryggerier<\/a> (extern sida) och avloppsreningsverk.<\/p>\n<p>H<sub>2<\/sub>S h\u00e4rstammar fr\u00e5n liknande processer och f\u00f6rh\u00e5llanden som VOCer, men den principiella skillnaden ligger i att det nedbrutna substratet m\u00e5ste inneh\u00e5lla svavelf\u00f6reningar f\u00f6r att ge upphov till H<sub>2<\/sub>S. Till exempel har organiska f\u00f6reningar i livsmedelsindustrin och avloppsreningsverk vanligtvis v\u00e4ldigt h\u00f6ga koncentrationer av svavelf\u00f6reningar, vilket leder till generering av H<sub>2<\/sub>S. H<sub>2<\/sub>S f\u00f6rekommer vanligtvis ocks\u00e5 i bryggerier och vid produktion av\u00a0<a href=\"https:\/\/ozonetech.com\/sv\/applikationer\/luftbehandling\/ozonering-av-rotkammare\/\" target=\"_blank\" rel=\"noopener\">biogas<\/a>, till f\u00f6ljd av den syrefria reduktionen av svavelf\u00f6reningar i antingen bioreaktorer eller r\u00f6tningskammare.<\/p>\n        <\/div>\n    <\/div>\n<\/div>\n\n\n\n<div class=\"container-fluid editor_content content content--narrow\">\n    <div class=\"row\">\n        <div class=\"col-12 editor_content\">\n            <h3>M\u00e4nniskans luktsinne<\/h3>\n<p>F\u00f6r att s\u00e4kerst\u00e4lla v\u00e5r \u00f6verlevnad och anpassa oss till v\u00e5r milj\u00f6 har m\u00e4nniskans n\u00e4sa utvecklat olika k\u00e4nsligheter f\u00f6r olika f\u00f6reningar. Som ett exempel p\u00e5 detta har v\u00e5r n\u00e4sa en v\u00e4ldigt h\u00f6g k\u00e4nslighet mot f\u00f6reningar som bildas vid nedbrytning av organiskt material. \u00d6verlevnadsaspekten i detta medf\u00f6r att vi kan k\u00e4nna igen och f\u00f6rhindra att \u00e4ta mat som har ruttnat, och d\u00e4rmed f\u00f6rebygga sjukdomar. Denna naturliga utveckling g\u00f6r att det inte \u00e4r konstigt att vi faktiskt kan k\u00e4nna av lukten av \u00e4mnena som visas i tabellen nedan redan vid sp\u00e5rkoncentrationer (ppm). Detta medf\u00f6r ocks\u00e5 att n\u00e4san inte \u00e4r lika k\u00e4nslig f\u00f6r \u00e4mnen som inte naturligt f\u00f6rekommer i v\u00e5r omgivning, s\u00e5som toluen.<\/p>\n<p style=\"text-align: center;\"><em>Exempel p\u00e5 lukt\u00e4mnen, dess karakt\u00e4r och luktgr\u00e4ns uttryckt i ppm<\/em><\/p>\n        <\/div>\n    <\/div>\n<\/div>\n\n<div class=\"container-fluid editor_content\">\n    <div class=\"row\">\n        <div class=\"col-12 editor_content table-wrapper \" style=\"--table-text-color-header: #FFFFFF; --table-text-color-rows: #000000; --table-background-color-header: #5f5f5f; --table-background-color-rows-even: #efefef; --table-background-color-rows-odd: #dfdfdf; \">\n                            \n<table id=\"tablepress-180\" class=\"tablepress tablepress-id-180\" aria-describedby=\"tablepress-180-description\">\n<thead>\n<tr class=\"row-1\">\n\t<th class=\"column-1\">Lukt\u00e4mne<\/th><th class=\"column-2\">Karakt\u00e4r<\/th><th class=\"column-3\">Luktgr\u00e4ns [ppm]<\/th>\n<\/tr>\n<\/thead>\n<tbody class=\"row-striping\">\n<tr class=\"row-2\">\n\t<td class=\"column-1\">Metylmerkaptan<\/td><td class=\"column-2\">Ruttet k\u00e5lhuvud, vitl\u00f6k<\/td><td class=\"column-3\">0.002<\/td>\n<\/tr>\n<tr class=\"row-3\">\n\t<td class=\"column-1\">H<sub>2<\/sub>S<\/td><td class=\"column-2\">Ruttet \u00e4gg<\/td><td class=\"column-3\">0.01<\/td>\n<\/tr>\n<tr class=\"row-4\">\n\t<td class=\"column-1\">Acetaldehyd<\/td><td class=\"column-2\">Fruktig<\/td><td class=\"column-3\">0.05<\/td>\n<\/tr>\n<tr class=\"row-5\">\n\t<td class=\"column-1\">Hexylacetat<\/td><td class=\"column-2\">Fruktigt &amp; s\u00f6tt, gr\u00f6nt \u00e4pple eller banan<\/td><td class=\"column-3\">0.12<\/td>\n<\/tr>\n<tr class=\"row-6\">\n\t<td class=\"column-1\">Formaldehyd<\/td><td class=\"column-2\">Fr\u00e4n, kv\u00e4vande<\/td><td class=\"column-3\">0.80<\/td>\n<\/tr>\n<tr class=\"row-7\">\n\t<td class=\"column-1\">Toluen<\/td><td class=\"column-2\">S\u00f6t, skarp<\/td><td class=\"column-3\">2.90<\/td>\n<\/tr>\n<\/tbody>\n<\/table>\n<span id=\"tablepress-180-description\" class=\"tablepress-table-description tablepress-table-description-id-180\"><\/span>\n<!-- #tablepress-180 from cache -->                                <\/div>\n    <\/div>\n<\/div>\n\n\n<div class=\"container-fluid editor_content content content--narrow\">\n    <div class=\"row\">\n        <div class=\"col-12 editor_content\">\n            <p>S\u00e5som visat i tabellen ovan inneb\u00e4r illaluktande \u00e4mnen ett problem vid koncentrationen i storleksordningen av parts-per-million (en miljondel; ppm), och i vissa fall \u00e4r det \u00e4nnu l\u00e4gre. Detta medf\u00f6r att luktutsl\u00e4pp blir s\u00e4rskilt sv\u00e5rt att behandla d\u00e5 reningssystem m\u00e5ste ha en v\u00e4ldigt h\u00f6g effektivitet. Dessutom blir problemet \u00e4nnu mer komplext d\u00e5 lukterna sl\u00e4pps ut utomhus, detta p\u00e5 grund av att luktv\u00e4rdena p\u00e5verkas av yttre faktorer s\u00e5som luftfuktighet och vindbyar.<\/p>\n<p><em>Vi erbjuder m\u00e5nga olika typer of luftanalyser som siktar p\u00e5 att fastst\u00e4lla luktniv\u00e5er. F\u00f6r mer information,\u00a0<a href=\"https:\/\/mellifiq.com\/sv\/kontakt\/\" target=\"_blank\" rel=\"noopener\"><strong>kontakta oss<\/strong><\/a>\u00a0idag!<\/em><\/p>\n        <\/div>\n    <\/div>\n<\/div>\n\n\n\n<div class=\"container-fluid editor_content content content--narrow\">\n    <div class=\"row\">\n        <div class=\"col-12 editor_content\">\n            <h3>Ozonetechs l\u00f6sningar f\u00f6r luktreducering<\/h3>\n<p>Ozonetech har utvecklat ett antal l\u00f6sningar f\u00f6r att hantera luktproblem i m\u00e5nga olika applikationer. L\u00f6sningarna \u00e4r skr\u00e4ddarsydda efter fallet och kundens \u00f6nskem\u00e5l, d\u00e4r vi d\u00e4refter v\u00e4ljer och utvecklar den mest effektiva l\u00f6sningen f\u00f6r att ta bort otrevliga lukter. Varje l\u00f6sning best\u00e5r antingen av ett enkelt ozonbehandlingssteg eller av ett flerstegssystem. Figuren nedan visar en \u00f6versikt av prestandan av Ozonetechs l\u00f6sningar f\u00f6r luktreducering.<\/p>\n<div id=\"attachment_21227\" style=\"width: 1034px\" class=\"wp-caption aligncenter\"><img loading=\"lazy\" decoding=\"async\" aria-describedby=\"caption-attachment-21227\" class=\"wp-image-21227 size-large\" src=\"https:\/\/ozonetech.com\/wp-content\/uploads\/2021\/02\/Luktborttagning-luktbehandling-1024x744.png\" alt=\"\" width=\"1024\" height=\"744\" srcset=\"https:\/\/ozonetech.com\/wp-content\/uploads\/2021\/02\/Luktborttagning-luktbehandling-1024x744.png 1024w, https:\/\/ozonetech.com\/wp-content\/uploads\/2021\/02\/Luktborttagning-luktbehandling-300x218.png 300w, https:\/\/ozonetech.com\/wp-content\/uploads\/2021\/02\/Luktborttagning-luktbehandling-768x558.png 768w, https:\/\/ozonetech.com\/wp-content\/uploads\/2021\/02\/Luktborttagning-luktbehandling.png 1501w\" sizes=\"auto, (max-width: 1024px) 100vw, 1024px\" \/><p id=\"caption-attachment-21227\" class=\"wp-caption-text\">J\u00e4mf\u00f6relse av Ozonetechs l\u00f6sningar f\u00f6r luktreducering.<\/p><\/div>\n        <\/div>\n    <\/div>\n<\/div>\n\n<\/section>\n\n\n\n<section\n    id=\"\"\n    class=\"block content-block\"\n\tstyle=\"--cb-bg: #e6e6e6; --cb-content: #000; padding-top: 30px; padding-bottom: 30px;\"\n>\n    \n<div class=\"container-fluid editor_content content content--narrow\">\n    <div class=\"row\">\n        <div class=\"col-md-6\">\n            <h3>Ozonl\u00f6sning-enkelsteg &#8211; RENA Pro<\/h3>\n<p>I m\u00e5nga fall bidrar ett \u201cenkelt\u201d ozonbehandlingssteg med en god reducering av luktutsl\u00e4ppen s\u00e5som visat av \u201c<a href=\"https:\/\/ozonetech.com\/sv\/losningar-system\/luftbehandling\/ozonsystem-rena-pro\/\"><strong>RENA Pro<\/strong><\/a>\u201d-kurvan i figuren ovan. Detta eftersom ozon \u00e4r ett kraftfullt oxidationsmedel reagerar det snabbt med lukt\u00e4mnena. Molekylerna blir effektivt oxiderade och bryts ned till koldioxid och vatten, som \u00e4r ofarliga och helt fria fr\u00e5n lukter. Mekanismen f\u00f6r denna oxidation kan appliceras p\u00e5 b\u00e5de lukter fr\u00e5n organiska f\u00f6reningar, s\u00e5som VOCer, och svavelf\u00f6reningar, s\u00e5som H<sub>2<\/sub>S. Detta visas i reaktionsformlerna nedan.<\/p>\n<h3><img loading=\"lazy\" decoding=\"async\" class=\"aligncenter wp-image-20159 size-full\" src=\"https:\/\/ozonetech.com\/wp-content\/uploads\/2021\/02\/reaction-ozone.png\" alt=\"\" width=\"485\" height=\"192\" srcset=\"https:\/\/ozonetech.com\/wp-content\/uploads\/2021\/02\/reaction-ozone.png 485w, https:\/\/ozonetech.com\/wp-content\/uploads\/2021\/02\/reaction-ozone-300x119.png 300w\" sizes=\"auto, (max-width: 485px) 100vw, 485px\" \/><\/h3>\n<p>Den enda skillnaden mellan dessa reaktioner \u00e4r att svaveldioxid (SO<sub>2<\/sub>) skapas ist\u00e4llet f\u00f6r koldioxid (CO<sub>2<\/sub>) d\u00e5 H<sub>2<\/sub>S-lukter tas bort. D\u00e4remot \u00e4r slutresultatet detsamma n\u00e4r det g\u00e4ller luktreducering, d\u00e5 SO<sub>2<\/sub> har en luktgr\u00e4ns som \u00e4r 1000 g\u00e5nger h\u00f6gre i koncentration \u00e4n H<sub>2<\/sub>S. Detta medf\u00f6r att lukten som SO<sub>2<\/sub> kan bidra med \u00e4r negligerbar i dessa koncentrationer.<\/p>\n<p><em>L\u00e4s g\u00e4rna mer om RENA Pro <a href=\"https:\/\/ozonetech.com\/sv\/losningar-system\/luftbehandling\/ozonsystem-rena-pro\/\"><strong>h\u00e4r<\/strong><\/a> eller ladda ned <a href=\"https:\/\/ozonetech.com\/sites\/default\/files\/brochure_-_rena_pro_air_treatment_solutions_v1.0_en-web_0.pdf\" target=\"_blank\" rel=\"noopener\"><strong>produktbroschyren<\/strong><\/a>.<\/em><\/p>\n        <\/div>\n        <div class=\"col-md-6\">\n            <h3>Tv\u00e5stegsl\u00f6sning &#8211; AOP<\/h3>\n<p>Om kravet p\u00e5 luktreduceringen \u00e4r extra h\u00f6gt kan man enkelt l\u00e4gga till ett ytterligare steg p\u00e5 RENA Pro-l\u00f6sningen f\u00f6r att skapa en AOP-l\u00f6sning (Advancerad oxidationsprocess). Det ytterligare steget kan best\u00e5 av en UV-reaktor d\u00e5 UV-ljuset kan generera hydroxylradikaler tillsammans med ozon. Dessa radikaler har en otroligt h\u00f6g reaktivitet, till och med h\u00f6gre \u00e4n ozon, som bidrar med att dessa attackerar och reagerar kraftigare med lukt\u00e4mnen. Radikalerna ger dessutom upphov till kedjereaktioner, vilket inneb\u00e4r att en enstaka radikal kan oxidera flera lukt\u00e4mnesmolekyler.<\/p>\n<p>S\u00e5dana h\u00f6gst reaktiva milj\u00f6er n\u00e5s vanligtvis i h\u00f6gtemperaturszoner i f\u00f6rbr\u00e4nningsugnar. \u00c5 andra sidan medf\u00f6r synergin mellan ozon och UV-ljus att vi kan \u201dimitera\u201d dessa reaktionsf\u00f6rh\u00e5llanden vid rumstemperatur, vilket bidrar med en kraftig s\u00e4nkning av luktreningens driftkostnader.<\/p>\n<p><em>L\u00e4s mer om v\u00e5ra UV-system <a href=\"https:\/\/ozonetech.com\/sv\/produkter\/uv-system\/\"><strong>h\u00e4r<\/strong><\/a>.<\/em><\/p>\n        <\/div>\n    <\/div>\n<\/div><\/section>\n\n\n\n<section\n    id=\"\"\n    class=\"block content-block\"\n\tstyle=\"--cb-bg: light-gray; --cb-content: #000; padding-top: 30px; padding-bottom: 30px;\"\n>\n    \n\n<div class=\"container-fluid editor_content content content--narrow\">\n    <div class=\"row\">\n        <div class=\"col-12 editor_content\">\n            <h3>Komplett l\u00f6sning<\/h3>\n<p>F\u00f6r att uppn\u00e5 utm\u00e4rkta resultat g\u00e4llande luktreducering, rekommenderar vi v\u00e5r kompletta l\u00f6sning som best\u00e5r av AOP och v\u00e5ra Nodora-filter. Denna l\u00f6sning kombinerar alla f\u00f6rdelar och synergier av de tidigare l\u00f6sningarna med ytterligare f\u00f6rb\u00e4ttringar som Nodora bidrar med. Nodora \u00e4r ett katalytiskt \u201dmixed-bed\u201d filter som best\u00e5r av flera olika material, b\u00e5de skr\u00e4ddarsydda och egenframst\u00e4llda, f\u00f6r att uppn\u00e5 maximal luktreducering f\u00f6r varje specifik luktk\u00e4lla.<\/p>\n<p>Till\u00e4gget av Nodora i processen har tv\u00e5 signifikanta implikationer. Den f\u00f6rsta \u00e4r att luktreduceringen \u00f6kas ytterligare; luktreduceringen kan n\u00e5 niv\u00e5er som \u00e4r v\u00e4ldigt n\u00e4ra komplett luktreduktion. Den andra \u00e4r att storleken av l\u00f6sningen blir mer kompakt eftersom den s\u00f6kta luktreduceringen kan n\u00e5s med en betydligt kortare reaktionstid. Detta inneb\u00e4r att en komplett l\u00f6sning \u00e4r flexibel och platseffektiv, vilket inneb\u00e4r att man kan installera detta i applikationer d\u00e4r utrymmet \u00e4r begr\u00e4nsat.<\/p>\n<p><em>F\u00f6r mer information ang\u00e5ende v\u00e5ra kompletta l\u00f6sningar, se v\u00e5r\u00a0<strong><a href=\"https:\/\/mellifiq.com\/sv\/brands\/nodora\/\" target=\"_blank\" rel=\"noopener\">Nodora Luktreduceringsl\u00f6sning <\/a><\/strong>(extern sida).<\/em><\/p>\n        <\/div>\n    <\/div>\n<\/div>\n\n<\/section>\n","protected":false},"excerpt":{"rendered":"","protected":false},"author":21,"featured_media":0,"parent":14758,"menu_order":0,"comment_status":"closed","ping_status":"closed","template":"","meta":{"_acf_changed":false,"_seopress_robots_primary_cat":"","_seopress_titles_title":"","_seopress_titles_desc":"Luktproblem s\u00e5som VOCer, H2S och flyktiga fettsyror (VFA) kan behandlas med ett enkelt ozonbehandlingssteg eller av ett flerstegssystem.","_seopress_robots_index":"","inline_featured_image":false,"footnotes":""},"class_list":["post-15718","page","type-page","status-publish","hentry"],"acf":[],"_links":{"self":[{"href":"https:\/\/ozonetech.com\/sv\/wp-json\/wp\/v2\/pages\/15718","targetHints":{"allow":["GET"]}}],"collection":[{"href":"https:\/\/ozonetech.com\/sv\/wp-json\/wp\/v2\/pages"}],"about":[{"href":"https:\/\/ozonetech.com\/sv\/wp-json\/wp\/v2\/types\/page"}],"author":[{"embeddable":true,"href":"https:\/\/ozonetech.com\/sv\/wp-json\/wp\/v2\/users\/21"}],"replies":[{"embeddable":true,"href":"https:\/\/ozonetech.com\/sv\/wp-json\/wp\/v2\/comments?post=15718"}],"version-history":[{"count":68,"href":"https:\/\/ozonetech.com\/sv\/wp-json\/wp\/v2\/pages\/15718\/revisions"}],"predecessor-version":[{"id":40208,"href":"https:\/\/ozonetech.com\/sv\/wp-json\/wp\/v2\/pages\/15718\/revisions\/40208"}],"up":[{"embeddable":true,"href":"https:\/\/ozonetech.com\/sv\/wp-json\/wp\/v2\/pages\/14758"}],"wp:attachment":[{"href":"https:\/\/ozonetech.com\/sv\/wp-json\/wp\/v2\/media?parent=15718"}],"curies":[{"name":"wp","href":"https:\/\/api.w.org\/{rel}","templated":true}]}}