{"id":14836,"date":"2021-01-08T15:59:34","date_gmt":"2021-01-08T14:59:34","guid":{"rendered":"https:\/\/ozonetech.com\/?page_id=14836"},"modified":"2024-10-10T11:30:53","modified_gmt":"2024-10-10T09:30:53","slug":"storkok","status":"publish","type":"page","link":"https:\/\/ozonetech.com\/sv\/losningar-system\/storkok\/","title":{"rendered":"Stork\u00f6k"},"content":{"rendered":"\n<section\n    class=\"block hero hero--regular\"\n    style=\"background-image: url('https:\/\/ozonetech.com\/wp-content\/uploads\/2021\/03\/kitchen-exhaust-2-1600x484.jpg'); --hero-opacity: 0.3\"\n>\n\n    <div class=\"container-fluid\">\n\n        <div class=\"content editor_content\">\n                         \n                <h2 class='h2'>Stork\u00f6k<\/h2>            \n                    <\/div>\n\n            <\/div>\n<\/section>\n\n\n<section class=\"component component_breadcrumbs\">\n\t<div class=\"container-fluid\">\n  \t<\/div>\n<\/section>\n\n\n<section\n    id=\"\"\n    class=\"block content-block\"\n\tstyle=\"--cb-bg: #fff; --cb-content: #000; \"\n>\n    \n\n<div class=\"container-fluid editor_content content content--narrow\">\n    <div class=\"row\">\n        <div class=\"col-12 editor_content\">\n            <h1>De mest effektiva l\u00f6sningar och system f\u00f6r behandling av k\u00f6ksfr\u00e5nluften<\/h1>\n<p>Restauranger och kommersiella k\u00f6k som \u00e4r utrustade med frit\u00f6s, stekbord, grill eller wok sl\u00e4pper ut stora m\u00e5nga os och fett-aereosoler tillsammans med fr\u00e5nluften. En fet fr\u00e5nluft \u00f6kar avsev\u00e4rt risken f\u00f6r brand, t\u00e4pper v\u00e4rmev\u00e4xlare och orsakar luktproblem i restaurangens n\u00e4romr\u00e5de.<\/p>\n<p>S\u00e5dana problem kr\u00e4ver h\u00f6geffektiva och tillf\u00f6rlitliga luftbehandlingssystem.<\/p>\n<p><a href=\"https:\/\/ozonetech.com\/sv\/losningar-system\/storkok\/rena-storkokslosningar\/\">Ozonetech RENA Kitchen Solutions<\/a> \u00e4r ett h\u00f6gprestanda ozonsystem f\u00f6r behandling av k\u00f6ksavluften och r\u00e4tt l\u00f6sning f\u00f6r uppgiften. Systemet f\u00f6rb\u00e4ttrar brands\u00e4kerheten avsev\u00e4rt, f\u00f6rhindrar spridning av d\u00e5lig lukt, optimerar v\u00e4rme\u00e5tervinning, s\u00e4nker driftskostnaderna och minskar milj\u00f6effekterna av verksamheten.<\/p>\n<div id=\"attachment_27962\" style=\"width: 1034px\" class=\"wp-caption aligncenter\"><img loading=\"lazy\" decoding=\"async\" aria-describedby=\"caption-attachment-27962\" class=\"wp-image-27962 size-large\" src=\"https:\/\/ozonetech.com\/wp-content\/uploads\/2021\/03\/rena-kitchen-solutions-2-1024x886.jpg\" alt=\"\" width=\"1024\" height=\"886\" srcset=\"https:\/\/ozonetech.com\/wp-content\/uploads\/2021\/03\/rena-kitchen-solutions-2-1024x886.jpg 1024w, https:\/\/ozonetech.com\/wp-content\/uploads\/2021\/03\/rena-kitchen-solutions-2-300x260.jpg 300w, https:\/\/ozonetech.com\/wp-content\/uploads\/2021\/03\/rena-kitchen-solutions-2-768x665.jpg 768w, https:\/\/ozonetech.com\/wp-content\/uploads\/2021\/03\/rena-kitchen-solutions-2.jpg 1500w\" sizes=\"auto, (max-width: 1024px) 100vw, 1024px\" \/><p id=\"caption-attachment-27962\" class=\"wp-caption-text\">RENA Stork\u00f6ksl\u00f6sningar.<\/p><\/div>\n<p>&nbsp;<\/p>\n<p>Vi rekommenderar att du l\u00e4ser mer om f\u00f6rdelarna med att behandla fr\u00e5nluft fr\u00e5n kommersiella k\u00f6k med en h\u00f6gprestanda ozonl\u00f6sning h\u00e4r.<\/p>\n<p><a href=\"https:\/\/ozonetech.com\/sv\/losningar-system\/storkok\/rena-storkokslosningar\/\">Ozonetech RENA Kitchen Solutions<\/a> uppfyller alla g\u00e4llande regler och de senaste industristandarderna. Mer information om g\u00e4llande standarder och regler <a href=\"https:\/\/ozonetech.com\/sv\/applikationer\/storkok\/behandling-av-koksfranluft\/\">h\u00e4r<\/a>.<\/p>\n<p>L\u00e4s mer nedan om v\u00e5r toppmoderna behandlingsl\u00f6sning f\u00f6r fr\u00e5nluft fr\u00e5n kommersiella k\u00f6k som serverar en eller flera k\u00e5por <a href=\"https:\/\/ozonetech.com\/wp-content\/uploads\/2020\/12\/Brochure-EU-standard-Equipment-for-commercial-kitchens-v1.5-SV-web.pdf\" target=\"_blank\" rel=\"noopener\">h\u00e4r<\/a>:<\/p>\n        <\/div>\n    <\/div>\n<\/div>\n\n<\/section>\n\n\n\n<section class=\"block landing-page-grid\" style=\"--grid-bg: #fff; --grid-link: #5f5f5f; --grid-content: #000;\">\n\n    <div class=\"container-fluid grid\">\n\n                \n                    <div class=\"grid__list\">\n                                    <a class=\"item\" href=\"https:\/\/ozonetech.com\/sv\/losningar-system\/storkok\/rena-storkokslosningar\/\" target=\"\">\n                        <span class=\"item__overlay\"><\/span>\n                        <span\n                            class=\"item__background-image\"\n                            style=\"background-image: url('https:\/\/ozonetech.com\/wp-content\/uploads\/2021\/03\/rena-kitchen-solutions-1.jpg');\"\n                        ><\/span>\n                        \n                        <span class=\"item__content\">\n                            <figure class=\"item__content--icon\">\n                                                            <\/figure>\n\n                            <span class=\"item__content--link\">\n                                <span>RENA Stork\u00f6ksl\u00f6sningar<\/span><svg version=\"1.1\" id=\"Layer_1\" xmlns=\"http:\/\/www.w3.org\/2000\/svg\" x=\"0\" y=\"0\" viewBox=\"0 0 25 21.76\" xml:space=\"preserve\"><path fill=\"#FF691C\" d=\"M12.17 1.45l1.11-1.1c.46-.47 1.22-.47 1.68 0l9.69 9.68c.47.46.47 1.22 0 1.68l-9.69 9.69c-.46.47-1.22.47-1.68 0l-1.11-1.11c-.47-.47-.46-1.23.01-1.7l.01-.01 6-5.72h-17c-.66 0-1.2-.53-1.2-1.19v-1.6c0-.66.53-1.2 1.19-1.2h17.01l-6-5.72c-.48-.45-.5-1.2-.05-1.68.01 0 .02-.01.03-.02z\"\/><\/svg>                            <\/span>\n                        <\/span>\n                    <\/a>\n                            <\/div>\n            <\/div>\n\n<\/section>","protected":false},"excerpt":{"rendered":"","protected":false},"author":42,"featured_media":0,"parent":14810,"menu_order":0,"comment_status":"closed","ping_status":"closed","template":"","meta":{"_acf_changed":false,"_seopress_robots_primary_cat":"","_seopress_titles_title":"","_seopress_titles_desc":"Ozonetech tillverkar h\u00f6gpresterande ozonsystem f\u00f6r behandling av k\u00f6ksavluften och erbjuder den r\u00e4tta l\u00f6sningen f\u00f6r uppgiften.","_seopress_robots_index":"","inline_featured_image":false,"footnotes":""},"class_list":["post-14836","page","type-page","status-publish","hentry"],"acf":[],"_links":{"self":[{"href":"https:\/\/ozonetech.com\/sv\/wp-json\/wp\/v2\/pages\/14836","targetHints":{"allow":["GET"]}}],"collection":[{"href":"https:\/\/ozonetech.com\/sv\/wp-json\/wp\/v2\/pages"}],"about":[{"href":"https:\/\/ozonetech.com\/sv\/wp-json\/wp\/v2\/types\/page"}],"author":[{"embeddable":true,"href":"https:\/\/ozonetech.com\/sv\/wp-json\/wp\/v2\/users\/42"}],"replies":[{"embeddable":true,"href":"https:\/\/ozonetech.com\/sv\/wp-json\/wp\/v2\/comments?post=14836"}],"version-history":[{"count":40,"href":"https:\/\/ozonetech.com\/sv\/wp-json\/wp\/v2\/pages\/14836\/revisions"}],"predecessor-version":[{"id":40936,"href":"https:\/\/ozonetech.com\/sv\/wp-json\/wp\/v2\/pages\/14836\/revisions\/40936"}],"up":[{"embeddable":true,"href":"https:\/\/ozonetech.com\/sv\/wp-json\/wp\/v2\/pages\/14810"}],"wp:attachment":[{"href":"https:\/\/ozonetech.com\/sv\/wp-json\/wp\/v2\/media?parent=14836"}],"curies":[{"name":"wp","href":"https:\/\/api.w.org\/{rel}","templated":true}]}}