{"id":14823,"date":"2021-01-08T15:57:49","date_gmt":"2021-01-08T14:57:49","guid":{"rendered":"https:\/\/ozonetech.com\/?page_id=14823"},"modified":"2024-10-10T11:12:27","modified_gmt":"2024-10-10T09:12:27","slug":"vattenrening","status":"publish","type":"page","link":"https:\/\/ozonetech.com\/sv\/losningar-system\/vattenrening\/","title":{"rendered":"Vattenrening"},"content":{"rendered":"\n<section\n    class=\"block hero hero--regular\"\n    style=\"background-image: url('https:\/\/ozonetech.com\/wp-content\/uploads\/2021\/03\/wastewater-treatment-ozone-2-1600x484.jpg'); --hero-opacity: 0.35\"\n>\n\n    <div class=\"container-fluid\">\n\n        <div class=\"content editor_content\">\n                         \n                <h2 class='h2'>Vattenrening<\/h2>            \n                    <\/div>\n\n            <\/div>\n<\/section>\n\n\n<section class=\"component component_breadcrumbs\">\n\t<div class=\"container-fluid\">\n  \t<\/div>\n<\/section>\n\n\n<section\n    id=\"\"\n    class=\"block content-block\"\n\tstyle=\"--cb-bg: #fff; --cb-content: #000; \"\n>\n    \n\n<div class=\"container-fluid editor_content content content--narrow\">\n    <div class=\"row\">\n        <div class=\"col-12 editor_content\">\n            <h1>De mest effektiva l\u00f6sningar och system f\u00f6r vattenbehandling<\/h1>\n<p class=\"preamble\">Ozonetech \u00e4r ett v\u00e4rldserk\u00e4nt innovativt varum\u00e4rke som tillhandah\u00e5ller ett komplett utbud av avancerade l\u00f6sningar och system f\u00f6r behandling av vatten f\u00f6r b\u00e5de industriella och kommunala applikationer.<\/p>\n<p>Vi har sammanst\u00e4llt \u00f6ver 40 \u00e5rs erfarenhet och kunskap fr\u00e5n design, tillverkning och drifts\u00e4ttning av avancerade ozon- och oxidationsl\u00f6sningar och system f\u00f6r att utveckla de mest effektiva och h\u00e5llbara vattenapplikationerna som inte bara l\u00f6ser v\u00e5ra kunders problem utan ocks\u00e5 skapar reellt aff\u00e4rsv\u00e4rde samt s\u00e4nker milj\u00f6p\u00e5verkan av deras verksamhet. V\u00e5r utg\u00e5ngspunkt \u00e4r att alltid l\u00f6sa problemet och implementera h\u00e5llbara l\u00f6sningar, oavsett problem, applikation eller bransch.<\/p>\n<p>Vi utformar v\u00e5ra l\u00f6sningar f\u00f6r att avsev\u00e4rt minska och i de flesta fall helt ta bort alla former av organiska och oorganiska mikrof\u00f6roreningar, s\u00e5som toxiner, l\u00e4kemedelsrester, vattenburna infekti\u00f6sa virus och bakterier, svampf\u00f6roreningar och smaker fr\u00e5n vatten. V\u00e5ra applikationer varierar fr\u00e5n h\u00f6geffektiva CIP-system f\u00f6r bryggerier till nyckell\u00f6sningar l\u00f6sningar f\u00f6r behandling av processvatten i mejeriproduktionen och l\u00e4kemedelsindustrin f\u00f6r att n\u00e4mna n\u00e5gra och system f\u00f6r behandling av BOD &amp; COD-niv\u00e5erna i avloppsreningsverk.<\/p>\n<p>V\u00e5ra plug-and-play-l\u00f6sningar och system \u00e4r baserade p\u00e5 ozonoxidation och avancerad oxidationsprocess (AOP), vilket helt eliminerar behovet av milj\u00f6farliga kemikalier och minskar inte bara drift- och underh\u00e5llskostnader utan ocks\u00e5 den negativ milj\u00f6p\u00e5verkan.<\/p>\n<p>L\u00e4s mer om v\u00e5ra nyckelf\u00e4rdiga system och l\u00f6sningar, och hur vi kan hj\u00e4lpa dig att behandla processvatten:<\/p>\n        <\/div>\n    <\/div>\n<\/div>\n\n<\/section>\n\n\n\n<section class=\"block landing-page-grid\" style=\"--grid-bg: #fff; --grid-link: #5f5f5f; --grid-content: #000;\">\n\n    <div class=\"container-fluid grid\">\n\n                \n                    <div class=\"grid__list\">\n                                    <a class=\"item\" href=\"https:\/\/ozonetech.com\/sv\/losningar-system\/vattenrening\/skraddarsydda-pilotprojekt-for-avloppsvattenrening\/\" target=\"\">\n                        <span class=\"item__overlay\"><\/span>\n                        <span\n                            class=\"item__background-image\"\n                            style=\"background-image: url('https:\/\/ozonetech.com\/wp-content\/uploads\/2021\/03\/water-treatment-pilot-projects-1.jpg');\"\n                        ><\/span>\n                        \n                        <span class=\"item__content\">\n                            <figure class=\"item__content--icon\">\n                                                            <\/figure>\n\n                            <span class=\"item__content--link\">\n                                <span>Skr\u00e4ddarsydda pilotprojekt f\u00f6r avloppsvattenrening<\/span><svg version=\"1.1\" id=\"Layer_1\" xmlns=\"http:\/\/www.w3.org\/2000\/svg\" x=\"0\" y=\"0\" viewBox=\"0 0 25 21.76\" xml:space=\"preserve\"><path fill=\"#FF691C\" d=\"M12.17 1.45l1.11-1.1c.46-.47 1.22-.47 1.68 0l9.69 9.68c.47.46.47 1.22 0 1.68l-9.69 9.69c-.46.47-1.22.47-1.68 0l-1.11-1.11c-.47-.47-.46-1.23.01-1.7l.01-.01 6-5.72h-17c-.66 0-1.2-.53-1.2-1.19v-1.6c0-.66.53-1.2 1.19-1.2h17.01l-6-5.72c-.48-.45-.5-1.2-.05-1.68.01 0 .02-.01.03-.02z\"\/><\/svg>                            <\/span>\n                        <\/span>\n                    <\/a>\n                                    <a class=\"item\" href=\"https:\/\/ozonetech.com\/sv\/losningar-system\/vattenrening\/rena-tellus\/\" target=\"\">\n                        <span class=\"item__overlay\"><\/span>\n                        <span\n                            class=\"item__background-image\"\n                            style=\"background-image: url('https:\/\/ozonetech.com\/wp-content\/uploads\/2021\/03\/rena-tellus-2.jpg');\"\n                        ><\/span>\n                        \n                        <span class=\"item__content\">\n                            <figure class=\"item__content--icon\">\n                                                            <\/figure>\n\n                            <span class=\"item__content--link\">\n                                <span>RENA Tellus \u2013 skr\u00e4ddarsydda ozonsystem<\/span><svg version=\"1.1\" id=\"Layer_1\" xmlns=\"http:\/\/www.w3.org\/2000\/svg\" x=\"0\" y=\"0\" viewBox=\"0 0 25 21.76\" xml:space=\"preserve\"><path fill=\"#FF691C\" d=\"M12.17 1.45l1.11-1.1c.46-.47 1.22-.47 1.68 0l9.69 9.68c.47.46.47 1.22 0 1.68l-9.69 9.69c-.46.47-1.22.47-1.68 0l-1.11-1.11c-.47-.47-.46-1.23.01-1.7l.01-.01 6-5.72h-17c-.66 0-1.2-.53-1.2-1.19v-1.6c0-.66.53-1.2 1.19-1.2h17.01l-6-5.72c-.48-.45-.5-1.2-.05-1.68.01 0 .02-.01.03-.02z\"\/><\/svg>                            <\/span>\n                        <\/span>\n                    <\/a>\n                                    <a class=\"item\" href=\"https:\/\/ozonetech.com\/sv\/losningar-system\/vattenrening\/rena-vitro\/\" target=\"\">\n                        <span class=\"item__overlay\"><\/span>\n                        <span\n                            class=\"item__background-image\"\n                            style=\"background-image: url('https:\/\/ozonetech.com\/wp-content\/uploads\/2021\/03\/rena-vitro-solutions-ozonetech-3.jpg');\"\n                        ><\/span>\n                        \n                        <span class=\"item__content\">\n                            <figure class=\"item__content--icon\">\n                                                            <\/figure>\n\n                            <span class=\"item__content--link\">\n                                <span>AOP-system RENA Vitro\u2122<\/span><svg version=\"1.1\" id=\"Layer_1\" xmlns=\"http:\/\/www.w3.org\/2000\/svg\" x=\"0\" y=\"0\" viewBox=\"0 0 25 21.76\" xml:space=\"preserve\"><path fill=\"#FF691C\" d=\"M12.17 1.45l1.11-1.1c.46-.47 1.22-.47 1.68 0l9.69 9.68c.47.46.47 1.22 0 1.68l-9.69 9.69c-.46.47-1.22.47-1.68 0l-1.11-1.11c-.47-.47-.46-1.23.01-1.7l.01-.01 6-5.72h-17c-.66 0-1.2-.53-1.2-1.19v-1.6c0-.66.53-1.2 1.19-1.2h17.01l-6-5.72c-.48-.45-.5-1.2-.05-1.68.01 0 .02-.01.03-.02z\"\/><\/svg>                            <\/span>\n                        <\/span>\n                    <\/a>\n                                    <a class=\"item\" href=\"https:\/\/ozonetech.com\/sv\/losningar-system\/vattenrening\/rena-vivo\/\" target=\"\">\n                        <span class=\"item__overlay\"><\/span>\n                        <span\n                            class=\"item__background-image\"\n                            style=\"background-image: url('https:\/\/ozonetech.com\/wp-content\/uploads\/2021\/03\/rena-vivo-systems.jpg');\"\n                        ><\/span>\n                        \n                        <span class=\"item__content\">\n                            <figure class=\"item__content--icon\">\n                                                            <\/figure>\n\n                            <span class=\"item__content--link\">\n                                <span>Ozonsystem RENA Vivo<\/span><svg version=\"1.1\" id=\"Layer_1\" xmlns=\"http:\/\/www.w3.org\/2000\/svg\" x=\"0\" y=\"0\" viewBox=\"0 0 25 21.76\" xml:space=\"preserve\"><path fill=\"#FF691C\" d=\"M12.17 1.45l1.11-1.1c.46-.47 1.22-.47 1.68 0l9.69 9.68c.47.46.47 1.22 0 1.68l-9.69 9.69c-.46.47-1.22.47-1.68 0l-1.11-1.11c-.47-.47-.46-1.23.01-1.7l.01-.01 6-5.72h-17c-.66 0-1.2-.53-1.2-1.19v-1.6c0-.66.53-1.2 1.19-1.2h17.01l-6-5.72c-.48-.45-.5-1.2-.05-1.68.01 0 .02-.01.03-.02z\"\/><\/svg>                            <\/span>\n                        <\/span>\n                    <\/a>\n                            <\/div>\n            <\/div>\n\n<\/section>","protected":false},"excerpt":{"rendered":"","protected":false},"author":42,"featured_media":0,"parent":14810,"menu_order":0,"comment_status":"closed","ping_status":"closed","template":"","meta":{"_acf_changed":false,"_seopress_robots_primary_cat":"","_seopress_titles_title":"","_seopress_titles_desc":"V\u00e5ra l\u00f6sningar och system f\u00f6r vattenrening \u00e4r baserade p\u00e5 ozonoxidation och AOP, vilket minskar drift- och underh\u00e5llskostnaden avsev\u00e4rt.","_seopress_robots_index":"","inline_featured_image":false,"footnotes":""},"class_list":["post-14823","page","type-page","status-publish","hentry"],"acf":[],"_links":{"self":[{"href":"https:\/\/ozonetech.com\/sv\/wp-json\/wp\/v2\/pages\/14823","targetHints":{"allow":["GET"]}}],"collection":[{"href":"https:\/\/ozonetech.com\/sv\/wp-json\/wp\/v2\/pages"}],"about":[{"href":"https:\/\/ozonetech.com\/sv\/wp-json\/wp\/v2\/types\/page"}],"author":[{"embeddable":true,"href":"https:\/\/ozonetech.com\/sv\/wp-json\/wp\/v2\/users\/42"}],"replies":[{"embeddable":true,"href":"https:\/\/ozonetech.com\/sv\/wp-json\/wp\/v2\/comments?post=14823"}],"version-history":[{"count":32,"href":"https:\/\/ozonetech.com\/sv\/wp-json\/wp\/v2\/pages\/14823\/revisions"}],"predecessor-version":[{"id":40858,"href":"https:\/\/ozonetech.com\/sv\/wp-json\/wp\/v2\/pages\/14823\/revisions\/40858"}],"up":[{"embeddable":true,"href":"https:\/\/ozonetech.com\/sv\/wp-json\/wp\/v2\/pages\/14810"}],"wp:attachment":[{"href":"https:\/\/ozonetech.com\/sv\/wp-json\/wp\/v2\/media?parent=14823"}],"curies":[{"name":"wp","href":"https:\/\/api.w.org\/{rel}","templated":true}]}}