{"id":14817,"date":"2021-01-08T15:55:16","date_gmt":"2021-01-08T14:55:16","guid":{"rendered":"https:\/\/ozonetech.com\/?page_id=14817"},"modified":"2024-10-10T10:55:20","modified_gmt":"2024-10-10T08:55:20","slug":"luftbehandling","status":"publish","type":"page","link":"https:\/\/ozonetech.com\/sv\/losningar-system\/luftbehandling\/","title":{"rendered":"Luftbehandling"},"content":{"rendered":"\n<section\n    class=\"block hero hero--regular\"\n    style=\"background-image: url('https:\/\/ozonetech.com\/wp-content\/uploads\/2021\/03\/tailored-pilot-projects-for-air-treatment-2-1600x484.jpg'); --hero-opacity: 0.2\"\n>\n\n    <div class=\"container-fluid\">\n\n        <div class=\"content editor_content\">\n                         \n                <h2 class='h2'>Luftbehandling<\/h2>            \n                    <\/div>\n\n            <\/div>\n<\/section>\n\n\n<section class=\"component component_breadcrumbs\">\n\t<div class=\"container-fluid\">\n  \t<\/div>\n<\/section>\n\n\n<section\n    id=\"\"\n    class=\"block content-block\"\n\tstyle=\"--cb-bg: #fff; --cb-content: #000; \"\n>\n    \n\n<div class=\"container-fluid editor_content content content--narrow\">\n    <div class=\"row\">\n        <div class=\"col-12 editor_content\">\n            <h1>De mest effektiva l\u00f6sningar och system f\u00f6r luftbehandling<\/h1>\n<p class=\"preamble\" style=\"text-align: left;\">Ozonetech \u00e4r ett v\u00e4rldserk\u00e4nt innovativt varum\u00e4rke som tillhandah\u00e5ller ett komplett utbud av avancerade l\u00f6sningar och system f\u00f6r luftbehandling f\u00f6r b\u00e5de industriella och kommunala applikationer.<\/p>\n<p style=\"text-align: left;\">Vi har sammanst\u00e4llt \u00f6ver 40 \u00e5rs erfarenhet och kunskap fr\u00e5n design, tillverkning och drifts\u00e4ttning av avancerade ozon- och oxidationsl\u00f6sningar och system f\u00f6r att utveckla de mest effektiva och h\u00e5llbara luftapplikationerna som inte bara l\u00f6ser v\u00e5ra kunders problem utan ocks\u00e5 skapar reellt aff\u00e4rsv\u00e4rde samt s\u00e4nker milj\u00f6p\u00e5verkan av deras verksamhet. V\u00e5r utg\u00e5ngspunkt \u00e4r att alltid l\u00f6sa problemet och implementera h\u00e5llbara l\u00f6sningar, oavsett problem, applikation eller bransch.<\/p>\n<p style=\"text-align: left;\">Vi utformar v\u00e5ra l\u00f6sningar f\u00f6r att avsev\u00e4rt minimera och i de flesta fall helt ta bort alla former av organiska och oorganiska mikrof\u00f6roreningar s\u00e5som fett, aerosoler, lukt\u00e4mnen, luftburna patogener och m\u00e5nga andra f\u00f6roreningar fr\u00e5n luften.<\/p>\n<p style=\"text-align: left;\">V\u00e5ra plug-and-play-l\u00f6sningar och system \u00e4r baserade p\u00e5 ozonoxidation och avancerad oxidationsprocess (AOP), vilket helt eliminerar behov av kemikalier vilket d\u00e4rmed minskar drift- och underh\u00e5llskostnaden avsev\u00e4rt.<\/p>\n<p><img loading=\"lazy\" decoding=\"async\" class=\"aligncenter wp-image-29336 size-large\" src=\"https:\/\/ozonetech.com\/wp-content\/uploads\/2021\/03\/luftbehandling-steg-e1615911390408-1024x329.png\" alt=\"\" width=\"1024\" height=\"329\" srcset=\"https:\/\/ozonetech.com\/wp-content\/uploads\/2021\/03\/luftbehandling-steg-e1615911390408-1024x329.png 1024w, https:\/\/ozonetech.com\/wp-content\/uploads\/2021\/03\/luftbehandling-steg-e1615911390408-300x96.png 300w, https:\/\/ozonetech.com\/wp-content\/uploads\/2021\/03\/luftbehandling-steg-e1615911390408-768x247.png 768w, https:\/\/ozonetech.com\/wp-content\/uploads\/2021\/03\/luftbehandling-steg-e1615911390408.png 1455w\" sizes=\"auto, (max-width: 1024px) 100vw, 1024px\" \/><\/p>\n<p style=\"text-align: left;\">L\u00e4s mer om v\u00e5ra nyckelf\u00e4rdiga system och l\u00f6sningar, och hur vi kan hj\u00e4lpa dig att kontrollera problem med luft:<\/p>\n        <\/div>\n    <\/div>\n<\/div>\n\n<\/section>\n\n\n\n<section class=\"block landing-page-grid\" style=\"--grid-bg: #fff; --grid-link: #5f5f5f; --grid-content: #000;\">\n\n    <div class=\"container-fluid grid\">\n\n                \n                    <div class=\"grid__list\">\n                                    <a class=\"item\" href=\"https:\/\/ozonetech.com\/sv\/losningar-system\/luftbehandling\/ozonsystem-rena-pro\/\" target=\"\">\n                        <span class=\"item__overlay\"><\/span>\n                        <span\n                            class=\"item__background-image\"\n                            style=\"background-image: url('https:\/\/ozonetech.com\/wp-content\/uploads\/2021\/03\/rena-pro-systems-3.jpg');\"\n                        ><\/span>\n                        \n                        <span class=\"item__content\">\n                            <figure class=\"item__content--icon\">\n                                                            <\/figure>\n\n                            <span class=\"item__content--link\">\n                                <span>Ozonsystem RENA Pro<\/span><svg version=\"1.1\" id=\"Layer_1\" xmlns=\"http:\/\/www.w3.org\/2000\/svg\" x=\"0\" y=\"0\" viewBox=\"0 0 25 21.76\" xml:space=\"preserve\"><path fill=\"#FF691C\" d=\"M12.17 1.45l1.11-1.1c.46-.47 1.22-.47 1.68 0l9.69 9.68c.47.46.47 1.22 0 1.68l-9.69 9.69c-.46.47-1.22.47-1.68 0l-1.11-1.11c-.47-.47-.46-1.23.01-1.7l.01-.01 6-5.72h-17c-.66 0-1.2-.53-1.2-1.19v-1.6c0-.66.53-1.2 1.19-1.2h17.01l-6-5.72c-.48-.45-.5-1.2-.05-1.68.01 0 .02-.01.03-.02z\"\/><\/svg>                            <\/span>\n                        <\/span>\n                    <\/a>\n                                    <a class=\"item\" href=\"https:\/\/ozonetech.com\/sv\/losningar-system\/luftbehandling\/ozondestruktosystem\/\" target=\"\">\n                        <span class=\"item__overlay\"><\/span>\n                        <span\n                            class=\"item__background-image\"\n                            style=\"background-image: url('https:\/\/ozonetech.com\/wp-content\/uploads\/2021\/03\/ozone-destruction-1.jpg');\"\n                        ><\/span>\n                        \n                        <span class=\"item__content\">\n                            <figure class=\"item__content--icon\">\n                                                            <\/figure>\n\n                            <span class=\"item__content--link\">\n                                <span>Ozondestruktorsystem<\/span><svg version=\"1.1\" id=\"Layer_1\" xmlns=\"http:\/\/www.w3.org\/2000\/svg\" x=\"0\" y=\"0\" viewBox=\"0 0 25 21.76\" xml:space=\"preserve\"><path fill=\"#FF691C\" d=\"M12.17 1.45l1.11-1.1c.46-.47 1.22-.47 1.68 0l9.69 9.68c.47.46.47 1.22 0 1.68l-9.69 9.69c-.46.47-1.22.47-1.68 0l-1.11-1.11c-.47-.47-.46-1.23.01-1.7l.01-.01 6-5.72h-17c-.66 0-1.2-.53-1.2-1.19v-1.6c0-.66.53-1.2 1.19-1.2h17.01l-6-5.72c-.48-.45-.5-1.2-.05-1.68.01 0 .02-.01.03-.02z\"\/><\/svg>                            <\/span>\n                        <\/span>\n                    <\/a>\n                                    <a class=\"item\" href=\"https:\/\/ozonetech.com\/sv\/losningar-system\/luftbehandling\/luft-luktanalys\/\" target=\"\">\n                        <span class=\"item__overlay\"><\/span>\n                        <span\n                            class=\"item__background-image\"\n                            style=\"background-image: url('https:\/\/ozonetech.com\/wp-content\/uploads\/2021\/03\/air-analysis.jpg');\"\n                        ><\/span>\n                        \n                        <span class=\"item__content\">\n                            <figure class=\"item__content--icon\">\n                                                            <\/figure>\n\n                            <span class=\"item__content--link\">\n                                <span>Luft- &#038; luktanalys<\/span><svg version=\"1.1\" id=\"Layer_1\" xmlns=\"http:\/\/www.w3.org\/2000\/svg\" x=\"0\" y=\"0\" viewBox=\"0 0 25 21.76\" xml:space=\"preserve\"><path fill=\"#FF691C\" d=\"M12.17 1.45l1.11-1.1c.46-.47 1.22-.47 1.68 0l9.69 9.68c.47.46.47 1.22 0 1.68l-9.69 9.69c-.46.47-1.22.47-1.68 0l-1.11-1.11c-.47-.47-.46-1.23.01-1.7l.01-.01 6-5.72h-17c-.66 0-1.2-.53-1.2-1.19v-1.6c0-.66.53-1.2 1.19-1.2h17.01l-6-5.72c-.48-.45-.5-1.2-.05-1.68.01 0 .02-.01.03-.02z\"\/><\/svg>                            <\/span>\n                        <\/span>\n                    <\/a>\n                                    <a class=\"item\" href=\"https:\/\/ozonetech.com\/sv\/losningar-system\/luftbehandling\/cfd-simulering\/\" target=\"\">\n                        <span class=\"item__overlay\"><\/span>\n                        <span\n                            class=\"item__background-image\"\n                            style=\"background-image: url('https:\/\/ozonetech.com\/wp-content\/uploads\/2021\/03\/streamline-cfd-1.jpg');\"\n                        ><\/span>\n                        \n                        <span class=\"item__content\">\n                            <figure class=\"item__content--icon\">\n                                                            <\/figure>\n\n                            <span class=\"item__content--link\">\n                                <span>CFD simulering<\/span><svg version=\"1.1\" id=\"Layer_1\" xmlns=\"http:\/\/www.w3.org\/2000\/svg\" x=\"0\" y=\"0\" viewBox=\"0 0 25 21.76\" xml:space=\"preserve\"><path fill=\"#FF691C\" d=\"M12.17 1.45l1.11-1.1c.46-.47 1.22-.47 1.68 0l9.69 9.68c.47.46.47 1.22 0 1.68l-9.69 9.69c-.46.47-1.22.47-1.68 0l-1.11-1.11c-.47-.47-.46-1.23.01-1.7l.01-.01 6-5.72h-17c-.66 0-1.2-.53-1.2-1.19v-1.6c0-.66.53-1.2 1.19-1.2h17.01l-6-5.72c-.48-.45-.5-1.2-.05-1.68.01 0 .02-.01.03-.02z\"\/><\/svg>                            <\/span>\n                        <\/span>\n                    <\/a>\n                                    <a class=\"item\" href=\"https:\/\/ozonetech.com\/sv\/losningar-system\/luftbehandling\/pilotprojekt-luftbehandling\/\" target=\"\">\n                        <span class=\"item__overlay\"><\/span>\n                        <span\n                            class=\"item__background-image\"\n                            style=\"background-image: url('https:\/\/ozonetech.com\/wp-content\/uploads\/2021\/03\/industrial-air-pilot-2.jpg');\"\n                        ><\/span>\n                        \n                        <span class=\"item__content\">\n                            <figure class=\"item__content--icon\">\n                                                            <\/figure>\n\n                            <span class=\"item__content--link\">\n                                <span>Skr\u00e4ddarsydda pilotproject f\u00f6r luftbehandling<\/span><svg version=\"1.1\" id=\"Layer_1\" xmlns=\"http:\/\/www.w3.org\/2000\/svg\" x=\"0\" y=\"0\" viewBox=\"0 0 25 21.76\" xml:space=\"preserve\"><path fill=\"#FF691C\" d=\"M12.17 1.45l1.11-1.1c.46-.47 1.22-.47 1.68 0l9.69 9.68c.47.46.47 1.22 0 1.68l-9.69 9.69c-.46.47-1.22.47-1.68 0l-1.11-1.11c-.47-.47-.46-1.23.01-1.7l.01-.01 6-5.72h-17c-.66 0-1.2-.53-1.2-1.19v-1.6c0-.66.53-1.2 1.19-1.2h17.01l-6-5.72c-.48-.45-.5-1.2-.05-1.68.01 0 .02-.01.03-.02z\"\/><\/svg>                            <\/span>\n                        <\/span>\n                    <\/a>\n                            <\/div>\n            <\/div>\n\n<\/section>","protected":false},"excerpt":{"rendered":"","protected":false},"author":42,"featured_media":0,"parent":14810,"menu_order":0,"comment_status":"closed","ping_status":"closed","template":"","meta":{"_acf_changed":false,"_seopress_robots_primary_cat":"","_seopress_titles_title":"","_seopress_titles_desc":"V\u00e5ra plug-and-play-l\u00f6sningar och system \u00e4r baserade p\u00e5 ozonoxidation och AOP, vilket minskar drift- och underh\u00e5llskostnaden avsev\u00e4rt.","_seopress_robots_index":"","inline_featured_image":false,"footnotes":""},"class_list":["post-14817","page","type-page","status-publish","hentry"],"acf":[],"_links":{"self":[{"href":"https:\/\/ozonetech.com\/sv\/wp-json\/wp\/v2\/pages\/14817","targetHints":{"allow":["GET"]}}],"collection":[{"href":"https:\/\/ozonetech.com\/sv\/wp-json\/wp\/v2\/pages"}],"about":[{"href":"https:\/\/ozonetech.com\/sv\/wp-json\/wp\/v2\/types\/page"}],"author":[{"embeddable":true,"href":"https:\/\/ozonetech.com\/sv\/wp-json\/wp\/v2\/users\/42"}],"replies":[{"embeddable":true,"href":"https:\/\/ozonetech.com\/sv\/wp-json\/wp\/v2\/comments?post=14817"}],"version-history":[{"count":69,"href":"https:\/\/ozonetech.com\/sv\/wp-json\/wp\/v2\/pages\/14817\/revisions"}],"predecessor-version":[{"id":40764,"href":"https:\/\/ozonetech.com\/sv\/wp-json\/wp\/v2\/pages\/14817\/revisions\/40764"}],"up":[{"embeddable":true,"href":"https:\/\/ozonetech.com\/sv\/wp-json\/wp\/v2\/pages\/14810"}],"wp:attachment":[{"href":"https:\/\/ozonetech.com\/sv\/wp-json\/wp\/v2\/media?parent=14817"}],"curies":[{"name":"wp","href":"https:\/\/api.w.org\/{rel}","templated":true}]}}