{"id":14810,"date":"2021-01-08T15:49:23","date_gmt":"2021-01-08T14:49:23","guid":{"rendered":"https:\/\/ozonetech.com\/?page_id=14810"},"modified":"2024-10-10T10:51:44","modified_gmt":"2024-10-10T08:51:44","slug":"losningar-system","status":"publish","type":"page","link":"https:\/\/ozonetech.com\/sv\/losningar-system\/","title":{"rendered":"L\u00f6sningar &amp; system"},"content":{"rendered":"\n<section\n    class=\"block hero hero--regular\"\n    style=\"background-image: url('https:\/\/ozonetech.com\/wp-content\/uploads\/2021\/03\/close-up-ozonetech-container-1-1600x484.jpg'); --hero-opacity: 0.3\"\n>\n\n    <div class=\"container-fluid\">\n\n        <div class=\"content editor_content\">\n                         \n                <h2 class='h2'>L\u00f6sningar &#038; system<\/h2>            \n                    <\/div>\n\n            <\/div>\n<\/section>\n\n\n<section class=\"component component_breadcrumbs\">\n\t<div class=\"container-fluid\">\n  \t<\/div>\n<\/section>\n\n\n<section\n    id=\"\"\n    class=\"block content-block\"\n\tstyle=\"--cb-bg: #fff; --cb-content: #000; \"\n>\n    \n\n<div class=\"container-fluid editor_content content content--narrow\">\n    <div class=\"row\">\n        <div class=\"col-12 editor_content\">\n            <h1>De effektivaste l\u00f6sningarna och systemen f\u00f6r industriella och kommunala applikationer<\/h1>\n<p>Ozonetech tillhandah\u00e5ller ett komplett utbud av toppmoderna plug-and-play-l\u00f6sningar och system f\u00f6r industriella och kommunala applikationer, baserade p\u00e5 ozonteknik och avancerad oxidationsprocess (AOP). Ozon \u00e4r en h\u00e5llbar teknik med betydligt l\u00e4gre milj\u00f6p\u00e5verkan j\u00e4mf\u00f6rt med konkurrerande teknik som ofta anv\u00e4nder milj\u00f6farliga kemikalier. Ut\u00f6ver detta minskar v\u00e5ra l\u00f6sningar b\u00e5de drifts- och underh\u00e5llskostnader, vilket skapar verkligt v\u00e4rde f\u00f6r verksamheten.<\/p>\n<p>Ozonetechs innovativa l\u00f6sningar och system \u00e4r utformade f\u00f6r att behandla luft och vatten p\u00e5 ett s\u00e5 effektivt s\u00e4tt som m\u00f6jligt, med tanke p\u00e5 kriterier som energianv\u00e4ndning, lagringskostnad och transport och m\u00e5nga andra. V\u00e5ra l\u00f6sningar och system uppfyller alltid de senaste och h\u00f6gsta branschstandarderna och lagkraven.<\/p>\n<p>Med tiden har Ozonetech designat, tillverkat och installerat ett flertal system runt om i v\u00e4rlden f\u00f6r industriell luftbehandling (se v\u00e5rt RENA Pro-system) samt industriell och kommunal vattenbehandling (se v\u00e5ra RENA Tellus-, RENA Vivo- och RENA Vitro-system) . Vi har ocks\u00e5 f\u00f6rnyat behandlingen av fr\u00e5nluft fr\u00e5n kommersiella k\u00f6k med v\u00e5ra h\u00f6gpresterande RENA Kitchen Solutions.<\/p>\n<p>Ozonetechs l\u00f6sningar och system \u00e4r utformade enligt <a href=\"https:\/\/ozonetech.com\/sv\/om-ozon\/smartozone\/\">SMARTOZONE \u2122<\/a> -konceptet f\u00f6r att ge det ultimata optimerade utbytet n\u00e4r det g\u00e4ller behandlingseffektivitet, tillsammans med drift- och livscykelkostnader. L\u00e4s mer h\u00e4r.<\/p>\n<p>F\u00f6rutom v\u00e5ra varum\u00e4rkessystem erbjuder vi ocks\u00e5 andra l\u00f6sningar, till exempel skr\u00e4ddarsydda pilotprojekt, CFD-simuleringar och ozonf\u00f6rst\u00f6ringsl\u00f6sningar f\u00f6r b\u00e5de luft och vatten.<\/p>\n<p>Nedan har vi gett mer information om varje l\u00f6sning och system, baserat p\u00e5 applikationsomr\u00e5de:<\/p>\n        <\/div>\n    <\/div>\n<\/div>\n\n<\/section>\n\n\n\n<section class=\"block landing-page-grid\" style=\"--grid-bg: #fff; --grid-link: #5f5f5f; --grid-content: #000;\">\n\n    <div class=\"container-fluid grid\">\n\n                \n                    <div class=\"grid__list\">\n                                    <a class=\"item\" href=\"https:\/\/ozonetech.com\/sv\/losningar-system\/luftbehandling\/\" target=\"\">\n                        <span class=\"item__overlay\"><\/span>\n                        <span\n                            class=\"item__background-image\"\n                            style=\"background-image: url('https:\/\/ozonetech.com\/wp-content\/uploads\/2021\/03\/tailored-pilot-projects-1.jpg');\"\n                        ><\/span>\n                        \n                        <span class=\"item__content\">\n                            <figure class=\"item__content--icon\">\n                                                            <\/figure>\n\n                            <span class=\"item__content--link\">\n                                <span>Luftbehandling<\/span><svg version=\"1.1\" id=\"Layer_1\" xmlns=\"http:\/\/www.w3.org\/2000\/svg\" x=\"0\" y=\"0\" viewBox=\"0 0 25 21.76\" xml:space=\"preserve\"><path fill=\"#FF691C\" d=\"M12.17 1.45l1.11-1.1c.46-.47 1.22-.47 1.68 0l9.69 9.68c.47.46.47 1.22 0 1.68l-9.69 9.69c-.46.47-1.22.47-1.68 0l-1.11-1.11c-.47-.47-.46-1.23.01-1.7l.01-.01 6-5.72h-17c-.66 0-1.2-.53-1.2-1.19v-1.6c0-.66.53-1.2 1.19-1.2h17.01l-6-5.72c-.48-.45-.5-1.2-.05-1.68.01 0 .02-.01.03-.02z\"\/><\/svg>                            <\/span>\n                        <\/span>\n                    <\/a>\n                                    <a class=\"item\" href=\"https:\/\/ozonetech.com\/sv\/losningar-system\/vattenrening\/\" target=\"\">\n                        <span class=\"item__overlay\"><\/span>\n                        <span\n                            class=\"item__background-image\"\n                            style=\"background-image: url('https:\/\/ozonetech.com\/wp-content\/uploads\/2021\/03\/wastewater-treatment-ozone-1.jpg');\"\n                        ><\/span>\n                        \n                        <span class=\"item__content\">\n                            <figure class=\"item__content--icon\">\n                                                            <\/figure>\n\n                            <span class=\"item__content--link\">\n                                <span>Vattenrening<\/span><svg version=\"1.1\" id=\"Layer_1\" xmlns=\"http:\/\/www.w3.org\/2000\/svg\" x=\"0\" y=\"0\" viewBox=\"0 0 25 21.76\" xml:space=\"preserve\"><path fill=\"#FF691C\" d=\"M12.17 1.45l1.11-1.1c.46-.47 1.22-.47 1.68 0l9.69 9.68c.47.46.47 1.22 0 1.68l-9.69 9.69c-.46.47-1.22.47-1.68 0l-1.11-1.11c-.47-.47-.46-1.23.01-1.7l.01-.01 6-5.72h-17c-.66 0-1.2-.53-1.2-1.19v-1.6c0-.66.53-1.2 1.19-1.2h17.01l-6-5.72c-.48-.45-.5-1.2-.05-1.68.01 0 .02-.01.03-.02z\"\/><\/svg>                            <\/span>\n                        <\/span>\n                    <\/a>\n                                    <a class=\"item\" href=\"https:\/\/ozonetech.com\/sv\/losningar-system\/storkok\/\" target=\"\">\n                        <span class=\"item__overlay\"><\/span>\n                        <span\n                            class=\"item__background-image\"\n                            style=\"background-image: url('https:\/\/ozonetech.com\/wp-content\/uploads\/2021\/03\/kitchen-exhaust-3.jpg');\"\n                        ><\/span>\n                        \n                        <span class=\"item__content\">\n                            <figure class=\"item__content--icon\">\n                                                            <\/figure>\n\n                            <span class=\"item__content--link\">\n                                <span>Stork\u00f6k<\/span><svg version=\"1.1\" id=\"Layer_1\" xmlns=\"http:\/\/www.w3.org\/2000\/svg\" x=\"0\" y=\"0\" viewBox=\"0 0 25 21.76\" xml:space=\"preserve\"><path fill=\"#FF691C\" d=\"M12.17 1.45l1.11-1.1c.46-.47 1.22-.47 1.68 0l9.69 9.68c.47.46.47 1.22 0 1.68l-9.69 9.69c-.46.47-1.22.47-1.68 0l-1.11-1.11c-.47-.47-.46-1.23.01-1.7l.01-.01 6-5.72h-17c-.66 0-1.2-.53-1.2-1.19v-1.6c0-.66.53-1.2 1.19-1.2h17.01l-6-5.72c-.48-.45-.5-1.2-.05-1.68.01 0 .02-.01.03-.02z\"\/><\/svg>                            <\/span>\n                        <\/span>\n                    <\/a>\n                            <\/div>\n            <\/div>\n\n<\/section>","protected":false},"excerpt":{"rendered":"","protected":false},"author":42,"featured_media":0,"parent":0,"menu_order":0,"comment_status":"closed","ping_status":"closed","template":"","meta":{"_acf_changed":false,"_seopress_robots_primary_cat":"","_seopress_titles_title":"","_seopress_titles_desc":"Vi utvecklar l\u00f6sningar och system som \u00e4r skr\u00e4ddarsydda till till de str\u00e4ngaste kraven och reglerna, baserade p\u00e5 ozon och AOP.","_seopress_robots_index":"","inline_featured_image":false,"footnotes":""},"class_list":["post-14810","page","type-page","status-publish","hentry"],"acf":[],"_links":{"self":[{"href":"https:\/\/ozonetech.com\/sv\/wp-json\/wp\/v2\/pages\/14810","targetHints":{"allow":["GET"]}}],"collection":[{"href":"https:\/\/ozonetech.com\/sv\/wp-json\/wp\/v2\/pages"}],"about":[{"href":"https:\/\/ozonetech.com\/sv\/wp-json\/wp\/v2\/types\/page"}],"author":[{"embeddable":true,"href":"https:\/\/ozonetech.com\/sv\/wp-json\/wp\/v2\/users\/42"}],"replies":[{"embeddable":true,"href":"https:\/\/ozonetech.com\/sv\/wp-json\/wp\/v2\/comments?post=14810"}],"version-history":[{"count":34,"href":"https:\/\/ozonetech.com\/sv\/wp-json\/wp\/v2\/pages\/14810\/revisions"}],"predecessor-version":[{"id":40746,"href":"https:\/\/ozonetech.com\/sv\/wp-json\/wp\/v2\/pages\/14810\/revisions\/40746"}],"wp:attachment":[{"href":"https:\/\/ozonetech.com\/sv\/wp-json\/wp\/v2\/media?parent=14810"}],"curies":[{"name":"wp","href":"https:\/\/api.w.org\/{rel}","templated":true}]}}