{"id":14777,"date":"2021-01-08T15:15:15","date_gmt":"2021-01-08T14:15:15","guid":{"rendered":"https:\/\/ozonetech.com\/?page_id=14777"},"modified":"2024-10-09T16:54:53","modified_gmt":"2024-10-09T14:54:53","slug":"storkok","status":"publish","type":"page","link":"https:\/\/ozonetech.com\/sv\/applikationer\/storkok\/","title":{"rendered":"Stork\u00f6k"},"content":{"rendered":"\n<section\n    class=\"block hero hero--regular\"\n    style=\"background-image: url('https:\/\/ozonetech.com\/wp-content\/uploads\/2021\/03\/kitchen-1600x484.jpg'); --hero-opacity: 0.3\"\n>\n\n    <div class=\"container-fluid\">\n\n        <div class=\"content editor_content\">\n                         \n                <h2 class='h2'>Stork\u00f6k <\/h2>            \n                    <\/div>\n\n            <\/div>\n<\/section>\n\n\n<section class=\"component component_breadcrumbs\">\n\t<div class=\"container-fluid\">\n  \t<\/div>\n<\/section>\n\n\n<section\n    id=\"\"\n    class=\"block content-block\"\n\tstyle=\"--cb-bg: #fff; --cb-content: #000; \"\n>\n    \n\n<div class=\"container-fluid editor_content content content--narrow\">\n    <div class=\"row\">\n        <div class=\"col-12 editor_content\">\n            <h1>Ett brett utbud av k\u00f6ksfr\u00e5nluftsapplikationer<\/h1>\n<p class=\"preamble\" style=\"text-align: left;\">Restauranger och stork\u00f6k utrustade med frit\u00f6s, grill, wok eller stekbord st\u00e4ller h\u00f6ga krav p\u00e5 ett v\u00e4lfungerande luftreningssystem. K\u00f6ket m\u00e5ste vara brands\u00e4kert s\u00e5v\u00e4l som effektivt ur ett renings- och kostnadsperspektiv.<\/p>\n<p style=\"text-align: left;\">H\u00f6g reng\u00f6ringskapacitet \u00e4r avg\u00f6rande f\u00f6r att eliminera fett och matos ifr\u00e5n k\u00f6ksfr\u00e5nluften. V\u00e5r erfarenhet visar att luftfl\u00f6den med h\u00f6g fettkoncentration beh\u00f6ver ett h\u00f6gprestanda Ozonetech RENA Kitchen Solutions-system f\u00f6r att klara uppgiften. Dessa system har tidigare endast varit tillg\u00e4ngliga f\u00f6r den industriella marknaden, men vi kan nu erbjuda dess unika f\u00f6rdelar till alla restauranger och kommersiella k\u00f6k.<\/p>\n<p style=\"text-align: left;\">Behandling av fr\u00e5nluft fr\u00e5n stork\u00f6k har m\u00e5nga f\u00f6rdelar, till exempel att rej\u00e4lt minska risken f\u00f6r brand, minimera luktproblem, optimera v\u00e4rme\u00e5tervinning, minska den totala \u00e4gandekostnaden och s\u00e4nka k\u00f6kets milj\u00f6p\u00e5verkan.<\/p>\n<p style=\"text-align: left;\">D\u00e5ligt renad fr\u00e5nluft fr\u00e5n restauranger och kommersiella k\u00f6k orsakar m\u00e5nga g\u00e5nger luktproblem som p\u00e5verkar grannar i n\u00e4romr\u00e5det. Detta kan leda till varningar fr\u00e5n myndigheter och till och med nedst\u00e4ngning av hela eller delar av verksamheten om problemet inte \u00e5tg\u00e4rdas omedelbart. Ozonetech RENA Kitchen Solutions s\u00e4kerst\u00e4ller att denna typ av luktproblem elimineras helt.<\/p>\n<p style=\"text-align: left;\">F\u00f6rutom de uppenbara f\u00f6rdelarna med att reng\u00f6ra k\u00f6ks- och restaurangfr\u00e5nluften \u00e4r branschstandarder och rekommendationer viktiga att \u00f6verv\u00e4ga f\u00f6r att uppn\u00e5 en s\u00e4krare och trevligare arbetsmilj\u00f6. Ozonetechs l\u00f6sningar utvecklas enligt de senaste EU-standarderna f\u00f6r ventilation i kommersiella k\u00f6k. Klicka h\u00e4r f\u00f6r att l\u00e4sa och ladda ner.<\/p>\n<p style=\"text-align: left;\">Ozonetech erbjuder ett brett utbud av h\u00e5llbara och effektiva l\u00f6sningar f\u00f6r kommersiella k\u00f6k med h\u00f6g behandlingskapacitet f\u00f6r stora luftfl\u00f6den och kr\u00e4vande fettbelastningar i fr\u00e5nluften. V\u00e5ra l\u00f6sningar kan rena luften fr\u00e5n en eller flera k\u00e5por och lufthanteringsaggregat med l\u00e5ga driftskostnader och lite underh\u00e5ll.<\/p>\n<p style=\"text-align: left;\">L\u00e4s mer om v\u00e5ra l\u00f6sningar f\u00f6r behandling av k\u00f6ksfr\u00e5nluft:<\/p>\n        <\/div>\n    <\/div>\n<\/div>\n\n<\/section>\n\n\n\n<section class=\"block landing-page-grid\" style=\"--grid-bg: #fff; --grid-link: #5f5f5f; --grid-content: #000;\">\n\n    <div class=\"container-fluid grid\">\n\n                \n                    <div class=\"grid__list\">\n                                    <a class=\"item\" href=\"https:\/\/ozonetech.com\/sv\/applikationer\/storkok\/behandling-av-koksfranluft\/\" target=\"\">\n                        <span class=\"item__overlay\"><\/span>\n                        <span\n                            class=\"item__background-image\"\n                            style=\"background-image: url('https:\/\/ozonetech.com\/wp-content\/uploads\/2021\/02\/treating-kitchcen-exhaust-air-1.jpg');\"\n                        ><\/span>\n                        \n                        <span class=\"item__content\">\n                            <figure class=\"item__content--icon\">\n                                                            <\/figure>\n\n                            <span class=\"item__content--link\">\n                                <span>Luftbehandling i stork\u00f6k<\/span><svg version=\"1.1\" id=\"Layer_1\" xmlns=\"http:\/\/www.w3.org\/2000\/svg\" x=\"0\" y=\"0\" viewBox=\"0 0 25 21.76\" xml:space=\"preserve\"><path fill=\"#FF691C\" d=\"M12.17 1.45l1.11-1.1c.46-.47 1.22-.47 1.68 0l9.69 9.68c.47.46.47 1.22 0 1.68l-9.69 9.69c-.46.47-1.22.47-1.68 0l-1.11-1.11c-.47-.47-.46-1.23.01-1.7l.01-.01 6-5.72h-17c-.66 0-1.2-.53-1.2-1.19v-1.6c0-.66.53-1.2 1.19-1.2h17.01l-6-5.72c-.48-.45-.5-1.2-.05-1.68.01 0 .02-.01.03-.02z\"\/><\/svg>                            <\/span>\n                        <\/span>\n                    <\/a>\n                                    <a class=\"item\" href=\"https:\/\/ozonetech.com\/sv\/applikationer\/storkok\/standarder-och-rekommendationer\/\" target=\"\">\n                        <span class=\"item__overlay\"><\/span>\n                        <span\n                            class=\"item__background-image\"\n                            style=\"background-image: url('https:\/\/ozonetech.com\/wp-content\/uploads\/2021\/02\/Standards-and-regulations.jpg');\"\n                        ><\/span>\n                        \n                        <span class=\"item__content\">\n                            <figure class=\"item__content--icon\">\n                                                            <\/figure>\n\n                            <span class=\"item__content--link\">\n                                <span>Standarder och rekommendationer<\/span><svg version=\"1.1\" id=\"Layer_1\" xmlns=\"http:\/\/www.w3.org\/2000\/svg\" x=\"0\" y=\"0\" viewBox=\"0 0 25 21.76\" xml:space=\"preserve\"><path fill=\"#FF691C\" d=\"M12.17 1.45l1.11-1.1c.46-.47 1.22-.47 1.68 0l9.69 9.68c.47.46.47 1.22 0 1.68l-9.69 9.69c-.46.47-1.22.47-1.68 0l-1.11-1.11c-.47-.47-.46-1.23.01-1.7l.01-.01 6-5.72h-17c-.66 0-1.2-.53-1.2-1.19v-1.6c0-.66.53-1.2 1.19-1.2h17.01l-6-5.72c-.48-.45-.5-1.2-.05-1.68.01 0 .02-.01.03-.02z\"\/><\/svg>                            <\/span>\n                        <\/span>\n                    <\/a>\n                            <\/div>\n            <\/div>\n\n<\/section>","protected":false},"excerpt":{"rendered":"","protected":false},"author":42,"featured_media":0,"parent":14199,"menu_order":0,"comment_status":"closed","ping_status":"closed","template":"","meta":{"_acf_changed":false,"_seopress_robots_primary_cat":"","_seopress_titles_title":"","_seopress_titles_desc":"Att behandla stork\u00f6ksfr\u00e5nluft med ozon minskar brandrisken och milj\u00f6p\u00e5verkan, l\u00f6ser luktproblem och s\u00e4nker \u00e4gandekostnaden.","_seopress_robots_index":"","inline_featured_image":false,"footnotes":""},"class_list":["post-14777","page","type-page","status-publish","hentry"],"acf":[],"_links":{"self":[{"href":"https:\/\/ozonetech.com\/sv\/wp-json\/wp\/v2\/pages\/14777","targetHints":{"allow":["GET"]}}],"collection":[{"href":"https:\/\/ozonetech.com\/sv\/wp-json\/wp\/v2\/pages"}],"about":[{"href":"https:\/\/ozonetech.com\/sv\/wp-json\/wp\/v2\/types\/page"}],"author":[{"embeddable":true,"href":"https:\/\/ozonetech.com\/sv\/wp-json\/wp\/v2\/users\/42"}],"replies":[{"embeddable":true,"href":"https:\/\/ozonetech.com\/sv\/wp-json\/wp\/v2\/comments?post=14777"}],"version-history":[{"count":34,"href":"https:\/\/ozonetech.com\/sv\/wp-json\/wp\/v2\/pages\/14777\/revisions"}],"predecessor-version":[{"id":40229,"href":"https:\/\/ozonetech.com\/sv\/wp-json\/wp\/v2\/pages\/14777\/revisions\/40229"}],"up":[{"embeddable":true,"href":"https:\/\/ozonetech.com\/sv\/wp-json\/wp\/v2\/pages\/14199"}],"wp:attachment":[{"href":"https:\/\/ozonetech.com\/sv\/wp-json\/wp\/v2\/media?parent=14777"}],"curies":[{"name":"wp","href":"https:\/\/api.w.org\/{rel}","templated":true}]}}