{"id":14758,"date":"2021-01-08T11:54:32","date_gmt":"2021-01-08T10:54:32","guid":{"rendered":"https:\/\/ozonetech.com\/?page_id=14758"},"modified":"2024-10-10T09:14:36","modified_gmt":"2024-10-10T07:14:36","slug":"luftbehandling","status":"publish","type":"page","link":"https:\/\/ozonetech.com\/sv\/applikationer\/luftbehandling\/","title":{"rendered":"Luftbehandling"},"content":{"rendered":"\n<section\n    class=\"block hero hero--regular\"\n    style=\"background-image: url('https:\/\/ozonetech.com\/wp-content\/uploads\/2021\/03\/air-treatment-1-1600x484.jpg'); --hero-opacity: 0.2\"\n>\n\n    <div class=\"container-fluid\">\n\n        <div class=\"content editor_content\">\n                         \n                <h2 class='h1'>Luftbehandling<\/h2>            \n                    <\/div>\n\n            <\/div>\n<\/section>\n\n\n<section class=\"component component_breadcrumbs\">\n\t<div class=\"container-fluid\">\n  \t<\/div>\n<\/section>\n\n\n<section\n    id=\"\"\n    class=\"block content-block\"\n\tstyle=\"--cb-bg: #fff; --cb-content: #000; \"\n>\n    \n\n<div class=\"container-fluid editor_content content content--narrow\">\n    <div class=\"row\">\n        <div class=\"col-12 editor_content\">\n            <h1>Ett brett utbud av industriella luftbehandlingsapplikationer<\/h1>\n<h5 class=\"preamble\">Ozonetechs l\u00f6sningar och system kan anv\u00e4ndas i ett brett spektrum av industriella luftbehandlingsapplikationer d\u00e4r effektiva och milj\u00f6v\u00e4nliga metoder kr\u00e4vs. V\u00e5ra <a href=\"https:\/\/ozonetech.com\/sv\/losningar-system\/\">l\u00f6sningar och system<\/a> \u00e4r baserade p\u00e5 oxidering med ozon och\u00a0 minimerar eller helt eliminerar fett, lukt, f\u00f6roreningar och m\u00e5nga andra \u00e4mnen fr\u00e5n luften. V\u00e5ra ozonl\u00f6sningar \u00e4r ocks\u00e5 perfekta f\u00f6r att f\u00f6rebygga biologisk bel\u00e4ggning och <a href=\"https:\/\/ozonetech.com\/sv\/applikationer\/lukt-sanering\/virus-bakterier\/\">eliminera luftburna virus, bakterier och sporer<\/a>.<\/h5>\n<p>Ozonetechs applikationer anv\u00e4nds i m\u00e5nga industrier f\u00f6r att behandla omfattande luftf\u00f6roreningar och utmanande luktproblem som t.ex. inom <a href=\"https:\/\/mellifiq.com\/sv\/markets\/biogasanlaggningar\/\" target=\"_blank\" rel=\"noopener\">biogasindustrin<\/a> eller <a href=\"https:\/\/ozonetech.com\/sv\/applikationer\/luftbehandling\/pumpgropar\/\">pumpstationer<\/a>. V\u00e5ra desinficeringssystem anv\u00e4nds ocks\u00e5 f\u00f6r att eliminera luftburna patogener och desinficera ventilationssystem i byggnader. Vi erbjuder ocks\u00e5 applikationer som fungerar perfekt till olika processer inom <a href=\"https:\/\/mellifiq.com\/sv\/markets\/livsmedelindustri\/\" target=\"_blank\" rel=\"noopener\">livsmedelsproduktion<\/a>, till exempel desinfektion av lagringsutrymmen, transportfordon och under hela produktionsfasen och d\u00e4refter.<\/p>\n<p>V\u00e5ra mindre ozongeneratorer, <a href=\"https:\/\/ozonetech.com\/sv\/produkter\/ozongeneratorer\/act-serien\/\">ACT-serien<\/a>, \u00e4r v\u00e4lk\u00e4nda f\u00f6r sin f\u00f6rm\u00e5ga att behandla luktproblem i mindre utrymmen, som f\u00f6r <a href=\"https:\/\/ozonetech.com\/sv\/applikationer\/lukt-sanering\/luktproblem-i-soprum\/\">soprum<\/a>, <a href=\"https:\/\/ozonetech.com\/sv\/applikationer\/luftbehandling\/fettavskiljare-luktproblem\/\">fettavskiljare<\/a>, k\u00e4llare, r\u00f6krum, lager och slutna utrymmen som vanligtvis \u00e4r <a href=\"https:\/\/ozonetech.com\/sv\/applikationer\/lukt-sanering\/fuktskador\/\">fuktiga<\/a>.<\/p>\n<p>L\u00e4s mer om v\u00e5ra industriella applikationerna nedan. Om du letar efter en applikation som inte finns p\u00e5 listan eller om du vill f\u00e5 ett f\u00f6rslag, v\u00e4nligen <a href=\"https:\/\/ozonetech.com\/contact\/\">kontakta oss<\/a>.<\/p>\n        <\/div>\n    <\/div>\n<\/div>\n\n<\/section>\n\n\n\n<section class=\"block landing-page-grid\" style=\"--grid-bg: #fff; --grid-link: #5f5f5f; --grid-content: #000;\">\n\n    <div class=\"container-fluid grid\">\n\n                \n                    <div class=\"grid__list\">\n                                    <a class=\"item\" href=\"https:\/\/ozonetech.com\/sv\/applikationer\/luftbehandling\/luftdesinfektion\/\" target=\"\">\n                        <span class=\"item__overlay\"><\/span>\n                        <span\n                            class=\"item__background-image\"\n                            style=\"background-image: url('https:\/\/ozonetech.com\/wp-content\/uploads\/2021\/03\/air-disinfection-2.jpg');\"\n                        ><\/span>\n                        \n                        <span class=\"item__content\">\n                            <figure class=\"item__content--icon\">\n                                                            <\/figure>\n\n                            <span class=\"item__content--link\">\n                                <span>Luftdesinfektion<\/span><svg version=\"1.1\" id=\"Layer_1\" xmlns=\"http:\/\/www.w3.org\/2000\/svg\" x=\"0\" y=\"0\" viewBox=\"0 0 25 21.76\" xml:space=\"preserve\"><path fill=\"#FF691C\" d=\"M12.17 1.45l1.11-1.1c.46-.47 1.22-.47 1.68 0l9.69 9.68c.47.46.47 1.22 0 1.68l-9.69 9.69c-.46.47-1.22.47-1.68 0l-1.11-1.11c-.47-.47-.46-1.23.01-1.7l.01-.01 6-5.72h-17c-.66 0-1.2-.53-1.2-1.19v-1.6c0-.66.53-1.2 1.19-1.2h17.01l-6-5.72c-.48-.45-.5-1.2-.05-1.68.01 0 .02-.01.03-.02z\"\/><\/svg>                            <\/span>\n                        <\/span>\n                    <\/a>\n                                    <a class=\"item\" href=\"https:\/\/ozonetech.com\/sv\/applikationer\/luftbehandling\/ozonering-av-rotkammare\/\" target=\"\">\n                        <span class=\"item__overlay\"><\/span>\n                        <span\n                            class=\"item__background-image\"\n                            style=\"background-image: url('https:\/\/ozonetech.com\/wp-content\/uploads\/2021\/03\/digester-ozonation.jpg');\"\n                        ><\/span>\n                        \n                        <span class=\"item__content\">\n                            <figure class=\"item__content--icon\">\n                                                            <\/figure>\n\n                            <span class=\"item__content--link\">\n                                <span>Ozonering av r\u00f6tkammare<\/span><svg version=\"1.1\" id=\"Layer_1\" xmlns=\"http:\/\/www.w3.org\/2000\/svg\" x=\"0\" y=\"0\" viewBox=\"0 0 25 21.76\" xml:space=\"preserve\"><path fill=\"#FF691C\" d=\"M12.17 1.45l1.11-1.1c.46-.47 1.22-.47 1.68 0l9.69 9.68c.47.46.47 1.22 0 1.68l-9.69 9.69c-.46.47-1.22.47-1.68 0l-1.11-1.11c-.47-.47-.46-1.23.01-1.7l.01-.01 6-5.72h-17c-.66 0-1.2-.53-1.2-1.19v-1.6c0-.66.53-1.2 1.19-1.2h17.01l-6-5.72c-.48-.45-.5-1.2-.05-1.68.01 0 .02-.01.03-.02z\"\/><\/svg>                            <\/span>\n                        <\/span>\n                    <\/a>\n                                    <a class=\"item\" href=\"https:\/\/ozonetech.com\/sv\/applikationer\/luftbehandling\/fettavskiljare-luktproblem\/\" target=\"\">\n                        <span class=\"item__overlay\"><\/span>\n                        <span\n                            class=\"item__background-image\"\n                            style=\"background-image: url('https:\/\/ozonetech.com\/wp-content\/uploads\/2021\/03\/grease-trap-1.jpg');\"\n                        ><\/span>\n                        \n                        <span class=\"item__content\">\n                            <figure class=\"item__content--icon\">\n                                                            <\/figure>\n\n                            <span class=\"item__content--link\">\n                                <span>Fettavskiljare<\/span><svg version=\"1.1\" id=\"Layer_1\" xmlns=\"http:\/\/www.w3.org\/2000\/svg\" x=\"0\" y=\"0\" viewBox=\"0 0 25 21.76\" xml:space=\"preserve\"><path fill=\"#FF691C\" d=\"M12.17 1.45l1.11-1.1c.46-.47 1.22-.47 1.68 0l9.69 9.68c.47.46.47 1.22 0 1.68l-9.69 9.69c-.46.47-1.22.47-1.68 0l-1.11-1.11c-.47-.47-.46-1.23.01-1.7l.01-.01 6-5.72h-17c-.66 0-1.2-.53-1.2-1.19v-1.6c0-.66.53-1.2 1.19-1.2h17.01l-6-5.72c-.48-.45-.5-1.2-.05-1.68.01 0 .02-.01.03-.02z\"\/><\/svg>                            <\/span>\n                        <\/span>\n                    <\/a>\n                                    <a class=\"item\" href=\"https:\/\/ozonetech.com\/sv\/applikationer\/luftbehandling\/luktbehandling\/\" target=\"\">\n                        <span class=\"item__overlay\"><\/span>\n                        <span\n                            class=\"item__background-image\"\n                            style=\"background-image: url('https:\/\/ozonetech.com\/wp-content\/uploads\/2021\/03\/odor-control.jpg');\"\n                        ><\/span>\n                        \n                        <span class=\"item__content\">\n                            <figure class=\"item__content--icon\">\n                                                            <\/figure>\n\n                            <span class=\"item__content--link\">\n                                <span>Luktbehandling<\/span><svg version=\"1.1\" id=\"Layer_1\" xmlns=\"http:\/\/www.w3.org\/2000\/svg\" x=\"0\" y=\"0\" viewBox=\"0 0 25 21.76\" xml:space=\"preserve\"><path fill=\"#FF691C\" d=\"M12.17 1.45l1.11-1.1c.46-.47 1.22-.47 1.68 0l9.69 9.68c.47.46.47 1.22 0 1.68l-9.69 9.69c-.46.47-1.22.47-1.68 0l-1.11-1.11c-.47-.47-.46-1.23.01-1.7l.01-.01 6-5.72h-17c-.66 0-1.2-.53-1.2-1.19v-1.6c0-.66.53-1.2 1.19-1.2h17.01l-6-5.72c-.48-.45-.5-1.2-.05-1.68.01 0 .02-.01.03-.02z\"\/><\/svg>                            <\/span>\n                        <\/span>\n                    <\/a>\n                                    <a class=\"item\" href=\"https:\/\/ozonetech.com\/sv\/applikationer\/luftbehandling\/voc\/\" target=\"\">\n                        <span class=\"item__overlay\"><\/span>\n                        <span\n                            class=\"item__background-image\"\n                            style=\"background-image: url('https:\/\/ozonetech.com\/wp-content\/uploads\/2021\/03\/VOC-removal.jpg');\"\n                        ><\/span>\n                        \n                        <span class=\"item__content\">\n                            <figure class=\"item__content--icon\">\n                                                            <\/figure>\n\n                            <span class=\"item__content--link\">\n                                <span>VOC borttagning <\/span><svg version=\"1.1\" id=\"Layer_1\" xmlns=\"http:\/\/www.w3.org\/2000\/svg\" x=\"0\" y=\"0\" viewBox=\"0 0 25 21.76\" xml:space=\"preserve\"><path fill=\"#FF691C\" d=\"M12.17 1.45l1.11-1.1c.46-.47 1.22-.47 1.68 0l9.69 9.68c.47.46.47 1.22 0 1.68l-9.69 9.69c-.46.47-1.22.47-1.68 0l-1.11-1.11c-.47-.47-.46-1.23.01-1.7l.01-.01 6-5.72h-17c-.66 0-1.2-.53-1.2-1.19v-1.6c0-.66.53-1.2 1.19-1.2h17.01l-6-5.72c-.48-.45-.5-1.2-.05-1.68.01 0 .02-.01.03-.02z\"\/><\/svg>                            <\/span>\n                        <\/span>\n                    <\/a>\n                            <\/div>\n            <\/div>\n\n<\/section>","protected":false},"excerpt":{"rendered":"","protected":false},"author":42,"featured_media":0,"parent":14199,"menu_order":0,"comment_status":"closed","ping_status":"closed","template":"","meta":{"_acf_changed":false,"_seopress_robots_primary_cat":"","_seopress_titles_title":"","_seopress_titles_desc":"","_seopress_robots_index":"","inline_featured_image":false,"footnotes":""},"class_list":["post-14758","page","type-page","status-publish","hentry"],"acf":[],"_links":{"self":[{"href":"https:\/\/ozonetech.com\/sv\/wp-json\/wp\/v2\/pages\/14758","targetHints":{"allow":["GET"]}}],"collection":[{"href":"https:\/\/ozonetech.com\/sv\/wp-json\/wp\/v2\/pages"}],"about":[{"href":"https:\/\/ozonetech.com\/sv\/wp-json\/wp\/v2\/types\/page"}],"author":[{"embeddable":true,"href":"https:\/\/ozonetech.com\/sv\/wp-json\/wp\/v2\/users\/42"}],"replies":[{"embeddable":true,"href":"https:\/\/ozonetech.com\/sv\/wp-json\/wp\/v2\/comments?post=14758"}],"version-history":[{"count":71,"href":"https:\/\/ozonetech.com\/sv\/wp-json\/wp\/v2\/pages\/14758\/revisions"}],"predecessor-version":[{"id":40386,"href":"https:\/\/ozonetech.com\/sv\/wp-json\/wp\/v2\/pages\/14758\/revisions\/40386"}],"up":[{"embeddable":true,"href":"https:\/\/ozonetech.com\/sv\/wp-json\/wp\/v2\/pages\/14199"}],"wp:attachment":[{"href":"https:\/\/ozonetech.com\/sv\/wp-json\/wp\/v2\/media?parent=14758"}],"curies":[{"name":"wp","href":"https:\/\/api.w.org\/{rel}","templated":true}]}}