{"id":11867,"date":"2020-06-25T12:28:08","date_gmt":"2020-06-25T12:28:08","guid":{"rendered":"https:\/\/ozonetech.com\/hamburger-menu-downloads-company\/"},"modified":"2024-10-11T10:52:15","modified_gmt":"2024-10-11T08:52:15","slug":"ovriga-nedladdningar","status":"publish","type":"page","link":"https:\/\/ozonetech.com\/sv\/nedladdningar\/ovriga-nedladdningar\/","title":{"rendered":"\u00d6vriga nedladdningar"},"content":{"rendered":"\n<section\n    class=\"block hero hero--regular\"\n    style=\"background-image: url('https:\/\/ozonetech.com\/wp-content\/uploads\/2021\/03\/other-downloads-ots-1600x484.jpg'); --hero-opacity: 0.2\"\n>\n\n    <div class=\"container-fluid\">\n\n        <div class=\"content editor_content\">\n                         \n                <h2 class='h2'>\u00d6vriga nedladdningar<\/h2>            \n                    <\/div>\n\n            <\/div>\n<\/section>\n\n\n<section class=\"component component_breadcrumbs\">\n\t<div class=\"container-fluid\">\n  \t<\/div>\n<\/section>\n\n\n\n\n\n\n\n\n<section\n    id=\"\"\n    class=\"block content-block\"\n\tstyle=\"--cb-bg: white; --cb-content: #000; padding-top: 30px; padding-bottom: 30px;\"\n>\n    \n\n<div class=\"container-fluid editor_content content content--narrow\">\n    <div class=\"row\">\n        <div class=\"col-12 editor_content\">\n            <h1>En samling av \u00f6vriga nedladdningar<\/h1>\n<p class=\"preamble\" style=\"text-align: left;\">H\u00e4r hittar du alla v\u00e5ra \u00f6vriga broschyrer. Kontakta oss om du beh\u00f6ver ytterligare\u00a0<a href=\"https:\/\/ozonetech.com\/kontakt\/\">hj\u00e4lp<\/a>.<\/p>\n<p class=\"preamble\">L\u00e4s mer om v\u00e5ra referens projekt\u00a0<a href=\"https:\/\/mellifiq.com\/sv\/referensprojekt\/\" target=\"_blank\" rel=\"noopener\">h\u00e4r <\/a>(extern sida).<\/p>\n<p>&nbsp;<\/p>\n        <\/div>\n    <\/div>\n<\/div>\n\n<\/section>\n\n\n\n\n\n\n<section class=\"block downloads\"> \n    <div class=\"container-fluid\">\n        <div class=\"row\">\n            <div class=\"col-12 title\">\n                <h3 class='h3'>Broschyrer<\/h3>            <\/div>\n        <\/div>\n\n        <div class=\"row justify-content-center\">\n            <div class=\"col-lg-8\">\n                <div class=\"downloads\">\n                                                                        <div class=\"downloads__download\">\n                                <div class=\"downloads__download--image\">\n                                    <img loading=\"lazy\" decoding=\"async\" width=\"240\" height=\"339\" src=\"https:\/\/ozonetech.com\/wp-content\/uploads\/2021\/01\/entreprenor-magazine-first-page.png\" class=\"attachment-large size-large\" alt=\"\" srcset=\"https:\/\/ozonetech.com\/wp-content\/uploads\/2021\/01\/entreprenor-magazine-first-page.png 240w, https:\/\/ozonetech.com\/wp-content\/uploads\/2021\/01\/entreprenor-magazine-first-page-212x300.png 212w\" sizes=\"auto, (max-width: 240px) 100vw, 240px\" \/>                                <\/div>\n                                <div class=\"downloads__download--content\">\n                                    <h4><strong>S\u00e4rtryck &#8211; flyktingarna som blev pionj\u00e4rer inom milj\u00f6teknik<\/strong><\/h4>\n<p>Den h\u00e4r artikeln handlar om Ozonetechs historia, br\u00f6derna Gilanpours starka entrepren\u00f6rsanda, deras innovativa teknik och priset som \u00c5rets Entrepren\u00f6r utdelat av Konung Carl XVI Gustaf p\u00e5 Kungliga Slottet i Stockholm<\/p>\n                                                                            <div class=\"downloads__download--files\">\n                                            <svg version=\"1.1\" id=\"Layer_1\" xmlns=\"http:\/\/www.w3.org\/2000\/svg\" x=\"0\" y=\"0\" viewBox=\"0 0 20.83 25\" xml:space=\"preserve\"><path fill=\"currentColor\" d=\"M20.83 8.82h-5.95V0H5.95v8.82H0l10.42 10.29L20.83 8.82zM0 22.06V25h20.83v-2.94H0z\"\/><\/svg>                                            <span>Ladda ned<\/span>\n                                                                                            <a target=\"_blank\" href=\"https:\/\/ozonetech.com\/wp-content\/uploads\/2020\/12\/Offprint-Entreprenor-v1.0-SV-web.pdf\">\n                                                    Svenska                                                <\/a>\n                                                                                    <\/div>\n                                                                    <\/div>\n                            <\/div>\n                                                    <div class=\"downloads__download\">\n                                <div class=\"downloads__download--image\">\n                                    <img loading=\"lazy\" decoding=\"async\" width=\"240\" height=\"298\" src=\"https:\/\/ozonetech.com\/wp-content\/uploads\/2021\/01\/automation-magazine-front-page.png\" class=\"attachment-large size-large\" alt=\"\" \/>                                <\/div>\n                                <div class=\"downloads__download--content\">\n                                    <h4><strong>S\u00e4rtryck \u2013 artikel om prestigeuppdraget att installera 25 RENA system p\u00e5 Mall of Scandinavia\u00a0<\/strong><\/h4>\n<p>En inneh\u00e5llsrik fyrsidig artikel av journalisten Dagmar Zitkova.<\/p>\n                                                                            <div class=\"downloads__download--files\">\n                                            <svg version=\"1.1\" id=\"Layer_1\" xmlns=\"http:\/\/www.w3.org\/2000\/svg\" x=\"0\" y=\"0\" viewBox=\"0 0 20.83 25\" xml:space=\"preserve\"><path fill=\"currentColor\" d=\"M20.83 8.82h-5.95V0H5.95v8.82H0l10.42 10.29L20.83 8.82zM0 22.06V25h20.83v-2.94H0z\"\/><\/svg>                                            <span>Ladda ned<\/span>\n                                                                                            <a target=\"_blank\" href=\"https:\/\/ozonetech.com\/wp-content\/uploads\/2020\/12\/Offprint-Automation-v1.0-SV-web.pdf\">\n                                                    Svenska                                                <\/a>\n                                                                                    <\/div>\n                                                                    <\/div>\n                            <\/div>\n                                                    <div class=\"downloads__download\">\n                                <div class=\"downloads__download--image\">\n                                    <img loading=\"lazy\" decoding=\"async\" width=\"240\" height=\"340\" src=\"https:\/\/ozonetech.com\/wp-content\/uploads\/2021\/01\/Vision-fresh-air-clean-water-brochure-front-page.png\" class=\"attachment-large size-large\" alt=\"\" srcset=\"https:\/\/ozonetech.com\/wp-content\/uploads\/2021\/01\/Vision-fresh-air-clean-water-brochure-front-page.png 240w, https:\/\/ozonetech.com\/wp-content\/uploads\/2021\/01\/Vision-fresh-air-clean-water-brochure-front-page-212x300.png 212w\" sizes=\"auto, (max-width: 240px) 100vw, 240px\" \/>                                <\/div>\n                                <div class=\"downloads__download--content\">\n                                    <h4><strong>H\u00e5ll Sverige Rent-kampanjen var upphovet till Ozontechs vision\u00a0<\/strong><\/h4>\n<p>Den l\u00e5ngvariga kampanjen &#8221;H\u00e5ll Sverige Rent\u201d inspirerade br\u00f6derna Gilanpour att starta Ozonetech med fokus p\u00e5 luft- och vattenrening. Tjugo \u00e5r senare g\u00f6r f\u00f6retaget just det \u2013 men p\u00e5 sex kontinenter.<\/p>\n                                                                            <div class=\"downloads__download--files\">\n                                            <svg version=\"1.1\" id=\"Layer_1\" xmlns=\"http:\/\/www.w3.org\/2000\/svg\" x=\"0\" y=\"0\" viewBox=\"0 0 20.83 25\" xml:space=\"preserve\"><path fill=\"currentColor\" d=\"M20.83 8.82h-5.95V0H5.95v8.82H0l10.42 10.29L20.83 8.82zM0 22.06V25h20.83v-2.94H0z\"\/><\/svg>                                            <span>Ladda ned<\/span>\n                                                                                            <a target=\"_blank\" href=\"https:\/\/ozonetech.com\/wp-content\/uploads\/2020\/12\/Brochure-Vision-v1.0-EN-web.pdf\">\n                                                    Engelska                                                <\/a>\n                                                                                            <a target=\"_blank\" href=\"https:\/\/ozonetech.com\/wp-content\/uploads\/2020\/12\/Brochure-Vision-v1.0-SV-web.pdf\">\n                                                    Svenska                                                <\/a>\n                                                                                            <a target=\"_blank\" href=\"https:\/\/ozonetech.com\/wp-content\/uploads\/2020\/12\/Brochure-Vision-v1.0-DE-web.pdf\">\n                                                    Tyska                                                <\/a>\n                                                                                    <\/div>\n                                                                    <\/div>\n                            <\/div>\n                                                    <div class=\"downloads__download\">\n                                <div class=\"downloads__download--image\">\n                                    <img loading=\"lazy\" decoding=\"async\" width=\"240\" height=\"342\" src=\"https:\/\/ozonetech.com\/wp-content\/uploads\/2021\/01\/fresh-air-clean-water-simple-brochure-front-page.png\" class=\"attachment-large size-large\" alt=\"\" srcset=\"https:\/\/ozonetech.com\/wp-content\/uploads\/2021\/01\/fresh-air-clean-water-simple-brochure-front-page.png 240w, https:\/\/ozonetech.com\/wp-content\/uploads\/2021\/01\/fresh-air-clean-water-simple-brochure-front-page-211x300.png 211w\" sizes=\"auto, (max-width: 240px) 100vw, 240px\" \/>                                <\/div>\n                                <div class=\"downloads__download--content\">\n                                    <h4><strong>En kompakt guide till var ozon kan anv\u00e4ndas\u00a0<\/strong><\/h4>\n<p>Ozon \u00e4r en m\u00e5ngsidig kraftfull oxidant som g\u00f6r v\u00e4rlden mer h\u00e5llbar. Broschyren ger en kort \u00f6versikt \u00f6ver var man ska anv\u00e4nda ozon &#8211; och f\u00f6r vilka \u00e4ndam\u00e5l.<\/p>\n                                                                            <div class=\"downloads__download--files\">\n                                            <svg version=\"1.1\" id=\"Layer_1\" xmlns=\"http:\/\/www.w3.org\/2000\/svg\" x=\"0\" y=\"0\" viewBox=\"0 0 20.83 25\" xml:space=\"preserve\"><path fill=\"currentColor\" d=\"M20.83 8.82h-5.95V0H5.95v8.82H0l10.42 10.29L20.83 8.82zM0 22.06V25h20.83v-2.94H0z\"\/><\/svg>                                            <span>Ladda ned<\/span>\n                                                                                            <a target=\"_blank\" href=\"https:\/\/ozonetech.com\/wp-content\/uploads\/2020\/12\/Brochure-B2B-v1.0-EN-web.pdf\">\n                                                    Engelska                                                <\/a>\n                                                                                            <a target=\"_blank\" href=\"https:\/\/ozonetech.com\/wp-content\/uploads\/2020\/12\/Brochure-B2B-v1.0-SV-web.pdf\">\n                                                    Svenska                                                <\/a>\n                                                                                            <a target=\"_blank\" href=\"https:\/\/ozonetech.com\/wp-content\/uploads\/2020\/12\/Brochure-B2B-v1.0-DE-web.pdf\">\n                                                    Tyska                                                <\/a>\n                                                                                            <a target=\"_blank\" href=\"https:\/\/ozonetech.com\/wp-content\/uploads\/2020\/12\/Brochure-B2B-v1.0-FI-web.pdf\">\n                                                    Finska                                                <\/a>\n                                                                                    <\/div>\n                                                                    <\/div>\n                            <\/div>\n                                                            <\/div>\n            <\/div>\n        <\/div>\n    <\/div>\n<\/section>\n","protected":false},"excerpt":{"rendered":"","protected":false},"author":21,"featured_media":0,"parent":11766,"menu_order":0,"comment_status":"closed","ping_status":"closed","template":"","meta":{"_acf_changed":false,"_seopress_robots_primary_cat":"","_seopress_titles_title":"","_seopress_titles_desc":"H\u00e4r kan du hitta och ladda ner alla v\u00e5ra broschyrer f\u00f6r f\u00f6retag. L\u00e5t oss veta om du beh\u00f6ver ytterligare hj\u00e4lp.","_seopress_robots_index":"","inline_featured_image":false,"footnotes":""},"class_list":["post-11867","page","type-page","status-publish","hentry"],"acf":[],"_links":{"self":[{"href":"https:\/\/ozonetech.com\/sv\/wp-json\/wp\/v2\/pages\/11867","targetHints":{"allow":["GET"]}}],"collection":[{"href":"https:\/\/ozonetech.com\/sv\/wp-json\/wp\/v2\/pages"}],"about":[{"href":"https:\/\/ozonetech.com\/sv\/wp-json\/wp\/v2\/types\/page"}],"author":[{"embeddable":true,"href":"https:\/\/ozonetech.com\/sv\/wp-json\/wp\/v2\/users\/21"}],"replies":[{"embeddable":true,"href":"https:\/\/ozonetech.com\/sv\/wp-json\/wp\/v2\/comments?post=11867"}],"version-history":[{"count":39,"href":"https:\/\/ozonetech.com\/sv\/wp-json\/wp\/v2\/pages\/11867\/revisions"}],"predecessor-version":[{"id":41401,"href":"https:\/\/ozonetech.com\/sv\/wp-json\/wp\/v2\/pages\/11867\/revisions\/41401"}],"up":[{"embeddable":true,"href":"https:\/\/ozonetech.com\/sv\/wp-json\/wp\/v2\/pages\/11766"}],"wp:attachment":[{"href":"https:\/\/ozonetech.com\/sv\/wp-json\/wp\/v2\/media?parent=11867"}],"curies":[{"name":"wp","href":"https:\/\/api.w.org\/{rel}","templated":true}]}}