{"id":11848,"date":"2020-06-26T08:20:32","date_gmt":"2020-06-26T08:20:32","guid":{"rendered":"https:\/\/ozonetech.com\/hamburger-menu-downloads-science-engineering\/"},"modified":"2024-10-11T10:43:10","modified_gmt":"2024-10-11T08:43:10","slug":"ozonteknik-vetenskap","status":"publish","type":"page","link":"https:\/\/ozonetech.com\/sv\/nedladdningar\/ozonteknik-vetenskap\/","title":{"rendered":"Ozonvetenskap och teknik"},"content":{"rendered":"\n<section\n    class=\"block hero hero--regular\"\n    style=\"background-image: url('https:\/\/ozonetech.com\/wp-content\/uploads\/2021\/03\/engineering-services-tech-1600x484.jpg'); --hero-opacity: 0.3\"\n>\n\n    <div class=\"container-fluid\">\n\n        <div class=\"content editor_content\">\n                         \n                <h2 class='h2'>Ozonvetenskap och teknik<\/h2>            \n                    <\/div>\n\n            <\/div>\n<\/section>\n\n\n<section class=\"component component_breadcrumbs\">\n\t<div class=\"container-fluid\">\n  \t<\/div>\n<\/section>\n\n\n<section\n    id=\"\"\n    class=\"block content-block\"\n\tstyle=\"--cb-bg: white; --cb-content: #000; padding-top: 30px; padding-bottom: 30px;\"\n>\n    \n\n<div class=\"container-fluid editor_content content content--narrow\">\n    <div class=\"row\">\n        <div class=\"col-12 editor_content\">\n            <h1>En samling av vetenskapliga artiklar och \u201cwhite papers\u201d<\/h1>\n<p class=\"preamble\" style=\"text-align: left;\">I denna sektion samlar vi internt producerade artiklar om v\u00e5r teknik och expertkunskap, samt oberoende externt tillg\u00e4ngliga rapporter om ozon och dess beskaffenhet och till\u00e4mplingar. L\u00e4s mer samt ladda ner dessa dokument i sektionerna nedan. Kontakta oss om du beh\u00f6ver ytterligare\u00a0<a href=\"https:\/\/ozonetech.com\/kontakt\/\" target=\"_blank\" rel=\"noopener\">hj\u00e4lp<\/a>.<\/p>\n        <\/div>\n    <\/div>\n<\/div>\n\n<\/section>\n\n\n\n<section class=\"block downloads\"> \n    <div class=\"container-fluid\">\n        <div class=\"row\">\n            <div class=\"col-12 title\">\n                <h3 class='h3'>Scientific research<\/h3>            <\/div>\n        <\/div>\n\n        <div class=\"row justify-content-center\">\n            <div class=\"col-lg-8\">\n                <div class=\"downloads\">\n                                                                        <div class=\"downloads__download\">\n                                <div class=\"downloads__download--image\">\n                                    <img loading=\"lazy\" decoding=\"async\" width=\"306\" height=\"460\" src=\"https:\/\/ozonetech.com\/wp-content\/uploads\/2021\/01\/uv-treatment-kitchen-exhaust-research-front-page.png\" class=\"attachment-large size-large\" alt=\"\" srcset=\"https:\/\/ozonetech.com\/wp-content\/uploads\/2021\/01\/uv-treatment-kitchen-exhaust-research-front-page.png 306w, https:\/\/ozonetech.com\/wp-content\/uploads\/2021\/01\/uv-treatment-kitchen-exhaust-research-front-page-200x300.png 200w\" sizes=\"auto, (max-width: 306px) 100vw, 306px\" \/>                                <\/div>\n                                <div class=\"downloads__download--content\">\n                                    <h4>Myths about UV treatment for kitchen exhausts<\/h4>\n<p>I det dokumentet presenteras olika metoder som anv\u00e4nder UV-ljus f\u00f6r att avl\u00e4gsna lukt och fett som sl\u00e4pps ut fr\u00e5n k\u00f6ksfr\u00e5nluft och prestenterar fem vanliga myter om UV-behandling &#8211; som fortfarande p\u00e5verkar dagens marknad.<\/p>\n                                                                            <span>Ladda ned<\/span>\n                                        <a target='_blank' href='https:\/\/www.mellifiq.com\/sv\/kontakt' >Enbart p\u00e5 f\u00f6rfr\u00e5gan<\/a>                                                                    <\/div>\n                            <\/div>\n                                                    <div class=\"downloads__download\">\n                                <div class=\"downloads__download--image\">\n                                    <img loading=\"lazy\" decoding=\"async\" width=\"306\" height=\"460\" src=\"https:\/\/ozonetech.com\/wp-content\/uploads\/2021\/01\/h2s-removal-research-front-page.png\" class=\"attachment-large size-large\" alt=\"\" srcset=\"https:\/\/ozonetech.com\/wp-content\/uploads\/2021\/01\/h2s-removal-research-front-page.png 306w, https:\/\/ozonetech.com\/wp-content\/uploads\/2021\/01\/h2s-removal-research-front-page-200x300.png 200w\" sizes=\"auto, (max-width: 306px) 100vw, 306px\" \/>                                <\/div>\n                                <div class=\"downloads__download--content\">\n                                    <h4>Technologies comparison for hydrogen sulfide (H2S) removal<\/h4>\n<p>Detta dokument presenterar en j\u00e4mf\u00f6relse mellan tv\u00e5 tekniker &#8211; adsorption och katalytisk oxidation &#8211; med faktorer som \u00e4r relevanta f\u00f6r att v\u00e4lja den mest kostnadseffektiva metoden.<\/p>\n                                                                            <span>Ladda ned<\/span>\n                                        <a target='_blank' href='https:\/\/www.mellifiq.com\/sv\/kontakt' >Enbart p\u00e5 f\u00f6rfr\u00e5gan<\/a>                                                                    <\/div>\n                            <\/div>\n                                                    <div class=\"downloads__download\">\n                                <div class=\"downloads__download--image\">\n                                    <img loading=\"lazy\" decoding=\"async\" width=\"306\" height=\"460\" src=\"https:\/\/ozonetech.com\/wp-content\/uploads\/2021\/01\/hels-ozone-technology-research-front-page.png\" class=\"attachment-large size-large\" alt=\"\" srcset=\"https:\/\/ozonetech.com\/wp-content\/uploads\/2021\/01\/hels-ozone-technology-research-front-page.png 306w, https:\/\/ozonetech.com\/wp-content\/uploads\/2021\/01\/hels-ozone-technology-research-front-page-200x300.png 200w\" sizes=\"auto, (max-width: 306px) 100vw, 306px\" \/>                                <\/div>\n                                <div class=\"downloads__download--content\">\n                                    <h4>Welcome to HELS &#8211; Reliable, efficient and electrode-free ozone technology<\/h4>\n<p>Visste du att v\u00e5r ozonteknik \u00e4r unik och erbjuder de mest kompakta ozongeneratorerna p\u00e5 marknaden? Den h\u00e4r vitboken belyser de viktigaste funktionerna som g\u00f6r v\u00e5ra system och produkter speciella.<\/p>\n                                                                            <span>Ladda ned<\/span>\n                                        <a target='_blank' href='https:\/\/www.mellifiq.com\/sv\/kontakt' >Enbart p\u00e5 f\u00f6rfr\u00e5gan<\/a>                                                                    <\/div>\n                            <\/div>\n                                                    <div class=\"downloads__download\">\n                                <div class=\"downloads__download--image\">\n                                    <img loading=\"lazy\" decoding=\"async\" width=\"300\" height=\"460\" src=\"https:\/\/ozonetech.com\/wp-content\/uploads\/2021\/01\/white_paper_-_design_of_waterresearch-front-page.png\" class=\"attachment-large size-large\" alt=\"\" srcset=\"https:\/\/ozonetech.com\/wp-content\/uploads\/2021\/01\/white_paper_-_design_of_waterresearch-front-page.png 300w, https:\/\/ozonetech.com\/wp-content\/uploads\/2021\/01\/white_paper_-_design_of_waterresearch-front-page-196x300.png 196w\" sizes=\"auto, (max-width: 300px) 100vw, 300px\" \/>                                <\/div>\n                                <div class=\"downloads__download--content\">\n                                    <h4>Utformning av h\u00f6ga effektivitetssystem f\u00f6r ozonvatten &#8211; centrala faktorer f\u00f6r framg\u00e5ng<\/h4>\n<p>Ozonvattenbehandling \u00e4r en v\u00e4xande marknad. Men m\u00e5nga faktorer m\u00e5ste beaktas f\u00f6r att verkligen lyckas med genomf\u00f6randet, tillf\u00f6rlitliga resultat och h\u00f6gsta m\u00f6jliga effektivitet. Ozonetech levererar kompletta nyckelsystem med alla aspekter av h\u00f6g prestanda. L\u00e4s om hur vi g\u00f6r det i den h\u00e4r rapporten.<\/p>\n                                                                            <span>Ladda ned<\/span>\n                                        <a target='_blank' href='https:\/\/www.mellifiq.com\/sv\/kontakt' >Enbart p\u00e5 f\u00f6rfr\u00e5gan<\/a>                                                                    <\/div>\n                            <\/div>\n                                                    <div class=\"downloads__download\">\n                                <div class=\"downloads__download--image\">\n                                    <img loading=\"lazy\" decoding=\"async\" width=\"306\" height=\"460\" src=\"https:\/\/ozonetech.com\/wp-content\/uploads\/2021\/01\/mcdonalds-research-front-page.png\" class=\"attachment-large size-large\" alt=\"\" srcset=\"https:\/\/ozonetech.com\/wp-content\/uploads\/2021\/01\/mcdonalds-research-front-page.png 306w, https:\/\/ozonetech.com\/wp-content\/uploads\/2021\/01\/mcdonalds-research-front-page-200x300.png 200w\" sizes=\"auto, (max-width: 306px) 100vw, 306px\" \/>                                <\/div>\n                                <div class=\"downloads__download--content\">\n                                    <h4>12 months report from McDonald\u2019s, Kivikko Finland<\/h4>\n<p>The report is produced by Are Oy, a Finnish building and maintenance services company. It provides photos taken at four occasions of kitchen ducts without our ozone treatment, before and after manual cleaning by Are Oy. It also provides photos at the same four occasions of the ducts where our ozone treatment has been installed. The difference is obvious.<\/p>\n                                                                            <span>Ladda ned<\/span>\n                                        <a target='_blank' href='https:\/\/www.mellifiq.com\/sv\/kontakt' >Enbart p\u00e5 f\u00f6rfr\u00e5gan<\/a>                                                                    <\/div>\n                            <\/div>\n                                                    <div class=\"downloads__download\">\n                                <div class=\"downloads__download--image\">\n                                    <img loading=\"lazy\" decoding=\"async\" width=\"306\" height=\"460\" src=\"https:\/\/ozonetech.com\/wp-content\/uploads\/2021\/01\/nox-emissions-research-front-page.png\" class=\"attachment-large size-large\" alt=\"\" srcset=\"https:\/\/ozonetech.com\/wp-content\/uploads\/2021\/01\/nox-emissions-research-front-page.png 306w, https:\/\/ozonetech.com\/wp-content\/uploads\/2021\/01\/nox-emissions-research-front-page-200x300.png 200w\" sizes=\"auto, (max-width: 306px) 100vw, 306px\" \/>                                <\/div>\n                                <div class=\"downloads__download--content\">\n                                    <h4>NOx emissions and HNO<sub>3<\/sub> formation: air pollution with analysis of air-fed ozone generators<\/h4>\n<p>Denna rapport granskar faran som orsakas av NOx-luftutsl\u00e4pp, med s\u00e4rskild uppm\u00e4rksamhet p\u00e5 det potentiella bidraget fr\u00e5n luftmatade ozongeneratorer.<\/p>\n                                                                            <span>Ladda ned<\/span>\n                                        <a target='_blank' href='https:\/\/www.mellifiq.com\/sv\/kontakt' >Enbart p\u00e5 f\u00f6rfr\u00e5gan<\/a>                                                                    <\/div>\n                            <\/div>\n                                                    <div class=\"downloads__download\">\n                                <div class=\"downloads__download--image\">\n                                    <img loading=\"lazy\" decoding=\"async\" width=\"306\" height=\"460\" src=\"https:\/\/ozonetech.com\/wp-content\/uploads\/2021\/01\/corona-discharge-ozone-research-front-page.png\" class=\"attachment-large size-large\" alt=\"\" srcset=\"https:\/\/ozonetech.com\/wp-content\/uploads\/2021\/01\/corona-discharge-ozone-research-front-page.png 306w, https:\/\/ozonetech.com\/wp-content\/uploads\/2021\/01\/corona-discharge-ozone-research-front-page-200x300.png 200w\" sizes=\"auto, (max-width: 306px) 100vw, 306px\" \/>                                <\/div>\n                                <div class=\"downloads__download--content\">\n                                    <h4>Literature Evaluation of Corona Discharge Ozone Generator By-products<\/h4>\n<p>P\u00e5 beg\u00e4ran av Ozonetech har Exponent International Ltd utf\u00f6rt en litteraturutv\u00e4rdering av de typiska biprodukter som produceras efter ozonbildning genom koronaurladdning.<\/p>\n                                                                            <span>Ladda ned<\/span>\n                                        <a target='_blank' href='https:\/\/www.mellifiq.com\/sv\/kontakt' >Enbart p\u00e5 f\u00f6rfr\u00e5gan<\/a>                                                                    <\/div>\n                            <\/div>\n                                                    <div class=\"downloads__download\">\n                                <div class=\"downloads__download--image\">\n                                    <img loading=\"lazy\" decoding=\"async\" width=\"328\" height=\"460\" src=\"https:\/\/ozonetech.com\/wp-content\/uploads\/2021\/01\/epa-water_treatment_manual-research-front-page.png\" class=\"attachment-large size-large\" alt=\"\" srcset=\"https:\/\/ozonetech.com\/wp-content\/uploads\/2021\/01\/epa-water_treatment_manual-research-front-page.png 328w, https:\/\/ozonetech.com\/wp-content\/uploads\/2021\/01\/epa-water_treatment_manual-research-front-page-214x300.png 214w, https:\/\/ozonetech.com\/wp-content\/uploads\/2021\/01\/epa-water_treatment_manual-research-front-page-170x238.png 170w\" sizes=\"auto, (max-width: 328px) 100vw, 328px\" \/>                                <\/div>\n                                <div class=\"downloads__download--content\">\n                                    <h4>Environmental Protection Agency &#8211; Water Treatment Manual: Disinfection<\/h4>\n<p>Desinfektion av dricksvatten v\u00e4rlden \u00f6ver sker i dag med stora insatser och h\u00f6ga risker. I denna rapport j\u00e4mf\u00f6rs alla idag tillg\u00e4ngliga desinfektionsteknologier. De oberoende studierna bekr\u00e4ftar att ozon \u00e4r den mest effektiva kommersiellt tillg\u00e4ngliga desinfektionsmetoden idag. Rapporten kvantifierar de viktigaste resultatindikatorerna och ger en \u00f6versikt \u00f6ver de tekniska utmaningar som r\u00f6r de olika teknikerna.<\/p>\n                                                                            <div class=\"downloads__download--files\">\n                                            <svg version=\"1.1\" id=\"Layer_1\" xmlns=\"http:\/\/www.w3.org\/2000\/svg\" x=\"0\" y=\"0\" viewBox=\"0 0 20.83 25\" xml:space=\"preserve\"><path fill=\"currentColor\" d=\"M20.83 8.82h-5.95V0H5.95v8.82H0l10.42 10.29L20.83 8.82zM0 22.06V25h20.83v-2.94H0z\"\/><\/svg>                                            <span>Ladda ned<\/span>\n                                                                                            <a target=\"_blank\" href=\"https:\/\/ozonetech.com\/wp-content\/uploads\/2020\/12\/2011-EPA-Water-treatment-manual-disinfection_compressed-2.pdf\">\n                                                    Engelska                                                <\/a>\n                                                                                    <\/div>\n                                                                    <\/div>\n                            <\/div>\n                                                    <div class=\"downloads__download\">\n                                <div class=\"downloads__download--image\">\n                                    <img loading=\"lazy\" decoding=\"async\" width=\"327\" height=\"460\" src=\"https:\/\/ozonetech.com\/wp-content\/uploads\/2021\/01\/who-_water_treatment_pathogen_control-research-front-page.png\" class=\"attachment-large size-large\" alt=\"\" srcset=\"https:\/\/ozonetech.com\/wp-content\/uploads\/2021\/01\/who-_water_treatment_pathogen_control-research-front-page.png 327w, https:\/\/ozonetech.com\/wp-content\/uploads\/2021\/01\/who-_water_treatment_pathogen_control-research-front-page-213x300.png 213w, https:\/\/ozonetech.com\/wp-content\/uploads\/2021\/01\/who-_water_treatment_pathogen_control-research-front-page-240x339.png 240w, https:\/\/ozonetech.com\/wp-content\/uploads\/2021\/01\/who-_water_treatment_pathogen_control-research-front-page-170x238.png 170w\" sizes=\"auto, (max-width: 327px) 100vw, 327px\" \/>                                <\/div>\n                                <div class=\"downloads__download--content\">\n                                    <h4>WHO &#8211; vattenbehandling och patogenkontroll<\/h4>\n<p>Denna WHO-rapport diskuterar framg\u00e5ngsfaktorer effektiv eliminering av patogener i dricksvatten, som \u00e4r ett stort problem v\u00e4rlden \u00f6ver. Ozon framh\u00e5lls som en s\u00e4ker, bepr\u00f6vad och p\u00e5litlig metod f\u00f6r att eliminera hela spektret av patogener.<\/p>\n                                                                            <div class=\"downloads__download--files\">\n                                            <svg version=\"1.1\" id=\"Layer_1\" xmlns=\"http:\/\/www.w3.org\/2000\/svg\" x=\"0\" y=\"0\" viewBox=\"0 0 20.83 25\" xml:space=\"preserve\"><path fill=\"currentColor\" d=\"M20.83 8.82h-5.95V0H5.95v8.82H0l10.42 10.29L20.83 8.82zM0 22.06V25h20.83v-2.94H0z\"\/><\/svg>                                            <span>Ladda ned<\/span>\n                                                                                            <a target=\"_blank\" href=\"https:\/\/ozonetech.com\/wp-content\/uploads\/2020\/12\/2001-WHO-Water-Treatment-and-Pathogen-Control.pdf\">\n                                                    Engelska                                                <\/a>\n                                                                                    <\/div>\n                                                                    <\/div>\n                            <\/div>\n                                                            <\/div>\n            <\/div>\n        <\/div>\n    <\/div>\n<\/section>\n","protected":false},"excerpt":{"rendered":"","protected":false},"author":21,"featured_media":0,"parent":11766,"menu_order":0,"comment_status":"closed","ping_status":"closed","template":"","meta":{"_acf_changed":false,"_seopress_robots_primary_cat":"","_seopress_titles_title":"","_seopress_titles_desc":"H\u00e4r kan du hitta internt producerade artiklar om v\u00e5r teknik och expertkunskap, samt oberoende externt tillg\u00e4ngliga rapporter om ozon.","_seopress_robots_index":"","inline_featured_image":false,"footnotes":""},"class_list":["post-11848","page","type-page","status-publish","hentry"],"acf":[],"_links":{"self":[{"href":"https:\/\/ozonetech.com\/sv\/wp-json\/wp\/v2\/pages\/11848","targetHints":{"allow":["GET"]}}],"collection":[{"href":"https:\/\/ozonetech.com\/sv\/wp-json\/wp\/v2\/pages"}],"about":[{"href":"https:\/\/ozonetech.com\/sv\/wp-json\/wp\/v2\/types\/page"}],"author":[{"embeddable":true,"href":"https:\/\/ozonetech.com\/sv\/wp-json\/wp\/v2\/users\/21"}],"replies":[{"embeddable":true,"href":"https:\/\/ozonetech.com\/sv\/wp-json\/wp\/v2\/comments?post=11848"}],"version-history":[{"count":45,"href":"https:\/\/ozonetech.com\/sv\/wp-json\/wp\/v2\/pages\/11848\/revisions"}],"predecessor-version":[{"id":41370,"href":"https:\/\/ozonetech.com\/sv\/wp-json\/wp\/v2\/pages\/11848\/revisions\/41370"}],"up":[{"embeddable":true,"href":"https:\/\/ozonetech.com\/sv\/wp-json\/wp\/v2\/pages\/11766"}],"wp:attachment":[{"href":"https:\/\/ozonetech.com\/sv\/wp-json\/wp\/v2\/media?parent=11848"}],"curies":[{"name":"wp","href":"https:\/\/api.w.org\/{rel}","templated":true}]}}