{"id":11833,"date":"2020-06-26T07:45:29","date_gmt":"2020-06-26T07:45:29","guid":{"rendered":"https:\/\/ozonetech.com\/hamburger-menu-downloads-odor-and-sanitation\/"},"modified":"2024-10-11T10:37:11","modified_gmt":"2024-10-11T08:37:11","slug":"lukt-och-sanering","status":"publish","type":"page","link":"https:\/\/ozonetech.com\/sv\/nedladdningar\/lukt-och-sanering\/","title":{"rendered":"Lukt och sanering nedladdningar"},"content":{"rendered":"\n<section\n    class=\"block hero hero--regular\"\n    style=\"background-image: url('https:\/\/ozonetech.com\/wp-content\/uploads\/2021\/03\/odor-and-sanitation-1-1600x484.jpg'); --hero-opacity: 0.3\"\n>\n\n    <div class=\"container-fluid\">\n\n        <div class=\"content editor_content\">\n                         \n                <h2 class='h2'>Lukt och sanering nedladdningar<\/h2>            \n                    <\/div>\n\n            <\/div>\n<\/section>\n\n\n<section class=\"component component_breadcrumbs\">\n\t<div class=\"container-fluid\">\n  \t<\/div>\n<\/section>\n\n\n<section\n    id=\"\"\n    class=\"block content-block\"\n\tstyle=\"--cb-bg: white; --cb-content: #000; padding-top: 30px; padding-bottom: 30px;\"\n>\n    \n\n<div class=\"container-fluid editor_content content content--narrow\">\n    <div class=\"row\">\n        <div class=\"col-12 editor_content\">\n            <h1>En samling av lukt och sanering nedladdningar<\/h1>\n<p class=\"preamble\">H\u00e4r hittar du alla broschyrer om lukt och sanering. Kontakta oss om du beh\u00f6ver ytterligare <a href=\"https:\/\/ozonetech.com\/kontakt\/\">hj\u00e4lp<\/a>.<\/p>\n<p class=\"preamble\">L\u00e4s mer om v\u00e5ra referens projekt <a href=\"https:\/\/mellifiq.com\/sv\/referensprojekt\/\" target=\"_blank\" rel=\"noopener\">h\u00e4r<\/a> (extern sida).<\/p>\n<p>&nbsp;<\/p>\n        <\/div>\n    <\/div>\n<\/div>\n\n<\/section>\n\n\n\n<section class=\"block downloads\"> \n    <div class=\"container-fluid\">\n        <div class=\"row\">\n            <div class=\"col-12 title\">\n                <h2 class='h2'>Broschyrer<\/h2>            <\/div>\n        <\/div>\n\n        <div class=\"row justify-content-center\">\n            <div class=\"col-lg-8\">\n                <div class=\"downloads\">\n                                                                        <div class=\"downloads__download\">\n                                <div class=\"downloads__download--image\">\n                                    <img loading=\"lazy\" decoding=\"async\" width=\"240\" height=\"340\" src=\"https:\/\/ozonetech.com\/wp-content\/uploads\/2021\/03\/pilot_projects_aibrochure-front-page-1.jpg\" class=\"attachment-large size-large\" alt=\"\" srcset=\"https:\/\/ozonetech.com\/wp-content\/uploads\/2021\/03\/pilot_projects_aibrochure-front-page-1.jpg 240w, https:\/\/ozonetech.com\/wp-content\/uploads\/2021\/03\/pilot_projects_aibrochure-front-page-1-212x300.jpg 212w\" sizes=\"auto, (max-width: 240px) 100vw, 240px\" \/>                                <\/div>\n                                <div class=\"downloads__download--content\">\n                                    <h4><strong>Effektiv behandling av industriella luftutsl\u00e4pp \u00e4r en utmanande uppgift<\/strong><\/h4>\n<p>Varje process \u00e4r unik och s\u00e5 \u00e4ven utsl\u00e4ppen fr\u00e5n olika industrier. Noggranna pilottester kr\u00e4vs f\u00f6r att hitta den optimala luftbehandlingsl\u00f6sningen.<\/p>\n                                                                            <div class=\"downloads__download--files\">\n                                            <svg version=\"1.1\" id=\"Layer_1\" xmlns=\"http:\/\/www.w3.org\/2000\/svg\" x=\"0\" y=\"0\" viewBox=\"0 0 20.83 25\" xml:space=\"preserve\"><path fill=\"currentColor\" d=\"M20.83 8.82h-5.95V0H5.95v8.82H0l10.42 10.29L20.83 8.82zM0 22.06V25h20.83v-2.94H0z\"\/><\/svg>                                            <span>Ladda ned<\/span>\n                                                                                            <a target=\"_blank\" href=\"https:\/\/ozonetech.com\/wp-content\/uploads\/2020\/12\/Brochure-Pilot-projects-and-tailored-industrial-air-treatment-systems-v1.0-EN-web.pdf\">\n                                                    Engelska                                                <\/a>\n                                                                                    <\/div>\n                                                                    <\/div>\n                            <\/div>\n                                                    <div class=\"downloads__download\">\n                                <div class=\"downloads__download--image\">\n                                    <img loading=\"lazy\" decoding=\"async\" width=\"240\" height=\"339\" src=\"https:\/\/ozonetech.com\/wp-content\/uploads\/2021\/01\/H2s-odor-removal-brochure-front-page-EN-1.png\" class=\"attachment-large size-large\" alt=\"\" srcset=\"https:\/\/ozonetech.com\/wp-content\/uploads\/2021\/01\/H2s-odor-removal-brochure-front-page-EN-1.png 240w, https:\/\/ozonetech.com\/wp-content\/uploads\/2021\/01\/H2s-odor-removal-brochure-front-page-EN-1-212x300.png 212w\" sizes=\"auto, (max-width: 240px) 100vw, 240px\" \/>                                <\/div>\n                                <div class=\"downloads__download--content\">\n                                    <h4>H<sub>2<\/sub>S and odor removal at biogas plants<\/h4>\n<p>One of the challenges of biogas plants is the strict requirement of H<sub>2<\/sub>S removal after the anaerobic digestion stage, before upgrading. Another constant source of concern is the odors emitted from the biogas plant. Today, both can be solved effectively, and green. Let us help you.<\/p>\n                                                                            <div class=\"downloads__download--files\">\n                                            <svg version=\"1.1\" id=\"Layer_1\" xmlns=\"http:\/\/www.w3.org\/2000\/svg\" x=\"0\" y=\"0\" viewBox=\"0 0 20.83 25\" xml:space=\"preserve\"><path fill=\"currentColor\" d=\"M20.83 8.82h-5.95V0H5.95v8.82H0l10.42 10.29L20.83 8.82zM0 22.06V25h20.83v-2.94H0z\"\/><\/svg>                                            <span>Ladda ned<\/span>\n                                                                                            <a target=\"_blank\" href=\"https:\/\/ozonetech.com\/wp-content\/uploads\/2020\/12\/Brochure-H2S-and-biogas-removal-at-biogas-plants-v1.0-EN-web.pdf\">\n                                                    Engelska                                                <\/a>\n                                                                                    <\/div>\n                                                                    <\/div>\n                            <\/div>\n                                                    <div class=\"downloads__download\">\n                                <div class=\"downloads__download--image\">\n                                    <img loading=\"lazy\" decoding=\"async\" width=\"240\" height=\"340\" src=\"https:\/\/ozonetech.com\/wp-content\/uploads\/2021\/03\/mold-brochure-front-page.jpg\" class=\"attachment-large size-large\" alt=\"\" srcset=\"https:\/\/ozonetech.com\/wp-content\/uploads\/2021\/03\/mold-brochure-front-page.jpg 240w, https:\/\/ozonetech.com\/wp-content\/uploads\/2021\/03\/mold-brochure-front-page-212x300.jpg 212w\" sizes=\"auto, (max-width: 240px) 100vw, 240px\" \/>                                <\/div>\n                                <div class=\"downloads__download--content\">\n                                    <h4><strong>Ta bort problemen med ozon<\/strong><\/h4>\n<p>M\u00f6gelsporer ligger inte bara bakom unken och d\u00e5lig lukt, utan orsakar \u00e4ven oh\u00e4lsa och allergier. I d\u00e5ligt ventilerade utrymmen med f\u00f6rh\u00f6jd luftfuktighet f\u00e5r m\u00f6glet l\u00e4tt f\u00e4ste och orsakar besv\u00e4r l\u00e5ngt innan det \u00e4r synligt f\u00f6r \u00f6gat. V\u00e5ra ozongenerator ACT 3000 och ACT 5000 kan hantera problemet.<\/p>\n                                                                            <div class=\"downloads__download--files\">\n                                            <svg version=\"1.1\" id=\"Layer_1\" xmlns=\"http:\/\/www.w3.org\/2000\/svg\" x=\"0\" y=\"0\" viewBox=\"0 0 20.83 25\" xml:space=\"preserve\"><path fill=\"currentColor\" d=\"M20.83 8.82h-5.95V0H5.95v8.82H0l10.42 10.29L20.83 8.82zM0 22.06V25h20.83v-2.94H0z\"\/><\/svg>                                            <span>Ladda ned<\/span>\n                                                                                            <a target=\"_blank\" href=\"https:\/\/ozonetech.com\/wp-content\/uploads\/2020\/12\/Brochure-Mold-and-odor-removal-v1.0-EN-web.pdf\">\n                                                    Engelska                                                <\/a>\n                                                                                            <a target=\"_blank\" href=\"https:\/\/ozonetech.com\/wp-content\/uploads\/2020\/12\/Brochure-Mogel-luktsanering-v1.1-SV-web.pdf\">\n                                                    Svenska                                                <\/a>\n                                                                                    <\/div>\n                                                                    <\/div>\n                            <\/div>\n                                                    <div class=\"downloads__download\">\n                                <div class=\"downloads__download--image\">\n                                    <img loading=\"lazy\" decoding=\"async\" width=\"240\" height=\"341\" src=\"https:\/\/ozonetech.com\/wp-content\/uploads\/2021\/03\/avfallsrum-fettavskilare-brochure-front-page.jpg\" class=\"attachment-large size-large\" alt=\"\" srcset=\"https:\/\/ozonetech.com\/wp-content\/uploads\/2021\/03\/avfallsrum-fettavskilare-brochure-front-page.jpg 240w, https:\/\/ozonetech.com\/wp-content\/uploads\/2021\/03\/avfallsrum-fettavskilare-brochure-front-page-211x300.jpg 211w\" sizes=\"auto, (max-width: 240px) 100vw, 240px\" \/>                                <\/div>\n                                <div class=\"downloads__download--content\">\n                                    <h4><strong>Luktfria soprum och fettavskiljare med ozon<\/strong><\/h4>\n<p>Ozon \u00e4r en effektiv och billig metod f\u00f6r eliminering av lukt. Ink\u00f6ps- och driftskostnaderna \u00e4r mycket l\u00e5ga &#8211; vilket g\u00f6r att den totala kostnaden \u00f6ver tid \u00e4r betydligt l\u00e4gre \u00e4n f\u00f6r l\u00f6sningar baserade p\u00e5 kylning och bakterier. Ozonrening \u00e4r b\u00e4sta valet f\u00f6r soprum och fettavskiljare.<\/p>\n                                                                            <div class=\"downloads__download--files\">\n                                            <svg version=\"1.1\" id=\"Layer_1\" xmlns=\"http:\/\/www.w3.org\/2000\/svg\" x=\"0\" y=\"0\" viewBox=\"0 0 20.83 25\" xml:space=\"preserve\"><path fill=\"currentColor\" d=\"M20.83 8.82h-5.95V0H5.95v8.82H0l10.42 10.29L20.83 8.82zM0 22.06V25h20.83v-2.94H0z\"\/><\/svg>                                            <span>Ladda ned<\/span>\n                                                                                            <a target=\"_blank\" href=\"https:\/\/ozonetech.com\/wp-content\/uploads\/2021\/01\/brochure_-_avfallsrum_fettavskiljare_v1.5_sv-web_0.pdf\">\n                                                    Svenska                                                <\/a>\n                                                                                    <\/div>\n                                                                    <\/div>\n                            <\/div>\n                                                    <div class=\"downloads__download\">\n                                <div class=\"downloads__download--image\">\n                                    <img loading=\"lazy\" decoding=\"async\" width=\"724\" height=\"1024\" src=\"https:\/\/ozonetech.com\/wp-content\/uploads\/2022\/06\/Skarmbild-2022-06-28-160532-724x1024.png\" class=\"attachment-large size-large\" alt=\"\" srcset=\"https:\/\/ozonetech.com\/wp-content\/uploads\/2022\/06\/Skarmbild-2022-06-28-160532-724x1024.png 724w, https:\/\/ozonetech.com\/wp-content\/uploads\/2022\/06\/Skarmbild-2022-06-28-160532-212x300.png 212w, https:\/\/ozonetech.com\/wp-content\/uploads\/2022\/06\/Skarmbild-2022-06-28-160532-768x1086.png 768w, https:\/\/ozonetech.com\/wp-content\/uploads\/2022\/06\/Skarmbild-2022-06-28-160532-1086x1536.png 1086w, https:\/\/ozonetech.com\/wp-content\/uploads\/2022\/06\/Skarmbild-2022-06-28-160532-240x339.png 240w, https:\/\/ozonetech.com\/wp-content\/uploads\/2022\/06\/Skarmbild-2022-06-28-160532.png 1191w\" sizes=\"auto, (max-width: 724px) 100vw, 724px\" \/>                                <\/div>\n                                <div class=\"downloads__download--content\">\n                                    <h4><strong>Fr\u00e4scha milj\u00f6rum med ozon<\/strong><\/h4>\n<p>Skr\u00e4prum, sorteringsrum f\u00f6r sopor och liknande utrymmen luktar naturligtvis. Men det beh\u00f6ver inte vara s\u00e5. Ladda ner foldern, den inneh\u00e5ller en kostnadsj\u00e4mf\u00f6relse f\u00f6r de vanligaste l\u00f6sningarna p\u00e5 marknaden. Ozon tar, inte \u00f6verraskande, hand om lukten till mycket l\u00e4gre kostnad \u00e4n alternativen.<\/p>\n                                                                            <div class=\"downloads__download--files\">\n                                            <svg version=\"1.1\" id=\"Layer_1\" xmlns=\"http:\/\/www.w3.org\/2000\/svg\" x=\"0\" y=\"0\" viewBox=\"0 0 20.83 25\" xml:space=\"preserve\"><path fill=\"currentColor\" d=\"M20.83 8.82h-5.95V0H5.95v8.82H0l10.42 10.29L20.83 8.82zM0 22.06V25h20.83v-2.94H0z\"\/><\/svg>                                            <span>Ladda ned<\/span>\n                                                                                            <a target=\"_blank\" href=\"https:\/\/ozonetech.com\/wp-content\/uploads\/2022\/06\/Brochure-Fresh-garbage-rooms-using-ozone-v1.2-EN.pdf\">\n                                                    Engelska                                                <\/a>\n                                                                                            <a target=\"_blank\" href=\"https:\/\/ozonetech.com\/wp-content\/uploads\/2022\/06\/Brochure-Alla-har-ratt-till-ett-frascht-miljorum-SV.pdf\">\n                                                    Svenska                                                <\/a>\n                                                                                    <\/div>\n                                                                    <\/div>\n                            <\/div>\n                                                    <div class=\"downloads__download\">\n                                <div class=\"downloads__download--image\">\n                                    <img loading=\"lazy\" decoding=\"async\" width=\"240\" height=\"340\" src=\"https:\/\/ozonetech.com\/wp-content\/uploads\/2021\/03\/grease-traps-odor-brochure-front-page.jpg\" class=\"attachment-large size-large\" alt=\"\" srcset=\"https:\/\/ozonetech.com\/wp-content\/uploads\/2021\/03\/grease-traps-odor-brochure-front-page.jpg 240w, https:\/\/ozonetech.com\/wp-content\/uploads\/2021\/03\/grease-traps-odor-brochure-front-page-212x300.jpg 212w\" sizes=\"auto, (max-width: 240px) 100vw, 240px\" \/>                                <\/div>\n                                <div class=\"downloads__download--content\">\n                                    <h4><strong>Luktfri avluftning fr\u00e5n fettavskiljare<\/strong><\/h4>\n<p>Fett- och bakteriebildning i fettavskiljaren kan orsaka stora luktproblem. Denna broschyr beskriver hur problemen snabbt kan minskas och hur ozonsystemet installeras.<\/p>\n                                                                            <div class=\"downloads__download--files\">\n                                            <svg version=\"1.1\" id=\"Layer_1\" xmlns=\"http:\/\/www.w3.org\/2000\/svg\" x=\"0\" y=\"0\" viewBox=\"0 0 20.83 25\" xml:space=\"preserve\"><path fill=\"currentColor\" d=\"M20.83 8.82h-5.95V0H5.95v8.82H0l10.42 10.29L20.83 8.82zM0 22.06V25h20.83v-2.94H0z\"\/><\/svg>                                            <span>Ladda ned<\/span>\n                                                                                            <a target=\"_blank\" href=\"https:\/\/ozonetech.com\/wp-content\/uploads\/2020\/12\/Brochure-Odorless-exhaust-air-from-grease-traps-v1.0-EN-web.pdf\">\n                                                    Engelska                                                <\/a>\n                                                                                            <a target=\"_blank\" href=\"https:\/\/ozonetech.com\/wp-content\/uploads\/2020\/12\/Brochure-Luktfri-avluftning-fran-fettavskiljare-v1.6-SV-web.pdf\">\n                                                    Svenska                                                <\/a>\n                                                                                    <\/div>\n                                                                    <\/div>\n                            <\/div>\n                                                    <div class=\"downloads__download\">\n                                <div class=\"downloads__download--image\">\n                                    <img loading=\"lazy\" decoding=\"async\" width=\"240\" height=\"340\" src=\"https:\/\/ozonetech.com\/wp-content\/uploads\/2021\/03\/pump-stations-brochure-front-page.jpg\" class=\"attachment-large size-large\" alt=\"\" srcset=\"https:\/\/ozonetech.com\/wp-content\/uploads\/2021\/03\/pump-stations-brochure-front-page.jpg 240w, https:\/\/ozonetech.com\/wp-content\/uploads\/2021\/03\/pump-stations-brochure-front-page-212x300.jpg 212w\" sizes=\"auto, (max-width: 240px) 100vw, 240px\" \/>                                <\/div>\n                                <div class=\"downloads__download--content\">\n                                    <h4><strong>Pumpstationer och reningsverk<\/strong><\/h4>\n<p>Bakterietillv\u00e4xt i avloppsvatten kan leda till obehagliga och maligna gaser under syrefria f\u00f6rh\u00e5llanden. Tv\u00e5 exempel \u00e4r v\u00e4tesulfid i pumpstationer och reningsverk. Omr\u00e5det kring ett pumphus eller vattenreningsverk p\u00e5verkas ocks\u00e5. Det \u00e4r inte s\u00e4llsynt att m\u00e4nniskor som bor i n\u00e4rheten p\u00e5verkas av lukten.<\/p>\n                                                                            <div class=\"downloads__download--files\">\n                                            <svg version=\"1.1\" id=\"Layer_1\" xmlns=\"http:\/\/www.w3.org\/2000\/svg\" x=\"0\" y=\"0\" viewBox=\"0 0 20.83 25\" xml:space=\"preserve\"><path fill=\"currentColor\" d=\"M20.83 8.82h-5.95V0H5.95v8.82H0l10.42 10.29L20.83 8.82zM0 22.06V25h20.83v-2.94H0z\"\/><\/svg>                                            <span>Ladda ned<\/span>\n                                                                                            <a target=\"_blank\" href=\"https:\/\/ozonetech.com\/wp-content\/uploads\/2020\/12\/Brochure-Pump-stations-and-treatment-plants-v1.0-EN-web.pdf\">\n                                                    Engelska                                                <\/a>\n                                                                                            <a target=\"_blank\" href=\"https:\/\/ozonetech.com\/wp-content\/uploads\/2020\/12\/Brochure-Pumpstationer-och-reningsverk-v1.4-SV-web.pdf\">\n                                                    Svenska                                                <\/a>\n                                                                                    <\/div>\n                                                                    <\/div>\n                            <\/div>\n                                                            <\/div>\n            <\/div>\n        <\/div>\n    <\/div>\n<\/section>\n","protected":false},"excerpt":{"rendered":"","protected":false},"author":21,"featured_media":0,"parent":11766,"menu_order":0,"comment_status":"closed","ping_status":"closed","template":"","meta":{"_acf_changed":false,"_seopress_robots_primary_cat":"","_seopress_titles_title":"","_seopress_titles_desc":"H\u00e4r kan du hitta och ladda ner alla v\u00e5ra broschyrer f\u00f6r lukt och sanering. L\u00e5t oss veta om du beh\u00f6ver ytterligare hj\u00e4lp.","_seopress_robots_index":"","inline_featured_image":false,"footnotes":""},"class_list":["post-11833","page","type-page","status-publish","hentry"],"acf":[],"_links":{"self":[{"href":"https:\/\/ozonetech.com\/sv\/wp-json\/wp\/v2\/pages\/11833","targetHints":{"allow":["GET"]}}],"collection":[{"href":"https:\/\/ozonetech.com\/sv\/wp-json\/wp\/v2\/pages"}],"about":[{"href":"https:\/\/ozonetech.com\/sv\/wp-json\/wp\/v2\/types\/page"}],"author":[{"embeddable":true,"href":"https:\/\/ozonetech.com\/sv\/wp-json\/wp\/v2\/users\/21"}],"replies":[{"embeddable":true,"href":"https:\/\/ozonetech.com\/sv\/wp-json\/wp\/v2\/comments?post=11833"}],"version-history":[{"count":54,"href":"https:\/\/ozonetech.com\/sv\/wp-json\/wp\/v2\/pages\/11833\/revisions"}],"predecessor-version":[{"id":41353,"href":"https:\/\/ozonetech.com\/sv\/wp-json\/wp\/v2\/pages\/11833\/revisions\/41353"}],"up":[{"embeddable":true,"href":"https:\/\/ozonetech.com\/sv\/wp-json\/wp\/v2\/pages\/11766"}],"wp:attachment":[{"href":"https:\/\/ozonetech.com\/sv\/wp-json\/wp\/v2\/media?parent=11833"}],"curies":[{"name":"wp","href":"https:\/\/api.w.org\/{rel}","templated":true}]}}