{"id":11799,"date":"2020-06-26T06:35:32","date_gmt":"2020-06-26T06:35:32","guid":{"rendered":"https:\/\/ozonetech.com\/hamburger-menu-downloads-industrial-water\/"},"modified":"2024-10-11T10:30:48","modified_gmt":"2024-10-11T08:30:48","slug":"vattenrening-nedladdningar","status":"publish","type":"page","link":"https:\/\/ozonetech.com\/sv\/nedladdningar\/vattenrening-nedladdningar\/","title":{"rendered":"Vattenrening nedladdningar"},"content":{"rendered":"\n<section\n    class=\"block hero hero--regular\"\n    style=\"background-image: url('https:\/\/ozonetech.com\/wp-content\/uploads\/2021\/03\/advanced-water-treatment-technology-1600x484.jpg'); --hero-opacity: 0.3\"\n>\n\n    <div class=\"container-fluid\">\n\n        <div class=\"content editor_content\">\n                         \n                <h2 class='h2'>Vattenrening nedladdningar<\/h2>            \n                    <\/div>\n\n            <\/div>\n<\/section>\n\n\n<section class=\"component component_breadcrumbs\">\n\t<div class=\"container-fluid\">\n  \t<\/div>\n<\/section>\n\n\n<section\n    id=\"\"\n    class=\"block content-block\"\n\tstyle=\"--cb-bg: white; --cb-content: #000; padding-top: 30px; padding-bottom: 30px;\"\n>\n    \n\n<div class=\"container-fluid editor_content content content--narrow\">\n    <div class=\"row\">\n        <div class=\"col-12 editor_content\">\n            <h1>En samling av vattenrening nedladdningar<\/h1>\n<p class=\"preamble\">H\u00e4r hittar du alla v\u00e5ra broschyrer om industriell vattenbehandling. Kontakta oss om du beh\u00f6ver ytterligare <a href=\"https:\/\/ozonetech.com\/kontakt\/\">hj\u00e4lp<\/a>.<\/p>\n<p class=\"preamble\">L\u00e4s mer om v\u00e5ra referens projekt\u00a0<a href=\"https:\/\/mellifiq.com\/sv\/referensprojekt\/\" target=\"_blank\" rel=\"noopener\">h\u00e4r<\/a> (extern sida).<\/p>\n        <\/div>\n    <\/div>\n<\/div>\n\n<\/section>\n\n\n\n<section class=\"block downloads\"> \n    <div class=\"container-fluid\">\n        <div class=\"row\">\n            <div class=\"col-12 title\">\n                <h3 class='h3'>Brochures<\/h3>            <\/div>\n        <\/div>\n\n        <div class=\"row justify-content-center\">\n            <div class=\"col-lg-8\">\n                <div class=\"downloads\">\n                                                                        <div class=\"downloads__download\">\n                                <div class=\"downloads__download--image\">\n                                    <img loading=\"lazy\" decoding=\"async\" width=\"721\" height=\"1024\" src=\"https:\/\/ozonetech.com\/wp-content\/uploads\/2022\/11\/Skarmbild-2022-11-04-105229-721x1024.jpg\" class=\"attachment-large size-large\" alt=\"\" srcset=\"https:\/\/ozonetech.com\/wp-content\/uploads\/2022\/11\/Skarmbild-2022-11-04-105229-721x1024.jpg 721w, https:\/\/ozonetech.com\/wp-content\/uploads\/2022\/11\/Skarmbild-2022-11-04-105229-211x300.jpg 211w, https:\/\/ozonetech.com\/wp-content\/uploads\/2022\/11\/Skarmbild-2022-11-04-105229-768x1091.jpg 768w, https:\/\/ozonetech.com\/wp-content\/uploads\/2022\/11\/Skarmbild-2022-11-04-105229-1082x1536.jpg 1082w, https:\/\/ozonetech.com\/wp-content\/uploads\/2022\/11\/Skarmbild-2022-11-04-105229.jpg 1264w\" sizes=\"auto, (max-width: 721px) 100vw, 721px\" \/>                                <\/div>\n                                <div class=\"downloads__download--content\">\n                                    <h4>Shell technology introduction<\/h4>\n<p>Mellifiq supplies self-contained, complete ozone disinfection and water treatment technology for sanitation in the industrial sector.<\/p>\n                                                                            <div class=\"downloads__download--files\">\n                                            <svg version=\"1.1\" id=\"Layer_1\" xmlns=\"http:\/\/www.w3.org\/2000\/svg\" x=\"0\" y=\"0\" viewBox=\"0 0 20.83 25\" xml:space=\"preserve\"><path fill=\"currentColor\" d=\"M20.83 8.82h-5.95V0H5.95v8.82H0l10.42 10.29L20.83 8.82zM0 22.06V25h20.83v-2.94H0z\"\/><\/svg>                                            <span>Ladda ned<\/span>\n                                                                                            <a target=\"_blank\" href=\"https:\/\/ozonetech.com\/wp-content\/uploads\/2022\/11\/White-paper-Shell-technology-introduction.pdf\">\n                                                    Engelska                                                <\/a>\n                                                                                    <\/div>\n                                                                    <\/div>\n                            <\/div>\n                                                    <div class=\"downloads__download\">\n                                <div class=\"downloads__download--image\">\n                                    <img loading=\"lazy\" decoding=\"async\" width=\"240\" height=\"340\" src=\"https:\/\/ozonetech.com\/wp-content\/uploads\/2021\/01\/pharma-brochure-first-page.png\" class=\"attachment-large size-large\" alt=\"\" srcset=\"https:\/\/ozonetech.com\/wp-content\/uploads\/2021\/01\/pharma-brochure-first-page.png 240w, https:\/\/ozonetech.com\/wp-content\/uploads\/2021\/01\/pharma-brochure-first-page-212x300.png 212w\" sizes=\"auto, (max-width: 240px) 100vw, 240px\" \/>                                <\/div>\n                                <div class=\"downloads__download--content\">\n                                    <h4><strong>L\u00e4kemedelsrester i avloppsvatten<\/strong><\/h4>\n<p>\u00d6ver hela v\u00e4rlden g\u00f6rs nu stora anstr\u00e4ngningar f\u00f6r att minska h\u00e4lsoriskerna orsakade av l\u00e4kemedelsrester. Ozon har kapacitet att ta bort l\u00e4kemedelsresterna i sjukhusens och l\u00e4kemedelsindustrins avlopps- och processvatten. Behandlingen sker direkt vid k\u00e4llan innan resterna har spridits vidare. L\u00e4s mer om m\u00f6jligheterna med effektiv ozonbehandling.<\/p>\n                                                                            <div class=\"downloads__download--files\">\n                                            <svg version=\"1.1\" id=\"Layer_1\" xmlns=\"http:\/\/www.w3.org\/2000\/svg\" x=\"0\" y=\"0\" viewBox=\"0 0 20.83 25\" xml:space=\"preserve\"><path fill=\"currentColor\" d=\"M20.83 8.82h-5.95V0H5.95v8.82H0l10.42 10.29L20.83 8.82zM0 22.06V25h20.83v-2.94H0z\"\/><\/svg>                                            <span>Ladda ned<\/span>\n                                                                                            <a target=\"_blank\" href=\"https:\/\/ozonetech.com\/wp-content\/uploads\/2020\/12\/Brochure-Pharmaceutical-residues-in-wastewater-v1.0-EN-web.pdf\">\n                                                    Engelska                                                <\/a>\n                                                                                    <\/div>\n                                                                    <\/div>\n                            <\/div>\n                                                    <div class=\"downloads__download\">\n                                <div class=\"downloads__download--image\">\n                                    <img loading=\"lazy\" decoding=\"async\" width=\"240\" height=\"339\" src=\"https:\/\/ozonetech.com\/wp-content\/uploads\/2021\/01\/rena-water-solutions-brochure-first-page.png\" class=\"attachment-large size-large\" alt=\"\" srcset=\"https:\/\/ozonetech.com\/wp-content\/uploads\/2021\/01\/rena-water-solutions-brochure-first-page.png 240w, https:\/\/ozonetech.com\/wp-content\/uploads\/2021\/01\/rena-water-solutions-brochure-first-page-212x300.png 212w\" sizes=\"auto, (max-width: 240px) 100vw, 240px\" \/>                                <\/div>\n                                <div class=\"downloads__download--content\">\n                                    <h4><strong>RENA vattenreningsystem<\/strong><\/h4>\n<p>Den h\u00e4r guiden beskriver RENA Vivo och RENA Tellus, v\u00e5ra ozonsystem f\u00f6r vattenrening. Den introducerar ocks\u00e5 RENA Vitro f\u00f6r AOP, Advanced Oxidation Processes f\u00f6r behandling av komplexa utmaningar inom rening av avloppsvatten. Vi tar inga genv\u00e4gar f\u00f6r att uppn\u00e5 h\u00f6g prestanda och tillf\u00f6rlitlig drift i v\u00e5r ambition att erbjuda marknadens mest kompletta ozonsystem f\u00f6r industriell anv\u00e4ndning.<\/p>\n                                                                            <div class=\"downloads__download--files\">\n                                            <svg version=\"1.1\" id=\"Layer_1\" xmlns=\"http:\/\/www.w3.org\/2000\/svg\" x=\"0\" y=\"0\" viewBox=\"0 0 20.83 25\" xml:space=\"preserve\"><path fill=\"currentColor\" d=\"M20.83 8.82h-5.95V0H5.95v8.82H0l10.42 10.29L20.83 8.82zM0 22.06V25h20.83v-2.94H0z\"\/><\/svg>                                            <span>Ladda ned<\/span>\n                                                                                            <a target=\"_blank\" href=\"https:\/\/ozonetech.com\/wp-content\/uploads\/2020\/12\/Brochure-Rena-Water-Treatment-Solutions-v1.3-EN-web.pdf\">\n                                                    Engelska                                                <\/a>\n                                                                                            <a target=\"_blank\" href=\"https:\/\/ozonetech.com\/wp-content\/uploads\/2020\/12\/Brochure-RENA-Water-Treatment-Solutions-v1.3-FI.pdf\">\n                                                    Finska                                                <\/a>\n                                                                                            <a target=\"_blank\" href=\"https:\/\/ozonetech.com\/wp-content\/uploads\/2020\/12\/Brochure-RENA-Water-Treatment-Solutions-v1.3-RU-web.pdf\">\n                                                    Ryska                                                <\/a>\n                                                                                            <a target=\"_blank\" href=\"https:\/\/ozonetech.com\/wp-content\/uploads\/2020\/12\/Brochure-RENA-Water-Treatment-Solutions-v1.0-KR-web.pdf\">\n                                                    Koreanska                                                <\/a>\n                                                                                    <\/div>\n                                                                    <\/div>\n                            <\/div>\n                                                    <div class=\"downloads__download\">\n                                <div class=\"downloads__download--image\">\n                                    <img loading=\"lazy\" decoding=\"async\" width=\"240\" height=\"341\" src=\"https:\/\/ozonetech.com\/wp-content\/uploads\/2021\/03\/rena_pro_brochure_front_page.jpg\" class=\"attachment-large size-large\" alt=\"\" srcset=\"https:\/\/ozonetech.com\/wp-content\/uploads\/2021\/03\/rena_pro_brochure_front_page.jpg 240w, https:\/\/ozonetech.com\/wp-content\/uploads\/2021\/03\/rena_pro_brochure_front_page-211x300.jpg 211w\" sizes=\"auto, (max-width: 240px) 100vw, 240px\" \/>                                <\/div>\n                                <div class=\"downloads__download--content\">\n                                    <h4>RENA Pro Ozone Systems<\/h4>\n<p>RENA Pro \u00e4r framtidens ozonsystem. Vi tycker s\u00e5 p\u00e5 grund av tre saker. Reningskapaciteten \u00e4r extremt h\u00f6g. De ing\u00e5ende komponenternas h\u00f6ga kvalitet \u00e4r genomg\u00e5ende i minsta detalj &#8211; vilket medf\u00f6r en l\u00e5ng livsl\u00e4ngd med varaktig prestanda f\u00f6r systemet. Sist men inte minst \u00e4r det anv\u00e4ndarv\u00e4nligt. L\u00e4s g\u00e4rna mer i v\u00e5r produktbroschyr.<\/p>\n                                                                            <div class=\"downloads__download--files\">\n                                            <svg version=\"1.1\" id=\"Layer_1\" xmlns=\"http:\/\/www.w3.org\/2000\/svg\" x=\"0\" y=\"0\" viewBox=\"0 0 20.83 25\" xml:space=\"preserve\"><path fill=\"currentColor\" d=\"M20.83 8.82h-5.95V0H5.95v8.82H0l10.42 10.29L20.83 8.82zM0 22.06V25h20.83v-2.94H0z\"\/><\/svg>                                            <span>Ladda ned<\/span>\n                                                                                            <a target=\"_blank\" href=\"https:\/\/ozonetech.com\/wp-content\/uploads\/2020\/12\/Brochure-RENA-Pro-Ozone-Systems-v1.5-EN-web-1.pdf\">\n                                                    Engelska                                                <\/a>\n                                                                                            <a target=\"_blank\" href=\"https:\/\/ozonetech.com\/wp-content\/uploads\/2020\/12\/Brochure-RENA-Pro-Ozone-Systems-v1.5-SV-web.pdf\">\n                                                    Svenska                                                <\/a>\n                                                                                            <a target=\"_blank\" href=\"https:\/\/ozonetech.com\/wp-content\/uploads\/2020\/12\/Brochure-RENA-Pro-Ozone-Systems-v1.0-KR-web.pdf\">\n                                                    Koreanska                                                <\/a>\n                                                                                            <a target=\"_blank\" href=\"https:\/\/ozonetech.com\/wp-content\/uploads\/2020\/12\/Brochure-RENA-Pro-Ozone-Systems-v1.0-ES-web-1.pdf\">\n                                                    Spanska                                                <\/a>\n                                                                                    <\/div>\n                                                                    <\/div>\n                            <\/div>\n                                                    <div class=\"downloads__download\">\n                                <div class=\"downloads__download--image\">\n                                    <img loading=\"lazy\" decoding=\"async\" width=\"240\" height=\"339\" src=\"https:\/\/ozonetech.com\/wp-content\/uploads\/2021\/01\/breweries-brochure-first-page.png\" class=\"attachment-large size-large\" alt=\"\" srcset=\"https:\/\/ozonetech.com\/wp-content\/uploads\/2021\/01\/breweries-brochure-first-page.png 240w, https:\/\/ozonetech.com\/wp-content\/uploads\/2021\/01\/breweries-brochure-first-page-212x300.png 212w\" sizes=\"auto, (max-width: 240px) 100vw, 240px\" \/>                                <\/div>\n                                <div class=\"downloads__download--content\">\n                                    <h4><strong>Bryggerier &amp; dryckesproduktion<\/strong><\/h4>\n<p>Oavsett storleken p\u00e5 bryggerier och dryckesanl\u00e4ggningar hj\u00e4lper vi till att uppn\u00e5 minskad milj\u00f6p\u00e5verkan, minskad anv\u00e4ndning och hantering av kemikalier, b\u00e4sta m\u00f6jliga kvalitet p\u00e5 processvattnet och f\u00f6rb\u00e4ttrad drifttid. L\u00e4s mer i broschyren vad vi kan erbjuda dig.<\/p>\n                                                                            <div class=\"downloads__download--files\">\n                                            <svg version=\"1.1\" id=\"Layer_1\" xmlns=\"http:\/\/www.w3.org\/2000\/svg\" x=\"0\" y=\"0\" viewBox=\"0 0 20.83 25\" xml:space=\"preserve\"><path fill=\"currentColor\" d=\"M20.83 8.82h-5.95V0H5.95v8.82H0l10.42 10.29L20.83 8.82zM0 22.06V25h20.83v-2.94H0z\"\/><\/svg>                                            <span>Ladda ned<\/span>\n                                                                                            <a target=\"_blank\" href=\"https:\/\/ozonetech.com\/wp-content\/uploads\/2020\/12\/brochure_-_brewery_v2.0_en-web-2.pdf\">\n                                                    Engelska                                                <\/a>\n                                                                                            <a target=\"_blank\" href=\"https:\/\/ozonetech.com\/wp-content\/uploads\/2020\/12\/brochure_-_brewery_v1.0_es-web.pdf\">\n                                                    Spanska                                                <\/a>\n                                                                                    <\/div>\n                                                                    <\/div>\n                            <\/div>\n                                                    <div class=\"downloads__download\">\n                                <div class=\"downloads__download--image\">\n                                    <img loading=\"lazy\" decoding=\"async\" width=\"240\" height=\"340\" src=\"https:\/\/ozonetech.com\/wp-content\/uploads\/2021\/01\/Dairy-brochure-first-page.png\" class=\"attachment-large size-large\" alt=\"\" srcset=\"https:\/\/ozonetech.com\/wp-content\/uploads\/2021\/01\/Dairy-brochure-first-page.png 240w, https:\/\/ozonetech.com\/wp-content\/uploads\/2021\/01\/Dairy-brochure-first-page-212x300.png 212w\" sizes=\"auto, (max-width: 240px) 100vw, 240px\" \/>                                <\/div>\n                                <div class=\"downloads__download--content\">\n                                    <h4><strong>Mejerier<\/strong><\/h4>\n<p>Mejerier \u00e4r mycket vattenintensiva. Ozonrening erbjuder en m\u00f6jlighet att b\u00e5de s\u00e4kerst\u00e4lla h\u00f6g vattenkvalitet samt \u00e5teranv\u00e4nda stora vattenvolymer som annars bara anv\u00e4nds en g\u00e5ng och sedan sl\u00e4pps ut. Tillsammans med CIP, sk\u00f6ljprocesser och saltlakebehandling \u00e4r ozon ocks\u00e5 den effektivaste metoden att hantera bakterietillv\u00e4xt.<\/p>\n                                                                            <div class=\"downloads__download--files\">\n                                            <svg version=\"1.1\" id=\"Layer_1\" xmlns=\"http:\/\/www.w3.org\/2000\/svg\" x=\"0\" y=\"0\" viewBox=\"0 0 20.83 25\" xml:space=\"preserve\"><path fill=\"currentColor\" d=\"M20.83 8.82h-5.95V0H5.95v8.82H0l10.42 10.29L20.83 8.82zM0 22.06V25h20.83v-2.94H0z\"\/><\/svg>                                            <span>Ladda ned<\/span>\n                                                                                            <a target=\"_blank\" href=\"https:\/\/ozonetech.com\/wp-content\/uploads\/2020\/12\/Brochure-Dairy-v1.1-EN-web.pdf\">\n                                                    Engelska                                                <\/a>\n                                                                                    <\/div>\n                                                                    <\/div>\n                            <\/div>\n                                                    <div class=\"downloads__download\">\n                                <div class=\"downloads__download--image\">\n                                    <img loading=\"lazy\" decoding=\"async\" width=\"240\" height=\"338\" src=\"https:\/\/ozonetech.com\/wp-content\/uploads\/2021\/03\/food_asnd_hygien.png\" class=\"attachment-large size-large\" alt=\"\" srcset=\"https:\/\/ozonetech.com\/wp-content\/uploads\/2021\/03\/food_asnd_hygien.png 240w, https:\/\/ozonetech.com\/wp-content\/uploads\/2021\/03\/food_asnd_hygien-213x300.png 213w, https:\/\/ozonetech.com\/wp-content\/uploads\/2021\/03\/food_asnd_hygien-170x238.png 170w\" sizes=\"auto, (max-width: 240px) 100vw, 240px\" \/>                                <\/div>\n                                <div class=\"downloads__download--content\">\n                                    <h4><strong>Livsmedel<\/strong><\/h4>\n<p>En anl\u00e4ggning f\u00f6r livsmedel eller hygienprodukter anv\u00e4nder rikligt med vatten som beh\u00f6ver saneras eller \u00e5teranv\u00e4ndas. Det finns ocks\u00e5 m\u00e5nga CIP-applikationer d\u00e4r v\u00e5ra l\u00f6sningar effektiviserar produktionen. Varf\u00f6r inte anv\u00e4nda den b\u00e4sta tillg\u00e4ngliga saneringsmetoden?<\/p>\n                                                                            <div class=\"downloads__download--files\">\n                                            <svg version=\"1.1\" id=\"Layer_1\" xmlns=\"http:\/\/www.w3.org\/2000\/svg\" x=\"0\" y=\"0\" viewBox=\"0 0 20.83 25\" xml:space=\"preserve\"><path fill=\"currentColor\" d=\"M20.83 8.82h-5.95V0H5.95v8.82H0l10.42 10.29L20.83 8.82zM0 22.06V25h20.83v-2.94H0z\"\/><\/svg>                                            <span>Ladda ned<\/span>\n                                                                                            <a target=\"_blank\" href=\"https:\/\/ozonetech.com\/wp-content\/uploads\/2020\/12\/Brochure-Food-and-Hygien-v1.5-EN-web.pdf\">\n                                                    Engelska                                                <\/a>\n                                                                                            <a target=\"_blank\" href=\"https:\/\/ozonetech.com\/wp-content\/uploads\/2020\/12\/Brochure-Food-and-Hygien-v1.5-SV-web.pdf\">\n                                                    Svenska                                                <\/a>\n                                                                                    <\/div>\n                                                                    <\/div>\n                            <\/div>\n                                                    <div class=\"downloads__download\">\n                                <div class=\"downloads__download--image\">\n                                    <img loading=\"lazy\" decoding=\"async\" width=\"240\" height=\"340\" src=\"https:\/\/ozonetech.com\/wp-content\/uploads\/2021\/03\/pilot_project_and_tailored_systems.jpg\" class=\"attachment-large size-large\" alt=\"\" srcset=\"https:\/\/ozonetech.com\/wp-content\/uploads\/2021\/03\/pilot_project_and_tailored_systems.jpg 240w, https:\/\/ozonetech.com\/wp-content\/uploads\/2021\/03\/pilot_project_and_tailored_systems-212x300.jpg 212w\" sizes=\"auto, (max-width: 240px) 100vw, 240px\" \/>                                <\/div>\n                                <div class=\"downloads__download--content\">\n                                    <h4><strong>Pilotprojekt f\u00f6r skr\u00e4ddarsydd behandling av avloppsvatten<\/strong><\/h4>\n<p>I princip alla industrier och verksamheter sl\u00e4pper ut kontaminerat vatten. I m\u00e5nga fall best\u00e5r det av en unik sammans\u00e4ttning av sv\u00e5rnedbrytbart material som inte kan brytas ner med biologiska processer. Ozonetech erbjuder pilotprojekt med kvalificerade tj\u00e4nster f\u00f6r\u00a0 utv\u00e4rdering av l\u00e4mplig reningsteknik. Alla processavloppsvatten \u00e4r unika och kr\u00e4ver en unik l\u00f6sning. L\u00e4s mer i broschyren.<\/p>\n                                                                            <div class=\"downloads__download--files\">\n                                            <svg version=\"1.1\" id=\"Layer_1\" xmlns=\"http:\/\/www.w3.org\/2000\/svg\" x=\"0\" y=\"0\" viewBox=\"0 0 20.83 25\" xml:space=\"preserve\"><path fill=\"currentColor\" d=\"M20.83 8.82h-5.95V0H5.95v8.82H0l10.42 10.29L20.83 8.82zM0 22.06V25h20.83v-2.94H0z\"\/><\/svg>                                            <span>Ladda ned<\/span>\n                                                                                            <a target=\"_blank\" href=\"https:\/\/ozonetech.com\/wp-content\/uploads\/2020\/12\/Brochure-Pilot-projects-and-tailored-industrial-water-treatment-systems-v1.1-EN-web.pdf\">\n                                                    Engelska                                                <\/a>\n                                                                                    <\/div>\n                                                                    <\/div>\n                            <\/div>\n                                                            <\/div>\n            <\/div>\n        <\/div>\n    <\/div>\n<\/section>\n","protected":false},"excerpt":{"rendered":"","protected":false},"author":21,"featured_media":0,"parent":11766,"menu_order":0,"comment_status":"closed","ping_status":"closed","template":"","meta":{"_acf_changed":false,"_seopress_robots_primary_cat":"","_seopress_titles_title":"","_seopress_titles_desc":"H\u00e4r kan du hitta och ladda ner alla v\u00e5ra broschyrer f\u00f6r industriell vattenrening. L\u00e5t oss veta om du beh\u00f6ver ytterligare hj\u00e4lp.","_seopress_robots_index":"","inline_featured_image":false,"footnotes":""},"class_list":["post-11799","page","type-page","status-publish","hentry"],"acf":[],"_links":{"self":[{"href":"https:\/\/ozonetech.com\/sv\/wp-json\/wp\/v2\/pages\/11799","targetHints":{"allow":["GET"]}}],"collection":[{"href":"https:\/\/ozonetech.com\/sv\/wp-json\/wp\/v2\/pages"}],"about":[{"href":"https:\/\/ozonetech.com\/sv\/wp-json\/wp\/v2\/types\/page"}],"author":[{"embeddable":true,"href":"https:\/\/ozonetech.com\/sv\/wp-json\/wp\/v2\/users\/21"}],"replies":[{"embeddable":true,"href":"https:\/\/ozonetech.com\/sv\/wp-json\/wp\/v2\/comments?post=11799"}],"version-history":[{"count":45,"href":"https:\/\/ozonetech.com\/sv\/wp-json\/wp\/v2\/pages\/11799\/revisions"}],"predecessor-version":[{"id":41327,"href":"https:\/\/ozonetech.com\/sv\/wp-json\/wp\/v2\/pages\/11799\/revisions\/41327"}],"up":[{"embeddable":true,"href":"https:\/\/ozonetech.com\/sv\/wp-json\/wp\/v2\/pages\/11766"}],"wp:attachment":[{"href":"https:\/\/ozonetech.com\/sv\/wp-json\/wp\/v2\/media?parent=11799"}],"curies":[{"name":"wp","href":"https:\/\/api.w.org\/{rel}","templated":true}]}}