{"id":11750,"date":"2020-06-25T09:57:33","date_gmt":"2020-06-25T09:57:33","guid":{"rendered":"https:\/\/ozonetech.com\/hamburger-menu-ozone-safety\/"},"modified":"2024-10-11T10:07:01","modified_gmt":"2024-10-11T08:07:01","slug":"ozonsakerhet","status":"publish","type":"page","link":"https:\/\/ozonetech.com\/sv\/om-ozon\/ozonsakerhet\/","title":{"rendered":"Ozons\u00e4kerhet"},"content":{"rendered":"\n<section\n    class=\"block hero hero--regular\"\n    style=\"background-image: url('https:\/\/ozonetech.com\/wp-content\/uploads\/2021\/03\/about-ozone-3-1600x484.jpg'); --hero-opacity: 0.3\"\n>\n\n    <div class=\"container-fluid\">\n\n        <div class=\"content editor_content\">\n                         \n                <h2 class='h2'>Ozons\u00e4kerhet<\/h2>            \n                    <\/div>\n\n            <\/div>\n<\/section>\n\n\n<section class=\"component component_breadcrumbs\">\n\t<div class=\"container-fluid\">\n  \t<\/div>\n<\/section>\n\n\n<section\n    id=\"\"\n    class=\"block content-block\"\n\tstyle=\"--cb-bg: white; --cb-content: #000; padding-top: 30px; padding-bottom: 30px;\"\n>\n    \n\n<div class=\"container-fluid editor_content content content--narrow\">\n    <div class=\"row\">\n        <div class=\"col-12 editor_content\">\n            <h1>Allm\u00e4n information om ozontrygghet<\/h1>\n<p><a href=\"https:\/\/ozonetech.com\/wp-content\/uploads\/2021\/07\/ozon-sakerhet-datablad.pdf\" target=\"_blank\" rel=\"noopener\">Ladda ner s\u00e4kerhetsdatablad som pdf<\/a><\/p>\n        <\/div>\n    <\/div>\n<\/div>\n\n<div class=\"container-fluid editor_content\">\n    <div class=\"row\">\n        <div class=\"col-12 editor_content table-wrapper \" style=\"--table-text-color-header: #FFFFFF; --table-text-color-rows: #000000; --table-background-color-header: #5f5f5f; --table-background-color-rows-even: #efefef; --table-background-color-rows-odd: #dfdfdf; \">\n                            \n<table id=\"tablepress-116\" class=\"tablepress tablepress-id-116\" aria-describedby=\"tablepress-116-description\">\n<thead>\n<tr class=\"row-1\">\n\t<th class=\"column-1\">\u00c4mne<\/th><th class=\"column-2\">Ozon<\/th>\n<\/tr>\n<\/thead>\n<tbody class=\"row-striping\">\n<tr class=\"row-2\">\n\t<td class=\"column-1\">Kemisk beteckning<\/td><td class=\"column-2\">O<sub>3<\/sub><\/td>\n<\/tr>\n<tr class=\"row-3\">\n\t<td class=\"column-1\">Fr\u00e4msta egenskaper<\/td><td class=\"column-2\">Oxiderande gas &#8211; CAS nr. 10028-15-6 \/ EG nr. 233-069-2<\/td>\n<\/tr>\n<tr class=\"row-4\">\n\t<td class=\"column-1\">Molekylvikt<\/td><td class=\"column-2\">48.0<\/td>\n<\/tr>\n<tr class=\"row-5\">\n\t<td class=\"column-1\">Produktion<\/td><td class=\"column-2\">Koronaurladdning<\/td>\n<\/tr>\n<tr class=\"row-6\">\n\t<td class=\"column-1\">Koncentration<\/td><td class=\"column-2\">Upp till 18% per vikt i syre\/syreberikad luft<\/td>\n<\/tr>\n<tr class=\"row-7\">\n\t<td class=\"column-1\">Kokpunkt<\/td><td class=\"column-2\">-111.0\u00b0C<\/td>\n<\/tr>\n<tr class=\"row-8\">\n\t<td class=\"column-1\">Sm\u00e4ltpunkt<\/td><td class=\"column-2\">-192.7\u00b0C<\/td>\n<\/tr>\n<tr class=\"row-9\">\n\t<td class=\"column-1\">Vattenl\u00f6slighet per vikt vid (@ 20\u00b0C)<\/td><td class=\"column-2\">570 mg\/l<\/td>\n<\/tr>\n<tr class=\"row-10\">\n\t<td class=\"column-1\">Gasdensitet<\/td><td class=\"column-2\">1.6 (1 = luft)<\/td>\n<\/tr>\n<tr class=\"row-11\">\n\t<td class=\"column-1\">Br\u00e4nnbarhet<\/td><td class=\"column-2\">Icke-br\u00e4nnbar\/gynnar f\u00f6rbr\u00e4nning<\/td>\n<\/tr>\n<tr class=\"row-12\">\n\t<td class=\"column-1\">Flampunkt<\/td><td class=\"column-2\">Inte till\u00e4mpligt<\/td>\n<\/tr>\n<tr class=\"row-13\">\n\t<td class=\"column-1\">Sj\u00e4lvant\u00e4ndningstemperatur<\/td><td class=\"column-2\">Inte till\u00e4mpligt<br \/>\n<\/td>\n<\/tr>\n<\/tbody>\n<\/table>\n<span id=\"tablepress-116-description\" class=\"tablepress-table-description tablepress-table-description-id-116\"><\/span>\n<!-- #tablepress-116 from cache -->                                <\/div>\n    <\/div>\n<\/div>\n\n\n<div class=\"container-fluid editor_content content content--narrow\">\n    <div class=\"row\">\n        <div class=\"col-12 editor_content\">\n            <h3>Utseende och lukt<\/h3>\n<p>Ozon \u00e4r f\u00e4rgl\u00f6st vid alla koncentrationer som f\u00f6rekommer inom industrin. Det har en stark, karakt\u00e4ristisk lukt som normalt f\u00f6rknippas med elektriska gnistor. Lukten kan normalt uppt\u00e4ckas av den m\u00e4nskliga n\u00e4san vid koncentrationer p\u00e5 0,02 och 0,05 ppm.<\/p>\n<h3>Brand-\/explosionsrisk<\/h3>\n<p>Ozon \u00e4r ett kraftfullt oxidationsmedel. Oxidation med ozon utvecklar mer v\u00e4rme och ant\u00e4nds normalt vid l\u00e4gre temperaturer \u00e4n oxidation med syre. Ozon reagerar med icke-m\u00e4ttade organiska f\u00f6reningar och producerar ozonider, som \u00e4r instabila och kan brytas ned med explosiv kraft. Ozon \u00e4r en instabil gas som vid normala temperaturer bryts ned till tv\u00e5atomigt syre. Vid f\u00f6rh\u00f6jda temperaturer och i n\u00e4rvaro av vissa katalysatorer som v\u00e4te, j\u00e4rn, koppar och krom kan denna nedbrytning vara explosiv.<\/p>\n        <\/div>\n    <\/div>\n<\/div>\n\n<\/section>\n\n\n\n<section\n    id=\"\"\n    class=\"block content-block\"\n\tstyle=\"--cb-bg: #e6e6e6; --cb-content: #000; padding-top: 30px; padding-bottom: 30px;\"\n>\n    \n\n<div class=\"container-fluid editor_content content content--narrow\">\n    <div class=\"row\">\n        <div class=\"col-12 editor_content\">\n            <h3>Reaktionsdata<\/h3>\n<h4>F\u00f6rh\u00e5llanden som bidrar till instabilitet<\/h4>\n<p>Ozon bryts spontant ned under alla normala f\u00f6rh\u00e5llanden, vilket inneb\u00e4r att det normalt inte finns p\u00e5 andra platser \u00e4n i den omedelbara n\u00e4rheten av den plats d\u00e4r det produceras. Nedbrytningen p\u00e5skyndas av kontakt med fasta ytor, kontakt med kemiska \u00e4mnen och genom v\u00e4rmeeffekt.<\/p>\n<h4>Inkompatibiliteter<\/h4>\n<p>Ozon \u00e4r ett kraftfullt oxidationsmedel och reagerar med alla oxiderande material, s\u00e5v\u00e4l organiska som icke-organiska. Vissa reaktionsprodukter \u00e4r mycket explosiva.<\/p>\n<h4>Farliga nedbrytningsprodukter<\/h4>\n<p>Inga<strong>.<\/strong><\/p>\n        <\/div>\n    <\/div>\n<\/div>\n\n<\/section>\n\n\n\n<section\n    id=\"\"\n    class=\"block content-block\"\n\tstyle=\"--cb-bg: #fff; --cb-content: #000; \"\n>\n    \n\n<div class=\"container-fluid editor_content content content--narrow\">\n    <div class=\"row\">\n        <div class=\"col-12 editor_content\">\n            <h3>H\u00e4lsorisker<\/h3>\n<h4>Till\u00e5tna exponeringsgr\u00e4nser<\/h4>\n<p>F\u00f6ljande gr\u00e4nser \u00e4r brett accepterade (Sverige, USA, Storbritannien och andra delar av Europa):<\/p>\n<ul>\n<li>8 timmar \u2013 8 timmar per dag\/5 dagar per vecka (yrkesm\u00e4ssig exponeringsgr\u00e4ns) \u2013 0,1 ppm<\/li>\n<li>15 minuter (gr\u00e4ns f\u00f6r kortvarig exponering) \u2013 0,3 ppm<\/li>\n<\/ul>\n<h4>Ozonets toxikologi<\/h4>\n<p>De akuta och kroniska effekterna av \u00f6verdriven exponering f\u00f6r ozon \u00e4r v\u00e4l unders\u00f6kta. Exponering f\u00f6r koncentrationer av ozon som \u00f6verstiger flera tiondelars ppm f\u00f6rorsakar ibland rapporter om obehag hos en liten, k\u00e4nslig del av populationen. Detta kan ta sig uttryck i huvudv\u00e4rk, torrhet i halsen och i slemhinnorna i \u00f6gon och n\u00e4sa efter en kortare tids exponering. Upprepad exponering f\u00f6r ozon i s\u00e5dana koncentrationer med 24-timmars intervall ledde dock inte till n\u00e5gon ytterligare \u00f6kning av irritationen i luftv\u00e4garna. Efter de f\u00f6rsta exponeringstillf\u00e4llena hade fortsatt exponering f\u00f6r ozon allt svagare effekter, vilket tyder p\u00e5 att en tolerans kan utvecklas \u00f6ver tid.<\/p>\n<p>Ozon har visat sig vara skadligare vid koncentrationer som \u00f6verstiger 2,0 ppm under flera timmar, vilket t.ex. gasmetallb\u00e5gsvetsare kan uppleva. Den prim\u00e4ra platsen f\u00f6r akuta effekter \u00e4r lungorna och effekterna k\u00e4nnetecknas av lungstas. Denna akuta effekt avtog hos svetsare n\u00e4r exponeringen minskades till under 0,2 ppm. Baserat p\u00e5 studier p\u00e5 djur anses en exponering \u00f6ver 10 till 20 ppm eller en timme eller kortare vara d\u00f6dligt f\u00f6r m\u00e4nniskor, trots att inte ett enda d\u00f6dsfall som kan tillskrivas ozonexponering har registrerats under mer \u00e4n 100 \u00e5r av kommersiell anv\u00e4ndning. (J\u00e4mf\u00f6r detta med klor som kr\u00e4vt m\u00e5nga d\u00f6dsoffer under s\u00e5v\u00e4l fredstid som i krig).<\/p>\n<p>N\u00e4r det g\u00e4ller l\u00e5ngsiktig eller kronisk toxicitet \u00e4r ozon ett radiomimetiskt medel, dvs. effekterna av l\u00e5ngvarig exponering f\u00f6r alltf\u00f6r h\u00f6ga niv\u00e5er av ozon uppvisar samma effekter som alltf\u00f6r stark exponering f\u00f6r solljus. Dessa effekter \u00e4r uttorkning av hudytorna och ett allm\u00e4nt \u00e5ldrande hos exponerade v\u00e4vnader. Ozon anses eller misst\u00e4nks i allm\u00e4nhet inte vara cancerframkallande f\u00f6r m\u00e4nniskor och uppvisar inte heller teratogena eller mutagena egenskaper.<\/p>\n<p>Vid h\u00e4ndelse av en ozonl\u00e4cka:<\/p>\n<ul>\n<li>Ventilera omr\u00e5det<\/li>\n<li>Sl\u00e5 genast av ozongeneratorn<\/li>\n<li>Stoppa fl\u00f6det av ozonerat vatten<\/li>\n<li>N\u00e4r man upplever h\u00f6ga niv\u00e5er av ozon (\u00f6ver 0,1 ppm) ska all personal l\u00e4mna det p\u00e5verkade omr\u00e5det till dess att det har ventilerats noggrant<\/li>\n<li>N\u00e4r ozonniv\u00e5erna \u00f6verstiger 0,3 ppm eller n\u00e4r personal m\u00e5ste arbeta i tr\u00e5nga utrymmen eller tankar d\u00e4r det kan finnas ozon ska endast personer som b\u00e4r l\u00e4mplig andningsapparatur till\u00e5tas att vistas i omr\u00e5det och l\u00e4mpliga s\u00e4kra arbetsmetoder f\u00f6r tr\u00e5nga utrymmen ska till\u00e4mpas.<\/li>\n<\/ul>\n<p>&nbsp;<\/p>\n        <\/div>\n    <\/div>\n<\/div>\n\n\n\n<div class=\"container-fluid editor_content content content--narrow\">\n    <div class=\"row\">\n        <div class=\"col-12 editor_content\">\n            <h4>Destruering av \u00f6verskottsozon<\/h4>\n<p>Det \u00e4r accepterad praxis och lagstiftningskrav i vissa l\u00e4nder att ozongas inte f\u00e5r sl\u00e4ppas ut i atmosf\u00e4ren, utan ska f\u00f6rst\u00f6ras med hj\u00e4lp av en godk\u00e4nd metod f\u00f6r ozondestruktion (katalytisk, termisk eller absorbtion).<\/p>\n        <\/div>\n    <\/div>\n<\/div>\n\n<\/section>\n\n\n\n<section\n    id=\"\"\n    class=\"block content-block\"\n\tstyle=\"--cb-bg: #e6e6e6; --cb-content: #000; padding-top: 30px; padding-bottom: 30px;\"\n>\n    \n\n<div class=\"container-fluid editor_content content content--narrow\">\n    <div class=\"row\">\n        <div class=\"col-12 editor_content\">\n            <h4>Destruering av \u00f6verskottsozon<\/h4>\n<p>Alla potentiella utsl\u00e4pp av ozongas i omr\u00e5den d\u00e4r m\u00e4nniskor vistas eller i den yttre atmosf\u00e4ren ska identifieras.<\/p>\n<ol>\n<li>Alla rutinm\u00e4ssiga driftutsl\u00e4pp av ozon i omr\u00e5den d\u00e4r m\u00e4nniskor vistas eller i den yttre atmosf\u00e4ren ska tillvaratas och ledas genom ett ozondestrueringssystem (som ovan)<\/li>\n<li>Alla omr\u00e5den d\u00e4r m\u00e4nniskor vistas d\u00e4r ozon genereras eller anv\u00e4nds ska erbjuda ett effektivt ventilationssystem som st\u00e5r i proportion till ozonproduktionen och andra riskfaktorer<\/li>\n<li>L\u00e4mpliga masker eller andningsapparatur ska vara l\u00e4ttillg\u00e4nglig f\u00f6r att skydda personalen vid h\u00e4ndelse av l\u00e4ckage och som skydd d\u00e4r arbetskraven g\u00f6r att det \u00e4r om\u00f6jligt att undvika kontakt med ozon<\/li>\n<li>N\u00e4r ozon tills\u00e4tts till v\u00e4tskor \u00e4r det viktigt att ta h\u00e4nsyn till att ozon avdunstar fr\u00e5n l\u00f6sningar under de flesta f\u00f6rh\u00e5llanden. I f\u00f6rsiktighets\u00e5tg\u00e4rderna ing\u00e5r: s\u00e4kerst\u00e4lla att alla beh\u00e5llare som inneh\u00e5ller ozonerade v\u00e4tskor \u00e4r luftt\u00e4ta eller under negativt tryck f\u00f6r att f\u00f6rhindra att ozon avdunstar. Eventuella ventilations\u00f6ppningar d\u00e4r ozonet kan avdunsta ska vara anslutna till ett ozondestrueringssystem. D\u00e4r ozonerade v\u00e4tskor, t.ex. anv\u00e4nt sk\u00f6ljvatten, sl\u00e4pps ut ska detta ske via slutna r\u00f6rledningar till st\u00e4ngda avlopp<\/li>\n<\/ol>\n        <\/div>\n    <\/div>\n<\/div>\n\n<\/section>\n\n\n\n<section\n    id=\"\"\n    class=\"block content-block\"\n\tstyle=\"--cb-bg: #fff; --cb-content: #000; \"\n>\n    \n\n<div class=\"container-fluid editor_content content content--narrow\">\n    <div class=\"row\">\n        <div class=\"col-12 editor_content\">\n            <h4>Exponering<\/h4>\n<ul>\n<li>\u00d6gonexponering \u2013 Om man f\u00e5r ozon i \u00f6gonen ska man omedelbart tv\u00e4tta med mycket vatten och d\u00e5 och d\u00e5 lyfta p\u00e5 det \u00f6vre och det undre \u00f6gonlocket. S\u00f6k medicinsk v\u00e5rd snarast.<\/li>\n<li>Inandning \u2013 Om en person andas in en stor m\u00e4ngd ozon ska personen genast flyttas till varm, icke-f\u00f6rorenad luft. Om andningen upph\u00f6rt ska mun-mot-mun-metoden utf\u00f6ras. Om personen har sv\u00e5rt att andas kan personal med r\u00e4tt utbildning hj\u00e4lpa till genom att tillf\u00f6ra syrgas. H\u00e5ll den drabbade personen vaken och i vilol\u00e4ge. S\u00f6k medicinsk v\u00e5rd snarast.<\/li>\n<li>R\u00e4ddning \u2013 Flytta den drabbade personen i s\u00e4kerhet. Om personen \u00e4r medvetsl\u00f6s ska andra personer larmas och de etablerade procedurerna f\u00f6r n\u00f6dsituationer ska genomf\u00f6ras. G\u00e5 inte in i det drabbade omr\u00e5det utan assistans eller i strid mot r\u00e5d i de rekommenderade s\u00e4kerhetsprocedurer som kan g\u00e4lla p\u00e5 varje anl\u00e4ggning.<\/li>\n<\/ul>\n<p>&nbsp;<\/p>\n        <\/div>\n    <\/div>\n<\/div>\n\n\n\n<div class=\"container-fluid editor_content content content--narrow\">\n    <div class=\"row\">\n        <div class=\"col-12 editor_content\">\n            <p><em>Ozone Tech Systems OTS AB ansvarar inte f\u00f6r n\u00e5gon f\u00f6rlust eller skada av n\u00e5got slag, oavsett hur de uppst\u00e5r, som r\u00f6r anv\u00e4ndning eller hantering av ozon eller uttalanden som finns i eller utel\u00e4mnats fr\u00e5n detta dokument.<\/em><\/p>\n        <\/div>\n    <\/div>\n<\/div>\n\n<\/section>\n","protected":false},"excerpt":{"rendered":"","protected":false},"author":21,"featured_media":0,"parent":11700,"menu_order":0,"comment_status":"closed","ping_status":"closed","template":"","meta":{"_acf_changed":false,"_seopress_robots_primary_cat":"","_seopress_titles_title":"","_seopress_titles_desc":"L\u00e4s mer om ozon allm\u00e4n data, reaktion data, h\u00e4lsorisker och flera vikgtiga informationer, och ladda ner s\u00e4kerhetsdatabladen.","_seopress_robots_index":"","inline_featured_image":false,"footnotes":""},"class_list":["post-11750","page","type-page","status-publish","hentry"],"acf":[],"_links":{"self":[{"href":"https:\/\/ozonetech.com\/sv\/wp-json\/wp\/v2\/pages\/11750","targetHints":{"allow":["GET"]}}],"collection":[{"href":"https:\/\/ozonetech.com\/sv\/wp-json\/wp\/v2\/pages"}],"about":[{"href":"https:\/\/ozonetech.com\/sv\/wp-json\/wp\/v2\/types\/page"}],"author":[{"embeddable":true,"href":"https:\/\/ozonetech.com\/sv\/wp-json\/wp\/v2\/users\/21"}],"replies":[{"embeddable":true,"href":"https:\/\/ozonetech.com\/sv\/wp-json\/wp\/v2\/comments?post=11750"}],"version-history":[{"count":67,"href":"https:\/\/ozonetech.com\/sv\/wp-json\/wp\/v2\/pages\/11750\/revisions"}],"predecessor-version":[{"id":41225,"href":"https:\/\/ozonetech.com\/sv\/wp-json\/wp\/v2\/pages\/11750\/revisions\/41225"}],"up":[{"embeddable":true,"href":"https:\/\/ozonetech.com\/sv\/wp-json\/wp\/v2\/pages\/11700"}],"wp:attachment":[{"href":"https:\/\/ozonetech.com\/sv\/wp-json\/wp\/v2\/media?parent=11750"}],"curies":[{"name":"wp","href":"https:\/\/api.w.org\/{rel}","templated":true}]}}