{"id":11720,"date":"2020-06-25T09:49:15","date_gmt":"2020-06-25T09:49:15","guid":{"rendered":"https:\/\/ozonetech.com\/hamburger-ozone-faq\/"},"modified":"2021-03-23T11:35:30","modified_gmt":"2021-03-23T10:35:30","slug":"ozon-faq","status":"publish","type":"page","link":"https:\/\/ozonetech.com\/sv\/om-ozon\/ozon-faq\/","title":{"rendered":"Ozon FAQ"},"content":{"rendered":"\n<section\n    class=\"block hero hero--regular\"\n    style=\"background-image: url('https:\/\/ozonetech.com\/wp-content\/uploads\/2021\/03\/about-ozone-2-1600x484.jpg'); --hero-opacity: 0.3\"\n>\n\n    <div class=\"container-fluid\">\n\n        <div class=\"content editor_content\">\n                         \n                <h1 class='h1'>Ozon FAQ<\/h1>            \n                    <\/div>\n\n            <\/div>\n<\/section>\n\n\n<section class=\"component component_breadcrumbs\">\n\t<div class=\"container-fluid\">\n  \t<\/div>\n<\/section>\n\n\n<section\n    id=\"top\"\n    class=\"block content-block\"\n\tstyle=\"--cb-bg: white; --cb-content: #000; padding-top: 30px; padding-bottom: 30px;\"\n>\n    \n\n<div class=\"container-fluid editor_content content content--narrow\">\n    <div class=\"row\">\n        <div class=\"col-12 editor_content\">\n            <h2>De vanligaste fr\u00e5gorna om ozonteknik<\/h2>\n<ol>\n<li><a title=\"\" href=\"#q1\">Hur genererar v\u00e5ra ozongeneratorer ozon?<\/a><\/li>\n<li><a title=\"\" href=\"#q2\">Hur kan ozon l\u00f6sas in i vatten?<\/a><\/li>\n<li><a title=\"\" href=\"#q3\">Ozonbest\u00e4ndiga material<\/a><\/li>\n<li><a title=\"\" href=\"#q4\">Hur behandlar jag ozonutsl\u00e4pp?<\/a><\/li>\n<li><a title=\"\" href=\"#q5\">Vad \u00e4r ozons halveringstid?<\/a><\/li>\n<\/ol>\n        <\/div>\n    <\/div>\n<\/div>\n\n\n\n<div class=\"container-fluid editor_content content content--narrow\">\n    <div class=\"row\">\n        <div class=\"col-12 editor_content\">\n            <h3 id=\"q1\">1. Hur genererar v\u00e5ra ozongeneratorer ozon?<\/h3>\n<p>Ozonetech anv\u00e4nder sin egen <em>patenterade koronaurladdningsprocess<\/em>. Genom att leda syrgas genom ett h\u00f6gsp\u00e4nningsf\u00e4lt delas en del av syrgasmolekylerna i laddade atomer som i sin tur reagerar med andra syrgasmolekyler och bildar ozon. Syrgaskoncentrationen p\u00e5verkar direkt ozonproduktionstakten. Genom att minska syrgasfl\u00f6det kan ozonkoncentrationen \u00f6kas ytterligare, men p\u00e5 bekostnad av att ozonproduktionen minskar.<\/p>\n<p>[<a href=\"#top\"><strong>upp<\/strong><\/a>]<\/p>\n        <\/div>\n    <\/div>\n<\/div>\n\n\n\n<div class=\"container-fluid editor_content content content--narrow\">\n    <div class=\"row\">\n        <div class=\"col-12 editor_content\">\n            <h3 id=\"q2\">2. Hur kan ozon l\u00f6sas in i vatten?<\/h3>\n<p>Det finns tv\u00e5 olika metoder f\u00f6r att l\u00f6sa in ozon i vatten; med\u00a0<a title=\"ozon injektor\" href=\"https:\/\/ozonetech.com\/sv\/produkter\/inblandningssystem\/\">Injektor<\/a>\u00a0och\u00a0<a title=\"ozon diffusor\" href=\"https:\/\/ozonetech.com\/sv\/produkter\/inblandningssystem\/\">Diffusor<\/a>.<\/p>\n<h4>Injektorer<\/h4>\n<p><a title=\"ozon injektor\" href=\"https:\/\/ozonetech.com\/sv\/produkter\/inblandningssystem\/\">Ozoninjektor<\/a>\u00a0\u00e4r en mycket enkel l\u00f6sning f\u00f6r att l\u00f6sa in ozon. Gasen l\u00f6ses in i v\u00e4tskan genom det sug som skapas inne i injektorn \/ venturin.<\/p>\n<h4>Diffusorer<\/h4>\n<p><a title=\"ozon diffusor\" href=\"https:\/\/ozonetech.com\/sv\/produkter\/inblandningssystem\/\">Bubbeldiffusorer<\/a>\u00a0fungerar genom att sl\u00e4ppa ut ozon genom hundratals bubblor under vattenytan och blir effektivare ju djupare vattnet \u00e4r. Ju mindre bubblorna \u00e4r, desto effektivare \u00e4r de. Faktorer som g\u00f6r detta till en utmaning \u00e4r vattnets ytsp\u00e4nning och att det bildas vattenfl\u00f6desm\u00f6nster i kontaktprocessen som st\u00f6r gasbubblornas tendens att \u00e5terbildas i st\u00f6rre bubblor.<\/p>\n<p>Finbubbliga diffusorer anv\u00e4nds brett tack vare deras f\u00f6rm\u00e5ga att drivas utan annan energi \u00e4n den inledande gaskomprimeringen. Med det h\u00e4r systemet sl\u00e4pps ozongas normalt ut fr\u00e5n ozongeneratorn vid ett tryck p\u00e5 0,7 &#8211; 1,0 bar, vilket \u00e4r tillr\u00e4ckligt f\u00f6r att ta sig f\u00f6rbi den hydrostatiska fallpunkten plus den f\u00f6rlust som beror p\u00e5 gasdistributorns r\u00f6rledningar och diffusorer. Detta diffusionssystem kan ocks\u00e5 anv\u00e4ndas med ozonatorer som drivs under negativt tryck, med hj\u00e4lp av flytande ringgaskompressorer i rostfritt st\u00e5l som injicerar ozonet under tryck.<\/p>\n<p>[<a href=\"#top\"><strong>upp<\/strong><\/a>]<\/p>\n        <\/div>\n    <\/div>\n<\/div>\n\n\n\n<div class=\"container-fluid editor_content content content--narrow\">\n    <div class=\"row\">\n        <div class=\"col-12 editor_content\">\n            <h3 id=\"q3\">3. Ozonbest\u00e4ndiga material<\/h3>\n<ul>\n<li>Keramik<\/li>\n<li>Glas<\/li>\n<li>304L och 316L rostfritt st\u00e5l<\/li>\n<li>PTFE och ETFE Teflon<\/li>\n<li>ECTFE halar<\/li>\n<li>Kalrez\/Chemrez<\/li>\n<li>Gor Tex<\/li>\n<li>Hypalon<\/li>\n<\/ul>\n<p>[<a href=\"#top\">upp<\/a>]<\/p>\n        <\/div>\n    <\/div>\n<\/div>\n\n\n\n<div class=\"container-fluid editor_content content content--narrow\">\n    <div class=\"row\">\n        <div class=\"col-12 editor_content\">\n            <h3 id=\"q4\">4. Hur behandlar jag ozonutsl\u00e4pp?<\/h3>\n<p>Det icke-uppl\u00f6sta ozonet ska ledas genom en\u00a0<a title=\"ozon destruktor\" href=\"https:\/\/ozonetech.com\/sv\/produkter\/ozondestruktorer\/\">ozondestruktor<\/a>\u00a0och p\u00e5 ett s\u00e4kert s\u00e4tt f\u00f6ras ut i den \u00f6ppna atmosf\u00e4ren.\u00a0<a title=\"ozon destruktor\" href=\"https:\/\/ozonetech.com\/sv\/produkter\/ozondestruktorer\/\">Destruktorn<\/a> inneh\u00e5ller lager av katalysatormaterial av magnesiumdioxid som ozonet leds igenom. Dessa lager \u00e4r mycket k\u00e4nsliga f\u00f6r fukt och m\u00e5ste vara torra f\u00f6r att fungera p\u00e5 full kapacitet.<\/p>\n<p>[<a href=\"#top\"><strong>upp<\/strong><\/a>]<\/p>\n        <\/div>\n    <\/div>\n<\/div>\n\n\n\n<div class=\"container-fluid editor_content content content--narrow\">\n    <div class=\"row\">\n        <div class=\"col-12 editor_content\">\n            <h3 id=\"q5\">5. Vad \u00e4r ozons halveringstid?<\/h3>\n<p>Under standardf\u00f6rh\u00e5llanden (21\u00b0C, 1 bar) \u00e4r ozonets halveringstid 20 minuter. Uppl\u00f6st ozons halveringstid \u00e4r 20 minuter vid pH 6, 15 minuter vid pH 7 och 5 minuter vid pH 8. Den huvudfaktor som minskar ozonets halveringstid \u00e4r h\u00f6gre temperatur, tryck och hastighet.<\/p>\n<p>[<a href=\"#top\"><strong>upp<\/strong><\/a>]<\/p>\n        <\/div>\n    <\/div>\n<\/div>\n\n<\/section>\n","protected":false},"excerpt":{"rendered":"","protected":false},"author":21,"featured_media":0,"parent":11700,"menu_order":0,"comment_status":"closed","ping_status":"closed","template":"","meta":{"_acf_changed":false,"_seopress_robots_primary_cat":"","_seopress_titles_title":"","_seopress_titles_desc":"L\u00e4s mer om hur v\u00e5ra ozongeneratorer genererar ozon och hur kan ozon l\u00f6sas in i vatten och \u00f6vriga viktiga informationer.","_seopress_robots_index":"","inline_featured_image":false,"footnotes":""},"class_list":["post-11720","page","type-page","status-publish","hentry"],"acf":[],"_links":{"self":[{"href":"https:\/\/ozonetech.com\/sv\/wp-json\/wp\/v2\/pages\/11720","targetHints":{"allow":["GET"]}}],"collection":[{"href":"https:\/\/ozonetech.com\/sv\/wp-json\/wp\/v2\/pages"}],"about":[{"href":"https:\/\/ozonetech.com\/sv\/wp-json\/wp\/v2\/types\/page"}],"author":[{"embeddable":true,"href":"https:\/\/ozonetech.com\/sv\/wp-json\/wp\/v2\/users\/21"}],"replies":[{"embeddable":true,"href":"https:\/\/ozonetech.com\/sv\/wp-json\/wp\/v2\/comments?post=11720"}],"version-history":[{"count":41,"href":"https:\/\/ozonetech.com\/sv\/wp-json\/wp\/v2\/pages\/11720\/revisions"}],"predecessor-version":[{"id":32524,"href":"https:\/\/ozonetech.com\/sv\/wp-json\/wp\/v2\/pages\/11720\/revisions\/32524"}],"up":[{"embeddable":true,"href":"https:\/\/ozonetech.com\/sv\/wp-json\/wp\/v2\/pages\/11700"}],"wp:attachment":[{"href":"https:\/\/ozonetech.com\/sv\/wp-json\/wp\/v2\/media?parent=11720"}],"curies":[{"name":"wp","href":"https:\/\/api.w.org\/{rel}","templated":true}]}}