{"id":11712,"date":"2020-06-25T09:31:11","date_gmt":"2020-06-25T09:31:11","guid":{"rendered":"https:\/\/ozonetech.com\/hamburger-menu-ozone-benefits\/"},"modified":"2021-08-05T09:32:50","modified_gmt":"2021-08-05T07:32:50","slug":"ozons-fordelar","status":"publish","type":"page","link":"https:\/\/ozonetech.com\/sv\/om-ozon\/ozons-fordelar\/","title":{"rendered":"Ozons f\u00f6rdelar"},"content":{"rendered":"\n<section\n    class=\"block hero hero--regular\"\n    style=\"background-image: url('https:\/\/ozonetech.com\/wp-content\/uploads\/2021\/03\/about-ozone-1-1600x484.jpg'); --hero-opacity: 0.3\"\n>\n\n    <div class=\"container-fluid\">\n\n        <div class=\"content editor_content\">\n                         \n                <h1 class='h1'>Ozons f\u00f6rdelar<\/h1>            \n                    <\/div>\n\n            <\/div>\n<\/section>\n\n\n<section class=\"component component_breadcrumbs\">\n\t<div class=\"container-fluid\">\n  \t<\/div>\n<\/section>\n\n\n<section\n    id=\"\"\n    class=\"block content-block\"\n\tstyle=\"--cb-bg: white; --cb-content: #000; padding-top: 30px; padding-bottom: 30px;\"\n>\n    \n\n<div class=\"container-fluid editor_content content content--narrow\">\n    <div class=\"row\">\n        <div class=\"col-12 editor_content\">\n            <h2>Topp tio f\u00f6rdelar med ozon oxidationsteknik<\/h2>\n<p>Ozon \u00e4r en triosyremolekyl med kemiska formeln O<sub>3<\/sub>. Det \u00e4r en ljusbl\u00e5 gas med en distinkt lukt som kan uppt\u00e4ckas av de flesta m\u00e4nniskor \u00e4ven i l\u00e5ga koncentrationer som 0,1 ppm. I naturen finns ozon i l\u00e5ga koncentrationer och bildas inom jordens atmosf\u00e4r fr\u00e5n syre, genom ultraviolett (UV) ljus, en form av elektromagnetisk str\u00e5lning och genom elektriska urladdningar, till exempel blixtar.<\/p>\n<p>Den h\u00f6gsta koncentrationen ozon i naturen finns stratosf\u00e4rens ozonlager, som absorberar mest av solens ultraviolett (UV) str\u00e5lning.<\/p>\n<p>Ozon \u00e4r ocks\u00e5 en kraftfull oxidant, l\u00e4ttl\u00f6slig i vatten, som kan brtya ner m\u00e5nga olika f\u00f6reningar och mikroorganismer. P\u00e5 grund av dess egenskaper \u00e4r ozon en idealisk metod f\u00f6r att behandla luft och vatten mot de flesta f\u00f6roreningar. F\u00f6r mer trygghetsinformation ang\u00e5ende ozonanv\u00e4ndning klicka g\u00e4rna h\u00e4r.<\/p>\n<p>Forskning visar att ozon \u00e4r den mest effektiva metoden f\u00f6r att behandla luft och vatten fr\u00e5n ur ett tids- och kostnadsperspektiv och kan till\u00e4mpas i ett brett utbud av industriella applikationer. Dessutom minskar ozon kemikaliebehovet till noll och l\u00e4mnar inga potentiellt skadliga \u00e4mnen. S\u00e5ledes \u00e4r ozon den mest h\u00e5llbara och milj\u00f6v\u00e4nliga behandlingsteknik.<\/p>\n<p>Vi har listat nedan de tio viktigaste f\u00f6rdelarna som g\u00f6r ozon ett idealiskt val f\u00f6r vilken industri som helst som kr\u00e4vs ren luft och rent vatten:<\/p>\n<ol>\n<li>Drygt 50% effektivare p\u00e5 att bryta igenom bakteriemembran \u00e4n klor<\/li>\n<li>D\u00f6dar ett brett utbud av bakterier drygt 3 000 g\u00e5nger snabbare \u00e4n klor<\/li>\n<li>Kraftfullt desinficerande i l\u00e5ga koncentrationer<\/li>\n<li>Bryts ned till syrgas och l\u00e4mnar inga biprodukter<\/li>\n<li>FDA-godk\u00e4nt f\u00f6r direktkontakt med livsmedel<\/li>\n<li>F\u00f6rl\u00e4nger h\u00e5llbarheten f\u00f6r de flesta livsmedelsprodukter<\/li>\n<li>Kraftfull lukt-, smak- och f\u00e4rgborttagare<\/li>\n<li>Produceras enkelt och ekonomiskt p\u00e5 anv\u00e4ndningsplatsen<\/li>\n<li>Enkelt att uppt\u00e4cka f\u00f6r m\u00e4nniskor vid l\u00e5ga koncentrationer och d\u00e4rmed s\u00e4kert att hantera<\/li>\n<li>Regelverk f\u00f6r m\u00e4nsklig exponering i de flesta l\u00e4nder<\/li>\n<\/ol>\n<p>Vi har samlat anv\u00e4ndbar grundl\u00e4ggande information om ozon p\u00e5 <a href=\"https:\/\/ozonetech.com\/sv\/om-ozon\/\">den h\u00e4r sidan<\/a>. K\u00e4nn dig fri att l\u00e4sa mer.<\/p>\n        <\/div>\n    <\/div>\n<\/div>\n\n<\/section>\n","protected":false},"excerpt":{"rendered":"","protected":false},"author":21,"featured_media":0,"parent":11700,"menu_order":0,"comment_status":"closed","ping_status":"closed","template":"","meta":{"_acf_changed":false,"_seopress_robots_primary_cat":"","_seopress_titles_title":"","_seopress_titles_desc":"Ozon \u00e4r drygt 50% effektivare p\u00e5 att bryta igenom bakteriemembran och d\u00f6dar ett brett utbud av bakterier drygt 3 000 g\u00e5nger snabbare \u00e4n klor.","_seopress_robots_index":"","inline_featured_image":false,"footnotes":""},"class_list":["post-11712","page","type-page","status-publish","hentry"],"acf":[],"_links":{"self":[{"href":"https:\/\/ozonetech.com\/sv\/wp-json\/wp\/v2\/pages\/11712","targetHints":{"allow":["GET"]}}],"collection":[{"href":"https:\/\/ozonetech.com\/sv\/wp-json\/wp\/v2\/pages"}],"about":[{"href":"https:\/\/ozonetech.com\/sv\/wp-json\/wp\/v2\/types\/page"}],"author":[{"embeddable":true,"href":"https:\/\/ozonetech.com\/sv\/wp-json\/wp\/v2\/users\/21"}],"replies":[{"embeddable":true,"href":"https:\/\/ozonetech.com\/sv\/wp-json\/wp\/v2\/comments?post=11712"}],"version-history":[{"count":13,"href":"https:\/\/ozonetech.com\/sv\/wp-json\/wp\/v2\/pages\/11712\/revisions"}],"predecessor-version":[{"id":38191,"href":"https:\/\/ozonetech.com\/sv\/wp-json\/wp\/v2\/pages\/11712\/revisions\/38191"}],"up":[{"embeddable":true,"href":"https:\/\/ozonetech.com\/sv\/wp-json\/wp\/v2\/pages\/11700"}],"wp:attachment":[{"href":"https:\/\/ozonetech.com\/sv\/wp-json\/wp\/v2\/media?parent=11712"}],"curies":[{"name":"wp","href":"https:\/\/api.w.org\/{rel}","templated":true}]}}