{"id":11700,"date":"2020-06-25T11:15:59","date_gmt":"2020-06-25T11:15:59","guid":{"rendered":"https:\/\/ozonetech.com\/hamburger-menu-about-ozone\/"},"modified":"2024-10-10T11:40:04","modified_gmt":"2024-10-10T09:40:04","slug":"om-ozon","status":"publish","type":"page","link":"https:\/\/ozonetech.com\/sv\/om-ozon\/","title":{"rendered":"Om ozon"},"content":{"rendered":"\n<section\n    class=\"block hero hero--regular\"\n    style=\"background-image: url('https:\/\/ozonetech.com\/wp-content\/uploads\/2021\/03\/about-ozone-1600x484.jpg'); --hero-opacity: 0.25\"\n>\n\n    <div class=\"container-fluid\">\n\n        <div class=\"content editor_content\">\n                         \n                <h2 class='h2'>Om ozon<\/h2>            \n                    <\/div>\n\n            <\/div>\n<\/section>\n\n\n<section class=\"component component_breadcrumbs\">\n\t<div class=\"container-fluid\">\n  \t<\/div>\n<\/section>\n\n\n<section\n    id=\"\"\n    class=\"block content-block\"\n\tstyle=\"--cb-bg: light-gray; --cb-content: #000; padding-top: 30px; padding-bottom: 30px;\"\n>\n    \n\n<div class=\"container-fluid editor_content content content--narrow\">\n    <div class=\"row\">\n        <div class=\"col-12 editor_content\">\n            <h1>En kraftfull oxidant<\/h1>\n<p class=\"preamble\">Ozon \u00e4r ett mycket kraftfullt oxidationsmedel. Det \u00e4r l\u00e4ttl\u00f6sligt i vatten och dess f\u00f6rm\u00e5ga att eliminera de mikroorganismer som bildar f\u00f6rorenande \u00e4mnen \u00e4r mycket god. N\u00e4r problemet l\u00f6sts uppl\u00f6ses ozonet \u2013 v\u00e5r metod tvingar ozonet att reagera med de f\u00f6rorenande \u00e4mnena och bryta ned dem. D\u00e4refter \u00e5terg\u00e5r eventuellt restozon till syre.<\/p>\n<p><a href=\"https:\/\/ozonetech.com\/wp-content\/uploads\/2020\/12\/Datasheet-About-Ozone-v2.0-SV-web.pdf\" target=\"_blank\" rel=\"noopener\">Ladda ner datablad om ozon\u00a0<\/a><\/p>\n        <\/div>\n    <\/div>\n<\/div>\n\n<div class=\"container-fluid editor_content\">\n    <div class=\"row\">\n        <div class=\"col-12 editor_content table-wrapper \" style=\"--table-text-color-header: #FFFFFF; --table-text-color-rows: #000000; --table-background-color-header: #5f5f5f; --table-background-color-rows-even: #efefef; --table-background-color-rows-odd: #dfdfdf; \">\n                            \n<table id=\"tablepress-115\" class=\"tablepress tablepress-id-115\" aria-describedby=\"tablepress-115-description\">\n<thead>\n<tr class=\"row-1\">\n\t<th class=\"column-1\">Kemisk formel<\/th><th class=\"column-2\">O<sub>3<\/sub><\/th>\n<\/tr>\n<\/thead>\n<tbody class=\"row-striping\">\n<tr class=\"row-2\">\n\t<td class=\"column-1\">Molekylvikt<\/td><td class=\"column-2\">47.998 g\/mol<\/td>\n<\/tr>\n<tr class=\"row-3\">\n\t<td class=\"column-1\">Densitet, gas (0\u00b0C, 101.3 kPa)<\/td><td class=\"column-2\">2.144 kg\/m<sup>3<\/sup><\/td>\n<\/tr>\n<tr class=\"row-4\">\n\t<td class=\"column-1\">Sm\u00e4ltpunkt (101.3 kPa)<\/td><td class=\"column-2\">-192.5\u00b0C<\/td>\n<\/tr>\n<tr class=\"row-5\">\n\t<td class=\"column-1\">Kokpunkt point (101.3 kPa)<\/td><td class=\"column-2\">-111.9\u00b0C<\/td>\n<\/tr>\n<tr class=\"row-6\">\n\t<td class=\"column-1\">EU klassificering<\/td><td class=\"column-2\">Oxidant (O)<\/td>\n<\/tr>\n<\/tbody>\n<\/table>\n<span id=\"tablepress-115-description\" class=\"tablepress-table-description tablepress-table-description-id-115\"><\/span>\n<!-- #tablepress-115 from cache -->                                <\/div>\n    <\/div>\n<\/div>\n\n\n<div class=\"container-fluid editor_content content content--narrow\">\n    <div class=\"row\">\n        <div class=\"col-12 editor_content\">\n            <h3>S\u00e5 bildas ozon<\/h3>\n<p>Ozon kan produceras fotokemiskt med UV-ljus eller med elektriska urladdningar (koronaurladdning) i en syrefylld atmosf\u00e4r. Tack vare v\u00e5r egen patenterade teknik utnyttjar v\u00e5r utrustning f\u00f6rdelarna med koronaurladdning maximalt. Luft eller syre leds mellan tv\u00e5 elektroder och uts\u00e4tts d\u00e4refter f\u00f6r elektroniska urladdningar. Syreatomerna blir d\u00e4refter partiellt atomiserade och bildar ozon n\u00e4r fria syremolekyler reagerar med de befintliga syremolekylerna.<\/p>\n        <\/div>\n    <\/div>\n<\/div>\n\n\n<div class=\"container-fluid content content--narrow\">\n    <div class=\"row\">\n        <div class=\"col-md-6 order-1 editor_content \">\n            <p>Elektronerna i urladdningen tillf\u00f6r energi som kan separera atomerna i syremolekylen:<\/p>\n<p>O<sub>2<\/sub>\u00a0+ e<sup>&#8211;<\/sup> =&gt; O + O<\/p>\n<p>Dessa fria atomer reagerar direkt med varandra eller med syremolekyler och bildar ozon:<\/p>\n<p>O<sub>2<\/sub>\u00a0+ O =&gt; O<sub>3<\/sub><\/p>\n        <\/div>\n        <div class=\"col-md-6 order-2 editor_content d-flex justify-content-center\">\n                                            <figure class=\"side-image \">\n                    <img loading=\"lazy\" decoding=\"async\" width=\"425\" height=\"320\" src=\"https:\/\/ozonetech.com\/wp-content\/uploads\/2021\/03\/ozone-molecule-e1615388404310.jpg\" class=\"attachment-full size-full\" alt=\"\" \/>                                    <\/figure>\n                    <\/div>\n    <\/div>\n<\/div>\n\n\n<div class=\"container-fluid editor_content content content--narrow\">\n    <div class=\"row\">\n        <div class=\"col-12 editor_content\">\n            <h3>Gr\u00e4nsv\u00e4rden<\/h3>\n<p>Arbetsmilj\u00f6verket har tagit fram hygieniska gr\u00e4nsv\u00e4rden (acceptabla genomsnittliga niv\u00e5er i inandningsluft) f\u00f6r ozon. Tv\u00e5 huvudsakliga niv\u00e5er anv\u00e4nds:<\/p>\n<ul>\n<li>Level limit value (LLV): H\u00f6gsta acceptabla genomsnittliga inneh\u00e5ll i inandningsluft under 8 timmar<\/li>\n<li>Ceiling limit value (CLV): H\u00f6gsta acceptabla genomsnittliga inneh\u00e5ll i inandningsluft under 15 minuter<\/li>\n<\/ul>\n<p>F\u00f6r ozon \u00e4r tr\u00f6skelv\u00e4rdet 0,1 ppm (0.2 mg\/m<sup>3<\/sup>) och taket \u00e4r 0,3 ppm(0.6 mg\/m<sup>3<\/sup>) (AFS 2015:7). Enligt Arbetsmilj\u00f6verket \u00e4r ozon inte cancerframkallande eller allergiframkallande och p\u00e5verkar inte fortplantningsf\u00f6rm\u00e5gan. Det absorberas inte heller l\u00e4tt av huden..<\/p>\n<p>Ozonniv\u00e5er \u00f6ver 0,3 ppm irriterar luftv\u00e4garna och \u00f6gats slemhinnor, medan niv\u00e5er kring 100 ppm \u00e4r giftiga inom ett par minuter.<\/p>\n<div id=\"panels-ipe-paneid-414\" class=\"panels-ipe-portlet-wrapper panels-ipe-portlet-marker\">\n<div class=\"panels-ipe-portlet-content\">\n<div class=\"panel-pane pane-entity-field pane-node-body\">\n<div class=\"pane-content\">\n<div class=\"field field-name-body field-type-text-with-summary field-label-hidden\">\n<div class=\"field-items\">\n<div class=\"field-item even\">\n<p class=\"links\">L\u00e4nkar: <a title=\"Information om ozon\" href=\"http:\/\/sv.wikipedia.org\/wiki\/Ozon\" target=\"_blank\" rel=\"noopener\">Ozon (Svenska)<\/a>, <a title=\"Information om ozon\" href=\"http:\/\/en.wikipedia.org\/wiki\/Ozone\" target=\"_blank\" rel=\"noopener\">Ozon (Engelska)<\/a>, <a title=\"Arbetsmilj\u00f6verkets gr\u00e4nsv\u00e4rden f\u00f6r ozon\" href=\"http:\/\/www.av.se\/\" target=\"_blank\" rel=\"noopener\">Arbetsmilj\u00f6verket<\/a>, <a title=\"Hygieniska gr\u00e4nsv\u00e4rden f\u00f6r Ozon (AFS 2015:7, g\u00e4ller fr.o.m. 1 juli 2016)\" href=\"https:\/\/www.av.se\/arbetsmiljoarbete-och-inspektioner\/publikationer\/foreskrifter\/hygieniska-gransvarden-afs-20181-foreskrifter\/\" target=\"_blank\" rel=\"noopener\">AFS 2018:1<\/a><\/p>\n<\/div>\n<\/div>\n<\/div>\n<\/div>\n<\/div>\n<\/div>\n<\/div>\n        <\/div>\n    <\/div>\n<\/div>\n\n<\/section>\n\n\n\n<section class=\"block landing-page-grid\" style=\"--grid-bg: #fff; --grid-link: #5f5f5f; --grid-content: #000;\">\n\n    <div class=\"container-fluid grid\">\n\n                \n                    <div class=\"grid__list\">\n                                    <a class=\"item\" href=\"https:\/\/ozonetech.com\/sv\/om-ozon\/ozons-fordelar\/\" target=\"\">\n                        <span class=\"item__overlay\"><\/span>\n                        <span\n                            class=\"item__background-image\"\n                            style=\"background-image: url('https:\/\/ozonetech.com\/wp-content\/uploads\/2021\/03\/ozone.jpg');\"\n                        ><\/span>\n                        \n                        <span class=\"item__content\">\n                            <figure class=\"item__content--icon\">\n                                                            <\/figure>\n\n                            <span class=\"item__content--link\">\n                                <span>Ozons f\u00f6rdelar<\/span><svg version=\"1.1\" id=\"Layer_1\" xmlns=\"http:\/\/www.w3.org\/2000\/svg\" x=\"0\" y=\"0\" viewBox=\"0 0 25 21.76\" xml:space=\"preserve\"><path fill=\"#FF691C\" d=\"M12.17 1.45l1.11-1.1c.46-.47 1.22-.47 1.68 0l9.69 9.68c.47.46.47 1.22 0 1.68l-9.69 9.69c-.46.47-1.22.47-1.68 0l-1.11-1.11c-.47-.47-.46-1.23.01-1.7l.01-.01 6-5.72h-17c-.66 0-1.2-.53-1.2-1.19v-1.6c0-.66.53-1.2 1.19-1.2h17.01l-6-5.72c-.48-.45-.5-1.2-.05-1.68.01 0 .02-.01.03-.02z\"\/><\/svg>                            <\/span>\n                        <\/span>\n                    <\/a>\n                                    <a class=\"item\" href=\"https:\/\/ozonetech.com\/sv\/om-ozon\/ozon-faq\/\" target=\"\">\n                        <span class=\"item__overlay\"><\/span>\n                        <span\n                            class=\"item__background-image\"\n                            style=\"background-image: url('https:\/\/ozonetech.com\/wp-content\/uploads\/2021\/03\/ozone.jpg');\"\n                        ><\/span>\n                        \n                        <span class=\"item__content\">\n                            <figure class=\"item__content--icon\">\n                                                            <\/figure>\n\n                            <span class=\"item__content--link\">\n                                <span>Ozon FAQ<\/span><svg version=\"1.1\" id=\"Layer_1\" xmlns=\"http:\/\/www.w3.org\/2000\/svg\" x=\"0\" y=\"0\" viewBox=\"0 0 25 21.76\" xml:space=\"preserve\"><path fill=\"#FF691C\" d=\"M12.17 1.45l1.11-1.1c.46-.47 1.22-.47 1.68 0l9.69 9.68c.47.46.47 1.22 0 1.68l-9.69 9.69c-.46.47-1.22.47-1.68 0l-1.11-1.11c-.47-.47-.46-1.23.01-1.7l.01-.01 6-5.72h-17c-.66 0-1.2-.53-1.2-1.19v-1.6c0-.66.53-1.2 1.19-1.2h17.01l-6-5.72c-.48-.45-.5-1.2-.05-1.68.01 0 .02-.01.03-.02z\"\/><\/svg>                            <\/span>\n                        <\/span>\n                    <\/a>\n                                    <a class=\"item\" href=\"https:\/\/ozonetech.com\/sv\/om-ozon\/ozonsakerhet\/\" target=\"\">\n                        <span class=\"item__overlay\"><\/span>\n                        <span\n                            class=\"item__background-image\"\n                            style=\"background-image: url('https:\/\/ozonetech.com\/wp-content\/uploads\/2021\/03\/ozone.jpg');\"\n                        ><\/span>\n                        \n                        <span class=\"item__content\">\n                            <figure class=\"item__content--icon\">\n                                                            <\/figure>\n\n                            <span class=\"item__content--link\">\n                                <span>Ozons\u00e4kerhet<\/span><svg version=\"1.1\" id=\"Layer_1\" xmlns=\"http:\/\/www.w3.org\/2000\/svg\" x=\"0\" y=\"0\" viewBox=\"0 0 25 21.76\" xml:space=\"preserve\"><path fill=\"#FF691C\" d=\"M12.17 1.45l1.11-1.1c.46-.47 1.22-.47 1.68 0l9.69 9.68c.47.46.47 1.22 0 1.68l-9.69 9.69c-.46.47-1.22.47-1.68 0l-1.11-1.11c-.47-.47-.46-1.23.01-1.7l.01-.01 6-5.72h-17c-.66 0-1.2-.53-1.2-1.19v-1.6c0-.66.53-1.2 1.19-1.2h17.01l-6-5.72c-.48-.45-.5-1.2-.05-1.68.01 0 .02-.01.03-.02z\"\/><\/svg>                            <\/span>\n                        <\/span>\n                    <\/a>\n                            <\/div>\n            <\/div>\n\n<\/section>","protected":false},"excerpt":{"rendered":"","protected":false},"author":21,"featured_media":0,"parent":0,"menu_order":0,"comment_status":"closed","ping_status":"closed","template":"","meta":{"_acf_changed":false,"_seopress_robots_primary_cat":"","_seopress_titles_title":"","_seopress_titles_desc":"Ozon \u00e4r ett mycket kraftfullt oxidationsmedel och dess f\u00f6rm\u00e5ga att eliminera de mikroorganismer som bildar f\u00f6rorenande \u00e4mnen \u00e4r mycket god.","_seopress_robots_index":"","inline_featured_image":false,"footnotes":""},"class_list":["post-11700","page","type-page","status-publish","hentry"],"acf":[],"_links":{"self":[{"href":"https:\/\/ozonetech.com\/sv\/wp-json\/wp\/v2\/pages\/11700","targetHints":{"allow":["GET"]}}],"collection":[{"href":"https:\/\/ozonetech.com\/sv\/wp-json\/wp\/v2\/pages"}],"about":[{"href":"https:\/\/ozonetech.com\/sv\/wp-json\/wp\/v2\/types\/page"}],"author":[{"embeddable":true,"href":"https:\/\/ozonetech.com\/sv\/wp-json\/wp\/v2\/users\/21"}],"replies":[{"embeddable":true,"href":"https:\/\/ozonetech.com\/sv\/wp-json\/wp\/v2\/comments?post=11700"}],"version-history":[{"count":31,"href":"https:\/\/ozonetech.com\/sv\/wp-json\/wp\/v2\/pages\/11700\/revisions"}],"predecessor-version":[{"id":40970,"href":"https:\/\/ozonetech.com\/sv\/wp-json\/wp\/v2\/pages\/11700\/revisions\/40970"}],"wp:attachment":[{"href":"https:\/\/ozonetech.com\/sv\/wp-json\/wp\/v2\/media?parent=11700"}],"curies":[{"name":"wp","href":"https:\/\/api.w.org\/{rel}","templated":true}]}}