{"id":11678,"date":"2020-06-25T06:44:27","date_gmt":"2020-06-25T06:44:27","guid":{"rendered":"https:\/\/ozonetech.com\/products-ozone-technology\/"},"modified":"2024-10-11T09:49:32","modified_gmt":"2024-10-11T07:49:32","slug":"ozonteknik","status":"publish","type":"page","link":"https:\/\/ozonetech.com\/sv\/produkter\/ozonteknik\/","title":{"rendered":"Ozonteknik"},"content":{"rendered":"\n<section\n    class=\"block hero hero--regular\"\n    style=\"background-image: url('https:\/\/ozonetech.com\/wp-content\/uploads\/2021\/03\/ozone-technology-4-1600x484.jpg'); --hero-opacity: 0.4\"\n>\n\n    <div class=\"container-fluid\">\n\n        <div class=\"content editor_content\">\n                         \n                <h2 class='h2'>Ozonteknik<\/h2>            \n                    <\/div>\n\n            <\/div>\n<\/section>\n\n\n<section class=\"component component_breadcrumbs\">\n\t<div class=\"container-fluid\">\n  \t<\/div>\n<\/section>\n\n\n<section\n    id=\"\"\n    class=\"block content-block\"\n\tstyle=\"--cb-bg: white; --cb-content: #000; padding-top: 30px; padding-bottom: 30px;\"\n>\n    \n\n<div class=\"container-fluid editor_content content content--narrow\">\n    <div class=\"row\">\n        <div class=\"col-12 editor_content\">\n            <h1>Effektiva metoder f\u00f6r att generera ozon<\/h1>\n<p class=\"preamble\">Ozonetech Systems unika generatorteknik \u00e4r patenterad och bygger p\u00e5 anv\u00e4nding av koronaurladdning och keramplattor. Varje generationselement best\u00e5r av tv\u00e5 parallella keramiska plattor, 100 mm x 150 mm, som inneh\u00e5ller koronaurladdningen.<\/p>\n<p>I ICT- och DCT-serierna \u00e4r varje generationselement vattenkylt och genererar mellan 20\u201340 g\/h beroende p\u00e5 vilken typ av kylsystem det handlar om. Gasens ing\u00e5ngstryck \u00e4r normalt mellan 1\u20133 bar.<\/p>\n<p><strong>F\u00f6rdelarna med tekniken \u00e4r:<\/strong><\/p>\n<ul>\n<li>Ultrakompakt design och l\u00e5g vikt<\/li>\n<li>H\u00f6gt utg\u00e5ngstryck<\/li>\n<li>H\u00f6g koncentration<\/li>\n<li>L\u00e5g syrgas- och energif\u00f6rbrukning<\/li>\n<li>Tyst i drift<\/li>\n<\/ul>\n<p>Vid sidan av de praktiska egenskaperna som storlek och vikt som g\u00f6r systemet enkelt att integrera och flytta \u00e4r ozonets koncentration och utg\u00e5ngstryck viktiga parametrar som man ofta inte inser v\u00e4rdet hos.<\/p>\n<p>B\u00e5de trycket och koncentrationen \u00e4r direkt kopplade till m\u00e4ngden ozon som kan l\u00f6sas i vatten, vilket i sin tur har en direkt koppling till ozonets effektivitet som oxidationsmedel.<\/p>\n<p>Genom att f\u00f6rdubbla koncentrationen av ozon f\u00f6rdubblas i princip den maximala niv\u00e5n av uppl\u00f6st ozon. Som ett exempel kan en generator p\u00e5 40 g\/h med en koncentration p\u00e5 6 wt% ofta bytas ut mot en generator p\u00e5 20 g\/h med 12 wt%. Samma f\u00f6rh\u00e5llande g\u00e4ller f\u00f6r trycket.<\/p>\n<p>En effektiv generator med h\u00f6g koncentration f\u00f6rbrukar ocks\u00e5 mindre syre och energi j\u00e4mf\u00f6rt med en l\u00e5g koncentration. Sammanfattningsvis \u00e4r det viktigt att noggrant utv\u00e4rdera de ovan n\u00e4mnda faktorerna n\u00e4r man ber\u00e4knar investering- och driftkostnaderna och v\u00e4ljer den b\u00e4sta generatorn.<\/p>\n<p><a title=\"Svensk ozongenerator tillverkare\" href=\"https:\/\/ozonetech.com\/kontakt\/\">Kontakta oss<\/a>\u00a0g\u00e4rna s\u00e5 ber\u00e4ttar vi mer!<\/p>\n        <\/div>\n    <\/div>\n<\/div>\n\n<\/section>\n","protected":false},"excerpt":{"rendered":"","protected":false},"author":21,"featured_media":0,"parent":14850,"menu_order":0,"comment_status":"closed","ping_status":"closed","template":"","meta":{"_acf_changed":false,"_seopress_robots_primary_cat":"","_seopress_titles_title":"","_seopress_titles_desc":"Ozonetech Systems unika generatorteknik \u00e4r patenterad och bygger p\u00e5 anv\u00e4nding av koronaurladdning och keramplattor.","_seopress_robots_index":"","inline_featured_image":false,"footnotes":""},"class_list":["post-11678","page","type-page","status-publish","hentry"],"acf":[],"_links":{"self":[{"href":"https:\/\/ozonetech.com\/sv\/wp-json\/wp\/v2\/pages\/11678","targetHints":{"allow":["GET"]}}],"collection":[{"href":"https:\/\/ozonetech.com\/sv\/wp-json\/wp\/v2\/pages"}],"about":[{"href":"https:\/\/ozonetech.com\/sv\/wp-json\/wp\/v2\/types\/page"}],"author":[{"embeddable":true,"href":"https:\/\/ozonetech.com\/sv\/wp-json\/wp\/v2\/users\/21"}],"replies":[{"embeddable":true,"href":"https:\/\/ozonetech.com\/sv\/wp-json\/wp\/v2\/comments?post=11678"}],"version-history":[{"count":23,"href":"https:\/\/ozonetech.com\/sv\/wp-json\/wp\/v2\/pages\/11678\/revisions"}],"predecessor-version":[{"id":41156,"href":"https:\/\/ozonetech.com\/sv\/wp-json\/wp\/v2\/pages\/11678\/revisions\/41156"}],"up":[{"embeddable":true,"href":"https:\/\/ozonetech.com\/sv\/wp-json\/wp\/v2\/pages\/14850"}],"wp:attachment":[{"href":"https:\/\/ozonetech.com\/sv\/wp-json\/wp\/v2\/media?parent=11678"}],"curies":[{"name":"wp","href":"https:\/\/api.w.org\/{rel}","templated":true}]}}