{"id":11670,"date":"2020-06-25T06:41:44","date_gmt":"2020-06-25T06:41:44","guid":{"rendered":"https:\/\/ozonetech.com\/products-sensors-monitors\/"},"modified":"2025-06-19T08:22:04","modified_gmt":"2025-06-19T06:22:04","slug":"sensorer-monitorer","status":"publish","type":"page","link":"https:\/\/ozonetech.com\/sv\/produkter\/sensorer-monitorer\/","title":{"rendered":"Sensorer &amp; monitorer"},"content":{"rendered":"\n<section\n    class=\"block hero hero--regular\"\n    style=\"background-image: url('https:\/\/ozonetech.com\/wp-content\/uploads\/2021\/03\/sensors-and-monitors-1600x484.jpg'); --hero-opacity: 0.3\"\n>\n\n    <div class=\"container-fluid\">\n\n        <div class=\"content editor_content\">\n                         \n                <h2 class='h2'>Sensorer &#038; monitorer<\/h2>            \n                    <\/div>\n\n            <\/div>\n<\/section>\n\n\n<section class=\"component component_breadcrumbs\">\n\t<div class=\"container-fluid\">\n  \t<\/div>\n<\/section>\n\n\n<section\n    id=\"\"\n    class=\"block content-block\"\n\tstyle=\"--cb-bg: white; --cb-content: #000; padding-top: 30px; padding-bottom: 30px;\"\n>\n    \n\n<div class=\"container-fluid editor_content content content--narrow\">\n    <div class=\"row\">\n        <div class=\"col-12 editor_content\">\n            <h1>Ett komplett utbud av frist\u00e5ende och integrerade ozonsensorer och monitorer<\/h1>\n<div class=\"pane-content\">\n<div class=\"field field-name-body field-type-text-with-summary field-label-hidden\">\n<div class=\"field-items\">\n<div class=\"field-item even\">\n<p class=\"preamble\">Ozonetech erbjuder ett utbud av noggrant utvalda ozonm\u00e4tare, ozonmonitorer och ozonsensorer av h\u00f6g kvalitet som antingen kan anv\u00e4ndas som frist\u00e5ende enheter eller integrerade med v\u00e5ra generatorer. V\u00e5rt utbud av ozonmonitorer kommer fr\u00e5n Teledyne API och erbjuder kontinuerlig \u00f6vervakning i realtid med h\u00f6g tillf\u00f6rlitlighet och enkel drift. De \u00e4r enkla att underh\u00e5lla och kalibrera f\u00f6r att s\u00e4kerst\u00e4lla en stabil och korrekt drift. Alla sensorer och monitorer har digital och analog I\/O och i m\u00e5nga fall RS 232-gr\u00e4nssnitt.<\/p>\n<p>&nbsp;<\/p>\n<\/div>\n<\/div>\n<\/div>\n<\/div>\n        <\/div>\n    <\/div>\n<\/div>\n\n<div class=\"container-fluid editor_content\">\n    <div class=\"row\">\n        <div class=\"col-12 editor_content table-wrapper \" style=\"--table-text-color-header: #FFFFFF; --table-text-color-rows: #000000; --table-background-color-header: #5f5f5f; --table-background-color-rows-even: #efefef; --table-background-color-rows-odd: #dfdfdf; \">\n                            \n<table id=\"tablepress-108\" class=\"tablepress tablepress-id-108\" aria-describedby=\"tablepress-108-description\">\n<thead>\n<tr class=\"row-1\">\n\t<th colspan=\"4\" class=\"column-1\">Ozonmonitor<\/th>\n<\/tr>\n<\/thead>\n<tbody class=\"row-striping\">\n<tr class=\"row-2\">\n\t<td class=\"column-1\"><strong>Modell<\/strong><\/td><td class=\"column-2\"><strong>M\u00e4tomr\u00e5de (min\/max)<\/strong><\/td><td class=\"column-3\"><strong>Anv\u00e4ndning<\/strong><\/td><td class=\"column-4\"><strong>PDF<\/strong><\/td>\n<\/tr>\n<tr class=\"row-3\">\n\t<td class=\"column-1\">Ozone analyzer BMT 965 ST<\/td><td class=\"column-2\">2-600 g\/Nm<sup>3<\/sup><\/td><td class=\"column-3\">H\u00f6g konc.; ozongenerator<\/td><td class=\"column-4\"><a target=\"blank\" href=\"https:\/\/ozonetech.com\/wp-content\/uploads\/2022\/10\/Datasheet-Ozone-Analyzer-BMT-965-ST.pdf\" rel=\"noopener\">Datasheet<\/a><\/td>\n<\/tr>\n<tr class=\"row-4\">\n\t<td class=\"column-1\">Ozone analyzer BMT 965 BT<\/td><td class=\"column-2\">2-600 g\/Nm<sup>3<\/sup><\/td><td class=\"column-3\">H\u00f6g konc.; ozongenerator<\/td><td class=\"column-4\"><a target=\"blank\" href=\"https:\/\/ozonetech.com\/wp-content\/uploads\/2022\/10\/Datasheet-Ozone-Analyzer-BMT-965-BT.pdf\" rel=\"noopener\">Datasheet<\/a><\/td>\n<\/tr>\n<tr class=\"row-5\">\n\t<td class=\"column-1\">Ozone analyzer BMT 965 C<\/td><td class=\"column-2\">10-600 g\/Nm<sup>3<\/sup><\/td><td class=\"column-3\">H\u00f6g konc.; ozongenerator<\/td><td class=\"column-4\"><a target=\"blank\" href=\"https:\/\/ozonetech.com\/wp-content\/uploads\/2022\/10\/Datasheet-Ozone-Analyzer-BMT-965-C.pdf\" rel=\"noopener\">Datasheet<\/a><\/td>\n<\/tr>\n<tr class=\"row-6\">\n\t<td class=\"column-1\">Ozone-monitor BMT 932<\/td><td class=\"column-2\">0-250 ppm<\/td><td class=\"column-3\">L\u00e5g konc.; S\u00e4kerhet<\/td><td class=\"column-4\"><a target=\"blank\" href=\"https:\/\/ozonetech.com\/wp-content\/uploads\/2022\/10\/Datasheet-Ozone-Monitor-BMT-932-v.2.2.pdf\" rel=\"noopener\">Datasheet<\/a><\/td>\n<\/tr>\n<tr class=\"row-7\">\n\t<td class=\"column-1\">Ozone-monitor BMT 932 C<\/td><td class=\"column-2\">0-250 ppm<\/td><td class=\"column-3\">L\u00e5g konc.; S\u00e4kerhet<\/td><td class=\"column-4\"><a target=\"blank\" href=\"https:\/\/ozonetech.com\/wp-content\/uploads\/2022\/10\/Datasheet-Ozone-Monitor-BMT-932-v.2.2.pdf\" rel=\"noopener\">Datasheet<\/a><\/td>\n<\/tr>\n<tr class=\"row-8\">\n\t<td class=\"column-1\">Ozon-monitor API 465H<\/td><td class=\"column-2\">05 wt% \/ 0-20 wt%<\/td><td class=\"column-3\">H\u00f6g konc.; Ozongenerator<\/td><td class=\"column-4\"><a target=\"blank\" href=\"https:\/\/ozonetech.com\/wp-content\/uploads\/2020\/12\/Datasheet-Ozone-Monitor-API-465H-EN-v.2.0.pdf\" rel=\"noopener\">Datablad<\/a><\/td>\n<\/tr>\n<tr class=\"row-9\">\n\t<td class=\"column-1\">Ozon-analysator API 465L<\/td><td class=\"column-2\">0-1 ppm\/0-500 ppm<\/td><td class=\"column-3\">L\u00e5g konc.;S\u00e4kerhet; Process<\/td><td class=\"column-4\"><a target=\"blank\" href=\"https:\/\/ozonetech.com\/wp-content\/uploads\/2020\/12\/Datasheet-Ozone-Analyzer-API-465L-EN-v.2.0-web.pdf\" rel=\"noopener\">Datablad<\/a><\/td>\n<\/tr>\n<tr class=\"row-10\">\n\t<td class=\"column-1\">Ozon-monitor API 452<\/td><td class=\"column-2\">0-5 wt% \/ 0-20 wt%<\/td><td class=\"column-3\">Ozongenerator effektivitet\/kontroll<\/td><td class=\"column-4\"><a target=\"blank\" href=\"https:\/\/ozonetech.com\/wp-content\/uploads\/2020\/12\/Datasheet-Ozone-Sensor-API-452-EN-v.2.0-web.pdf\" rel=\"noopener\">Datablad<\/a><\/td>\n<\/tr>\n<tr class=\"row-11\">\n\t<td class=\"column-1\">Ozon-monitor API 454<\/td><td class=\"column-2\">0-5 wt% \/ 0-20 wt%<\/td><td class=\"column-3\">Ozongenerator effektivitet\/kontroll<\/td><td class=\"column-4\"><a target=\"blank\" href=\"https:\/\/ozonetech.com\/wp-content\/uploads\/2020\/12\/Datasheet-Ozone-Monitor-API-454-EN-v.2.0-web.pdf\" rel=\"noopener\">Datablad<\/a><\/td>\n<\/tr>\n<\/tbody>\n<\/table>\n<span id=\"tablepress-108-description\" class=\"tablepress-table-description tablepress-table-description-id-108\"><\/span>\n<!-- #tablepress-108 from cache -->                                <\/div>\n    <\/div>\n<\/div>\n<div class=\"container-fluid editor_content\">\n    <div class=\"row\">\n        <div class=\"col-12 editor_content table-wrapper \" style=\"--table-text-color-header: #FFFFFF; --table-text-color-rows: #000000; --table-background-color-header: #5f5f5f; --table-background-color-rows-even: #efefef; --table-background-color-rows-odd: #dfdfdf; \">\n                            \n<table id=\"tablepress-109\" class=\"tablepress tablepress-id-109\" aria-describedby=\"tablepress-109-description\">\n<thead>\n<tr class=\"row-1\">\n\t<th colspan=\"4\" class=\"column-1\">Ozon- &amp; syrgas-sensor<\/th>\n<\/tr>\n<\/thead>\n<tbody class=\"row-striping\">\n<tr class=\"row-2\">\n\t<td class=\"column-1\"><strong>Modell<\/strong><\/td><td class=\"column-2\"><strong>Gas<\/strong><\/td><td class=\"column-3\"><strong>M\u00e4tomr\u00e5de<\/strong><\/td><td class=\"column-4\"><strong>PDF<\/strong><\/td>\n<\/tr>\n<tr class=\"row-3\">\n\t<td class=\"column-1\">Ozon-sensor Series 200<\/td><td class=\"column-2\">O<sub>3<\/sub><\/td><td class=\"column-3\">0-0.05\/0.15\/0.5\/10 ppm 30<\/td><td class=\"column-4\"><a target=\"blank\" href=\"https:\/\/ozonetech.com\/wp-content\/uploads\/2020\/12\/Datasheet-Portable-Ozone-Monitor-Series-200-SV-v.2.0-web.pdf\" rel=\"noopener\">Datablad<\/a><\/td>\n<\/tr>\n<tr class=\"row-4\">\n\t<td class=\"column-1\">Ozon-sensor Series 300<\/td><td class=\"column-2\">O<sub>3<\/sub><\/td><td class=\"column-3\">0-0.05\/0.15\/0.5\/10 ppm 30<\/td><td class=\"column-4\"><a target=\"blank\" href=\"https:\/\/ozonetech.com\/wp-content\/uploads\/2020\/12\/Datasheet-Portable-Ozone-Monitor-Series-300-SV-v.2.0-web.pdf\" rel=\"noopener\">Datablad<\/a><\/td>\n<\/tr>\n<tr class=\"row-5\">\n\t<td class=\"column-1\">Ozon-sensor Series 500<\/td><td class=\"column-2\">O<sub>3<\/sub><\/td><td class=\"column-3\">0-0.05\/0.15\/0.5\/10 ppm 30<\/td><td class=\"column-4\"><a target=\"blank\" href=\"https:\/\/ozonetech.com\/wp-content\/uploads\/2020\/12\/Datasheet-Portable-Ozone-Monitor-Series-500-SV-v.2.0-web.pdf\" rel=\"noopener\">Datablad<\/a><\/td>\n<\/tr>\n<tr class=\"row-6\">\n\t<td class=\"column-1\">Ozon-sensor Series 900<\/td><td class=\"column-2\">O<sub>3<\/sub><\/td><td class=\"column-3\">0-0.05\/0.15\/0.5\/10 ppm 30<\/td><td class=\"column-4\"><a target=\"blank\" href=\"https:\/\/ozonetech.com\/wp-content\/uploads\/2020\/12\/Datasheet-Ozone-Monitor-Series-900-930-EN-v.2.0-web.pdf\" rel=\"noopener\">Datablad<\/a><\/td>\n<\/tr>\n<tr class=\"row-7\">\n\t<td class=\"column-1\">Ozon-sensor Series 930<\/td><td class=\"column-2\">O<sub>3<\/sub><\/td><td class=\"column-3\">0-0.15\/0.5\/10 ppm 30<\/td><td class=\"column-4\"><a target=\"blank\" href=\"https:\/\/ozonetech.com\/wp-content\/uploads\/2020\/12\/Datasheet-Ozone-Monitor-Series-900-930-EN-v.2.0-web.pdf\" rel=\"noopener\">Datablad<\/a><\/td>\n<\/tr>\n<tr class=\"row-8\">\n\t<td class=\"column-1\">Ozon-sensor SM-7\/SM-EC<\/td><td class=\"column-2\">O<sub>3<\/sub><\/td><td class=\"column-3\">0.03-20 ppm\/0.08-50 ppm<\/td><td class=\"column-4\"><a target=\"blank\" href=\"https:\/\/ozonetech.com\/wp-content\/uploads\/2020\/12\/Datasheet-Ozone-Sensor-Module-SM7-SMEC-EN-v.2.0-web.pdf\" rel=\"noopener\">Datablad<\/a><\/td>\n<\/tr>\n<\/tbody>\n<\/table>\n<span id=\"tablepress-109-description\" class=\"tablepress-table-description tablepress-table-description-id-109\"><\/span>\n<!-- #tablepress-109 from cache -->                                <\/div>\n    <\/div>\n<\/div>\n<div class=\"container-fluid editor_content\">\n    <div class=\"row\">\n        <div class=\"col-12 editor_content table-wrapper \" style=\"--table-text-color-header: #FFFFFF; --table-text-color-rows: #000000; --table-background-color-header: #5f5f5f; --table-background-color-rows-even: #efefef; --table-background-color-rows-odd: #dfdfdf; \">\n                            \n<table id=\"tablepress-110\" class=\"tablepress tablepress-id-110\" aria-describedby=\"tablepress-110-description\">\n<thead>\n<tr class=\"row-1\">\n\t<th colspan=\"4\" class=\"column-1\">In\/Uppl\u00f6st gas-sensor &amp; kontroller<\/th>\n<\/tr>\n<\/thead>\n<tbody class=\"row-striping\">\n<tr class=\"row-2\">\n\t<td class=\"column-1\"><strong>Modell<\/strong><\/td><td class=\"column-2\"><strong>Gas<\/strong><\/td><td class=\"column-3\"><strong>M\u00e4tomr\u00e5de<\/strong><\/td><td class=\"column-4\"><strong>PDF<\/strong><\/td>\n<\/tr>\n<tr class=\"row-3\">\n\t<td class=\"column-1\">Ozon-sensor BMT 964 AQ\/HF<\/td><td class=\"column-2\">O<sub>3<\/sub><\/td><td class=\"column-3\"> 10, 50, 100, 150 mg\/L<\/td><td class=\"column-4\"><a target=\"blank\" href=\"https:\/\/ozonetech.com\/wp-content\/uploads\/2020\/12\/Datasheet-Ozone-Sensor-BMT-964-AQHF-EN-v.2.0-web.pdf\" rel=\"noopener\">Datablad<\/a><\/td>\n<\/tr>\n<tr class=\"row-4\">\n\t<td class=\"column-1\">M\u00e4tcell<\/td><td class=\"column-2\">O<sub>3<\/sub>, ClO<sub>2<\/sub>, HOCl, OCl, Cl<sub>2<\/sub><\/td><td class=\"column-3\"> 0-0.5\/0-2.0\/0-5\/0-10 mg\/L<\/td><td class=\"column-4\"><a target=\"blank\" href=\"https:\/\/ozonetech.com\/wp-content\/uploads\/2020\/12\/Datasheet-Measuring-Cell-EN-v.2.0-web.pdf\" rel=\"noopener\">Datablad<\/a><\/td>\n<\/tr>\n<tr class=\"row-5\">\n\t<td class=\"column-1\">pH &amp; Redox Elektroder<\/td><td class=\"column-2\">&#8211;<\/td><td class=\"column-3\">&#8211;<\/td><td class=\"column-4\"><a target=\"blank\" href=\"https:\/\/ozonetech.com\/wp-content\/uploads\/2020\/12\/Datasheet-pHRd-electrodes-EN-v.2.0-web.pdf\" rel=\"noopener\">Datablad<\/a><\/td>\n<\/tr>\n<tr class=\"row-6\">\n\t<td class=\"column-1\">pH &amp; Redox S\u00e4ndare<\/td><td class=\"column-2\">&#8211;<\/td><td class=\"column-3\">&#8211;<\/td><td class=\"column-4\"><a target=\"blank\" href=\"https:\/\/ozonetech.com\/wp-content\/uploads\/2020\/12\/Datasheet-pH-Redox-Transmitter-EN-v.2.0.pdf\" rel=\"noopener\">Datablad<\/a><\/td>\n<\/tr>\n<\/tbody>\n<\/table>\n<span id=\"tablepress-110-description\" class=\"tablepress-table-description tablepress-table-description-id-110\"><\/span>\n<!-- #tablepress-110 from cache -->                                <\/div>\n    <\/div>\n<\/div>\n<div class=\"container-fluid editor_content\">\n    <div class=\"row\">\n        <div class=\"col-12 editor_content table-wrapper \" style=\"--table-text-color-header: #FFFFFF; --table-text-color-rows: #000000; --table-background-color-header: #5f5f5f; --table-background-color-rows-even: #efefef; --table-background-color-rows-odd: #dfdfdf; \">\n                            \n<table id=\"tablepress-111\" class=\"tablepress tablepress-id-111\" aria-describedby=\"tablepress-111-description\">\n<thead>\n<tr class=\"row-1\">\n\t<th colspan=\"5\" class=\"column-1\">Utg\u00e5ngna produkter<\/th>\n<\/tr>\n<\/thead>\n<tbody class=\"row-striping\">\n<tr class=\"row-2\">\n\t<td class=\"column-1\"><strong>Modell<\/strong><\/td><td class=\"column-2\"><strong>Gas<\/strong><\/td><td class=\"column-3\"><strong>M\u00e4tomr\u00e5de<\/strong><\/td><td class=\"column-4\"><strong>Beskrivning<\/strong><\/td><td class=\"column-5\"><strong>PDF<\/strong><\/td>\n<\/tr>\n<tr class=\"row-3\">\n\t<td class=\"column-1\">Ozon-monitor serie 940<\/td><td class=\"column-2\">O<sub>3<\/sub><\/td><td class=\"column-3\">0-0.5 \/ 20 \/ 50 ppm <\/td><td class=\"column-4\">L\u00e5g konc.; Process; Fixerad<\/td><td class=\"column-5\"><a target=\"blank\" href=\"https:\/\/ozonetech.com\/wp-content\/uploads\/2021\/03\/Datasheet-Ozone-Monitor-Series-940-SV_web.pdf\" rel=\"noopener\">Datablad<\/a><\/td>\n<\/tr>\n<tr class=\"row-4\">\n\t<td class=\"column-1\">Ozon-monitor UV-1<\/td><td class=\"column-2\">O<sub>3<\/sub><\/td><td class=\"column-3\">0-200 ppm<\/td><td class=\"column-4\">L\u00e5g konc.; Ozongenerator<\/td><td class=\"column-5\"><a target=\"blank\" href=\"https:\/\/ozonetech.com\/wp-content\/uploads\/2021\/03\/Datasheet-Ozone-Monitor-UV-1-SV_web.pdf\" rel=\"noopener\">Datablad<\/a><\/td>\n<\/tr>\n<tr class=\"row-5\">\n\t<td class=\"column-1\">Ozon-monitor API 450<\/td><td class=\"column-2\">O<sub>3<\/sub><\/td><td class=\"column-3\">0-1 ppm \/ 0-1000 ppm<\/td><td class=\"column-4\">S\u00e4kerhets\u00f6vervakning<\/td><td class=\"column-5\"><a target=\"blank\" href=\"https:\/\/ozonetech.com\/wp-content\/uploads\/2021\/03\/Datasheet-Ozone-Analyzer-API-450-v1.0-EN-web.pdf\" rel=\"noopener\">Datablad<\/a><\/td>\n<\/tr>\n<tr class=\"row-6\">\n\t<td class=\"column-1\">Ozon-monitor API 450H<\/td><td class=\"column-2\">O<sub>3<\/sub><\/td><td class=\"column-3\">0-5\/15\/20% w\/w<\/td><td class=\"column-4\">H\u00f6g konc.;Ozongenerator<\/td><td class=\"column-5\"><a target=\"blank\" href=\"https:\/\/ozonetech.com\/wp-content\/uploads\/2021\/03\/Datasheet-Ozone-Analyzer-API-450H-v1.0-EN-web.pdf\" rel=\"noopener\">Datablad<\/a><\/td>\n<\/tr>\n<tr class=\"row-7\">\n\t<td class=\"column-1\">Ozon-monitor API 460L<\/td><td class=\"column-2\">O<sub>3<\/sub><\/td><td class=\"column-3\">0-1 ppm\/0-500 ppm<\/td><td class=\"column-4\">L\u00e5g konc.;Forskning;S\u00e4kerhet<\/td><td class=\"column-5\"><a target=\"blank\" href=\"https:\/\/ozonetech.com\/wp-content\/uploads\/2021\/03\/Datasheet-Ozone-Monitor-API-460L-v1.0-EN-web.pdf\" rel=\"noopener\">Datablad<\/a><\/td>\n<\/tr>\n<tr class=\"row-8\">\n\t<td class=\"column-1\">Ozon-monitor API 460M<\/td><td class=\"column-2\">O<sub>3<\/sub><\/td><td class=\"column-3\">0-1000 ppm\/ 0-5 %<\/td><td class=\"column-4\">Medel konc.; Kontakt kammare<\/td><td class=\"column-5\"><a target=\"blank\" href=\"https:\/\/ozonetech.com\/wp-content\/uploads\/2021\/03\/Datasheet-Ozone-Monitor-API-460M-v1.0-EN-web.pdf\" rel=\"noopener\">Datablad<\/a><\/td>\n<\/tr>\n<tr class=\"row-9\">\n\t<td class=\"column-1\">Ozon-monitor API 460H<\/td><td class=\"column-2\">O<sub>3<\/sub><\/td><td class=\"column-3\"> 05 wt% \/ 0-20 wt%<\/td><td class=\"column-4\">H\u00f6g konc.; Ozongenerator<\/td><td class=\"column-5\"><a target=\"blank\" href=\"https:\/\/ozonetech.com\/wp-content\/uploads\/2021\/03\/Datasheet-Ozone-Monitor-API-460H-v1.0-EN-web.pdf\" rel=\"noopener\">Datablad<\/a><\/td>\n<\/tr>\n<tr class=\"row-10\">\n\t<td class=\"column-1\">Ozon-sensor OS1X<\/td><td class=\"column-2\">O<sub>3<\/sub><\/td><td class=\"column-3\">0.03-0.1 ppm<\/td><td class=\"column-4\">&#8211;<\/td><td class=\"column-5\"><a target=\"blank\" href=\"https:\/\/ozonetech.com\/wp-content\/uploads\/2021\/03\/Datasheet-Ozone-sensor-EN-v.2.0-web.pdf\" rel=\"noopener\">Datablad<\/a><\/td>\n<\/tr>\n<tr class=\"row-11\">\n\t<td class=\"column-1\">Ozon-sensor OZ0020<\/td><td class=\"column-2\">O<sub>3<\/sub><\/td><td class=\"column-3\">&#8211;<\/td><td class=\"column-4\">&#8211;<\/td><td class=\"column-5\"><a target=\"blank\" href=\"https:\/\/ozonetech.com\/wp-content\/uploads\/2021\/03\/Datasheet-Ozone-sensor-OZ0020-EN-v.2.0-web.pdf\" rel=\"noopener\">Datablad<\/a><\/td>\n<\/tr>\n<tr class=\"row-12\">\n\t<td class=\"column-1\">Universal Controller ME5090<\/td><td class=\"column-2\">O<sub>3<\/sub><\/td><td class=\"column-3\">&#8211;<\/td><td class=\"column-4\">&#8211;<\/td><td class=\"column-5\"><a target=\"blank\" href=\"https:\/\/ozonetech.com\/wp-content\/uploads\/2021\/03\/Datasheet-Ozone-sensor-ME5090-EN-v.2.0-web.pdf\" rel=\"noopener\">Datablad<\/a><\/td>\n<\/tr>\n<tr class=\"row-13\">\n\t<td class=\"column-1\">Syrgas-sensor OS-100<\/td><td class=\"column-2\">O<sub>2<\/sub><\/td><td class=\"column-3\">0-100 %<\/td><td class=\"column-4\">&#8211;<\/td><td class=\"column-5\">N\/A<\/td>\n<\/tr>\n<tr class=\"row-14\">\n\t<td class=\"column-1\">Ozon-sensor C30ZX<\/td><td class=\"column-2\">O<sub>3<\/sub><\/td><td class=\"column-3\">0.02-0.3 ppm<\/td><td class=\"column-4\">&#8211;<\/td><td class=\"column-5\"><a target=\"blank\" href=\"https:\/\/ozonetech.com\/wp-content\/uploads\/2020\/12\/Datasheet-Ozone-Sensor-C30ZX-SV-v.2.0-web.pdf\" rel=\"noopener\">Datablad<\/a><\/td>\n<\/tr>\n<tr class=\"row-15\">\n\t<td class=\"column-1\">Ozon-sensor EZ-1X<\/td><td class=\"column-2\">O<sub>3<\/sub><\/td><td class=\"column-3\">0.02-0.14 ppm<\/td><td class=\"column-4\">&#8211;<\/td><td class=\"column-5\"><a target=\"blank\" href=\"https:\/\/ozonetech.com\/wp-content\/uploads\/2020\/12\/Datasheet-Ozone-Sensor-EZ1X-EN-v.2.0-web.pdf\" rel=\"noopener\">Datablad<\/a><\/td>\n<\/tr>\n<tr class=\"row-16\">\n\t<td class=\"column-1\">Ozone-monitor DO3<\/td><td class=\"column-2\">O<sub>3<\/sub><\/td><td class=\"column-3\">0.00-2.00 mg\/L<\/td><td class=\"column-4\"><\/td><td class=\"column-5\"><a target=\"blank\" href=\"https:\/\/ozonetech.com\/wp-content\/uploads\/2020\/12\/Datasheet-Dissolved-Ozone-Monitor-DO3-EN-v.2.0-web.pdf\" rel=\"noopener\">Datablad<\/a><\/td>\n<\/tr>\n<tr class=\"row-17\">\n\t<td class=\"column-1\">Ozon-sensor SM50<\/td><td class=\"column-2\">O<sub>3<\/sub><\/td><td class=\"column-3\">0-0.15\/0.5\/10 ppm<\/td><td class=\"column-4\"><\/td><td class=\"column-5\"><a target=\"blank\" href=\"https:\/\/ozonetech.com\/wp-content\/uploads\/2020\/12\/Datasheet-Ozone-Sensor-Module-SM50-SV-v.2.0-web.pdf\" rel=\"noopener\">Datablad<\/a><\/td>\n<\/tr>\n<tr class=\"row-18\">\n\t<td class=\"column-1\">Ozon-sensor SM70<\/td><td class=\"column-2\">O<sub>3<\/sub><\/td><td class=\"column-3\">0-0.15\/0.5\/10 ppm<\/td><td class=\"column-4\"><\/td><td class=\"column-5\"><a target=\"blank\" href=\"https:\/\/ozonetech.com\/wp-content\/uploads\/2020\/12\/Datasheet-Ozone-Monitor-SM70-EN-v.2.0-web.pdf\" rel=\"noopener\">Datablad<\/a><\/td>\n<\/tr>\n<tr class=\"row-19\">\n\t<td class=\"column-1\">Ozone analyzer BMT 964<\/td><td class=\"column-2\">O<sub>3<\/sub><\/td><td class=\"column-3\">0-600 g\/Nm<\/td><td class=\"column-4\">High level; ozone generator<\/td><td class=\"column-5\"><a target=\"blank\" href=\"https:\/\/ozonetech.com\/wp-content\/uploads\/2020\/12\/Datasheet-Ozone-Analyzer-BMT-964-EN-2.0-web.pdf\" rel=\"noopener\">Datasheet<\/a><\/td>\n<\/tr>\n<tr class=\"row-20\">\n\t<td class=\"column-1\">Ozone analyzer BMT 964 BT<\/td><td class=\"column-2\">O<sub>3<\/sub><\/td><td class=\"column-3\">0-600 g\/Nm<\/td><td class=\"column-4\">High level; bench top<\/td><td class=\"column-5\"><a target=\"blank\" href=\"https:\/\/ozonetech.com\/wp-content\/uploads\/2020\/12\/Datasheet-Ozone-Analyzer-BMT-964-BT-EN-v.2.0-web.pdf\" rel=\"noopener\">Datasheet<\/a><\/td>\n<\/tr>\n<\/tbody>\n<\/table>\n<span id=\"tablepress-111-description\" class=\"tablepress-table-description tablepress-table-description-id-111\"><\/span>\n<!-- #tablepress-111 from cache -->                                <\/div>\n    <\/div>\n<\/div>\n\n\n<div class=\"container-fluid editor_content content content--narrower\">\n    <div class=\"row\">\n        <div class=\"col-12 editor_content\">\n            <p><a id=\"form\"><\/a><\/p>\n<h2>Beg\u00e4r en offert<\/h2>\n        <\/div>\n    <\/div>\n<\/div>\n\n\n\n<div class=\"container-fluid editor_content content content--narrow\">\n    <div class=\"row\">\n        <div class=\"col-12 editor_content\">\n            <p><!-- SharpSpring Form for Sensors & monitors Quotation EN --><br \/>\n<script type=\"text\/javascript\">\n    var ss_form = {'account': 'MzawMDE3MzI2BwA', 'formID': 'BcEBDQAwCAMwRUsYPPvQA_dv4W3blVvCsgLHXrSToK5ejE4MPw'};\n    ss_form.width = '100%';\n    ss_form.domain = 'app-3QNJA1Z2XY.marketingautomation.services';\n    ss_form.hidden = {'field_400000003544067': 'Ozonetech.com'};\n    ss_form.target_id = 'target'; \/\/ Optional parameter: forms will be placed inside the element with the specified id\n    \/\/ ss_form.polling = true; \/\/ Optional parameter: set to true ONLY if your page loads dynamically and the id needs to be polled continually.\n<\/script><br \/>\n<script type=\"text\/javascript\" src=\"https:\/\/koi-3QNJA1Z2XY.marketingautomation.services\/client\/form.js?ver=2.0.1\"><\/script><\/p>\n<div id=\"target\"><\/div>\n        <\/div>\n    <\/div>\n<\/div>\n\n<\/section>\n","protected":false},"excerpt":{"rendered":"","protected":false},"author":21,"featured_media":0,"parent":14850,"menu_order":0,"comment_status":"closed","ping_status":"closed","template":"","meta":{"_acf_changed":false,"_seopress_robots_primary_cat":"","_seopress_titles_title":"","_seopress_titles_desc":"Ozonetech erbjuder ett utbud av noggrant utvalda, h\u00f6g kvalitativa, frist\u00e5ende eller integrerbara ozonm\u00e4tare, ozonmonitorer och ozonsensorer.","_seopress_robots_index":"","inline_featured_image":false,"footnotes":""},"class_list":["post-11670","page","type-page","status-publish","hentry"],"acf":[],"_links":{"self":[{"href":"https:\/\/ozonetech.com\/sv\/wp-json\/wp\/v2\/pages\/11670","targetHints":{"allow":["GET"]}}],"collection":[{"href":"https:\/\/ozonetech.com\/sv\/wp-json\/wp\/v2\/pages"}],"about":[{"href":"https:\/\/ozonetech.com\/sv\/wp-json\/wp\/v2\/types\/page"}],"author":[{"embeddable":true,"href":"https:\/\/ozonetech.com\/sv\/wp-json\/wp\/v2\/users\/21"}],"replies":[{"embeddable":true,"href":"https:\/\/ozonetech.com\/sv\/wp-json\/wp\/v2\/comments?post=11670"}],"version-history":[{"count":38,"href":"https:\/\/ozonetech.com\/sv\/wp-json\/wp\/v2\/pages\/11670\/revisions"}],"predecessor-version":[{"id":42583,"href":"https:\/\/ozonetech.com\/sv\/wp-json\/wp\/v2\/pages\/11670\/revisions\/42583"}],"up":[{"embeddable":true,"href":"https:\/\/ozonetech.com\/sv\/wp-json\/wp\/v2\/pages\/14850"}],"wp:attachment":[{"href":"https:\/\/ozonetech.com\/sv\/wp-json\/wp\/v2\/media?parent=11670"}],"curies":[{"name":"wp","href":"https:\/\/api.w.org\/{rel}","templated":true}]}}