{"id":11658,"date":"2020-06-25T06:35:11","date_gmt":"2020-06-25T06:35:11","guid":{"rendered":"https:\/\/ozonetech.com\/products-mixing-devices\/"},"modified":"2024-11-07T08:32:26","modified_gmt":"2024-11-07T07:32:26","slug":"inblandningssystem","status":"publish","type":"page","link":"https:\/\/ozonetech.com\/sv\/produkter\/inblandningssystem\/","title":{"rendered":"Inblandningssystem"},"content":{"rendered":"\n<section\n    class=\"block hero hero--regular\"\n    style=\"background-image: url('https:\/\/ozonetech.com\/wp-content\/uploads\/2021\/03\/ozone-equipment-1-1600x484.jpg'); --hero-opacity: 0.3\"\n>\n\n    <div class=\"container-fluid\">\n\n        <div class=\"content editor_content\">\n                         \n                <h2 class='h2'>Inblandningssystem<\/h2>            \n                    <\/div>\n\n            <\/div>\n<\/section>\n\n\n<section class=\"component component_breadcrumbs\">\n\t<div class=\"container-fluid\">\n  \t<\/div>\n<\/section>\n\n\n<section\n    id=\"\"\n    class=\"block content-block\"\n\tstyle=\"--cb-bg: white; --cb-content: #000; padding-top: 30px; padding-bottom: 30px;\"\n>\n    \n\n<div class=\"container-fluid editor_content content content--narrow\">\n    <div class=\"row\">\n        <div class=\"col-12 editor_content\">\n            <h1>Effektiv uppl\u00f6sning av ozon i vatten<\/h1>\n<h3>Venturi-injektorer<\/h3>\n<p>Venturi-injektorer jobbar med differenstryck och en inre blandningsmekanism som skapar tusentals mikrobubblor, vilket kraftigt \u00f6kar ozongasens kontaktyta med v\u00e4tskan.<\/p>\n<p>Venturi-injektorer \u00e4r en av de mest effektiva metoderna f\u00f6r att l\u00f6sa in\u00a0ozon i vatten\u00a0n\u00e4r trycket och vattenfl\u00f6det \u00e4r konsekvent \u00f6ver tid.<\/p>\n<p>V\u00e5r\u00a0venturi-injektorer verkar \u00f6ver ett brett tryckspektra och kr\u00e4ver minimal trycksdifferens mellan inlopps- och utloppssidorna f\u00f6r att initiera ett vakuum vid\u00a0insugningsporten.<\/p>\n<p>Dessa injektorer \u00e4r\u00a0v\u00e4ldigt\u00a0p\u00e5litliga med m\u00e5nga\u00a0\u00e5rs f\u00f6rv\u00e4ntad livsl\u00e4ngd.<\/p>\n<p>Hitta mer detaljerad teknisk information p\u00e5 databladen i tabellen nedan:<\/p>\n        <\/div>\n    <\/div>\n<\/div>\n\n<div class=\"container-fluid editor_content\">\n    <div class=\"row\">\n        <div class=\"col-12 editor_content table-wrapper \" style=\"--table-text-color-header: #FFFFFF; --table-text-color-rows: #000000; --table-background-color-header: #5f5f5f; --table-background-color-rows-even: #efefef; --table-background-color-rows-odd: #dfdfdf; \">\n                            \n<table id=\"tablepress-106\" class=\"tablepress tablepress-id-106\" aria-describedby=\"tablepress-106-description\">\n<thead>\n<tr class=\"row-1\">\n\t<th class=\"column-1\">Modell<\/th><th class=\"column-2\">Fl\u00f6de, gas<\/th><th class=\"column-3\">Fl\u00f6de, vatten<\/th><th class=\"column-4\">Tryck<\/th><th class=\"column-5\">PDF<\/th>\n<\/tr>\n<\/thead>\n<tbody class=\"row-striping\">\n<tr class=\"row-2\">\n\t<td class=\"column-1\">Ozon-injektor I-287<\/td><td class=\"column-2\">0.25 &#8211; 3.50 l\/min<\/td><td class=\"column-3\">1.10 &#8211; 5.25 l\/min<\/td><td class=\"column-4\">0.34 &#8211; 9.65 bar<\/td><td class=\"column-5\"><a target=\"blank\" href=\"https:\/\/ozonetech.com\/wp-content\/uploads\/2021\/03\/Datasheet-Ozone-Injector-287-4091-EN-v.2.1.pdf\" rel=\"noopener\">Datablad<\/a><\/td>\n<\/tr>\n<tr class=\"row-3\">\n\t<td class=\"column-1\">Ozon-injektor I-384<\/td><td class=\"column-2\">0.25 &#8211; 8.50 l\/min<\/td><td class=\"column-3\">2.50 &#8211; 12.6 l\/min<\/td><td class=\"column-4\">0.34 &#8211; 9.65 bar<\/td><td class=\"column-5\"><a target=\"blank\" href=\"https:\/\/ozonetech.com\/wp-content\/uploads\/2021\/03\/Datasheet-Ozone-Injector-287-4091-EN-v.2.1.pdf\" rel=\"noopener\">Datablad<\/a><\/td>\n<\/tr>\n<tr class=\"row-4\">\n\t<td class=\"column-1\">Ozon-injektor I-484<\/td><td class=\"column-2\">0.25 &#8211; 12.3 l\/min<\/td><td class=\"column-3\">3.10 &#8211; 23.5 l\/min<\/td><td class=\"column-4\">0.34 &#8211; 9.65 bar<\/td><td class=\"column-5\"><a target=\"blank\" href=\"https:\/\/ozonetech.com\/wp-content\/uploads\/2021\/03\/Datasheet-Ozone-Injector-287-4091-EN-v.2.1.pdf\" rel=\"noopener\">Datablad<\/a><\/td>\n<\/tr>\n<tr class=\"row-5\">\n\t<td class=\"column-1\">Ozon-injektor I-584<\/td><td class=\"column-2\">0.55 &#8211; 18.9 l\/min<\/td><td class=\"column-3\">7.30 &#8211; 39.0 l\/min<\/td><td class=\"column-4\">0.34 &#8211; 9.65 bar<\/td><td class=\"column-5\"><a target=\"blank\" href=\"https:\/\/ozonetech.com\/wp-content\/uploads\/2021\/03\/Datasheet-Ozone-Injector-287-4091-EN-v.2.1.pdf\" rel=\"noopener\">Datablad<\/a><\/td>\n<\/tr>\n<tr class=\"row-6\">\n\t<td class=\"column-1\">Ozon-injektor I-684<\/td><td class=\"column-2\">0.50 &#8211; 18.9 l\/min<\/td><td class=\"column-3\">11.0 &#8211; 57.5 l\/min<\/td><td class=\"column-4\">0.34 &#8211; 8.28 bar<\/td><td class=\"column-5\"><a target=\"blank\" href=\"https:\/\/ozonetech.com\/wp-content\/uploads\/2021\/03\/Datasheet-Ozone-Injector-287-4091-EN-v.2.1.pdf\" rel=\"noopener\">Datablad<\/a><\/td>\n<\/tr>\n<tr class=\"row-7\">\n\t<td class=\"column-1\">Ozon-injektor I-878<\/td><td class=\"column-2\">0.50 &#8211; 59.9 l\/min<\/td><td class=\"column-3\">15.1 &#8211; 73.1 l\/min<\/td><td class=\"column-4\">0.34 &#8211; 9.65 bar<\/td><td class=\"column-5\"><a target=\"blank\" href=\"https:\/\/ozonetech.com\/wp-content\/uploads\/2021\/03\/Datasheet-Ozone-Injector-287-4091-EN-v.2.1.pdf\" rel=\"noopener\">Datablad<\/a><\/td>\n<\/tr>\n<tr class=\"row-8\">\n\t<td class=\"column-1\">Ozon-injektor I-978<\/td><td class=\"column-2\">0.50 &#8211; 56.6 l\/min<\/td><td class=\"column-3\">17.0 &#8211; 87.1 l\/min<\/td><td class=\"column-4\">0.34 &#8211; 9.65 bar<\/td><td class=\"column-5\"><a target=\"blank\" href=\"https:\/\/ozonetech.com\/wp-content\/uploads\/2021\/03\/Datasheet-Ozone-Injector-287-4091-EN-v.2.1.pdf\" rel=\"noopener\">Datablad<\/a><\/td>\n<\/tr>\n<tr class=\"row-9\">\n\t<td class=\"column-1\">Ozon-injektor I-1078<\/td><td class=\"column-2\">1 &#8211; 77.9 l\/min<\/td><td class=\"column-3\">20.8 &#8211; 106 l\/min<\/td><td class=\"column-4\">0.34 &#8211; 9.65 bar<\/td><td class=\"column-5\"><a target=\"blank\" href=\"https:\/\/ozonetech.com\/wp-content\/uploads\/2021\/03\/Datasheet-Ozone-Injector-287-4091-EN-v.2.1.pdf\" rel=\"noopener\">Datablad<\/a><\/td>\n<\/tr>\n<tr class=\"row-10\">\n\t<td class=\"column-1\">Ozon-injektor I-1583<\/td><td class=\"column-2\">1 &#8211; 208 l\/min<\/td><td class=\"column-3\">40.5 &#8211; 209 l\/min<\/td><td class=\"column-4\">0.34 &#8211; 9.65 bar<\/td><td class=\"column-5\"><a target=\"blank\" href=\"https:\/\/ozonetech.com\/wp-content\/uploads\/2021\/03\/Datasheet-Ozone-Injector-287-4091-EN-v.2.1.pdf\" rel=\"noopener\">Datablad<\/a><\/td>\n<\/tr>\n<tr class=\"row-11\">\n\t<td class=\"column-1\">Ozon-injektor I-1584<\/td><td class=\"column-2\">1 &#8211; 153 l\/min<\/td><td class=\"column-3\">71.9 &#8211; 367 l\/min<\/td><td class=\"column-4\">0.34 &#8211; 9.65 bar<\/td><td class=\"column-5\"><a target=\"blank\" href=\"https:\/\/ozonetech.com\/wp-content\/uploads\/2021\/03\/Datasheet-Ozone-Injector-287-4091-EN-v.2.1.pdf\" rel=\"noopener\">Datablad<\/a><\/td>\n<\/tr>\n<tr class=\"row-12\">\n\t<td class=\"column-1\">Ozon-injektor I-2081<\/td><td class=\"column-2\">5 &#8211; 453 l\/min<\/td><td class=\"column-3\">133 &#8211; 591 l\/min<\/td><td class=\"column-4\">0.34 &#8211; 8.28 bar<\/td><td class=\"column-5\"><a target=\"blank\" href=\"https:\/\/ozonetech.com\/wp-content\/uploads\/2021\/03\/Datasheet-Ozone-Injector-287-4091-EN-v.2.1.pdf\" rel=\"noopener\">Datablad<\/a><\/td>\n<\/tr>\n<tr class=\"row-13\">\n\t<td class=\"column-1\">Ozon-injektor I-3090<\/td><td class=\"column-2\">18.9 &#8211; 1107 l\/min<\/td><td class=\"column-3\">287 &#8211; 1376 l\/min<\/td><td class=\"column-4\">0.35 &#8211; 8.44  bar<\/td><td class=\"column-5\"><a target=\"blank\" href=\"https:\/\/ozonetech.com\/wp-content\/uploads\/2021\/03\/Datasheet-Ozone-Injector-287-4091-EN-v.2.1.pdf\" rel=\"noopener\">Datablad<\/a><\/td>\n<\/tr>\n<tr class=\"row-14\">\n\t<td class=\"column-1\">Ozon-injektor I-4091<\/td><td class=\"column-2\">10 &#8211; 2548 l\/min<\/td><td class=\"column-3\">473 &#8211; 2192 l\/min<\/td><td class=\"column-4\">0.34 &#8211; 6.89 bar<\/td><td class=\"column-5\"><a target=\"blank\" href=\"https:\/\/ozonetech.com\/wp-content\/uploads\/2021\/03\/Datasheet-Ozone-Injector-287-4091-EN-v.2.1.pdf\" rel=\"noopener\">Datablad<\/a><\/td>\n<\/tr>\n<\/tbody>\n<\/table>\n<span id=\"tablepress-106-description\" class=\"tablepress-table-description tablepress-table-description-id-106\"><\/span>\n<!-- #tablepress-106 from cache -->                                <\/div>\n    <\/div>\n<\/div>\n\n\n<div class=\"container-fluid editor_content content content--narrow\">\n    <div class=\"row\">\n        <div class=\"col-12 editor_content\">\n            <h3>Ozoninjektor-munstycke<\/h3>\n<p>Genom att anv\u00e4nda ett munstycke i kombination med\u00a0venturi-injektorer \u00f6kas prestandan och\u00a0 dynamisk blandning under tryck m\u00f6jligg\u00f6rs,\u00a0vilket resulterar i h\u00f6gre mass\u00f6verf\u00f6ringar och d\u00e4rf\u00f6r en mer grundlig blandning av ozon med vatten,\u00a0som\u00a0underl\u00e4ttar tillf\u00f6rsel av gas till vilket djup som helst.\u00a0Detta f\u00f6rb\u00e4ttrar avsev\u00e4rt\u00a0effektiviteten av\u00a0v\u00e5ra\u00a0systems prestanda.<\/p>\n<p>V\u00e5ra injektormunstycken erbjuder:<\/p>\n<ul>\n<li>F\u00f6rb\u00e4ttrad f\u00f6rnyelse av gr\u00e4nssnittet mellan gas och v\u00e4tska<\/li>\n<li>Dynamisk blandning under tryck f\u00f6r st\u00f6rre massa\u00f6verf\u00f6ring<\/li>\n<li>Onskat baktryck till injektorn<\/li>\n<li>Leverans av behandlingsgaser till vilket djup som helst<\/li>\n<li>Kompakt design f\u00f6r problemfri drift och enkel installation<\/li>\n<li>Polypropen (PP) konstruktion f\u00f6r munstycken 3 tum och st\u00f6rre<\/li>\n<li>Polyvinylidenfluorid (PVDF) konstruktion f\u00f6r munstycken 2 tum och mindre<\/li>\n<li>B16A ett brett utbud av modeller utformade f\u00f6r att matcha din applikation.<\/li>\n<\/ul>\n<p>Hitta mer tekniska detaljer i datablad som bifogas tabellerna nedan:<\/p>\n        <\/div>\n    <\/div>\n<\/div>\n\n<div class=\"container-fluid editor_content\">\n    <div class=\"row\">\n        <div class=\"col-12 editor_content table-wrapper \" style=\"--table-text-color-header: #FFFFFF; --table-text-color-rows: #000000; --table-background-color-header: #5f5f5f; --table-background-color-rows-even: #efefef; --table-background-color-rows-odd: #dfdfdf; \">\n                            \n<table id=\"tablepress-107\" class=\"tablepress tablepress-id-107\" aria-describedby=\"tablepress-107-description\">\n<thead>\n<tr class=\"row-1\">\n\t<th class=\"column-1\">Modell<\/th><th class=\"column-2\">Fl\u00f6de, gas<\/th><th class=\"column-3\">PDF<\/th>\n<\/tr>\n<\/thead>\n<tbody class=\"row-striping\">\n<tr class=\"row-2\">\n\t<td class=\"column-1\">Ozon-munstycke N-12<\/td><td class=\"column-2\">28 &#8211; 64 l\/min<\/td><td class=\"column-3\"><a target=\"blank\" href=\"https:\/\/ozonetech.com\/wp-content\/uploads\/2020\/12\/Datasheet-Injector-Nozzle-SV-v.3.0-web.pdf\" rel=\"noopener\">Datablad<\/a><\/td>\n<\/tr>\n<tr class=\"row-3\">\n\t<td class=\"column-1\">Ozon-munstycke N-13<\/td><td class=\"column-2\">57 &#8211; 129 l\/min<\/td><td class=\"column-3\"><a target=\"blank\" href=\"https:\/\/ozonetech.com\/wp-content\/uploads\/2020\/12\/Datasheet-Injector-Nozzle-SV-v.3.0-web.pdf\" rel=\"noopener\">Datablad<\/a><\/td>\n<\/tr>\n<tr class=\"row-4\">\n\t<td class=\"column-1\">Ozon-munstycke N-22<\/td><td class=\"column-2\">189 &#8211; 424 l\/min<\/td><td class=\"column-3\"><a target=\"blank\" href=\"https:\/\/ozonetech.com\/wp-content\/uploads\/2020\/12\/Datasheet-Injector-Nozzle-SV-v.3.0-web.pdf\" rel=\"noopener\">Datablad<\/a><\/td>\n<\/tr>\n<tr class=\"row-5\">\n\t<td class=\"column-1\">Ozon-munstycke N-25<\/td><td class=\"column-2\">284 &#8211; 644 l\/min<\/td><td class=\"column-3\"><a target=\"blank\" href=\"https:\/\/ozonetech.com\/wp-content\/uploads\/2020\/12\/Datasheet-Injector-Nozzle-SV-v.3.0-web.pdf\" rel=\"noopener\">Datablad<\/a><\/td>\n<\/tr>\n<tr class=\"row-6\">\n\t<td class=\"column-1\">Ozon-munstycke N-45<\/td><td class=\"column-2\">1136 &#8211; 2555 l\/min<\/td><td class=\"column-3\"><a target=\"blank\" href=\"https:\/\/ozonetech.com\/wp-content\/uploads\/2020\/12\/Datasheet-Injector-Nozzle-SV-v.3.0-web.pdf\" rel=\"noopener\">Datablad<\/a><\/td>\n<\/tr>\n<\/tbody>\n<\/table>\n<span id=\"tablepress-107-description\" class=\"tablepress-table-description tablepress-table-description-id-107\"><\/span>\n<!-- #tablepress-107 from cache -->                                <\/div>\n    <\/div>\n<\/div>\n\n\n<div class=\"container-fluid editor_content content content--narrower\">\n    <div class=\"row\">\n        <div class=\"col-12 editor_content\">\n            <p><a id=\"form\"><\/a><\/p>\n<h2>Beg\u00e4r en offert<\/h2>\n        <\/div>\n    <\/div>\n<\/div>\n\n\n\n<div class=\"container-fluid editor_content content content--narrow\">\n    <div class=\"row\">\n        <div class=\"col-12 editor_content\">\n            <p><!-- SharpSpring Form for Mixing devices Quotation SV  --><br \/>\n<script type=\"text\/javascript\">\n    var ss_form = {'account': 'MzawMDE3MzI2BwA', 'formID': 's0i1sExLMTTSNUtNMtM1STQ217U0SEnVTUpMNLQ0NDJKSzU3AgA'};\n    ss_form.width = '100%';\n    ss_form.domain = 'app-3QNJA1Z2XY.marketingautomation.services';\n    ss_form.hidden = {'field_400000003544067': 'Ozonetech.com'};\n    \/\/ ss_form.target_id = 'target'; \/\/ Optional parameter: forms will be placed inside the element with the specified id\n    \/\/ ss_form.polling = true; \/\/ Optional parameter: set to true ONLY if your page loads dynamically and the id needs to be polled continually.\n<\/script><br \/>\n<script type=\"text\/javascript\" src=\"https:\/\/koi-3QNJA1Z2XY.marketingautomation.services\/client\/form.js?ver=2.0.1\"><\/script><\/p>\n        <\/div>\n    <\/div>\n<\/div>\n\n<\/section>\n","protected":false},"excerpt":{"rendered":"","protected":false},"author":21,"featured_media":0,"parent":14850,"menu_order":0,"comment_status":"closed","ping_status":"closed","template":"","meta":{"_acf_changed":false,"_seopress_robots_primary_cat":"","_seopress_titles_title":"","_seopress_titles_desc":"De b\u00e4sta metoderna f\u00f6r att l\u00f6sa upp ozon i vatten n\u00e4r trycket och vattenfl\u00f6det \u00e4r enhetligt \u00f6ver tid och f\u00f6r att \u00f6ka systemets prestanda.","_seopress_robots_index":"","inline_featured_image":false,"footnotes":""},"class_list":["post-11658","page","type-page","status-publish","hentry"],"acf":[],"_links":{"self":[{"href":"https:\/\/ozonetech.com\/sv\/wp-json\/wp\/v2\/pages\/11658","targetHints":{"allow":["GET"]}}],"collection":[{"href":"https:\/\/ozonetech.com\/sv\/wp-json\/wp\/v2\/pages"}],"about":[{"href":"https:\/\/ozonetech.com\/sv\/wp-json\/wp\/v2\/types\/page"}],"author":[{"embeddable":true,"href":"https:\/\/ozonetech.com\/sv\/wp-json\/wp\/v2\/users\/21"}],"replies":[{"embeddable":true,"href":"https:\/\/ozonetech.com\/sv\/wp-json\/wp\/v2\/comments?post=11658"}],"version-history":[{"count":26,"href":"https:\/\/ozonetech.com\/sv\/wp-json\/wp\/v2\/pages\/11658\/revisions"}],"predecessor-version":[{"id":42018,"href":"https:\/\/ozonetech.com\/sv\/wp-json\/wp\/v2\/pages\/11658\/revisions\/42018"}],"up":[{"embeddable":true,"href":"https:\/\/ozonetech.com\/sv\/wp-json\/wp\/v2\/pages\/14850"}],"wp:attachment":[{"href":"https:\/\/ozonetech.com\/sv\/wp-json\/wp\/v2\/media?parent=11658"}],"curies":[{"name":"wp","href":"https:\/\/api.w.org\/{rel}","templated":true}]}}