{"id":11648,"date":"2020-06-25T06:28:23","date_gmt":"2020-06-25T06:28:23","guid":{"rendered":"https:\/\/ozonetech.com\/product-ozone-equipment\/"},"modified":"2024-11-07T08:36:53","modified_gmt":"2024-11-07T07:36:53","slug":"ozontillbehor-slutna-kylsystem","status":"publish","type":"page","link":"https:\/\/ozonetech.com\/sv\/produkter\/ozontillbehor-slutna-kylsystem\/","title":{"rendered":"Ozontillbeh\u00f6r &amp; slutna kylsystem"},"content":{"rendered":"\n<section\n    class=\"block hero hero--regular\"\n    style=\"background-image: url('https:\/\/ozonetech.com\/wp-content\/uploads\/2021\/03\/ozone-equipment-cooling-system-1600x484.jpg'); --hero-opacity: 0.3\"\n>\n\n    <div class=\"container-fluid\">\n\n        <div class=\"content editor_content\">\n                         \n                <h2 class='h2'>Ozontillbeh\u00f6r &#038; slutna kylsystem<\/h2>            \n                    <\/div>\n\n            <\/div>\n<\/section>\n\n\n<section class=\"component component_breadcrumbs\">\n\t<div class=\"container-fluid\">\n  \t<\/div>\n<\/section>\n\n\n<section\n    id=\"\"\n    class=\"block content-block\"\n\tstyle=\"--cb-bg: white; --cb-content: #000; padding-top: 30px; padding-bottom: 30px;\"\n>\n    \n\n<div class=\"container-fluid editor_content content content--narrow\">\n    <div class=\"row\">\n        <div class=\"col-12 editor_content\">\n            <h1>Slutna kylsystem och \u00f6vriga v\u00e4sentliga komponenter till ozonsystem<\/h1>\n<p class=\"preamble\">V\u00e5ra nyckelf\u00e4rdiga ozon- och oxidationssystem och l\u00f6sningar kr\u00e4ver m\u00e5nga\u00a0v\u00e4sentliga komponenter och tillbeh\u00f6r. N\u00e5gra av dessa komponenter \u00e4r tillg\u00e4ngliga f\u00f6r ink\u00f6p. Beg\u00e4r g\u00e4rna en offert.<\/p>\n<h3>Slutna kylsystem<\/h3>\n<p>Slutna kylsystem \u00e4r den perfekta alternativen n\u00e4r\u00a0externa kylningsk\u00e4llor inte \u00e4r tillg\u00e4ngliga och\/eller\u00a0kostnaden f\u00f6r vattenf\u00f6rbrukning f\u00f6r kylning \u00e4r f\u00f6r h\u00f6g.<\/p>\n<p>Vi kan leverera\u00a0alla\u00a0v\u00e5ra kylsystem med\u00a0m\u00e5nga alternativ och tillbeh\u00f6r\u00a0f\u00f6r att erbjuda en nyckelf\u00e4rdig l\u00f6sning f\u00f6r dina specifika kylbehov.<\/p>\n<p>V\u00e5ra\u00a0slutna kylsystem kan fungera\u00a0omgivningstemperaturer upp till 40 grader Celsius\u00a0och olika kapaciteter, upp till 165 l \/ h.<\/p>\n<h3>Styrsystem<\/h3>\n<p>V\u00e5rt egenutvecklade\u00a0styrsystem\u00a0O3Eye\u2122\u00a0\u00f6vervakar\u00a0hela ozonsystemet inklusive\u00a0alla anslutna perifera\u00a0enheter. Styrsystemet erbjuder ocks\u00e5 olika statusuppdateringar och larmsignaler.<\/p>\n<p>Med v\u00e5rt premium Serviceavtal\u00a0ska styrsystemet O3Eye\u2122 p\u00e5 ditt\u00a0Ozonetech-l\u00f6sning anslutas\u00a0till v\u00e5rt\u00a0fj\u00e4rr\u00f6vervakningsprogram och v\u00e5rt kundtj\u00e4nstteam kommer att kunna optimera din underh\u00e5llsplan och drifttid.<\/p>\n<p>F\u00f6r flera tekniska detaljer om v\u00e5ra slutna kylsystem och styrsystem som finns p\u00e5 lager, l\u00e4s g\u00e4rna\u00a0databladen i tabellen nedan:<\/p>\n        <\/div>\n    <\/div>\n<\/div>\n\n<div class=\"container-fluid editor_content\">\n    <div class=\"row\">\n        <div class=\"col-12 editor_content table-wrapper \" style=\"--table-text-color-header: #FFFFFF; --table-text-color-rows: #000000; --table-background-color-header: #5f5f5f; --table-background-color-rows-even: #efefef; --table-background-color-rows-odd: #dfdfdf; \">\n                            \n<table id=\"tablepress-105\" class=\"tablepress tablepress-id-105\" aria-describedby=\"tablepress-105-description\">\n<thead>\n<tr class=\"row-1\">\n\t<th class=\"column-1\">Modell<\/th><th class=\"column-2\">Beskrivning<\/th><th class=\"column-3\">PDF<\/th>\n<\/tr>\n<\/thead>\n<tbody class=\"row-striping\">\n<tr class=\"row-2\">\n\t<td class=\"column-1\">O3Eye\u2122<\/td><td class=\"column-2\">Kontrollsystem<\/td><td class=\"column-3\"><a target=\"blank\" href=\"https:\/\/ozonetech.com\/wp-content\/uploads\/2021\/03\/Datasheet-Control-Monitor-O3Eye-SV-v.2.0-web.pdf\" rel=\"noopener\">Datablad<\/a><\/td>\n<\/tr>\n<tr class=\"row-3\">\n\t<td class=\"column-1\">Slutet kylsystem WENR003s<\/td><td class=\"column-2\">Slutet kylsystem (3.4 kW kylkapacitet)<\/td><td class=\"column-3\"><a target=\"blank\" href=\"https:\/\/ozonetech.com\/wp-content\/uploads\/2021\/03\/Datasheet-Closed-Cooling-System-WENR003s-EN-v.2.0-web.pdf\" rel=\"noopener\">Datablad<\/a><\/td>\n<\/tr>\n<tr class=\"row-4\">\n\t<td class=\"column-1\">Slutet kylsystem WBK1224<\/td><td class=\"column-2\">Slutet kylsystem (0.8 kW kylkapacitet)<\/td><td class=\"column-3\"><a target=\"blank\" href=\"https:\/\/ozonetech.com\/wp-content\/uploads\/2020\/12\/Datasheet-Closed-cooling-system-WBK1224xxx-SV-v.2.0-web.pdf\" rel=\"noopener\">Datablad<\/a><\/td>\n<\/tr>\n<tr class=\"row-5\">\n\t<td class=\"column-1\">Slutet kylsystem WBK2380s<\/td><td class=\"column-2\">Slutet kylsystem (2.0 kW kylkapacitet)<\/td><td class=\"column-3\"><a target=\"blank\" href=\"https:\/\/ozonetech.com\/wp-content\/uploads\/2020\/12\/Datasheet-Closed-Cooling-System-WBK-5650s-1550-2380s-SV-v.2.0-web.pdf\" rel=\"noopener\">Datablad<\/a><\/td>\n<\/tr>\n<tr class=\"row-6\">\n\t<td class=\"column-1\">Slutet kylsystem WBK1550\/5650s<\/td><td class=\"column-2\">Slutet kylsystem(1.3 kW kylkapacitet)<\/td><td class=\"column-3\"><a target=\"blank\" href=\"https:\/\/ozonetech.com\/wp-content\/uploads\/2020\/12\/Datasheet-Closed-Cooling-System-WBK-5650s-1550-2380s-SV-v.2.0-web.pdf\" rel=\"noopener\">Datablad<\/a><\/td>\n<\/tr>\n<tr class=\"row-7\">\n\t<td class=\"column-1\">Ozon-teflon (PTFE) slang<\/td><td class=\"column-2\">Ozonresistent slang (OD 4\/6\/8\/12 mm)<\/td><td class=\"column-3\">N\/A<\/td>\n<\/tr>\n<tr class=\"row-8\">\n\t<td class=\"column-1\">Ozon O-ring<\/td><td class=\"column-2\">7.66&#215;1.78 &#8211; 250&#215;3.0 (FPM)<\/td><td class=\"column-3\">N\/A<\/td>\n<\/tr>\n<tr class=\"row-9\">\n\t<td class=\"column-1\">Ozonbest\u00e4ndiga kopplingar &amp; ventiler<\/td><td class=\"column-2\">Kopplingar &amp; Ventiler (6-12 mm)<\/td><td class=\"column-3\">N\/A<\/td>\n<\/tr>\n<\/tbody>\n<\/table>\n<span id=\"tablepress-105-description\" class=\"tablepress-table-description tablepress-table-description-id-105\"><\/span>\n<!-- #tablepress-105 from cache -->                                <\/div>\n    <\/div>\n<\/div>\n\n\n<div class=\"container-fluid editor_content content content--narrower\">\n    <div class=\"row\">\n        <div class=\"col-12 editor_content\">\n            <p><a id=\"form\"><\/a><\/p>\n<h2>Beg\u00e4r en offert<\/h2>\n        <\/div>\n    <\/div>\n<\/div>\n\n\n\n<div class=\"container-fluid editor_content content content--narrow\">\n    <div class=\"row\">\n        <div class=\"col-12 editor_content\">\n            <p><!-- SharpSpring Form for OE Quotation SV  --><br \/>\n<script type=\"text\/javascript\">\n    var ss_form = {'account': 'MzawMDE3MzI2BwA', 'formID': 'SzRNTTYyMk7WNbJIM9Y1MUox07U0MjfTTUtJNDE0M081tDRLBgA'};\n    ss_form.width = '100%';\n    ss_form.domain = 'app-3QNJA1Z2XY.marketingautomation.services';\n    ss_form.hidden = {'field_400000003544067': 'Ozonetech.com'};\n    \/\/ ss_form.target_id = 'target'; \/\/ Optional parameter: forms will be placed inside the element with the specified id\n    \/\/ ss_form.polling = true; \/\/ Optional parameter: set to true ONLY if your page loads dynamically and the id needs to be polled continually.\n<\/script><br \/>\n<script type=\"text\/javascript\" src=\"https:\/\/koi-3QNJA1Z2XY.marketingautomation.services\/client\/form.js?ver=2.0.1\"><\/script><\/p>\n        <\/div>\n    <\/div>\n<\/div>\n\n<\/section>\n","protected":false},"excerpt":{"rendered":"","protected":false},"author":21,"featured_media":0,"parent":14850,"menu_order":0,"comment_status":"closed","ping_status":"closed","template":"","meta":{"_acf_changed":false,"_seopress_robots_primary_cat":"","_seopress_titles_title":"","_seopress_titles_desc":"Det finns flera andra typer av utrustning som kan anv\u00e4ndas tillsammans med v\u00e5ra ozongeneratorer och i ozoninstallationer.","_seopress_robots_index":"","inline_featured_image":false,"footnotes":""},"class_list":["post-11648","page","type-page","status-publish","hentry"],"acf":[],"_links":{"self":[{"href":"https:\/\/ozonetech.com\/sv\/wp-json\/wp\/v2\/pages\/11648","targetHints":{"allow":["GET"]}}],"collection":[{"href":"https:\/\/ozonetech.com\/sv\/wp-json\/wp\/v2\/pages"}],"about":[{"href":"https:\/\/ozonetech.com\/sv\/wp-json\/wp\/v2\/types\/page"}],"author":[{"embeddable":true,"href":"https:\/\/ozonetech.com\/sv\/wp-json\/wp\/v2\/users\/21"}],"replies":[{"embeddable":true,"href":"https:\/\/ozonetech.com\/sv\/wp-json\/wp\/v2\/comments?post=11648"}],"version-history":[{"count":24,"href":"https:\/\/ozonetech.com\/sv\/wp-json\/wp\/v2\/pages\/11648\/revisions"}],"predecessor-version":[{"id":42038,"href":"https:\/\/ozonetech.com\/sv\/wp-json\/wp\/v2\/pages\/11648\/revisions\/42038"}],"up":[{"embeddable":true,"href":"https:\/\/ozonetech.com\/sv\/wp-json\/wp\/v2\/pages\/14850"}],"wp:attachment":[{"href":"https:\/\/ozonetech.com\/sv\/wp-json\/wp\/v2\/media?parent=11648"}],"curies":[{"name":"wp","href":"https:\/\/api.w.org\/{rel}","templated":true}]}}