{"id":11636,"date":"2020-06-25T06:21:16","date_gmt":"2020-06-25T06:21:16","guid":{"rendered":"https:\/\/ozonetech.com\/products-ozone-destructors\/"},"modified":"2024-11-07T10:36:20","modified_gmt":"2024-11-07T09:36:20","slug":"ozondestruktorer","status":"publish","type":"page","link":"https:\/\/ozonetech.com\/sv\/produkter\/ozondestruktorer\/","title":{"rendered":"Ozondestruktorer"},"content":{"rendered":"\n<section\n    class=\"block hero hero--regular\"\n    style=\"background-image: url('https:\/\/ozonetech.com\/wp-content\/uploads\/2021\/03\/destructors-1600x484.jpg'); --hero-opacity: 0.3\"\n>\n\n    <div class=\"container-fluid\">\n\n        <div class=\"content editor_content\">\n                         \n                <h2 class='h2'>Ozondestruktorer<\/h2>            \n                    <\/div>\n\n            <\/div>\n<\/section>\n\n\n<section class=\"component component_breadcrumbs\">\n\t<div class=\"container-fluid\">\n  \t<\/div>\n<\/section>\n\n\n<section\n    id=\"\"\n    class=\"block content-block\"\n\tstyle=\"--cb-bg: white; --cb-content: #000; padding-top: 30px; padding-bottom: 30px;\"\n>\n    \n\n<div class=\"container-fluid editor_content content content--narrow\">\n    <div class=\"row\">\n        <div class=\"col-12 editor_content\">\n            <h1>Kompakta och effektiva ozondestruktorer<\/h1>\n        <\/div>\n    <\/div>\n<\/div>\n\n\n<div class=\"container-fluid content content--narrow\">\n    <div class=\"row\">\n        <div class=\"col-md-6 order-1 editor_content \">\n            <p class=\"preamble\">Ozon \u00e4r en mycket kraftig och reaktiv molekyl som kan oxidera de flesta metallerna och organiska \u00e4mnen. \u00c4ven om det \u00e4r nyttigt inom m\u00e5nga luft- och vattenbehandlings-applikationer kan h\u00f6ga koncentrationer ozon vara kvar och m\u00e5ste f\u00f6rst\u00f6ras.<\/p>\n        <\/div>\n        <div class=\"col-md-6 order-2 editor_content d-flex justify-content-center\">\n                                            <figure class=\"side-image \">\n                    <img loading=\"lazy\" decoding=\"async\" width=\"425\" height=\"297\" src=\"https:\/\/ozonetech.com\/wp-content\/uploads\/2021\/03\/ozone-destructors-1.png\" class=\"attachment-full size-full\" alt=\"\" srcset=\"https:\/\/ozonetech.com\/wp-content\/uploads\/2021\/03\/ozone-destructors-1.png 425w, https:\/\/ozonetech.com\/wp-content\/uploads\/2021\/03\/ozone-destructors-1-300x210.png 300w\" sizes=\"auto, (max-width: 425px) 100vw, 425px\" \/>                                    <\/figure>\n                    <\/div>\n    <\/div>\n<\/div>\n\n\n<div class=\"container-fluid editor_content content content--narrow\">\n    <div class=\"row\">\n        <div class=\"col-12 editor_content\">\n            <p>V\u00e5ra ozondestruktorer kan snabbt omvandla ozon till syrgas utan att sl\u00e4ppa ut koldioxid eller giftiga gaser som kolmonoxid.<\/p>\n<p>Ozonetechs katalytiska ozondestruktorer \u00e4r gjorda av rostfritt st\u00e5l och garanterar maximum 0,1 ppm ozonavgas, oavsett ing\u00e5ende ozonkoncentration.<\/p>\n<p>Varje ozondestruktor levereras komplett med r\u00f6ranslutningar, kopplingar och katalysmaterial.<\/p>\n<p>Vi erbjuder \u00e4ven skr\u00e4ddarsydda ozondestruktorer f\u00f6r gasfl\u00f6den utanf\u00f6r v\u00e5rt standardsortiment.<\/p>\n<p>Om du \u00e4r intresserad av v\u00e5ra kompletta l\u00f6sningar f\u00f6r behandling av stora ozonfl\u00f6den, l\u00e4s mer om v\u00e5rt <a href=\"https:\/\/ozonetech.com\/sv\/losningar-system\/luftbehandling\/ozondestruktosystem\/\">Contra ozondestruktor-system<\/a>.<\/p>\n<p>F\u00f6r mer detaljerad teknisk information, vi rekommenderar att du l\u00e4ser databladen i tabellen nedan:<\/p>\n        <\/div>\n    <\/div>\n<\/div>\n\n<div class=\"container-fluid editor_content\">\n    <div class=\"row\">\n        <div class=\"col-12 editor_content table-wrapper \" style=\"--table-text-color-header: #FFFFFF; --table-text-color-rows: #000000; --table-background-color-header: #5f5f5f; --table-background-color-rows-even: #efefef; --table-background-color-rows-odd: #dfdfdf; \">\n                            \n<table id=\"tablepress-104\" class=\"tablepress tablepress-id-104\" aria-describedby=\"tablepress-104-description\">\n<thead>\n<tr class=\"row-1\">\n\t<th class=\"column-1\">Modell<\/th><th class=\"column-2\">Kapacitet<\/th><th class=\"column-3\">Rekommenderad ozongenerator<\/th><th class=\"column-4\">PDF<\/th>\n<\/tr>\n<\/thead>\n<tbody class=\"row-striping\">\n<tr class=\"row-2\">\n\t<td class=\"column-1\">Ozon-destruktor OD-100<\/td><td class=\"column-2\">15 l\/min<\/td><td class=\"column-3\">ICT-serien<\/td><td class=\"column-4\"><a target=\"blank\" href=\"https:\/\/ozonetech.com\/wp-content\/uploads\/2020\/12\/Datasheet-Ozone-Destructors-SV-v.2.0-web.pdf\" rel=\"noopener\">Datablad<\/a><\/td>\n<\/tr>\n<tr class=\"row-3\">\n\t<td class=\"column-1\">Ozon-destruktor OD-200<\/td><td class=\"column-2\">30 l\/min<\/td><td class=\"column-3\">ICT-serien<\/td><td class=\"column-4\"><a target=\"blank\" href=\"https:\/\/ozonetech.com\/wp-content\/uploads\/2020\/12\/Datasheet-Ozone-Destructors-SV-v.2.0-web.pdf\" rel=\"noopener\">Datablad<\/a><\/td>\n<\/tr>\n<tr class=\"row-4\">\n\t<td class=\"column-1\">Ozon-destruktor OD-400<\/td><td class=\"column-2\">65 l\/min<\/td><td class=\"column-3\">ICT\/DCT-serien<\/td><td class=\"column-4\"><a target=\"blank\" href=\"https:\/\/ozonetech.com\/wp-content\/uploads\/2020\/12\/Datasheet-Ozone-Destructors-SV-v.2.0-web.pdf\" rel=\"noopener\">Datablad<\/a><\/td>\n<\/tr>\n<tr class=\"row-5\">\n\t<td class=\"column-1\">Ozon-destruktor OD-1000<\/td><td class=\"column-2\">150 l\/min<\/td><td class=\"column-3\">ICT\/DCT-serien<\/td><td class=\"column-4\"><a target=\"blank\" href=\"https:\/\/ozonetech.com\/wp-content\/uploads\/2020\/12\/Datasheet-Ozone-Destructors-SV-v.2.0-web.pdf\" rel=\"noopener\">Datablad<\/a><\/td>\n<\/tr>\n<tr class=\"row-6\">\n\t<td class=\"column-1\">Ozon-destruktor OD-5000<\/td><td class=\"column-2\">830 l\/min<\/td><td class=\"column-3\">ICT\/DCT-serien<\/td><td class=\"column-4\"><a target=\"blank\" href=\"https:\/\/ozonetech.com\/wp-content\/uploads\/2020\/12\/Datasheet-Ozone-Destructors-SV-v.2.0-web.pdf\" rel=\"noopener\">Datablad<\/a><\/td>\n<\/tr>\n<\/tbody>\n<\/table>\n<span id=\"tablepress-104-description\" class=\"tablepress-table-description tablepress-table-description-id-104\"><\/span>\n<!-- #tablepress-104 from cache -->                                <\/div>\n    <\/div>\n<\/div>\n\n\n<div class=\"container-fluid editor_content content content--narrower\">\n    <div class=\"row\">\n        <div class=\"col-12 editor_content\">\n            <p><a id=\"form\"><\/a><\/p>\n<h2>Beg\u00e4r en offert<\/h2>\n        <\/div>\n    <\/div>\n<\/div>\n\n\n\n<div class=\"container-fluid editor_content content content--narrow\">\n    <div class=\"row\">\n        <div class=\"col-12 editor_content\">\n            <p><!-- SharpSpring Form for OD Quotation SV  --><br \/>\n<script type=\"text\/javascript\">\n    var ss_form = {'account': 'MzawMDE3MzI2BwA', 'formID': 'SzQ1M001NbbUtbBMNtI1MU011E1KsUjSNTM2NzM1SrYwtkwxBQA'};\n    ss_form.width = '100%';\n    ss_form.domain = 'app-3QNJA1Z2XY.marketingautomation.services';\n    ss_form.hidden = {'field_400000003544067': 'Ozonetech.com'};\n    \/\/ ss_form.target_id = 'target'; \/\/ Optional parameter: forms will be placed inside the element with the specified id\n    \/\/ ss_form.polling = true; \/\/ Optional parameter: set to true ONLY if your page loads dynamically and the id needs to be polled continually.\n<\/script><br \/>\n<script type=\"text\/javascript\" src=\"https:\/\/koi-3QNJA1Z2XY.marketingautomation.services\/client\/form.js?ver=2.0.1\"><\/script><\/p>\n        <\/div>\n    <\/div>\n<\/div>\n\n<\/section>\n","protected":false},"excerpt":{"rendered":"","protected":false},"author":21,"featured_media":0,"parent":14850,"menu_order":0,"comment_status":"closed","ping_status":"closed","template":"","meta":{"_acf_changed":false,"_seopress_robots_primary_cat":"","_seopress_titles_title":"","_seopress_titles_desc":"V\u00e5ra ozon-destruktorer omvandlar snabbt ozon till syre och utan att sl\u00e4ppa ut n\u00e5gra giftiga gaser som kolmonoxid eller koldioxid.","_seopress_robots_index":"","inline_featured_image":false,"footnotes":""},"class_list":["post-11636","page","type-page","status-publish","hentry"],"acf":[],"_links":{"self":[{"href":"https:\/\/ozonetech.com\/sv\/wp-json\/wp\/v2\/pages\/11636","targetHints":{"allow":["GET"]}}],"collection":[{"href":"https:\/\/ozonetech.com\/sv\/wp-json\/wp\/v2\/pages"}],"about":[{"href":"https:\/\/ozonetech.com\/sv\/wp-json\/wp\/v2\/types\/page"}],"author":[{"embeddable":true,"href":"https:\/\/ozonetech.com\/sv\/wp-json\/wp\/v2\/users\/21"}],"replies":[{"embeddable":true,"href":"https:\/\/ozonetech.com\/sv\/wp-json\/wp\/v2\/comments?post=11636"}],"version-history":[{"count":55,"href":"https:\/\/ozonetech.com\/sv\/wp-json\/wp\/v2\/pages\/11636\/revisions"}],"predecessor-version":[{"id":42050,"href":"https:\/\/ozonetech.com\/sv\/wp-json\/wp\/v2\/pages\/11636\/revisions\/42050"}],"up":[{"embeddable":true,"href":"https:\/\/ozonetech.com\/sv\/wp-json\/wp\/v2\/pages\/14850"}],"wp:attachment":[{"href":"https:\/\/ozonetech.com\/sv\/wp-json\/wp\/v2\/media?parent=11636"}],"curies":[{"name":"wp","href":"https:\/\/api.w.org\/{rel}","templated":true}]}}