{"id":11624,"date":"2020-06-25T08:25:25","date_gmt":"2020-06-25T08:25:25","guid":{"rendered":"https:\/\/ozonetech.com\/products-dct-series\/"},"modified":"2024-11-07T08:17:00","modified_gmt":"2024-11-07T07:17:00","slug":"dct-serien","status":"publish","type":"page","link":"https:\/\/ozonetech.com\/sv\/produkter\/ozongeneratorer\/dct-serien\/","title":{"rendered":"DCT-serien"},"content":{"rendered":"\n<section\n    class=\"block hero hero--regular\"\n    style=\"background-image: url('https:\/\/ozonetech.com\/wp-content\/uploads\/2021\/03\/dct-series-1600x484.jpg'); --hero-opacity: 0.3\"\n>\n\n    <div class=\"container-fluid\">\n\n        <div class=\"content editor_content\">\n                         \n                <h2 class='h2'>DCT-serien <\/h2>            \n                    <\/div>\n\n            <\/div>\n<\/section>\n\n\n<section class=\"component component_breadcrumbs\">\n\t<div class=\"container-fluid\">\n  \t<\/div>\n<\/section>\n\n\n<section\n    id=\"\"\n    class=\"block content-block\"\n\tstyle=\"--cb-bg: white; --cb-content: #000; padding-top: 30px; padding-bottom: 30px;\"\n>\n    \n\n<div class=\"container-fluid editor_content content content--narrow\">\n    <div class=\"row\">\n        <div class=\"col-12 editor_content\">\n            <h1>DCT-serien, v\u00e5ra kraftfullaste h\u00f6gprestanda ozongeneratorer<\/h1>\n<p class=\"preamble\">DCT-seriens ozongeneratorer \u00e4r inbyggda i sk\u00e5p i rostfritt st\u00e5l. P\u00e5 h\u00f6ger sida finns syre-, ozon- och kylvattenanslutningar och p\u00e5 v\u00e4nster sida finns alla elanslutningar, samtliga med snabbkopplingar. Generatorn avl\u00e4ser kontinuerligt viktiga systemparametrar och avger ett larm via kontrollpanelen om parametrarna ligger utanf\u00f6r intervallen. Kontrollpanelen kan anslutas till en extern dator eller till Internet.<\/p>\n<p>&nbsp;<\/p>\n        <\/div>\n    <\/div>\n<\/div>\n\n\n<div class=\"container-fluid content content--narrow\">\n    <div class=\"row\">\n        <div class=\"col-md-6 order-1 editor_content \">\n            <h3>F\u00f6rdelar<\/h3>\n<ul>\n<li>H\u00f6g ozonkoncentration<\/li>\n<li>Tystg\u00e5ende<\/li>\n<li>Kompakta design som m\u00f6jligg\u00f6r enkel inbyggnads- och systemintegration<\/li>\n<li>PLC-styrning med inbyggd kontrollpanel<\/li>\n<li>Fullst\u00e4ndig kapacitet f\u00f6r fj\u00e4rrstyrning och \u00f6vervakning<\/li>\n<li>Viktiga parametrar visas p\u00e5 display<\/li>\n<li>Justerbar ozonproduktion (0\u2013100 %)<\/li>\n<li>Larmrel\u00e4 f\u00f6r viktiga systemparametrar<\/li>\n<li>Snabbkopplingar f\u00f6r alla elanslutningar<\/li>\n<li>CE-godk\u00e4nd<\/li>\n<\/ul>\n<p>Klicka p\u00e5 n\u00e5gon av produkterna nedan f\u00f6r mer detaljerad information.<\/p>\n        <\/div>\n        <div class=\"col-md-6 order-2 editor_content d-flex justify-content-center\">\n                                            <figure class=\"side-image \">\n                    <img loading=\"lazy\" decoding=\"async\" width=\"425\" height=\"530\" src=\"https:\/\/ozonetech.com\/wp-content\/uploads\/2021\/03\/dct-series-ozonetech-2.jpg\" class=\"attachment-full size-full\" alt=\"\" srcset=\"https:\/\/ozonetech.com\/wp-content\/uploads\/2021\/03\/dct-series-ozonetech-2.jpg 425w, https:\/\/ozonetech.com\/wp-content\/uploads\/2021\/03\/dct-series-ozonetech-2-241x300.jpg 241w\" sizes=\"auto, (max-width: 425px) 100vw, 425px\" \/>                                    <\/figure>\n                    <\/div>\n    <\/div>\n<\/div>\n<div class=\"container-fluid editor_content\">\n    <div class=\"row\">\n        <div class=\"col-12 editor_content table-wrapper \" style=\"--table-text-color-header: #FFFFFF; --table-text-color-rows: #000000; --table-background-color-header: #5f5f5f; --table-background-color-rows-even: #efefef; --table-background-color-rows-odd: #dfdfdf; \">\n                            \n<table id=\"tablepress-101\" class=\"tablepress tablepress-id-101\" aria-describedby=\"tablepress-101-description\">\n<thead>\n<tr class=\"row-1\">\n\t<th class=\"column-1\">Modell<\/th><th class=\"column-2\">Produktion (max)<\/th><th class=\"column-3\">Nominell konc.<\/th><th class=\"column-4\">Nominellt fl\u00f6de<\/th><th class=\"column-5\">Vikt<\/th><th class=\"column-6\">PDF<\/th>\n<\/tr>\n<\/thead>\n<tbody class=\"row-striping\">\n<tr class=\"row-2\">\n\t<td class=\"column-1\">DCT-500<\/td><td class=\"column-2\">0.5 kg\/h<\/td><td class=\"column-3\">215 g\/Nm<sup>3<\/sup><\/td><td class=\"column-4\">40 l\/min<\/td><td class=\"column-5\">150 kg<\/td><td class=\"column-6\"><a target=\"blank\" href=\"https:\/\/ozonetech.com\/wp-content\/uploads\/2020\/12\/Datasheet-Ozone-Generators-DCT-SV-v.2.0-web.pdf\" rel=\"noopener\">Datablad<\/a><\/td>\n<\/tr>\n<tr class=\"row-3\">\n\t<td class=\"column-1\">DCT-1000<\/td><td class=\"column-2\">1.0 kg\/h<\/td><td class=\"column-3\">140 g\/Nm<sup>3<\/sup><\/td><td class=\"column-4\">120 l\/min<\/td><td class=\"column-5\">150 kg<\/td><td class=\"column-6\"><a target=\"blank\" href=\"https:\/\/ozonetech.com\/wp-content\/uploads\/2020\/12\/Datasheet-Ozone-Generators-DCT-SV-v.2.0-web.pdf\" rel=\"noopener\">Datablad<\/a><\/td>\n<\/tr>\n<tr class=\"row-4\">\n\t<td class=\"column-1\">DCT-2000<\/td><td class=\"column-2\">2.0 kg\/h<\/td><td class=\"column-3\">140 g\/Nm<sup>3<\/sup><\/td><td class=\"column-4\">240 l\/min<\/td><td class=\"column-5\">300 kg<\/td><td class=\"column-6\"><a target=\"blank\" href=\"https:\/\/ozonetech.com\/wp-content\/uploads\/2020\/12\/Datasheet-Ozone-Generators-DCT-SV-v.2.0-web.pdf\" rel=\"noopener\">Datablad<\/a><\/td>\n<\/tr>\n<tr class=\"row-5\">\n\t<td class=\"column-1\">DCT-3000<\/td><td class=\"column-2\">3.0 kg\/h<\/td><td class=\"column-3\">140 g\/Nm<sup>3<\/sup><\/td><td class=\"column-4\">360 l\/min<\/td><td class=\"column-5\">450 kg<\/td><td class=\"column-6\"><a target=\"blank\" href=\"https:\/\/ozonetech.com\/wp-content\/uploads\/2020\/12\/Datasheet-Ozone-Generators-DCT-SV-v.2.0-web.pdf\" rel=\"noopener\">Datablad<\/a><\/td>\n<\/tr>\n<tr class=\"row-6\">\n\t<td class=\"column-1\">DCT-4000<\/td><td class=\"column-2\">4.0 kg\/h<\/td><td class=\"column-3\">140 g\/Nm<sup>3<\/sup><\/td><td class=\"column-4\">480 l\/min<\/td><td class=\"column-5\">600 kg<\/td><td class=\"column-6\"><a target=\"blank\" href=\"https:\/\/ozonetech.com\/wp-content\/uploads\/2020\/12\/Datasheet-Ozone-Generators-DCT-SV-v.2.0-web.pdf\" rel=\"noopener\">Datablad<\/a><\/td>\n<\/tr>\n<tr class=\"row-7\">\n\t<td class=\"column-1\">DCT-5000<\/td><td class=\"column-2\">5.0 kg\/h<\/td><td class=\"column-3\">140 g\/Nm<sup>3<\/sup><\/td><td class=\"column-4\">600 l\/min<\/td><td class=\"column-5\">750 kg<\/td><td class=\"column-6\"><a target=\"blank\" href=\"https:\/\/ozonetech.com\/wp-content\/uploads\/2020\/12\/Datasheet-Ozone-Generators-DCT-SV-v.2.0-web.pdf\" rel=\"noopener\">Datablad<\/a><\/td>\n<\/tr>\n<\/tbody>\n<\/table>\n<span id=\"tablepress-101-description\" class=\"tablepress-table-description tablepress-table-description-id-101\">F\u00f6r ozonm\u00e4ngder \u00f6ver 5.0 kg\/h, v\u00e4nligen kontakta oss f\u00f6r mer information.<\/span>\n<!-- #tablepress-101 from cache -->                                <\/div>\n    <\/div>\n<\/div>\n\n\n<div class=\"container-fluid editor_content content content--narrower\">\n    <div class=\"row\">\n        <div class=\"col-12 editor_content\">\n            <p><a id=\"form\"><\/a><\/p>\n<h2>Beg\u00e4r en offert<\/h2>\n        <\/div>\n    <\/div>\n<\/div>\n\n\n\n<div class=\"container-fluid editor_content content content--narrow\">\n    <div class=\"row\">\n        <div class=\"col-12 editor_content\">\n            <p><!-- SharpSpring Form for DCT Quotation SV  --><br \/>\n<script type=\"text\/javascript\">\n    var ss_form = {'account': 'MzawMDE3MzI2BwA', 'formID': 'BcGBEQAwBAPAiXInaDAP-8_Q_6Kk54LFPKTXopuG6ovhbbL6Aw'};\n    ss_form.width = '100%';\n    ss_form.domain = 'app-3QNJA1Z2XY.marketingautomation.services';\n    ss_form.hidden = {'field_400000003544067': 'Ozonetech.com'};\n    \/\/ ss_form.target_id = 'target'; \/\/ Optional parameter: forms will be placed inside the element with the specified id\n    \/\/ ss_form.polling = true; \/\/ Optional parameter: set to true ONLY if your page loads dynamically and the id needs to be polled continually.\n<\/script><br \/>\n<script type=\"text\/javascript\" src=\"https:\/\/koi-3QNJA1Z2XY.marketingautomation.services\/client\/form.js?ver=2.0.1\"><\/script><\/p>\n        <\/div>\n    <\/div>\n<\/div>\n\n<\/section>\n","protected":false},"excerpt":{"rendered":"","protected":false},"author":21,"featured_media":0,"parent":14854,"menu_order":0,"comment_status":"closed","ping_status":"closed","template":"","meta":{"_acf_changed":false,"_seopress_robots_primary_cat":"","_seopress_titles_title":"","_seopress_titles_desc":"DCT-serien har kompakt design som m\u00f6jligg\u00f6r enkel inbyggnads- och systemintegration, leverar h\u00f6g ozonkoncetration och \u00e4r tystg\u00e5ende.","_seopress_robots_index":"","inline_featured_image":false,"footnotes":""},"class_list":["post-11624","page","type-page","status-publish","hentry"],"acf":[],"_links":{"self":[{"href":"https:\/\/ozonetech.com\/sv\/wp-json\/wp\/v2\/pages\/11624","targetHints":{"allow":["GET"]}}],"collection":[{"href":"https:\/\/ozonetech.com\/sv\/wp-json\/wp\/v2\/pages"}],"about":[{"href":"https:\/\/ozonetech.com\/sv\/wp-json\/wp\/v2\/types\/page"}],"author":[{"embeddable":true,"href":"https:\/\/ozonetech.com\/sv\/wp-json\/wp\/v2\/users\/21"}],"replies":[{"embeddable":true,"href":"https:\/\/ozonetech.com\/sv\/wp-json\/wp\/v2\/comments?post=11624"}],"version-history":[{"count":22,"href":"https:\/\/ozonetech.com\/sv\/wp-json\/wp\/v2\/pages\/11624\/revisions"}],"predecessor-version":[{"id":41985,"href":"https:\/\/ozonetech.com\/sv\/wp-json\/wp\/v2\/pages\/11624\/revisions\/41985"}],"up":[{"embeddable":true,"href":"https:\/\/ozonetech.com\/sv\/wp-json\/wp\/v2\/pages\/14854"}],"wp:attachment":[{"href":"https:\/\/ozonetech.com\/sv\/wp-json\/wp\/v2\/media?parent=11624"}],"curies":[{"name":"wp","href":"https:\/\/api.w.org\/{rel}","templated":true}]}}