{"id":11611,"date":"2020-06-25T08:17:45","date_gmt":"2020-06-25T08:17:45","guid":{"rendered":"https:\/\/ozonetech.com\/products-ict-series\/"},"modified":"2021-06-07T09:14:00","modified_gmt":"2021-06-07T08:14:00","slug":"ict-serien","status":"publish","type":"page","link":"https:\/\/ozonetech.com\/sv\/produkter\/ozongeneratorer\/ict-serien\/","title":{"rendered":"ICT-Serien"},"content":{"rendered":"\n<section\n    class=\"block hero hero--regular\"\n    style=\"background-image: url('https:\/\/ozonetech.com\/wp-content\/uploads\/2021\/03\/ict-series-1-1600x484.jpg'); --hero-opacity: 0.3\"\n>\n\n    <div class=\"container-fluid\">\n\n        <div class=\"content editor_content\">\n                         \n                <h1 class='h1'>ICT-Serien<\/h1>            \n                    <\/div>\n\n            <\/div>\n<\/section>\n\n\n<section class=\"component component_breadcrumbs\">\n\t<div class=\"container-fluid\">\n  \t<\/div>\n<\/section>\n\n\n<section\n    id=\"\"\n    class=\"block content-block\"\n\tstyle=\"--cb-bg: white; --cb-content: #000; padding-top: 30px; padding-bottom: 30px;\"\n>\n    \n\n<div class=\"container-fluid editor_content content content--narrow\">\n    <div class=\"row\">\n        <div class=\"col-12 editor_content\">\n            <h2>ICT-serien, de mest effektiva och kompakta h\u00f6gprestanda ozongeneratorerna p\u00e5 marknaden<\/h2>\n<p class=\"preamble\">Den h\u00e4r serien av ozongeneratorer \u00e4r inbyggda i ett sk\u00e5p av rostfritt st\u00e5l med anslutningar p\u00e5 undersidan f\u00f6r syre, ozon och kylvatten. Elanslutningarna \u00e4r placerade p\u00e5 undersidan, samtliga med snabbkopplingar. Kontrollenheten avl\u00e4ser alla viktiga systemparametrar och avger ett larm via rel\u00e4erna och LED-indikation om n\u00e5gon av parametrarna ligger utanf\u00f6r intervallen. Som tillval kan generatorn anslutas till en extern kontrollboxenhet med fler funktioner.<\/p>\n<p>&nbsp;<\/p>\n        <\/div>\n    <\/div>\n<\/div>\n\n\n<div class=\"container-fluid content content--narrow\">\n    <div class=\"row\">\n        <div class=\"col-md-6 order-1 editor_content \">\n            <h3>F\u00f6rdelar<\/h3>\n<ul>\n<li>H\u00f6g ozonkoncentration<\/li>\n<li>Kompakt design<\/li>\n<li>Justerbar ozonproduktion (20\u2013100%)<\/li>\n<li>Inbyggt LED-larm och larmrel\u00e4 f\u00f6r kritiska systemparametrar<\/li>\n<li>Snabbkopplingar f\u00f6r alla elanslutningar<\/li>\n<li>Tystg\u00e5ende<\/li>\n<li>Styrbar via 4-20 mA (tillval)<\/li>\n<li>CE-godk\u00e4nd<\/li>\n<\/ul>\n<p>Klicka p\u00e5 n\u00e5gon av produkterna nedan f\u00f6r mer detaljerad information.<\/p>\n        <\/div>\n        <div class=\"col-md-6 order-2 editor_content d-flex justify-content-center\">\n                                            <figure class=\"side-image \">\n                    <img loading=\"lazy\" decoding=\"async\" width=\"256\" height=\"309\" src=\"https:\/\/ozonetech.com\/wp-content\/uploads\/2021\/01\/ozonetech-ict-ozone-generator.png\" class=\"attachment-full size-full\" alt=\"\" srcset=\"https:\/\/ozonetech.com\/wp-content\/uploads\/2021\/01\/ozonetech-ict-ozone-generator.png 256w, https:\/\/ozonetech.com\/wp-content\/uploads\/2021\/01\/ozonetech-ict-ozone-generator-249x300.png 249w\" sizes=\"auto, (max-width: 256px) 100vw, 256px\" \/>                                    <\/figure>\n                    <\/div>\n    <\/div>\n<\/div>\n<div class=\"container-fluid editor_content\">\n    <div class=\"row\">\n        <div class=\"col-12 editor_content table-wrapper \" style=\"--table-text-color-header: #FFFFFF; --table-text-color-rows: #000000; --table-background-color-header: #5f5f5f; --table-background-color-rows-even: #efefef; --table-background-color-rows-odd: #dfdfdf; \">\n                            \n<table id=\"tablepress-100\" class=\"tablepress tablepress-id-100\" aria-describedby=\"tablepress-100-description\">\n<thead>\n<tr class=\"row-1\">\n\t<th class=\"column-1\">Modell<\/th><th class=\"column-2\">Produktion (max)<\/th><th class=\"column-3\">Max konc.<\/th><th class=\"column-4\">Nominell konc.<\/th><th class=\"column-5\">Storlek (HxBxD)<\/th><th class=\"column-6\">Vikt<\/th><th class=\"column-7\">PDF<\/th>\n<\/tr>\n<\/thead>\n<tbody class=\"row-striping\">\n<tr class=\"row-2\">\n\t<td class=\"column-1\">ICT-05<\/td><td class=\"column-2\">5 g\/h<\/td><td class=\"column-3\">240 g\/Nm<sup>3<sup><\/td><td class=\"column-4\">140 g\/Nm<sup>3<sup><\/td><td class=\"column-5\">300x200x155 mm<\/td><td class=\"column-6\">8,5 kg<\/td><td class=\"column-7\"><a href=\"https:\/\/ozonetech.com\/wp-content\/uploads\/2021\/03\/Datasheet-Ozone-Generators-ICT-05-10-SV-v.2.0-web.pdf\">Datablad<\/a><\/td>\n<\/tr>\n<tr class=\"row-3\">\n\t<td class=\"column-1\">ICT-05 Lab<\/td><td class=\"column-2\">5 g\/h<\/td><td class=\"column-3\">240 g\/Nm<sup>3<sup><\/td><td class=\"column-4\">140 g\/Nm<sup>3<sup><\/td><td class=\"column-5\">300x200x155 mm<\/td><td class=\"column-6\">8,5 kg<\/td><td class=\"column-7\"><a href=\"https:\/\/ozonetech.com\/wp-content\/uploads\/2021\/03\/Datasheet-Ozone-Generators-ICT-05-10-SV-v.2.0-web.pdf\">Datablad<\/a><\/td>\n<\/tr>\n<tr class=\"row-4\">\n\t<td class=\"column-1\">ICT-10<\/td><td class=\"column-2\">10 g\/h<\/td><td class=\"column-3\">240 g\/Nm<sup>3<sup><\/td><td class=\"column-4\">70 g\/Nm<sup>3<sup><\/td><td class=\"column-5\">300x200x155 mm<\/td><td class=\"column-6\">8,5 kg<\/td><td class=\"column-7\"><a href=\"https:\/\/ozonetech.com\/wp-content\/uploads\/2021\/03\/Datasheet-Ozone-Generators-ICT-05-10-SV-v.2.0-web.pdf\">Datablad<\/a><\/td>\n<\/tr>\n<tr class=\"row-5\">\n\t<td class=\"column-1\">ICT-20<\/td><td class=\"column-2\">20 g\/h<\/td><td class=\"column-3\">240 g\/Nm<sup>3<sup><\/td><td class=\"column-4\">135 g\/Nm<sup>3<sup><\/td><td class=\"column-5\">400x400x200 mm<\/td><td class=\"column-6\">21 kg<\/td><td class=\"column-7\"><a href=\"https:\/\/ozonetech.com\/wp-content\/uploads\/2020\/12\/Datasheet-Ozone-Generators-ICT-20-500-SV-v.2.0.pdf\">Datablad<\/a><\/td>\n<\/tr>\n<tr class=\"row-6\">\n\t<td class=\"column-1\">ICT-40<\/td><td class=\"column-2\">40 g\/h<\/td><td class=\"column-3\">240 g\/Nm<sup>3<sup><\/td><td class=\"column-4\">135 g\/Nm<sup>3<sup><\/td><td class=\"column-5\">400x400x200 mm<\/td><td class=\"column-6\">22 kg<\/td><td class=\"column-7\"><a href=\"https:\/\/ozonetech.com\/wp-content\/uploads\/2020\/12\/Datasheet-Ozone-Generators-ICT-20-500-SV-v.2.0.pdf\">Datablad<\/a><\/td>\n<\/tr>\n<tr class=\"row-7\">\n\t<td class=\"column-1\">ICT-60<\/td><td class=\"column-2\">60 g\/h<\/td><td class=\"column-3\">240 g\/Nm<sup>3<sup><\/td><td class=\"column-4\">135 g\/Nm<sup>3<sup><\/td><td class=\"column-5\">400x400x200 mm<\/td><td class=\"column-6\">23 kg<\/td><td class=\"column-7\"><a href=\"https:\/\/ozonetech.com\/wp-content\/uploads\/2020\/12\/Datasheet-Ozone-Generators-ICT-20-500-SV-v.2.0.pdf\">Datablad<\/a><\/td>\n<\/tr>\n<tr class=\"row-8\">\n\t<td class=\"column-1\">ICT-80<\/td><td class=\"column-2\">80 g\/h<\/td><td class=\"column-3\">240 g\/Nm<sup>3<sup><\/td><td class=\"column-4\">135 g\/Nm<sup>3<sup><\/td><td class=\"column-5\">400x400x200 mm<\/td><td class=\"column-6\">26 kg<\/td><td class=\"column-7\"><a href=\"https:\/\/ozonetech.com\/wp-content\/uploads\/2020\/12\/Datasheet-Ozone-Generators-ICT-20-500-SV-v.2.0.pdf\">Datablad<\/a><\/td>\n<\/tr>\n<tr class=\"row-9\">\n\t<td class=\"column-1\">ICT-100<\/td><td class=\"column-2\">100 g\/h<\/td><td class=\"column-3\">240 g\/Nm<sup>3<sup><\/td><td class=\"column-4\">135 g\/Nm<sup>3<sup><\/td><td class=\"column-5\">400x400x200 mm<\/td><td class=\"column-6\">27 kg<\/td><td class=\"column-7\"><a href=\"https:\/\/ozonetech.com\/wp-content\/uploads\/2020\/12\/Datasheet-Ozone-Generators-ICT-20-500-SV-v.2.0.pdf\">Datablad<\/a><\/td>\n<\/tr>\n<tr class=\"row-10\">\n\t<td class=\"column-1\">ICT-120<\/td><td class=\"column-2\">120 g\/h<\/td><td class=\"column-3\">240 g\/Nm<sup>3<sup><\/td><td class=\"column-4\">135 g\/Nm<sup>3<sup><\/td><td class=\"column-5\">400x400x200 mm<\/td><td class=\"column-6\">28 kg<\/td><td class=\"column-7\"><a href=\"https:\/\/ozonetech.com\/wp-content\/uploads\/2020\/12\/Datasheet-Ozone-Generators-ICT-20-500-SV-v.2.0.pdf\">Datablad<\/a><\/td>\n<\/tr>\n<tr class=\"row-11\">\n\t<td class=\"column-1\">ICT-500<\/td><td class=\"column-2\">500 g\/h\t<\/td><td class=\"column-3\">240 g\/Nm<sup>3<sup><\/td><td class=\"column-4\">135 g\/Nm<sup>3<sup><\/td><td class=\"column-5\">1000x1000x400 mm\t<\/td><td class=\"column-6\">102 kg<\/td><td class=\"column-7\"><a href=\"https:\/\/ozonetech.com\/wp-content\/uploads\/2020\/12\/Datasheet-Ozone-Generators-ICT-20-500-SV-v.2.0.pdf\">Datablad<\/a><\/td>\n<\/tr>\n<\/tbody>\n<\/table>\n<span id=\"tablepress-100-description\" class=\"tablepress-table-description tablepress-table-description-id-100\">ICT ozongeneratorer s\u00e4ljs och marknadsf\u00f6rs \u00e4ven undervarum\u00e4rket Water Maid\u2122, eller WM serien, sedan 1993.<\/span>\n<!-- #tablepress-100 from cache -->                                <\/div>\n    <\/div>\n<\/div>\n\n\n<div class=\"container-fluid editor_content content content--narrower\">\n    <div class=\"row\">\n        <div class=\"col-12 editor_content\">\n            <p><a id=\"form\"><\/a><\/p>\n<h2>Beg\u00e4r en offert<\/h2>\n        <\/div>\n    <\/div>\n<\/div>\n\n\n\n<div class=\"container-fluid editor_content content content--narrow\">\n    <div class=\"row\">\n        <div class=\"col-12 editor_content\">\n            <p><!-- SharpSpring Form for ICT Quotation SV  --><br \/>\n<script type=\"text\/javascript\">\n    var ss_form = {'account': 'MzawMDE3MzI2BwA', 'formID': 'SzWwSDYzTDPSTU6ytNQ1SUxJ1bU0NU_UTTZJM0s0A5KmZiYA'};\n    ss_form.width = '100%';\n    ss_form.domain = 'app-3QNJA1Z2XY.marketingautomation.services';\n    \/\/ ss_form.hidden = {'field_id': 'value'}; \/\/ Modify this for sending hidden variables, or overriding values\n    \/\/ ss_form.target_id = 'target'; \/\/ Optional parameter: forms will be placed inside the element with the specified id\n    \/\/ ss_form.polling = true; \/\/ Optional parameter: set to true ONLY if your page loads dynamically and the id needs to be polled continually.\n<\/script><br \/>\n<script type=\"text\/javascript\" src=\"https:\/\/koi-3QNJA1Z2XY.marketingautomation.services\/client\/form.js?ver=2.0.1\"><\/script><\/p>\n        <\/div>\n    <\/div>\n<\/div>\n\n<\/section>\n","protected":false},"excerpt":{"rendered":"","protected":false},"author":21,"featured_media":0,"parent":14854,"menu_order":0,"comment_status":"closed","ping_status":"closed","template":"","meta":{"_acf_changed":false,"_seopress_robots_primary_cat":"","_seopress_titles_title":"","_seopress_titles_desc":"ICT-serien avl\u00e4ser alla viktiga systemparametrar och avger ett larm via rel\u00e4erna och LED-indikation om n\u00e5got ligger utanf\u00f6r intervallen.","_seopress_robots_index":"","inline_featured_image":false,"footnotes":""},"class_list":["post-11611","page","type-page","status-publish","hentry"],"acf":[],"_links":{"self":[{"href":"https:\/\/ozonetech.com\/sv\/wp-json\/wp\/v2\/pages\/11611","targetHints":{"allow":["GET"]}}],"collection":[{"href":"https:\/\/ozonetech.com\/sv\/wp-json\/wp\/v2\/pages"}],"about":[{"href":"https:\/\/ozonetech.com\/sv\/wp-json\/wp\/v2\/types\/page"}],"author":[{"embeddable":true,"href":"https:\/\/ozonetech.com\/sv\/wp-json\/wp\/v2\/users\/21"}],"replies":[{"embeddable":true,"href":"https:\/\/ozonetech.com\/sv\/wp-json\/wp\/v2\/comments?post=11611"}],"version-history":[{"count":22,"href":"https:\/\/ozonetech.com\/sv\/wp-json\/wp\/v2\/pages\/11611\/revisions"}],"predecessor-version":[{"id":41994,"href":"https:\/\/ozonetech.com\/sv\/wp-json\/wp\/v2\/pages\/11611\/revisions\/41994"}],"up":[{"embeddable":true,"href":"https:\/\/ozonetech.com\/sv\/wp-json\/wp\/v2\/pages\/14854"}],"wp:attachment":[{"href":"https:\/\/ozonetech.com\/sv\/wp-json\/wp\/v2\/media?parent=11611"}],"curies":[{"name":"wp","href":"https:\/\/api.w.org\/{rel}","templated":true}]}}