{"id":11598,"date":"2020-06-25T07:51:07","date_gmt":"2020-06-25T07:51:07","guid":{"rendered":"https:\/\/ozonetech.com\/products-ftx-series\/"},"modified":"2024-11-07T08:29:41","modified_gmt":"2024-11-07T07:29:41","slug":"ftx-serien","status":"publish","type":"page","link":"https:\/\/ozonetech.com\/sv\/produkter\/ozongeneratorer\/ftx-serien\/","title":{"rendered":"FTX-serien"},"content":{"rendered":"\n<section\n    class=\"block hero hero--regular\"\n    style=\"background-image: url('https:\/\/ozonetech.com\/wp-content\/uploads\/2021\/03\/ftx-series-1600x484.jpg'); --hero-opacity: 0.3\"\n>\n\n    <div class=\"container-fluid\">\n\n        <div class=\"content editor_content\">\n                         \n                <h1 class='h1'>FTX-serien<\/h1>            \n                    <\/div>\n\n            <\/div>\n<\/section>\n\n\n<section class=\"component component_breadcrumbs\">\n\t<div class=\"container-fluid\">\n  \t<\/div>\n<\/section>\n\n\n<section\n    id=\"\"\n    class=\"block content-block\"\n\tstyle=\"--cb-bg: light-gray; --cb-content: #000; padding-top: 30px; padding-bottom: 30px;\"\n>\n    \n\n<div class=\"container-fluid editor_content content content--narrow\">\n    <div class=\"row\">\n        <div class=\"col-12 editor_content\">\n            <h2>FTX-serien, v\u00e5ra kraftfulla luftmatade standard ozongeneratorer<\/h2>\n<p class=\"preamble\">Dessa ozongeneratorer \u00e4r byggda med ett rostfritt h\u00f6lje och levereras med enkla reglage som g\u00f6r det m\u00f6jligt att st\u00e4lla in ozonproduktionen 0-100%. Ozongeneratorn har en driftslampa och kan st\u00e4ngas av och startas automatiskt tillsammans med en ozonswitch. Generatorn kan dessutom levereras med 4-20 mA och ozonlarm som tillval.<\/p>\n<p>&nbsp;<\/p>\n        <\/div>\n    <\/div>\n<\/div>\n\n\n<div class=\"container-fluid content content--narrow\">\n    <div class=\"row\">\n        <div class=\"col-md-6 order-1 editor_content \">\n            <h3>F\u00f6rdelar<\/h3>\n<ul>\n<li>Helt i rostfritt<\/li>\n<li>Justerbar ozonproduktionsniv\u00e5 (0\u2013100 %)<\/li>\n<li>Tystg\u00e5ende<\/li>\n<li>Rel\u00e4 och 4-20 mA som tillval<\/li>\n<li>Kompakt design<\/li>\n<li>CE-godk\u00e4nd,<\/li>\n<\/ul>\n<p>Klicka p\u00e5 n\u00e5gon av produkterna nedan f\u00f6r mer detaljerad information.<\/p>\n        <\/div>\n        <div class=\"col-md-6 order-2 editor_content d-flex justify-content-center\">\n                                            <figure class=\"side-image \">\n                    <img loading=\"lazy\" decoding=\"async\" width=\"1500\" height=\"1303\" src=\"https:\/\/ozonetech.com\/wp-content\/uploads\/2021\/03\/ftx12000-ozonetech.jpg\" class=\"attachment-full size-full\" alt=\"\" srcset=\"https:\/\/ozonetech.com\/wp-content\/uploads\/2021\/03\/ftx12000-ozonetech.jpg 1500w, https:\/\/ozonetech.com\/wp-content\/uploads\/2021\/03\/ftx12000-ozonetech-300x261.jpg 300w, https:\/\/ozonetech.com\/wp-content\/uploads\/2021\/03\/ftx12000-ozonetech-1024x890.jpg 1024w, https:\/\/ozonetech.com\/wp-content\/uploads\/2021\/03\/ftx12000-ozonetech-768x667.jpg 768w\" sizes=\"auto, (max-width: 1500px) 100vw, 1500px\" \/>                                    <\/figure>\n                    <\/div>\n    <\/div>\n<\/div>\n<div class=\"container-fluid editor_content\">\n    <div class=\"row\">\n        <div class=\"col-12 editor_content table-wrapper \" style=\"--table-text-color-header: #FFFFFF; --table-text-color-rows: #000000; --table-background-color-header: #5f5f5f; --table-background-color-rows-even: #efefef; --table-background-color-rows-odd: #dfdfdf; \">\n                            \n<table id=\"tablepress-99\" class=\"tablepress tablepress-id-99\" aria-describedby=\"tablepress-99-description\">\n<thead>\n<tr class=\"row-1\">\n\t<th class=\"column-1\">Modell<\/th><th class=\"column-2\">Effekt (max)<\/th><th class=\"column-3\">Fl\u00f6de, luft<\/th><th class=\"column-4\">Storlek (HxBxD)<\/th><th class=\"column-5\">Vikt<\/th><th class=\"column-6\">PDF<\/th>\n<\/tr>\n<\/thead>\n<tbody class=\"row-striping\">\n<tr class=\"row-2\">\n\t<td class=\"column-1\">FTX-6000<\/td><td class=\"column-2\">125 W<\/td><td class=\"column-3\">40 l\/s<\/td><td class=\"column-4\">300x200x150 mm<\/td><td class=\"column-5\">6.5 kg<\/td><td class=\"column-6\"><a target=\"blank\" href=\"https:\/\/ozonetech.com\/wp-content\/uploads\/2020\/12\/Datasheet-Ozone-Generators-FTX-series-SV-v.2.0-web.pdf\" rel=\"noopener\">Datablad<\/a><\/td>\n<\/tr>\n<tr class=\"row-3\">\n\t<td class=\"column-1\">FTX-12000<\/td><td class=\"column-2\">250 W<\/td><td class=\"column-3\">80 l\/s<\/td><td class=\"column-4\">400x400x200 mm<\/td><td class=\"column-5\">16.0 kg<\/td><td class=\"column-6\"><a target=\"blank\" href=\"https:\/\/ozonetech.com\/wp-content\/uploads\/2020\/12\/Datasheet-Ozone-Generators-FTX-series-SV-v.2.0-web.pdf\" rel=\"noopener\">Datablad<\/a><\/td>\n<\/tr>\n<\/tbody>\n<\/table>\n<span id=\"tablepress-99-description\" class=\"tablepress-table-description tablepress-table-description-id-99\"><\/span>\n<!-- #tablepress-99 from cache -->                                <\/div>\n    <\/div>\n<\/div>\n\n\n<div class=\"container-fluid editor_content content content--narrower\">\n    <div class=\"row\">\n        <div class=\"col-12 editor_content\">\n            <p><a id=\"form\"><\/a><\/p>\n<h2>Beg\u00e4r en offert<\/h2>\n        <\/div>\n    <\/div>\n<\/div>\n\n\n\n<div class=\"container-fluid editor_content content content--narrow\">\n    <div class=\"row\">\n        <div class=\"col-12 editor_content\">\n            <p><!-- SharpSpring Form for FTX Quotation SV  --><br \/>\n<script type=\"text\/javascript\">\n    var ss_form = {'account': 'MzawMDE3MzI2BwA', 'formID': 'M0g1TTI3MEvTTUlLs9A1MTY00E1KA3LNzBOTDMwSE1NTk0wA'};\n    ss_form.width = '100%';\n    ss_form.domain = 'app-3QNJA1Z2XY.marketingautomation.services';\n    ss_form.hidden = {'field_400000003544067': 'Ozonetech.com'};\n    \/\/ ss_form.target_id = 'target'; \/\/ Optional parameter: forms will be placed inside the element with the specified id\n    \/\/ ss_form.polling = true; \/\/ Optional parameter: set to true ONLY if your page loads dynamically and the id needs to be polled continually.\n<\/script><br \/>\n<script type=\"text\/javascript\" src=\"https:\/\/koi-3QNJA1Z2XY.marketingautomation.services\/client\/form.js?ver=2.0.1\"><\/script><\/p>\n        <\/div>\n    <\/div>\n<\/div>\n\n<\/section>\n","protected":false},"excerpt":{"rendered":"","protected":false},"author":21,"featured_media":0,"parent":14854,"menu_order":0,"comment_status":"closed","ping_status":"closed","template":"","meta":{"_acf_changed":false,"_seopress_robots_primary_cat":"","_seopress_titles_title":"","_seopress_titles_desc":"Ozongeneratorn \u00e4r tystgpende, komapkt, har en driftslampa och kan st\u00e4ngas av och startas automatiskt tillsammans med en ozonswitch.","_seopress_robots_index":"","inline_featured_image":false,"footnotes":""},"class_list":["post-11598","page","type-page","status-publish","hentry"],"acf":[],"_links":{"self":[{"href":"https:\/\/ozonetech.com\/sv\/wp-json\/wp\/v2\/pages\/11598","targetHints":{"allow":["GET"]}}],"collection":[{"href":"https:\/\/ozonetech.com\/sv\/wp-json\/wp\/v2\/pages"}],"about":[{"href":"https:\/\/ozonetech.com\/sv\/wp-json\/wp\/v2\/types\/page"}],"author":[{"embeddable":true,"href":"https:\/\/ozonetech.com\/sv\/wp-json\/wp\/v2\/users\/21"}],"replies":[{"embeddable":true,"href":"https:\/\/ozonetech.com\/sv\/wp-json\/wp\/v2\/comments?post=11598"}],"version-history":[{"count":24,"href":"https:\/\/ozonetech.com\/sv\/wp-json\/wp\/v2\/pages\/11598\/revisions"}],"predecessor-version":[{"id":42011,"href":"https:\/\/ozonetech.com\/sv\/wp-json\/wp\/v2\/pages\/11598\/revisions\/42011"}],"up":[{"embeddable":true,"href":"https:\/\/ozonetech.com\/sv\/wp-json\/wp\/v2\/pages\/14854"}],"wp:attachment":[{"href":"https:\/\/ozonetech.com\/sv\/wp-json\/wp\/v2\/media?parent=11598"}],"curies":[{"name":"wp","href":"https:\/\/api.w.org\/{rel}","templated":true}]}}