{"id":11590,"date":"2020-06-25T14:05:57","date_gmt":"2020-06-25T14:05:57","guid":{"rendered":"https:\/\/ozonetech.com\/products-act-series\/"},"modified":"2025-11-10T09:06:02","modified_gmt":"2025-11-10T08:06:02","slug":"act-serien","status":"publish","type":"page","link":"https:\/\/ozonetech.com\/sv\/produkter\/ozongeneratorer\/act-serien\/","title":{"rendered":"ACT-serien"},"content":{"rendered":"\n\n\n\n<section\n    id=\"\"\n    class=\"block content-block\"\n\tstyle=\"--cb-bg: #fff; --cb-content: #000; \"\n>\n    \n\n<div class=\"container-fluid editor_content content content--narrow\">\n    <div class=\"row\">\n        <div class=\"col-12 editor_content\">\n            <h1>V\u00e4lj ozongenerator f\u00f6r sanering, soprum\/milj\u00f6rum, fettavskiljare och pumpstation<\/h1>\n        <\/div>\n    <\/div>\n<\/div>\n\n<\/section>\n\n\n<section class=\"component component_breadcrumbs\">\n\t<div class=\"container-fluid\">\n  \t<\/div>\n<\/section>\n\n\n<section\n    id=\"\"\n    class=\"block content-block\"\n\tstyle=\"--cb-bg: #fff; --cb-content: #000; \"\n>\n    <div class=\"container-fluid editor_content\">\n    <div class=\"row\">\n        <div class=\"col-12 editor_content table-wrapper \" style=\"--table-text-color-header: #FFFFFF; --table-text-color-rows: #000000; --table-background-color-header: #5f5f5f; --table-background-color-rows-even: #efefef; --table-background-color-rows-odd: #dfdfdf; \">\n                            \n<table id=\"tablepress-98\" class=\"tablepress tablepress-id-98\" aria-describedby=\"tablepress-98-description\">\n<tbody class=\"row-striping\">\n<tr class=\"row-1\">\n\t<td class=\"column-1\"><\/td><td class=\"column-2\"><img decoding=\"async\" src=\"https:\/\/ozonetech.com\/wp-content\/uploads\/2021\/03\/act-3000-ots-190x144-2.png\" \/><\/td><td class=\"column-3\"><img decoding=\"async\" src=\"https:\/\/ozonetech.com\/wp-content\/uploads\/2021\/03\/act-3000-ots-190x144-2.png\" \/><\/td><td class=\"column-4\"><img decoding=\"async\" src=\"https:\/\/ozonetech.com\/wp-content\/uploads\/2021\/03\/act-3000p-ots-190x144-2.png\" \/><\/td><td class=\"column-5\"><img loading=\"lazy\" decoding=\"async\" src=\"https:\/\/ozonetech.com\/wp-content\/uploads\/2021\/03\/act-5000-ots-190x144-2.png\"\" width=\"194\" height=\"174\" class=\"alignnone size-full wp-image-13656\" \/><\/td>\n<\/tr>\n<tr class=\"row-2\">\n\t<td class=\"column-1\">Modell<\/td><td class=\"column-2\">ACT-3000<\/td><td class=\"column-3\">ACT-3000 med v\u00e4ggrack<\/td><td class=\"column-4\">ACT-3000P med installationskit<\/td><td class=\"column-5\">ACT-5000<\/td>\n<\/tr>\n<tr class=\"row-3\">\n\t<td class=\"column-1\">Anv\u00e4ndningsomr\u00e5de<\/td><td class=\"column-2\">Sanering i slutna utrymmen<\/td><td class=\"column-3\">Sanering i soprum\/ milj\u00f6rum, ers\u00e4tter kylaggregat<\/td><td class=\"column-4\">Luktsanering i fettavskiljare, pumpstation mm.<\/td><td class=\"column-5\">Sanering av st\u00f6rre utrymmen<\/td>\n<\/tr>\n<tr class=\"row-4\">\n\t<td class=\"column-1\">Kapacitet<\/td><td class=\"column-2\">Upp till 50 m<sup>2<\/sup><\/td><td class=\"column-3\">Upp till 50 m<sup>2<\/sup><\/td><td class=\"column-4\">&#8211;<\/td><td class=\"column-5\">50 m<sup>2<\/sup> och upp\u00e5t<\/td>\n<\/tr>\n<tr class=\"row-5\">\n\t<td class=\"column-1\">Tillbeh\u00f6r<\/td><td class=\"column-2\">&#8211;<\/td><td class=\"column-3\">V\u00e4ggrack<\/td><td class=\"column-4\">Luftpump, v\u00e4ggrack, ozoninjektor, slangar<\/td><td class=\"column-5\">&#8211;<\/td>\n<\/tr>\n<tr class=\"row-6\">\n\t<td class=\"column-1\">Mer information<\/td><td class=\"column-2\"><a target=\"blank\" href=\"https:\/\/ozonetech.com\/wp-content\/uploads\/2020\/12\/Datasheet-Ozone-Generators-ACT-3000-SV-v2.0-web.pdf\" rel=\"noopener\">Datablad<\/a><\/td><td class=\"column-3\"><a target=\"blank\" href=\"https:\/\/ozonetech.com\/wp-content\/uploads\/2020\/12\/Datasheet-Ozone-Generators-ACT-3000-SV-v2.0-web.pdf\" rel=\"noopener\">Datablad<\/a><\/td><td class=\"column-4\"><a target=\"blank\" href=\"https:\/\/ozonetech.com\/wp-content\/uploads\/2020\/12\/Datasheet-Ozone-Generators-ACT-3000P-SV-v.2.0-web.pdf\" rel=\"noopener\">Datablad<\/a><\/td><td class=\"column-5\"><a target=\"blank\" href=\"https:\/\/ozonetech.com\/wp-content\/uploads\/2020\/12\/Datasheet-Ozone-Generators-ACT-5000-SV-v.2.0-web.pdf\" rel=\"noopener\">Datablad<\/a><\/td>\n<\/tr>\n<\/tbody>\n<\/table>\n<span id=\"tablepress-98-description\" class=\"tablepress-table-description tablepress-table-description-id-98\"><\/span>\n<!-- #tablepress-98 from cache -->                                <\/div>\n    <\/div>\n<\/div>\n\n\n<div class=\"container-fluid editor_content content content--narrower\">\n    <div class=\"row\">\n        <div class=\"col-12 editor_content\">\n            <h2>Beg\u00e4r en offert<\/h2>\n        <\/div>\n    <\/div>\n<\/div>\n\n\n\n<div class=\"container-fluid editor_content content content--narrow\">\n    <div class=\"row\">\n        <div class=\"col-12 editor_content\">\n            <p><script type=\"text\/javascript\">\n    var ss_form = {'account': 'MzawMDE3MzI2BwA', 'formID': 'MzM2MkhKSTPUNTNOTtI1STNP0k2ysEjSNTc3BlLGRmbJRqYA'};\n    ss_form.width = '100%';\n    ss_form.height = '1000';\n    ss_form.domain = 'app-3QNJA1Z2XY.marketingautomation.services';\n    ss_form.hidden = {'field_400000003544067': 'Ozonetech.com'};\n    ss_form.target_id = 'target'; \/\/ Optional parameter: forms will be placed inside the element with the specified id\n    \/\/ ss_form.polling = true; \/\/ Optional parameter: set to true ONLY if your page loads dynamically and the id needs to be polled continually.\n<\/script><br \/>\n<script type=\"text\/javascript\" src=\"https:\/\/koi-3QNJA1Z2XY.marketingautomation.services\/client\/form.js?ver=2.0.1\"><\/script><\/p>\n<div id=\"target\"><\/div>\n        <\/div>\n    <\/div>\n<\/div>\n\n<\/section>\n\n\n\n<section class=\"block landing-page-grid\" style=\"--grid-bg: #fff; --grid-link: #5f5f5f; --grid-content: #000;\">\n\n    <div class=\"container-fluid grid\">\n\n                \n                    <div class=\"grid__list\">\n                                    <a class=\"item\" href=\"https:\/\/ozonetech.com\/sv\/applikationer\/lukt-sanering\/brandsanering\/\" target=\"\">\n                        <span class=\"item__overlay\"><\/span>\n                        <span\n                            class=\"item__background-image\"\n                            style=\"background-image: url('https:\/\/ozonetech.com\/wp-content\/uploads\/2021\/02\/fire-sanitation-3.jpg');\"\n                        ><\/span>\n                        \n                        <span class=\"item__content\">\n                            <figure class=\"item__content--icon\">\n                                                            <\/figure>\n\n                            <span class=\"item__content--link\">\n                                <span>Brandsanering<\/span><svg version=\"1.1\" id=\"Layer_1\" xmlns=\"http:\/\/www.w3.org\/2000\/svg\" x=\"0\" y=\"0\" viewBox=\"0 0 25 21.76\" xml:space=\"preserve\"><path fill=\"#FF691C\" d=\"M12.17 1.45l1.11-1.1c.46-.47 1.22-.47 1.68 0l9.69 9.68c.47.46.47 1.22 0 1.68l-9.69 9.69c-.46.47-1.22.47-1.68 0l-1.11-1.11c-.47-.47-.46-1.23.01-1.7l.01-.01 6-5.72h-17c-.66 0-1.2-.53-1.2-1.19v-1.6c0-.66.53-1.2 1.19-1.2h17.01l-6-5.72c-.48-.45-.5-1.2-.05-1.68.01 0 .02-.01.03-.02z\"\/><\/svg>                            <\/span>\n                        <\/span>\n                    <\/a>\n                                    <a class=\"item\" href=\"https:\/\/ozonetech.com\/sv\/applikationer\/luftbehandling\/fettavskiljare-luktproblem\/\" target=\"\">\n                        <span class=\"item__overlay\"><\/span>\n                        <span\n                            class=\"item__background-image\"\n                            style=\"background-image: url('https:\/\/ozonetech.com\/wp-content\/uploads\/2021\/02\/grease-trap-1.jpg');\"\n                        ><\/span>\n                        \n                        <span class=\"item__content\">\n                            <figure class=\"item__content--icon\">\n                                                            <\/figure>\n\n                            <span class=\"item__content--link\">\n                                <span>Fettavskiljare<\/span><svg version=\"1.1\" id=\"Layer_1\" xmlns=\"http:\/\/www.w3.org\/2000\/svg\" x=\"0\" y=\"0\" viewBox=\"0 0 25 21.76\" xml:space=\"preserve\"><path fill=\"#FF691C\" d=\"M12.17 1.45l1.11-1.1c.46-.47 1.22-.47 1.68 0l9.69 9.68c.47.46.47 1.22 0 1.68l-9.69 9.69c-.46.47-1.22.47-1.68 0l-1.11-1.11c-.47-.47-.46-1.23.01-1.7l.01-.01 6-5.72h-17c-.66 0-1.2-.53-1.2-1.19v-1.6c0-.66.53-1.2 1.19-1.2h17.01l-6-5.72c-.48-.45-.5-1.2-.05-1.68.01 0 .02-.01.03-.02z\"\/><\/svg>                            <\/span>\n                        <\/span>\n                    <\/a>\n                                    <a class=\"item\" href=\"https:\/\/ozonetech.com\/sv\/applikationer\/lukt-sanering\/luktproblem-i-soprum\/\" target=\"\">\n                        <span class=\"item__overlay\"><\/span>\n                        <span\n                            class=\"item__background-image\"\n                            style=\"background-image: url('https:\/\/ozonetech.com\/wp-content\/uploads\/2021\/03\/garbage-room-5.jpg');\"\n                        ><\/span>\n                        \n                        <span class=\"item__content\">\n                            <figure class=\"item__content--icon\">\n                                                            <\/figure>\n\n                            <span class=\"item__content--link\">\n                                <span>Soprum<\/span><svg version=\"1.1\" id=\"Layer_1\" xmlns=\"http:\/\/www.w3.org\/2000\/svg\" x=\"0\" y=\"0\" viewBox=\"0 0 25 21.76\" xml:space=\"preserve\"><path fill=\"#FF691C\" d=\"M12.17 1.45l1.11-1.1c.46-.47 1.22-.47 1.68 0l9.69 9.68c.47.46.47 1.22 0 1.68l-9.69 9.69c-.46.47-1.22.47-1.68 0l-1.11-1.11c-.47-.47-.46-1.23.01-1.7l.01-.01 6-5.72h-17c-.66 0-1.2-.53-1.2-1.19v-1.6c0-.66.53-1.2 1.19-1.2h17.01l-6-5.72c-.48-.45-.5-1.2-.05-1.68.01 0 .02-.01.03-.02z\"\/><\/svg>                            <\/span>\n                        <\/span>\n                    <\/a>\n                                    <a class=\"item\" href=\"https:\/\/ozonetech.com\/sv\/applikationer\/lukt-sanering\/fuktskador\/\" target=\"\">\n                        <span class=\"item__overlay\"><\/span>\n                        <span\n                            class=\"item__background-image\"\n                            style=\"background-image: url('https:\/\/ozonetech.com\/wp-content\/uploads\/2021\/02\/water-damage-1.jpg');\"\n                        ><\/span>\n                        \n                        <span class=\"item__content\">\n                            <figure class=\"item__content--icon\">\n                                                            <\/figure>\n\n                            <span class=\"item__content--link\">\n                                <span>Fuktskador<\/span><svg version=\"1.1\" id=\"Layer_1\" xmlns=\"http:\/\/www.w3.org\/2000\/svg\" x=\"0\" y=\"0\" viewBox=\"0 0 25 21.76\" xml:space=\"preserve\"><path fill=\"#FF691C\" d=\"M12.17 1.45l1.11-1.1c.46-.47 1.22-.47 1.68 0l9.69 9.68c.47.46.47 1.22 0 1.68l-9.69 9.69c-.46.47-1.22.47-1.68 0l-1.11-1.11c-.47-.47-.46-1.23.01-1.7l.01-.01 6-5.72h-17c-.66 0-1.2-.53-1.2-1.19v-1.6c0-.66.53-1.2 1.19-1.2h17.01l-6-5.72c-.48-.45-.5-1.2-.05-1.68.01 0 .02-.01.03-.02z\"\/><\/svg>                            <\/span>\n                        <\/span>\n                    <\/a>\n                                    <a class=\"item\" href=\"https:\/\/ozonetech.com\/sv\/applikationer\/lukt-sanering\/sanering-i-livsmedelstillverkning\/\" target=\"\">\n                        <span class=\"item__overlay\"><\/span>\n                        <span\n                            class=\"item__background-image\"\n                            style=\"background-image: url('https:\/\/ozonetech.com\/wp-content\/uploads\/2021\/02\/remedition-in-food-production.jpg');\"\n                        ><\/span>\n                        \n                        <span class=\"item__content\">\n                            <figure class=\"item__content--icon\">\n                                                            <\/figure>\n\n                            <span class=\"item__content--link\">\n                                <span>Sanering i livsmedelstillverkning<\/span><svg version=\"1.1\" id=\"Layer_1\" xmlns=\"http:\/\/www.w3.org\/2000\/svg\" x=\"0\" y=\"0\" viewBox=\"0 0 25 21.76\" xml:space=\"preserve\"><path fill=\"#FF691C\" d=\"M12.17 1.45l1.11-1.1c.46-.47 1.22-.47 1.68 0l9.69 9.68c.47.46.47 1.22 0 1.68l-9.69 9.69c-.46.47-1.22.47-1.68 0l-1.11-1.11c-.47-.47-.46-1.23.01-1.7l.01-.01 6-5.72h-17c-.66 0-1.2-.53-1.2-1.19v-1.6c0-.66.53-1.2 1.19-1.2h17.01l-6-5.72c-.48-.45-.5-1.2-.05-1.68.01 0 .02-.01.03-.02z\"\/><\/svg>                            <\/span>\n                        <\/span>\n                    <\/a>\n                                    <a class=\"item\" href=\"https:\/\/ozonetech.com\/sv\/applikationer\/lukt-sanering\/luftkonditionering\/\" target=\"\">\n                        <span class=\"item__overlay\"><\/span>\n                        <span\n                            class=\"item__background-image\"\n                            style=\"background-image: url('https:\/\/ozonetech.com\/wp-content\/uploads\/2021\/02\/air-conditioning-1.jpg');\"\n                        ><\/span>\n                        \n                        <span class=\"item__content\">\n                            <figure class=\"item__content--icon\">\n                                                            <\/figure>\n\n                            <span class=\"item__content--link\">\n                                <span>Luftkonditionering<\/span><svg version=\"1.1\" id=\"Layer_1\" xmlns=\"http:\/\/www.w3.org\/2000\/svg\" x=\"0\" y=\"0\" viewBox=\"0 0 25 21.76\" xml:space=\"preserve\"><path fill=\"#FF691C\" d=\"M12.17 1.45l1.11-1.1c.46-.47 1.22-.47 1.68 0l9.69 9.68c.47.46.47 1.22 0 1.68l-9.69 9.69c-.46.47-1.22.47-1.68 0l-1.11-1.11c-.47-.47-.46-1.23.01-1.7l.01-.01 6-5.72h-17c-.66 0-1.2-.53-1.2-1.19v-1.6c0-.66.53-1.2 1.19-1.2h17.01l-6-5.72c-.48-.45-.5-1.2-.05-1.68.01 0 .02-.01.03-.02z\"\/><\/svg>                            <\/span>\n                        <\/span>\n                    <\/a>\n                                    <a class=\"item\" href=\"https:\/\/ozonetech.com\/sv\/applikationer\/lukt-sanering\/mogel\/\" target=\"\">\n                        <span class=\"item__overlay\"><\/span>\n                        <span\n                            class=\"item__background-image\"\n                            style=\"background-image: url('https:\/\/ozonetech.com\/wp-content\/uploads\/2021\/02\/mold-sanitation-1.jpg');\"\n                        ><\/span>\n                        \n                        <span class=\"item__content\">\n                            <figure class=\"item__content--icon\">\n                                                            <\/figure>\n\n                            <span class=\"item__content--link\">\n                                <span>M\u00f6gel<\/span><svg version=\"1.1\" id=\"Layer_1\" xmlns=\"http:\/\/www.w3.org\/2000\/svg\" x=\"0\" y=\"0\" viewBox=\"0 0 25 21.76\" xml:space=\"preserve\"><path fill=\"#FF691C\" d=\"M12.17 1.45l1.11-1.1c.46-.47 1.22-.47 1.68 0l9.69 9.68c.47.46.47 1.22 0 1.68l-9.69 9.69c-.46.47-1.22.47-1.68 0l-1.11-1.11c-.47-.47-.46-1.23.01-1.7l.01-.01 6-5.72h-17c-.66 0-1.2-.53-1.2-1.19v-1.6c0-.66.53-1.2 1.19-1.2h17.01l-6-5.72c-.48-.45-.5-1.2-.05-1.68.01 0 .02-.01.03-.02z\"\/><\/svg>                            <\/span>\n                        <\/span>\n                    <\/a>\n                                    <a class=\"item\" href=\"https:\/\/ozonetech.com\/sv\/applikationer\/luftbehandling\/pumpgropar\/\" target=\"\">\n                        <span class=\"item__overlay\"><\/span>\n                        <span\n                            class=\"item__background-image\"\n                            style=\"background-image: url('https:\/\/ozonetech.com\/wp-content\/uploads\/2021\/02\/pump-pits.jpg');\"\n                        ><\/span>\n                        \n                        <span class=\"item__content\">\n                            <figure class=\"item__content--icon\">\n                                                            <\/figure>\n\n                            <span class=\"item__content--link\">\n                                <span>Pumpgropar<\/span><svg version=\"1.1\" id=\"Layer_1\" xmlns=\"http:\/\/www.w3.org\/2000\/svg\" x=\"0\" y=\"0\" viewBox=\"0 0 25 21.76\" xml:space=\"preserve\"><path fill=\"#FF691C\" d=\"M12.17 1.45l1.11-1.1c.46-.47 1.22-.47 1.68 0l9.69 9.68c.47.46.47 1.22 0 1.68l-9.69 9.69c-.46.47-1.22.47-1.68 0l-1.11-1.11c-.47-.47-.46-1.23.01-1.7l.01-.01 6-5.72h-17c-.66 0-1.2-.53-1.2-1.19v-1.6c0-.66.53-1.2 1.19-1.2h17.01l-6-5.72c-.48-.45-.5-1.2-.05-1.68.01 0 .02-.01.03-.02z\"\/><\/svg>                            <\/span>\n                        <\/span>\n                    <\/a>\n                                    <a class=\"item\" href=\"https:\/\/ozonetech.com\/sv\/applikationer\/lukt-sanering\/rum-och-lokaler\/\" target=\"\">\n                        <span class=\"item__overlay\"><\/span>\n                        <span\n                            class=\"item__background-image\"\n                            style=\"background-image: url('https:\/\/ozonetech.com\/wp-content\/uploads\/2021\/02\/odor-problems-in-rooms-and-premises-1.jpg');\"\n                        ><\/span>\n                        \n                        <span class=\"item__content\">\n                            <figure class=\"item__content--icon\">\n                                                            <\/figure>\n\n                            <span class=\"item__content--link\">\n                                <span>Rum och lokaler<\/span><svg version=\"1.1\" id=\"Layer_1\" xmlns=\"http:\/\/www.w3.org\/2000\/svg\" x=\"0\" y=\"0\" viewBox=\"0 0 25 21.76\" xml:space=\"preserve\"><path fill=\"#FF691C\" d=\"M12.17 1.45l1.11-1.1c.46-.47 1.22-.47 1.68 0l9.69 9.68c.47.46.47 1.22 0 1.68l-9.69 9.69c-.46.47-1.22.47-1.68 0l-1.11-1.11c-.47-.47-.46-1.23.01-1.7l.01-.01 6-5.72h-17c-.66 0-1.2-.53-1.2-1.19v-1.6c0-.66.53-1.2 1.19-1.2h17.01l-6-5.72c-.48-.45-.5-1.2-.05-1.68.01 0 .02-.01.03-.02z\"\/><\/svg>                            <\/span>\n                        <\/span>\n                    <\/a>\n                                    <a class=\"item\" href=\"https:\/\/ozonetech.com\/sv\/applikationer\/lukt-sanering\/rok\/\" target=\"\">\n                        <span class=\"item__overlay\"><\/span>\n                        <span\n                            class=\"item__background-image\"\n                            style=\"background-image: url('https:\/\/ozonetech.com\/wp-content\/uploads\/2021\/02\/smoke-sanitation-1.jpg');\"\n                        ><\/span>\n                        \n                        <span class=\"item__content\">\n                            <figure class=\"item__content--icon\">\n                                                            <\/figure>\n\n                            <span class=\"item__content--link\">\n                                <span>R\u00f6k<\/span><svg version=\"1.1\" id=\"Layer_1\" xmlns=\"http:\/\/www.w3.org\/2000\/svg\" x=\"0\" y=\"0\" viewBox=\"0 0 25 21.76\" xml:space=\"preserve\"><path fill=\"#FF691C\" d=\"M12.17 1.45l1.11-1.1c.46-.47 1.22-.47 1.68 0l9.69 9.68c.47.46.47 1.22 0 1.68l-9.69 9.69c-.46.47-1.22.47-1.68 0l-1.11-1.11c-.47-.47-.46-1.23.01-1.7l.01-.01 6-5.72h-17c-.66 0-1.2-.53-1.2-1.19v-1.6c0-.66.53-1.2 1.19-1.2h17.01l-6-5.72c-.48-.45-.5-1.2-.05-1.68.01 0 .02-.01.03-.02z\"\/><\/svg>                            <\/span>\n                        <\/span>\n                    <\/a>\n                                    <a class=\"item\" href=\"https:\/\/ozonetech.com\/sv\/applikationer\/lukt-sanering\/rotkammare\/\" target=\"\">\n                        <span class=\"item__overlay\"><\/span>\n                        <span\n                            class=\"item__background-image\"\n                            style=\"background-image: url('https:\/\/ozonetech.com\/wp-content\/uploads\/2021\/02\/digester-chamber-2.jpg');\"\n                        ><\/span>\n                        \n                        <span class=\"item__content\">\n                            <figure class=\"item__content--icon\">\n                                                            <\/figure>\n\n                            <span class=\"item__content--link\">\n                                <span>R\u00f6tkammare<\/span><svg version=\"1.1\" id=\"Layer_1\" xmlns=\"http:\/\/www.w3.org\/2000\/svg\" x=\"0\" y=\"0\" viewBox=\"0 0 25 21.76\" xml:space=\"preserve\"><path fill=\"#FF691C\" d=\"M12.17 1.45l1.11-1.1c.46-.47 1.22-.47 1.68 0l9.69 9.68c.47.46.47 1.22 0 1.68l-9.69 9.69c-.46.47-1.22.47-1.68 0l-1.11-1.11c-.47-.47-.46-1.23.01-1.7l.01-.01 6-5.72h-17c-.66 0-1.2-.53-1.2-1.19v-1.6c0-.66.53-1.2 1.19-1.2h17.01l-6-5.72c-.48-.45-.5-1.2-.05-1.68.01 0 .02-.01.03-.02z\"\/><\/svg>                            <\/span>\n                        <\/span>\n                    <\/a>\n                                    <a class=\"item\" href=\"https:\/\/ozonetech.com\/sv\/applikationer\/lukt-sanering\/virus-bakterier\/\" target=\"\">\n                        <span class=\"item__overlay\"><\/span>\n                        <span\n                            class=\"item__background-image\"\n                            style=\"background-image: url('https:\/\/ozonetech.com\/wp-content\/uploads\/2021\/02\/virus-bacteria.jpg');\"\n                        ><\/span>\n                        \n                        <span class=\"item__content\">\n                            <figure class=\"item__content--icon\">\n                                                            <\/figure>\n\n                            <span class=\"item__content--link\">\n                                <span>Virus och bakterier<\/span><svg version=\"1.1\" id=\"Layer_1\" xmlns=\"http:\/\/www.w3.org\/2000\/svg\" x=\"0\" y=\"0\" viewBox=\"0 0 25 21.76\" xml:space=\"preserve\"><path fill=\"#FF691C\" d=\"M12.17 1.45l1.11-1.1c.46-.47 1.22-.47 1.68 0l9.69 9.68c.47.46.47 1.22 0 1.68l-9.69 9.69c-.46.47-1.22.47-1.68 0l-1.11-1.11c-.47-.47-.46-1.23.01-1.7l.01-.01 6-5.72h-17c-.66 0-1.2-.53-1.2-1.19v-1.6c0-.66.53-1.2 1.19-1.2h17.01l-6-5.72c-.48-.45-.5-1.2-.05-1.68.01 0 .02-.01.03-.02z\"\/><\/svg>                            <\/span>\n                        <\/span>\n                    <\/a>\n                            <\/div>\n            <\/div>\n\n<\/section>","protected":false},"excerpt":{"rendered":"","protected":false},"author":21,"featured_media":0,"parent":14854,"menu_order":0,"comment_status":"closed","ping_status":"closed","template":"","meta":{"_acf_changed":false,"_seopress_robots_primary_cat":"","_seopress_titles_title":"","_seopress_titles_desc":"Ozongenerator f\u00f6r sanering, soprum\/milj\u00f6rum, fettavskiljare, pumpstation, slutna och st\u00f6rre utrymmen, upp till 50 kvm och upp\u00e5t.","_seopress_robots_index":"","inline_featured_image":false,"footnotes":""},"class_list":["post-11590","page","type-page","status-publish","hentry"],"acf":[],"_links":{"self":[{"href":"https:\/\/ozonetech.com\/sv\/wp-json\/wp\/v2\/pages\/11590","targetHints":{"allow":["GET"]}}],"collection":[{"href":"https:\/\/ozonetech.com\/sv\/wp-json\/wp\/v2\/pages"}],"about":[{"href":"https:\/\/ozonetech.com\/sv\/wp-json\/wp\/v2\/types\/page"}],"author":[{"embeddable":true,"href":"https:\/\/ozonetech.com\/sv\/wp-json\/wp\/v2\/users\/21"}],"replies":[{"embeddable":true,"href":"https:\/\/ozonetech.com\/sv\/wp-json\/wp\/v2\/comments?post=11590"}],"version-history":[{"count":47,"href":"https:\/\/ozonetech.com\/sv\/wp-json\/wp\/v2\/pages\/11590\/revisions"}],"predecessor-version":[{"id":42768,"href":"https:\/\/ozonetech.com\/sv\/wp-json\/wp\/v2\/pages\/11590\/revisions\/42768"}],"up":[{"embeddable":true,"href":"https:\/\/ozonetech.com\/sv\/wp-json\/wp\/v2\/pages\/14854"}],"wp:attachment":[{"href":"https:\/\/ozonetech.com\/sv\/wp-json\/wp\/v2\/media?parent=11590"}],"curies":[{"name":"wp","href":"https:\/\/api.w.org\/{rel}","templated":true}]}}