{"id":11580,"date":"2020-06-25T09:29:04","date_gmt":"2020-06-25T09:29:04","guid":{"rendered":"https:\/\/ozonetech.com\/rena-kitchen-solutions\/"},"modified":"2024-11-07T08:34:24","modified_gmt":"2024-11-07T07:34:24","slug":"rena-storkokslosningar","status":"publish","type":"page","link":"https:\/\/ozonetech.com\/sv\/losningar-system\/storkok\/rena-storkokslosningar\/","title":{"rendered":"RENA Stork\u00f6ksl\u00f6sningar"},"content":{"rendered":"\n<section\n    class=\"block hero hero--regular\"\n    style=\"background-image: url('https:\/\/ozonetech.com\/wp-content\/uploads\/2021\/03\/rena-kitchen-solutions-1600x484.jpg'); --hero-opacity: 0.3\"\n>\n\n    <div class=\"container-fluid\">\n\n        <div class=\"content editor_content\">\n                         \n                <h2 class='h2'>RENA Stork\u00f6ksl\u00f6sningar<\/h2>            \n                    <\/div>\n\n            <\/div>\n<\/section>\n\n\n<section class=\"component component_breadcrumbs\">\n\t<div class=\"container-fluid\">\n  \t<\/div>\n<\/section>\n\n\n<section\n    id=\"\"\n    class=\"block content-block\"\n\tstyle=\"--cb-bg: white; --cb-content: #000; padding-top: 30px; padding-bottom: 30px;\"\n>\n    \n\n<div class=\"container-fluid editor_content content content--narrow\">\n    <div class=\"row\">\n        <div class=\"col-12 editor_content\">\n            <h1>Det mest effektiva och h\u00e5llbara s\u00e4ttet att behandla stork\u00f6ksfr\u00e5nluft<\/h1>\n<p class=\"preamble\">RENA \u00e4r v\u00e5r mest kraftfulla systeml\u00f6sning. Den \u00e4r utvecklad f\u00f6r stork\u00f6k och restauranger med en eller flera stekytor och k\u00e5por. Komponenterna \u00e4r monterade p\u00e5 en rostfri pl\u00e5t som placeras i anslutning till k\u00f6ket eller l\u00e4ngre bort i ett annat rum.<\/p>\n<p>S\u00e4kerheten \u00e4r mycket h\u00f6g. Ozonproduktionen st\u00e4ngs av direkt om n\u00e5got ut\u00f6ver det normala intr\u00e4ffar, eller om ventilationen inte \u00e4r ig\u00e5ng. Systemet kan fj\u00e4rr\u00f6vervakas och ge larm direkt till v\u00e5rt servicecenter.<\/p>\n<p>Rening med ozon ger m\u00e5nga f\u00f6rdelar. N\u00e4r fettet i imkanalen minskar, \u00f6kar brands\u00e4kerheten.\u00a0Med \u00f6kad brands\u00e4kerhet kan billigare material \u00e4n rostfritt st\u00e5l anv\u00e4ndas i kanalerna. Lukten reduceras avsev\u00e4rt i den luft som sl\u00e4pps ut i omgivningen. N\u00e4r fettet i imkanalerna minskar kan v\u00e4rmen i k\u00f6ksfr\u00e5nluften \u00e5tervinnas. Kostnaderna f\u00f6r uppv\u00e4rmning av lokalerna s\u00e4nks med upp till 80 % om energin tas tillvara.<\/p>\n<p>RENA Stork\u00f6ksl\u00f6sningar har mycket l\u00e5ga driftkostnader och l\u00e5gt underh\u00e5llsbehov. R\u00e5varan luft \u00e4r gratis. Inga kemikalier\/bakterier beh\u00f6ver k\u00f6pas in, transporteras eller hanteras.\u00a0Du slipper delar inne i ventilationssystemet eller luftstr\u00f6mmen, mekanisk reng\u00f6ring, p\u00e5fyllningar, avfall och restprodukter.<\/p>\n<p>Ozonrening \u00e4r en effektiv och p\u00e5litlig metod att rena luft i imkanaler i stork\u00f6k och restauranger. Det har tusentals fastighets\u00e4gare, kommuner, stork\u00f6k och restauranger v\u00e4rlden \u00f6ver uppt\u00e4ckt.<\/p>\n        <\/div>\n    <\/div>\n<\/div>\n\n\n\n<div class=\"container-fluid editor_content content content--narrow\">\n    <div class=\"row\">\n        <div class=\"col-12 editor_content\">\n            <h3>Tekniska specifikationer<\/h3>\n<p>V\u00e5ra RENA-l\u00f6sningar matas med torrt, rent syre och \u00e4r v\u00e4tskekylda. Det \u00e4r en mycket effektiv och p\u00e5litlig teknik f\u00f6r att producera ozon. Dag efter dag, \u00e5r efter \u00e5r \u00e4r reningskapaciteten konstant. Ozonproduktionen \u00e4r dessutom stegl\u00f6st inst\u00e4llbar och kan enkelt \u00e4ndras vid behov.<\/p>\n<p>Ett enda RENA-system klarar att producera tillr\u00e4ckligt med ozon f\u00f6r flera k\u00e5por, stora luftfl\u00f6den och h\u00f6g fettbelastning.<\/p>\n<p>RENA finns i sju modeller f\u00f6r olika luftfl\u00f6den. Alla komponenter som ing\u00e5r i ozonmodulen \u00e4r fast monterade p\u00e5 en pl\u00e5t i rostfritt st\u00e5l.<\/p>\n        <\/div>\n    <\/div>\n<\/div>\n\n<div class=\"container-fluid editor_content\">\n    <div class=\"row\">\n        <div class=\"col-12 editor_content table-wrapper \" style=\"--table-text-color-header: #FFFFFF; --table-text-color-rows: #000000; --table-background-color-header: #5f5f5f; --table-background-color-rows-even: #efefef; --table-background-color-rows-odd: #dfdfdf; \">\n                            \n<table id=\"tablepress-97\" class=\"tablepress tablepress-id-97 tbody-has-connected-cells\" aria-describedby=\"tablepress-97-description\">\n<thead>\n<tr class=\"row-1\">\n\t<th colspan=\"2\" class=\"column-1\"><strong>Ozonproduktion<\/strong><\/th>\n<\/tr>\n<\/thead>\n<tbody class=\"row-striping\">\n<tr class=\"row-2\">\n\t<td class=\"column-1\">F\u00f6rgrening<\/td><td class=\"column-2\">Ozonm\u00e4ngden kan f\u00f6rgrenas till flera k\u00e5por och k\u00f6k<\/td>\n<\/tr>\n<tr class=\"row-3\">\n\t<td colspan=\"2\" class=\"column-1\"><strong>Kylteknik<\/strong><\/td>\n<\/tr>\n<tr class=\"row-4\">\n\t<td class=\"column-1\">V\u00e4tskekyld<\/td><td class=\"column-2\">Tappvatten\/slutet kylsystem\/fastighetskyla<\/td>\n<\/tr>\n<tr class=\"row-5\">\n\t<td colspan=\"2\" class=\"column-1\"><strong>Ozonsystem<\/strong><\/td>\n<\/tr>\n<tr class=\"row-6\">\n\t<td class=\"column-1\">Storlek liggande (B x H x D)<\/td><td class=\"column-2\">970 x 750 x 265 mm<\/td>\n<\/tr>\n<tr class=\"row-7\">\n\t<td class=\"column-1\">Storlek st\u00e5ende (B x H x D)<\/td><td class=\"column-2\">695 x 1100 x 265 mm<\/td>\n<\/tr>\n<tr class=\"row-8\">\n\t<td class=\"column-1\">Ljudniv\u00e5<\/td><td class=\"column-2\"><50 dBA (f\u00f6r en godk\u00e4nd arbetsmilj\u00f6 med avseende p\u00e5 buller enligt Tabell 5, Grupp III, i AFS 2005:16)<\/td>\n<\/tr>\n<\/tbody>\n<\/table>\n<span id=\"tablepress-97-description\" class=\"tablepress-table-description tablepress-table-description-id-97\"><\/span>\n<!-- #tablepress-97 from cache -->                                <\/div>\n    <\/div>\n<\/div>\n\n\n<div class=\"container-fluid editor_content content content--narrow\">\n    <div class=\"row\">\n        <div class=\"col-12 editor_content\">\n            <p><em>L\u00e4s g\u00e4rna mer i v\u00e5r\u00a0<strong><a href=\"https:\/\/ozonetech.com\/wp-content\/uploads\/2020\/12\/Brochure-RENA-Kitchen-Solutions-overview-v1.2-EN-web.pdf\" target=\"_blank\" rel=\"noopener\">broschyr<\/a><\/strong>\u00a0f\u00f6r mer teknisk information och om vilken modell som passar er verksamhet b\u00e4st.<\/em><\/p>\n        <\/div>\n    <\/div>\n<\/div>\n\n\n\n<div class=\"container-fluid editor_content content content--narrower\">\n    <div class=\"row\">\n        <div class=\"col-12 editor_content\">\n            <p><a id=\"form\"><\/a><\/p>\n<h2>Beg\u00e4r en offert<\/h2>\n        <\/div>\n    <\/div>\n<\/div>\n\n\n\n<div class=\"container-fluid editor_content content content--narrow\">\n    <div class=\"row\">\n        <div class=\"col-12 editor_content\">\n            <p><!-- SharpSpring Form for RENA Kitchen Solutions Quotation SV  --><br \/>\n<script type=\"text\/javascript\">\n    var ss_form = {'account': 'MzawMDE3MzI2BwA', 'formID': 'S0o2MUk1TDPWTU00SNU1STax1LVMMU3WNbVIS7Y0TDOysEixAAA'};\n    ss_form.width = '100%';\n    ss_form.domain = 'app-3QNJA1Z2XY.marketingautomation.services';\n    ss_form.hidden = {'field_400000003544067': 'Ozonetech.com'};\n    \/\/ ss_form.target_id = 'target'; \/\/ Optional parameter: forms will be placed inside the element with the specified id\n    \/\/ ss_form.polling = true; \/\/ Optional parameter: set to true ONLY if your page loads dynamically and the id needs to be polled continually.\n<\/script><br \/>\n<script type=\"text\/javascript\" src=\"https:\/\/koi-3QNJA1Z2XY.marketingautomation.services\/client\/form.js?ver=2.0.1\"><\/script><\/p>\n        <\/div>\n    <\/div>\n<\/div>\n\n<\/section>\n","protected":false},"excerpt":{"rendered":"","protected":false},"author":21,"featured_media":0,"parent":14836,"menu_order":0,"comment_status":"closed","ping_status":"closed","template":"","meta":{"_acf_changed":false,"_seopress_robots_primary_cat":"","_seopress_titles_title":"","_seopress_titles_desc":"RENA \u00e4r v\u00e5r mest kraftfulla systeml\u00f6sning. S\u00e4kerheten \u00e4r h\u00f6g och systemet kan fj\u00e4rr\u00f6vervakas och ge larm direkt till v\u00e5rt servicecenter.","_seopress_robots_index":"","inline_featured_image":false,"footnotes":""},"class_list":["post-11580","page","type-page","status-publish","hentry"],"acf":[],"_links":{"self":[{"href":"https:\/\/ozonetech.com\/sv\/wp-json\/wp\/v2\/pages\/11580","targetHints":{"allow":["GET"]}}],"collection":[{"href":"https:\/\/ozonetech.com\/sv\/wp-json\/wp\/v2\/pages"}],"about":[{"href":"https:\/\/ozonetech.com\/sv\/wp-json\/wp\/v2\/types\/page"}],"author":[{"embeddable":true,"href":"https:\/\/ozonetech.com\/sv\/wp-json\/wp\/v2\/users\/21"}],"replies":[{"embeddable":true,"href":"https:\/\/ozonetech.com\/sv\/wp-json\/wp\/v2\/comments?post=11580"}],"version-history":[{"count":62,"href":"https:\/\/ozonetech.com\/sv\/wp-json\/wp\/v2\/pages\/11580\/revisions"}],"predecessor-version":[{"id":42028,"href":"https:\/\/ozonetech.com\/sv\/wp-json\/wp\/v2\/pages\/11580\/revisions\/42028"}],"up":[{"embeddable":true,"href":"https:\/\/ozonetech.com\/sv\/wp-json\/wp\/v2\/pages\/14836"}],"wp:attachment":[{"href":"https:\/\/ozonetech.com\/sv\/wp-json\/wp\/v2\/media?parent=11580"}],"curies":[{"name":"wp","href":"https:\/\/api.w.org\/{rel}","templated":true}]}}