{"id":11565,"date":"2020-06-23T13:09:54","date_gmt":"2020-06-23T13:09:54","guid":{"rendered":"https:\/\/ozonetech.com\/solutions-systems-for-kitchen-exhaust\/"},"modified":"2021-01-19T11:38:02","modified_gmt":"2021-01-19T10:38:02","slug":"losningar-system-for-storkok","status":"publish","type":"page","link":"https:\/\/ozonetech.com\/sv\/losningar-system\/storkok\/losningar-system-for-storkok\/","title":{"rendered":"L\u00f6sningar &amp; system f\u00f6r stork\u00f6k"},"content":{"rendered":"\n<section\n    class=\"block hero hero--regular\"\n    style=\"background-image: url(''); --hero-opacity: 0\"\n>\n\n    <div class=\"container-fluid\">\n\n        <div class=\"content editor_content\">\n                         \n                <h1 class='h1'>L\u00f6sningar &#038; system f\u00f6r stork\u00f6k<\/h1>            \n                    <\/div>\n\n            <\/div>\n<\/section>\n\n\n\n<section\n    id=\"\"\n    class=\"block content-block\"\n\tstyle=\"--cb-bg: white; --cb-content: #000; padding-top: 30px; padding-bottom: 30px;\"\n>\n    \n\n<div class=\"container-fluid editor_content content content--full\">\n    <div class=\"row\">\n        <div class=\"col-12 editor_content\">\n            <p>Restauranger och stork\u00f6k utrustade med frit\u00f6s, grill, wok eller stekbord st\u00e4ller extra h\u00f6ga krav p\u00e5 ett v\u00e4l fungerande luftreningssystem.<\/p>\n<p>K\u00f6ket ska vara b\u00e5de\u00a0<a href=\"https:\/\/www.ozone-academy.com\/infobank\/storkoksventilation\/#brand\"><strong>brands\u00e4kert<\/strong><\/a>\u00a0och effektivt ur renings- och\u00a0<strong>kostnadsperspektiv.<\/strong><\/p>\n        <\/div>\n    <\/div>\n<\/div>\n\n<\/section>\n\n\n\n<section\n    id=\"\"\n    class=\"block content-block\"\n\tstyle=\"--cb-bg: light-gray; --cb-content: #000; padding-top: 30px; padding-bottom: 30px;\"\n>\n    \n<div class=\"container-fluid editor_content content\">\n    <div class=\"row\">\n        <div class=\"col-12 editor_content\">\n            <p>F\u00f6r att eliminera fett och matos i fr\u00e5nluften kr\u00e4vs mycket h\u00f6g reningskraft. V\u00e5r erfarenhet visar att <a href=\"https:\/\/ozonetech.com\/sv\/losningar-system\/storkok\/rena-storkokslosningar\/\"><strong>RENA Kitchen Solutions<\/strong><\/a>, v\u00e5ra h\u00f6gpresterande ozonsystem \u00e4r r\u00e4tt l\u00f6sning f\u00f6r att klara uppgiften. Tidigare har dessa produkter enbart varit tillg\u00e4ngliga f\u00f6r industrin men nu kan vi erbjuda dess unika f\u00f6rdelar \u00e4ven till restauranger och kommersiella stork\u00f6k.<\/p>\n        <\/div>\n    <\/div>\n    <div class=\"row\">\n        <div class=\"col-12\">\n                    <\/div>\n    <\/div>\n<\/div><\/section>\n\n\n\n<section\n    id=\"\"\n    class=\"block content-block\"\n\tstyle=\"--cb-bg: white; --cb-content: #000; padding-top: 30px; padding-bottom: 30px;\"\n>\n    \n\n<div class=\"container-fluid editor_content content content--full\">\n    <div class=\"row\">\n        <div class=\"col-12 editor_content\">\n            <p>I de fall med extra h\u00f6ga krav d\u00e5 lukterna direkt begr\u00e4nsar projektering eller tillst\u00e5nd f\u00f6r att driva en verksamheten kan v\u00e5r <a href=\"https:\/\/ozonetech.com\/sv\/losningar-system\/storkok\/rena-storkokslosningar\/\"><strong>RENA-teknologi<\/strong><\/a> kompletteras av v\u00e5r effektiva luktreduktionsmodul <a href=\"https:\/\/mellifiq.ozonetech.com\/sv\/brands\/nodora\/\"><strong>Nodora<\/strong><\/a>.<\/p>\n<p>F\u00f6r kommersiella fastigheter och stork\u00f6k finns lukter som lurar i andra utrymmen ut\u00f6ver k\u00f6ken. V\u00e5ra ozongeneratorer i <a href=\"https:\/\/ozonetech.com\/sv\/produkter\/ozongeneratorer\/act-serien\/\"><strong>ACT-serien<\/strong><\/a> l\u00e4mpas utm\u00e4rkt f\u00f6r att behandla lukter i b\u00e5de <a href=\"https:\/\/ozonetech.com\/sv\/applikationer\/lukt-och-sanering\/soprum-luktproblem\/\"><strong>soprum<\/strong><\/a> och <strong>fettavskiljare<\/strong>.<\/p>\n        <\/div>\n    <\/div>\n<\/div>\n\n<\/section>\n\n\n\n<section\n    id=\"\"\n    class=\"block content-block\"\n\tstyle=\"--cb-bg: white; --cb-content: #000; padding-top: 30px; padding-bottom: 30px;\"\n>\n    <div class=\"container-fluid content\">\n        <div class=\"row three-cols\">\n                    <div class=\"col-md-4\">\n                                <p><a href=\"https:\/\/mellifiq.ozonetech.com\/sv\/brands\/nodora\/\"><strong>Nodora luktrening<\/strong><\/a><\/p>\n            <\/div>\n                    <div class=\"col-md-4\">\n                                <p><strong><a href=\"https:\/\/ozonetech.com\/sv\/applikationer\/lukt-och-sanering\/soprum-luktproblem\/\">Soprum<\/a><\/strong><\/p>\n            <\/div>\n                    <div class=\"col-md-4\">\n                                <p><a href=\"https:\/\/ozonetech.com\/sv\/node\/513\">\u00a0<\/a><strong>Fettavskiljare<\/strong><\/p>\n            <\/div>\n            <\/div>\n<\/div>\n<\/section>\n\n\n\n\n","protected":false},"excerpt":{"rendered":"","protected":false},"author":21,"featured_media":0,"parent":14836,"menu_order":0,"comment_status":"closed","ping_status":"closed","template":"","meta":{"_acf_changed":false,"_seopress_robots_primary_cat":"","_seopress_titles_title":"","_seopress_titles_desc":"F\u00f6r att eliminera fett och matos i fr\u00e5nluften \u00e4r Ozontech RENA Kitchen Solutions den r\u00e4tta l\u00f6sningar f\u00f6r att klara uppgiften.","_seopress_robots_index":"","inline_featured_image":false,"footnotes":""},"class_list":["post-11565","page","type-page","status-publish","hentry"],"acf":[],"_links":{"self":[{"href":"https:\/\/ozonetech.com\/sv\/wp-json\/wp\/v2\/pages\/11565","targetHints":{"allow":["GET"]}}],"collection":[{"href":"https:\/\/ozonetech.com\/sv\/wp-json\/wp\/v2\/pages"}],"about":[{"href":"https:\/\/ozonetech.com\/sv\/wp-json\/wp\/v2\/types\/page"}],"author":[{"embeddable":true,"href":"https:\/\/ozonetech.com\/sv\/wp-json\/wp\/v2\/users\/21"}],"replies":[{"embeddable":true,"href":"https:\/\/ozonetech.com\/sv\/wp-json\/wp\/v2\/comments?post=11565"}],"version-history":[{"count":10,"href":"https:\/\/ozonetech.com\/sv\/wp-json\/wp\/v2\/pages\/11565\/revisions"}],"predecessor-version":[{"id":16513,"href":"https:\/\/ozonetech.com\/sv\/wp-json\/wp\/v2\/pages\/11565\/revisions\/16513"}],"up":[{"embeddable":true,"href":"https:\/\/ozonetech.com\/sv\/wp-json\/wp\/v2\/pages\/14836"}],"wp:attachment":[{"href":"https:\/\/ozonetech.com\/sv\/wp-json\/wp\/v2\/media?parent=11565"}],"curies":[{"name":"wp","href":"https:\/\/api.w.org\/{rel}","templated":true}]}}