{"id":11555,"date":"2020-06-22T14:59:07","date_gmt":"2020-06-22T14:59:07","guid":{"rendered":"https:\/\/ozonetech.com\/solutions-systems-water-treatment-rena-vivo-systems\/"},"modified":"2024-10-10T11:27:27","modified_gmt":"2024-10-10T09:27:27","slug":"rena-vivo","status":"publish","type":"page","link":"https:\/\/ozonetech.com\/sv\/losningar-system\/vattenrening\/rena-vivo\/","title":{"rendered":"RENA Vivo Ozonsystem"},"content":{"rendered":"\n<section\n    class=\"block hero hero--regular\"\n    style=\"background-image: url('https:\/\/ozonetech.com\/wp-content\/uploads\/2021\/03\/rena-vivo-1600x484.jpg'); --hero-opacity: 0.3\"\n>\n\n    <div class=\"container-fluid\">\n\n        <div class=\"content editor_content\">\n                         \n                <h2 class='h2'>Ozonsystem\u00a0RENA Vivo<\/h2>            \n                    <\/div>\n\n            <\/div>\n<\/section>\n\n\n<section class=\"component component_breadcrumbs\">\n\t<div class=\"container-fluid\">\n  \t<\/div>\n<\/section>\n\n\n<section\n    id=\"\"\n    class=\"block content-block\"\n\tstyle=\"--cb-bg: white; --cb-content: #000; padding-top: 30px; padding-bottom: 30px;\"\n>\n    \n\n<div class=\"container-fluid editor_content content content--narrow\">\n    <div class=\"row\">\n        <div class=\"col-12 editor_content\">\n            <h1>Ozonetech RENA Vivo \u2013 Det h\u00e5llbara s\u00e4ttet att reducera b\u00e5de CIP-processen och kostnaderna<\/h1>\n<p class=\"preamble\">Ozonetechs RENA Vivo-segment \u00e4r en serie nyckelf\u00e4rdiga CIP-system f\u00f6r livsmedelproduktion, bryggerier, fiskodling, mejerier samt l\u00e4kemedels- och offshoreindustrin. RENA Vivo \u00e4r ett ozonsystem f\u00f6r desinfektion av processutrustning, kvalitetss\u00e4kring av processvatten och avloppsvattenrening.<\/p>\n<p>Systemet har ett kontrollsystem med intuitivt HMI med touch-panel, automatisk reglering av ozonproduktion och integrerade syrgasgeneratorer. RENA Vivo-segmentet anv\u00e4nder alltid syrgasmatade ozongeneratorer med h\u00f6g ozonkoncentration f\u00f6r att maximera prestanda och verkningsgrad.<\/p>\n        <\/div>\n    <\/div>\n<\/div>\n\n\n<div class=\"container-fluid content content--narrow\">\n    <div class=\"row\">\n        <div class=\"col-md-6 order-1 editor_content \">\n            <p>Vivo-segmentet erbjuder f\u00f6ljande operativa f\u00f6rdelar f\u00f6r v\u00e5ra kunder:<\/p>\n<ul>\n<li>Reducera CIP-cykeltid med 20-30 minuter tack vare kortare desinfektionstider och att ingen slutsk\u00f6ljning beh\u00f6vs<\/li>\n<li>Eliminera desinfektionsmedel vid sanering och desinfektion<\/li>\n<li>Minska energif\u00f6rbrukning vid hetvattendesinfektion<\/li>\n<li>Ingen kemikaliehantering<\/li>\n<li>S\u00e4kerst\u00e4ll bakterie- och mikrobfritt vatten<\/li>\n<li>Behandla processavloppsvatten p\u00e5 plats<\/li>\n<li>Kemikaliefritt process- och matarvatten f\u00f6r kvalitetss\u00e4kring av slutprodukt<\/li>\n<\/ul>\n        <\/div>\n        <div class=\"col-md-6 order-2 editor_content d-flex justify-content-center\">\n                                            <figure class=\"side-image wp-caption\">\n                    <img loading=\"lazy\" decoding=\"async\" width=\"400\" height=\"388\" src=\"https:\/\/ozonetech.com\/wp-content\/uploads\/2021\/01\/ozonetech_rena_vivo_b_series_ozone_system.png\" class=\"attachment-full size-full\" alt=\"\" srcset=\"https:\/\/ozonetech.com\/wp-content\/uploads\/2021\/01\/ozonetech_rena_vivo_b_series_ozone_system.png 400w, https:\/\/ozonetech.com\/wp-content\/uploads\/2021\/01\/ozonetech_rena_vivo_b_series_ozone_system-300x291.png 300w\" sizes=\"auto, (max-width: 400px) 100vw, 400px\" \/>                                            <p class=\"wp-caption-text\">\n                            V\u00e4nster: RENA Vivo B-serien fram. H\u00f6ger: RENA Vivo B-serien bak.                        <\/p>\n                                    <\/figure>\n                    <\/div>\n    <\/div>\n<\/div>\n\n\n<div class=\"container-fluid editor_content content content--narrow\">\n    <div class=\"row\">\n        <div class=\"col-12 editor_content\">\n            <h3>RENA Vivo System<\/h3>\n        <\/div>\n    <\/div>\n<\/div>\n\n\n<div class=\"container-fluid editor_content content content--narrow\">\n    <div class=\"row\">\n        <div class=\"col-md-6\">\n            <h4>RENA Vivo A-serien<\/h4>\n<p>A-serien \u00e4r ett h\u00f6gprestanda, skr\u00e4ddarsytt ozon-CIP-system f\u00f6r mindre bryggerier, mejerier, livsmedelsanl\u00e4ggningar och avloppsvattenstr\u00f6mmar i flera olika industrier och CIP av processutrustning. Det producerar ozonerat vatten med h\u00f6g verkningsgrad i en kompakt utformning om enbart 120x80x180 cm. Elf\u00f6rbrukningen \u00e4r max 900 W.<\/p>\n<h4>RENA Vivo B-serien<\/h4>\n<p>B-serien \u00e4r Ozonetechs skr\u00e4ddarsydda system l\u00e4mpat f\u00f6r st\u00f6rre produktionsanl\u00e4ggningar som bryggerier, stora mejerier och l\u00e4kemedelsindustrin, b\u00e5de f\u00f6r CIP och rening\/behandling av processavloppsvatten. B-serien \u00e4r kompakt med dimensioner p\u00e5 120x80x270 cm.<\/p>\n        <\/div>\n        <div class=\"col-md-6\">\n            <h4>RENA Vivo C-serien<\/h4>\n<p>C-serien \u00e4r v\u00e5rt h\u00f6gkapacitetssystem f\u00f6r behandling av komplexa utmaningar som rening och hantering av processavloppsvatten. Det \u00e4r en perfekt l\u00f6sning f\u00f6r stora str\u00f6mmar med vatten f\u00f6r kvalitetss\u00e4kring och desinfektion eller destruktion av sv\u00e5rnedbrytbara substanser som l\u00e4kemedelsrester. Systemet levereras med en integrerad eller extern syrgasenhet beroende p\u00e5 kapacitetsbehov.<\/p>\n<p>Ladda ner v\u00e5r broschyr om <strong><a href=\"https:\/\/ozonetech.com\/wp-content\/uploads\/2022\/12\/Brochure-Rena-Water-Treatment-Solutions-v1.5-EN.pdf\" target=\"_blank\" rel=\"noopener\">v\u00e5ra RENA Vattensystem h\u00e4r<\/a><\/strong>.<\/p>\n        <\/div>\n    <\/div>\n<\/div><\/section>\n\n\n\n<section\n    id=\"\"\n    class=\"block content-block\"\n\tstyle=\"--cb-bg: #fff; --cb-content: #000; \"\n>\n    \n\n<div class=\"container-fluid editor_content content content--narrow\">\n    <div class=\"row\">\n        <div class=\"col-12 editor_content\">\n            <h4>Unik design i ett nyckelf\u00e4rdigt system<\/h4>\n<p>V\u00e5rt RENA Vivo-segment har utformats med ett tydligt m\u00e5l: att producera ozonerat vatten f\u00f6r en m\u00e4ngd olika till\u00e4mpningar i ett nyckelf\u00e4rdigt system. Tabellen nedan visar funktioner som har integererats i systemet.<\/p>\n        <\/div>\n    <\/div>\n<\/div>\n\n<div class=\"container-fluid editor_content\">\n    <div class=\"row\">\n        <div class=\"col-12 editor_content table-wrapper \" style=\"--table-text-color-header: #FFFFFF; --table-text-color-rows: #000000; --table-background-color-header: #5f5f5f; --table-background-color-rows-even: #efefef; --table-background-color-rows-odd: #dfdfdf; \">\n                            \n<table id=\"tablepress-95\" class=\"tablepress tablepress-id-95\" aria-describedby=\"tablepress-95-description\">\n<thead>\n<tr class=\"row-1\">\n\t<th class=\"column-1\">Funktion<\/th><th class=\"column-2\">A-serien<\/th><th class=\"column-3\">B-serien<\/th><th class=\"column-4\">C-serien<\/th>\n<\/tr>\n<\/thead>\n<tbody class=\"row-striping\">\n<tr class=\"row-2\">\n\t<td class=\"column-1\">H\u00f6gprestanda vattenkyld och syrgasmatad ozongenerator med HELS\u2122-teknologi<\/td><td class=\"column-2\">Alltid<\/td><td class=\"column-3\">Alltid<\/td><td class=\"column-4\">Alltid<\/td>\n<\/tr>\n<tr class=\"row-3\">\n\t<td class=\"column-1\">Integrerad syrgasgenerator<\/td><td class=\"column-2\">Typisk (\u00e4ven f\u00f6rberedd f\u00f6r syrgasflaska)<\/td><td class=\"column-3\">Ja<\/td><td class=\"column-4\">Externt syrgassystem inkluderat<\/td>\n<\/tr>\n<tr class=\"row-4\">\n\t<td class=\"column-1\">Integrerad avluftning<\/td><td class=\"column-2\">Alltid<\/td><td class=\"column-3\">Alltid<\/td><td class=\"column-4\">Alltid<\/td>\n<\/tr>\n<tr class=\"row-5\">\n\t<td class=\"column-1\">Ozondestruktor<\/td><td class=\"column-2\">Ja<\/td><td class=\"column-3\">Ja<\/td><td class=\"column-4\">Ja<\/td>\n<\/tr>\n<tr class=\"row-6\">\n\t<td class=\"column-1\">Ozondetektor omgivande luft\t<\/td><td class=\"column-2\">Ja<\/td><td class=\"column-3\">Ja<\/td><td class=\"column-4\">Ja<\/td>\n<\/tr>\n<tr class=\"row-7\">\n\t<td class=\"column-1\">Integrerad kontakt-\/reaktionstank<\/td><td class=\"column-2\">50 L<\/td><td class=\"column-3\">150 L<\/td><td class=\"column-4\">300 eller 500 L<\/td>\n<\/tr>\n<tr class=\"row-8\">\n\t<td class=\"column-1\">Avancerat styrsystem med touchpanel<\/td><td class=\"column-2\">Ja, 7&#8243; touch panel<\/td><td class=\"column-3\">Ja, 9&#8243; touch-panel<\/td><td class=\"column-4\">Ja, 9&#8243; touch-panel<\/td>\n<\/tr>\n<tr class=\"row-9\">\n\t<td class=\"column-1\">Automatisk ORP-ozon-reglering<\/td><td class=\"column-2\">Ja<\/td><td class=\"column-3\">Ja<\/td><td class=\"column-4\">Ja<\/td>\n<\/tr>\n<tr class=\"row-10\">\n\t<td class=\"column-1\">1 ppm fl\u00f6deskapacitet<\/td><td class=\"column-2\">4-35 m<sup>3<\/sup>\/hr<\/td><td class=\"column-3\">18-110 m<sup>3<\/sup>\/hr<\/td><td class=\"column-4\">35-210 m<sup>3<\/sup>\/hr<\/td>\n<\/tr>\n<tr class=\"row-11\">\n\t<td class=\"column-1\">Anslutningar processvatten (standard)<\/td><td class=\"column-2\">DN25 fl\u00e4ns<\/td><td class=\"column-3\">DN50 fl\u00e4ns<\/td><td class=\"column-4\">DN50\/65 fl\u00e4ns<\/td>\n<\/tr>\n<tr class=\"row-12\">\n\t<td class=\"column-1\">Dimensioner (mm, HxLxW)<\/td><td class=\"column-2\">1800x1200x800<\/td><td class=\"column-3\">2128x1200x800<\/td><td class=\"column-4\">2092x1600x1200<\/td>\n<\/tr>\n<\/tbody>\n<\/table>\n<span id=\"tablepress-95-description\" class=\"tablepress-table-description tablepress-table-description-id-95\"><\/span>\n<!-- #tablepress-95 from cache -->                                <\/div>\n    <\/div>\n<\/div>\n\n\n<div class=\"container-fluid editor_content content content--narrow\">\n    <div class=\"row\">\n        <div class=\"col-12 editor_content\">\n            <h4>Dimensioneringsguide<\/h4>\n<p><em>Indikation av systemval av RENA Vivo f\u00f6r desinfektion av processutrustning eller behandling och kvalitetss\u00e4kring av processvatten. Rekommendationer baserat p\u00e5 3-log-reduktion inom 10 min i dricksvatten.<\/em><\/p>\n        <\/div>\n    <\/div>\n<\/div>\n\n<div class=\"container-fluid editor_content\">\n    <div class=\"row\">\n        <div class=\"col-12 editor_content table-wrapper \" style=\"--table-text-color-header: #FFFFFF; --table-text-color-rows: #000000; --table-background-color-header: #5f5f5f; --table-background-color-rows-even: #efefef; --table-background-color-rows-odd: #dfdfdf; \">\n                            \n<table id=\"tablepress-96\" class=\"tablepress tablepress-id-96\" aria-describedby=\"tablepress-96-description\">\n<thead>\n<tr class=\"row-1\">\n\t<th colspan=\"3\" class=\"column-1\">Volym (m<sup>3<\/sup>)<\/th><th colspan=\"3\" class=\"column-4\">Fl\u00f6de  (m<SUP>3<\/SUP>\/hr)<\/th>\n<\/tr>\n<\/thead>\n<tbody class=\"row-striping\">\n<tr class=\"row-2\">\n\t<td class=\"column-1\"><\/td><td class=\"column-2\">10<\/td><td class=\"column-3\">15<\/td><td class=\"column-4\">20<\/td><td class=\"column-5\">30<\/td><td class=\"column-6\">50<\/td>\n<\/tr>\n<tr class=\"row-3\">\n\t<td class=\"column-1\">0.2<\/td><td class=\"column-2\">A<\/td><td class=\"column-3\">A<\/td><td class=\"column-4\">B<\/td><td class=\"column-5\">B<\/td><td class=\"column-6\">B<\/td>\n<\/tr>\n<tr class=\"row-4\">\n\t<td class=\"column-1\">0.5<\/td><td class=\"column-2\">A<\/td><td class=\"column-3\">A<\/td><td class=\"column-4\">B<\/td><td class=\"column-5\">B<\/td><td class=\"column-6\">B<\/td>\n<\/tr>\n<tr class=\"row-5\">\n\t<td class=\"column-1\">1<\/td><td class=\"column-2\">A<\/td><td class=\"column-3\">A<\/td><td class=\"column-4\">B<\/td><td class=\"column-5\">B<\/td><td class=\"column-6\">B<\/td>\n<\/tr>\n<tr class=\"row-6\">\n\t<td class=\"column-1\">5<\/td><td class=\"column-2\">B<\/td><td class=\"column-3\">B<\/td><td class=\"column-4\">B<\/td><td class=\"column-5\">B<\/td><td class=\"column-6\">C<\/td>\n<\/tr>\n<tr class=\"row-7\">\n\t<td class=\"column-1\">10<\/td><td class=\"column-2\">C<\/td><td class=\"column-3\">C<\/td><td class=\"column-4\">C<\/td><td class=\"column-5\">C<\/td><td class=\"column-6\">C<\/td>\n<\/tr>\n<tr class=\"row-8\">\n\t<td class=\"column-1\">15<\/td><td class=\"column-2\">C<\/td><td class=\"column-3\">C<\/td><td class=\"column-4\">C<\/td><td class=\"column-5\">C<\/td><td class=\"column-6\">C<\/td>\n<\/tr>\n<\/tbody>\n<\/table>\n<span id=\"tablepress-96-description\" class=\"tablepress-table-description tablepress-table-description-id-96\"><\/span>\n<!-- #tablepress-96 from cache -->                                <\/div>\n    <\/div>\n<\/div>\n<\/section>\n","protected":false},"excerpt":{"rendered":"","protected":false},"author":21,"featured_media":0,"parent":14823,"menu_order":0,"comment_status":"closed","ping_status":"closed","template":"","meta":{"_acf_changed":false,"_seopress_robots_primary_cat":"","_seopress_titles_title":"","_seopress_titles_desc":"V\u00e5rt RENA Vivo-segment har ett tydligt m\u00e5l: att producera ozonerat vatten f\u00f6r en m\u00e4ngd olika till\u00e4mpningar i ett nyckelf\u00e4rdigt system.","_seopress_robots_index":"","inline_featured_image":false,"footnotes":""},"class_list":["post-11555","page","type-page","status-publish","hentry"],"acf":[],"_links":{"self":[{"href":"https:\/\/ozonetech.com\/sv\/wp-json\/wp\/v2\/pages\/11555","targetHints":{"allow":["GET"]}}],"collection":[{"href":"https:\/\/ozonetech.com\/sv\/wp-json\/wp\/v2\/pages"}],"about":[{"href":"https:\/\/ozonetech.com\/sv\/wp-json\/wp\/v2\/types\/page"}],"author":[{"embeddable":true,"href":"https:\/\/ozonetech.com\/sv\/wp-json\/wp\/v2\/users\/21"}],"replies":[{"embeddable":true,"href":"https:\/\/ozonetech.com\/sv\/wp-json\/wp\/v2\/comments?post=11555"}],"version-history":[{"count":45,"href":"https:\/\/ozonetech.com\/sv\/wp-json\/wp\/v2\/pages\/11555\/revisions"}],"predecessor-version":[{"id":40921,"href":"https:\/\/ozonetech.com\/sv\/wp-json\/wp\/v2\/pages\/11555\/revisions\/40921"}],"up":[{"embeddable":true,"href":"https:\/\/ozonetech.com\/sv\/wp-json\/wp\/v2\/pages\/14823"}],"wp:attachment":[{"href":"https:\/\/ozonetech.com\/sv\/wp-json\/wp\/v2\/media?parent=11555"}],"curies":[{"name":"wp","href":"https:\/\/api.w.org\/{rel}","templated":true}]}}