{"id":11528,"date":"2020-06-22T14:08:04","date_gmt":"2020-06-22T14:08:04","guid":{"rendered":"https:\/\/ozonetech.com\/solutions-systems-water-treatment\/"},"modified":"2024-10-10T11:20:43","modified_gmt":"2024-10-10T09:20:43","slug":"rena-tellus","status":"publish","type":"page","link":"https:\/\/ozonetech.com\/sv\/losningar-system\/vattenrening\/rena-tellus\/","title":{"rendered":"RENA Tellus &#8211; skr\u00e4ddarsydda ozonsystem"},"content":{"rendered":"\n<section\n    class=\"block hero hero--regular\"\n    style=\"background-image: url('https:\/\/ozonetech.com\/wp-content\/uploads\/2021\/03\/rena-tellus-1-1600x484.jpg'); --hero-opacity: 0.3\"\n>\n\n    <div class=\"container-fluid\">\n\n        <div class=\"content editor_content\">\n                         \n                <h2 class='h2'>RENA Tellus &#8211; skr\u00e4ddarsydda ozonsystem<\/h2>            \n                    <\/div>\n\n            <\/div>\n<\/section>\n\n\n<section class=\"component component_breadcrumbs\">\n\t<div class=\"container-fluid\">\n  \t<\/div>\n<\/section>\n\n\n<section\n    id=\"\"\n    class=\"block content-block\"\n\tstyle=\"--cb-bg: white; --cb-content: #000; padding-top: 30px; padding-bottom: 30px;\"\n>\n    \n\n<div class=\"container-fluid editor_content content content--narrow\">\n    <div class=\"row\">\n        <div class=\"col-12 editor_content\">\n            <h1>RENA Tellus, ett nyckelf\u00e4rdigt, skr\u00e4ddarsytt ozonbehandlingssystem med stor kapacitet<\/h1>\n<h3>Rena Tellus<\/h3>\n<p class=\"preamble\">Ozonetech introducerar RENA Tellus-segmentet &#8211; skr\u00e4ddarsydda system f\u00f6r storskaliga industriella anl\u00e4ggningar. F\u00f6rutom v\u00e5ra ozon- och ozon-AOP-system RENA Vivo och Vitro, breddar vi v\u00e5rt erbjudande med anl\u00e4ggningar f\u00f6r ozonrening i st\u00f6rre skala.<\/p>\n<p>Tellus-segmentet \u00e4r anpassat f\u00f6r specifica reningsbehov och -krav fr\u00e5n v\u00e5r kunder. RENA Tellus-system \u00e4r typiskt sett utformade baserade p\u00e5 pilotprojekt, v\u00e5ra popul\u00e4ra konsulttj\u00e4nster d\u00e4r vi tillsammans med v\u00e5ra kunder hittar unika reningsmetoder f\u00f6r specifika processavloppsvatten. Ett exempel p\u00e5 ett skr\u00e4ddarsytt reningssystem visas i bilden nedan.<\/p>\n<p><img loading=\"lazy\" decoding=\"async\" class=\"size-large wp-image-22710\" src=\"https:\/\/ozonetech.com\/wp-content\/uploads\/2021\/03\/rena-tellus-ozonetech-1024x621.jpg\" alt=\"Ozonetech RENA Tellus Ozone System\" width=\"1024\" height=\"621\" srcset=\"https:\/\/ozonetech.com\/wp-content\/uploads\/2021\/03\/rena-tellus-ozonetech-1024x621.jpg 1024w, https:\/\/ozonetech.com\/wp-content\/uploads\/2021\/03\/rena-tellus-ozonetech-300x182.jpg 300w, https:\/\/ozonetech.com\/wp-content\/uploads\/2021\/03\/rena-tellus-ozonetech-768x465.jpg 768w, https:\/\/ozonetech.com\/wp-content\/uploads\/2021\/03\/rena-tellus-ozonetech.jpg 1500w\" sizes=\"auto, (max-width: 1024px) 100vw, 1024px\" \/><\/p>\n<p>Reningskapaciteten f\u00f6r ett RENA Tellus-system \u00e4r mycket brett. Typiska reningsfl\u00f6den \u00e4r 1-500 m<sup>3<\/sup>\/dag beroende p\u00e5 kontamineringsgraden s\u00e5som COD och BOD med koncentrationer mellan cirka 1000-2000 mg\/L. Vi designar \u00e4ven v\u00e5ra leveranser f\u00f6r rening av andra kritiska parametrar som turbiditet, TOC och mer specifika \u00e4mnen.<\/p>\n<p>V\u00e5ra system inkluderar alltid viktiga designparametrar f\u00f6r att uppn\u00e5 maximal prestanda och verkningsgrad. Detta omfattar syrgassystem, kompakta h\u00f6gprestanda, vattenkylda ozongeneratorer, ozoninjektor f\u00f6r h\u00f6g inl\u00f6sning och senaste styr- och reglerteknikl\u00f6sningarna f\u00f6r utf\u00f6rlig \u00f6vervakning och prestandaparametrar live. Vi levererar \u00e4ven speciellt utformade reaktions- och kontakttankar i enlighet med erforderlig reaktionstid och kinetik f\u00f6r det specifika avloppsvattnet. Alla system konstrueras f\u00f6r m\u00e4tning av inl\u00f6st ozonkoncentration, pH, temperatur och oxidationspotential.<\/p>\n        <\/div>\n    <\/div>\n<\/div>\n\n\n<div class=\"container-fluid editor_content content content--narrow\">\n    <div class=\"row\">\n        <div class=\"col-md-6\">\n            <h4>Rena Tellus X<\/h4>\n<p>X-serien i Tellus-segmentet karakt\u00e4riseras med att ozon alltid \u00e4r den prim\u00e4ra tekniken f\u00f6r reningsprocessen och st\u00e5r f\u00f6r all eller det mesta av reduktionen av m\u00e4tparametrarna.<\/p>\n        <\/div>\n        <div class=\"col-md-6\">\n            <h4>Rena Tellus Y<\/h4>\n<p>Y-serien konstrueras kring v\u00e5r katalytiska AOP (Avancerad OxidationsProcess). Ozon \u00e4r grundbulten i systemets utformning men utformat i industriell skala f\u00f6r mycket sv\u00e5rnedbrytbart material. Reningsmetoden \u00e4r densamma som f\u00f6r v\u00e5ra RENA Vitro-system.<\/p>\n        <\/div>\n    <\/div>\n<\/div><\/section>\n\n\n\n\n\n\n<section\n    id=\"\"\n    class=\"block content-block\"\n\tstyle=\"--cb-bg: white; --cb-content: #000; padding-top: 30px; padding-bottom: 30px;\"\n>\n    \n\n<div class=\"container-fluid editor_content content content--narrow\">\n    <div class=\"row\">\n        <div class=\"col-12 editor_content\">\n            <h3>\u00d6verblick av systemens egenskaper<\/h3>\n<p>Tabellen nedan ger en \u00f6verblick av kapacitet och egenskaper som m\u00f6jligg\u00f6r rening av processavloppsvatten i st\u00f6rre industriell skala.<\/p>\n<p style=\"text-align: left;\"><em>RENA Tellus X- och Y-seriens prim\u00e4ra egenskaper.<\/em><\/p>\n        <\/div>\n    <\/div>\n<\/div>\n\n<div class=\"container-fluid editor_content\">\n    <div class=\"row\">\n        <div class=\"col-12 editor_content table-wrapper \" style=\"--table-text-color-header: #FFFFFF; --table-text-color-rows: #000000; --table-background-color-header: #5f5f5f; --table-background-color-rows-even: #efefef; --table-background-color-rows-odd: #dfdfdf; \">\n                            \n<table id=\"tablepress-93\" class=\"tablepress tablepress-id-93\" aria-describedby=\"tablepress-93-description\">\n<thead>\n<tr class=\"row-1\">\n\t<th class=\"column-1\">Leverans<\/th><th class=\"column-2\">X-serien<\/th><th class=\"column-3\">Y-serien<\/th>\n<\/tr>\n<\/thead>\n<tbody class=\"row-striping\">\n<tr class=\"row-2\">\n\t<td class=\"column-1\">Prim\u00e4r reningsteknik<\/td><td class=\"column-2\">Ozon<\/td><td class=\"column-3\">Ozon-AOP (Advancerad Oxidationsprocess)<\/td>\n<\/tr>\n<tr class=\"row-3\">\n\t<td class=\"column-1\">Kontamineringsgrad (COD)<\/td><td class=\"column-2\">4000 mg\/L<\/td><td class=\"column-3\">8000 mg\/L<\/td>\n<\/tr>\n<tr class=\"row-4\">\n\t<td class=\"column-1\">Reaktionstank<\/td><td class=\"column-2\">3-40 m<sup>3<\/sup><\/td><td class=\"column-3\">3-20 m<sup>3<\/sup><\/td>\n<\/tr>\n<tr class=\"row-5\">\n\t<td class=\"column-1\">Katalytisk rening<\/td><td class=\"column-2\">Nej<\/td><td class=\"column-3\">Ja<\/td>\n<\/tr>\n<tr class=\"row-6\">\n\t<td class=\"column-1\">Syrgassystem<\/td><td class=\"column-2\">Alltid<\/td><td class=\"column-3\">Alltid<\/td>\n<\/tr>\n<tr class=\"row-7\">\n\t<td class=\"column-1\">Styr- och reglersystem med kontrollpanel<\/td><td class=\"column-2\">Alltid<\/td><td class=\"column-3\">Alltid<\/td>\n<\/tr>\n<tr class=\"row-8\">\n\t<td class=\"column-1\">F\u00f6r- och efterbehandling (typisk)<\/td><td class=\"column-2\">pH-justering, f\u00e4llning<\/td><td class=\"column-3\">UV, kolfilter, pH-justering, katalytisk reaktionsk\u00e4rl, utf\u00e4llning, skumbehandling<\/td>\n<\/tr>\n<tr class=\"row-9\">\n\t<td class=\"column-1\">Skumf\u00e4lla<\/td><td class=\"column-2\">Vid behov<\/td><td class=\"column-3\">Ja<\/td>\n<\/tr>\n<tr class=\"row-10\">\n\t<td class=\"column-1\">Uppkoppling till externt SCADA<\/td><td class=\"column-2\">Ja<\/td><td class=\"column-3\">Ja<\/td>\n<\/tr>\n<tr class=\"row-11\">\n\t<td class=\"column-1\">Ozoninjektionssystem<\/td><td class=\"column-2\">Alltid<\/td><td class=\"column-3\">Alltid<\/td>\n<\/tr>\n<tr class=\"row-12\">\n\t<td class=\"column-1\">Integrerat kylsystem<\/td><td class=\"column-2\">Ja<\/td><td class=\"column-3\">Ja<\/td>\n<\/tr>\n<tr class=\"row-13\">\n\t<td class=\"column-1\">Integrerad tryckluft<\/td><td class=\"column-2\">Vid behov<\/td><td class=\"column-3\">Vid behov<\/td>\n<\/tr>\n<tr class=\"row-14\">\n\t<td class=\"column-1\">H\u00f6gprestanda ozongeneratorer<\/td><td class=\"column-2\">Alltid<\/td><td class=\"column-3\">Alltid<\/td>\n<\/tr>\n<\/tbody>\n<\/table>\n<span id=\"tablepress-93-description\" class=\"tablepress-table-description tablepress-table-description-id-93\"><\/span>\n<!-- #tablepress-93 from cache -->                                <\/div>\n    <\/div>\n<\/div>\n<\/section>\n","protected":false},"excerpt":{"rendered":"","protected":false},"author":21,"featured_media":0,"parent":14823,"menu_order":0,"comment_status":"closed","ping_status":"closed","template":"","meta":{"_acf_changed":false,"_seopress_robots_primary_cat":"","_seopress_titles_title":"","_seopress_titles_desc":"Reningskapaciteten f\u00f6r ett RENA Tellus-system \u00e4r mycket brett. Typiska reningsfl\u00f6den \u00e4r 1-500 m3\/dag beroende p\u00e5 kontamineringsgraden.","_seopress_robots_index":"","inline_featured_image":false,"footnotes":""},"class_list":["post-11528","page","type-page","status-publish","hentry"],"acf":[],"_links":{"self":[{"href":"https:\/\/ozonetech.com\/sv\/wp-json\/wp\/v2\/pages\/11528","targetHints":{"allow":["GET"]}}],"collection":[{"href":"https:\/\/ozonetech.com\/sv\/wp-json\/wp\/v2\/pages"}],"about":[{"href":"https:\/\/ozonetech.com\/sv\/wp-json\/wp\/v2\/types\/page"}],"author":[{"embeddable":true,"href":"https:\/\/ozonetech.com\/sv\/wp-json\/wp\/v2\/users\/21"}],"replies":[{"embeddable":true,"href":"https:\/\/ozonetech.com\/sv\/wp-json\/wp\/v2\/comments?post=11528"}],"version-history":[{"count":25,"href":"https:\/\/ozonetech.com\/sv\/wp-json\/wp\/v2\/pages\/11528\/revisions"}],"predecessor-version":[{"id":40888,"href":"https:\/\/ozonetech.com\/sv\/wp-json\/wp\/v2\/pages\/11528\/revisions\/40888"}],"up":[{"embeddable":true,"href":"https:\/\/ozonetech.com\/sv\/wp-json\/wp\/v2\/pages\/14823"}],"wp:attachment":[{"href":"https:\/\/ozonetech.com\/sv\/wp-json\/wp\/v2\/media?parent=11528"}],"curies":[{"name":"wp","href":"https:\/\/api.w.org\/{rel}","templated":true}]}}