{"id":11515,"date":"2020-06-23T06:22:37","date_gmt":"2020-06-23T06:22:37","guid":{"rendered":"https:\/\/ozonetech.com\/solutions-systems-water-treatment-2\/"},"modified":"2024-10-10T11:18:07","modified_gmt":"2024-10-10T09:18:07","slug":"skraddarsydda-pilotprojekt-for-avloppsvattenrening","status":"publish","type":"page","link":"https:\/\/ozonetech.com\/sv\/losningar-system\/vattenrening\/skraddarsydda-pilotprojekt-for-avloppsvattenrening\/","title":{"rendered":"Skr\u00e4ddarsydda pilotprojekt f\u00f6r avloppsvattenrening"},"content":{"rendered":"\n<section\n    class=\"block hero hero--regular\"\n    style=\"background-image: url('https:\/\/ozonetech.com\/wp-content\/uploads\/2021\/03\/water-treatment-pilot-projects-1600x484.jpg'); --hero-opacity: 0.3\"\n>\n\n    <div class=\"container-fluid\">\n\n        <div class=\"content editor_content\">\n                         \n                <h2 class='h2'>Skr\u00e4ddarsydda pilotprojekt f\u00f6r avloppsvattenrening<\/h2>            \n                    <\/div>\n\n            <\/div>\n<\/section>\n\n\n<section class=\"component component_breadcrumbs\">\n\t<div class=\"container-fluid\">\n  \t<\/div>\n<\/section>\n\n\n<section\n    id=\"\"\n    class=\"block content-block\"\n\tstyle=\"--cb-bg: white; --cb-content: #000; padding-top: 30px; padding-bottom: 30px;\"\n>\n    \n\n<div class=\"container-fluid editor_content content content--narrow\">\n    <div class=\"row\">\n        <div class=\"col-12 editor_content\">\n            <h1>Effektiv vattenrening b\u00f6rjar med ett pilotprojekt<\/h1>\n<h3>Projektansvar &#8211; fr\u00e5n b\u00f6rjan till slut<\/h3>\n<p class=\"preamble\">Industriell avloppsvattenrening \u00e4r en komplex utmaning. Alla processavloppsstr\u00f6mmar \u00e4r unika och kr\u00e4ver s\u00e4rskilda l\u00f6sningar beroende p\u00e5 utsl\u00e4ppskrav och f\u00f6retagets riktlinjer. Ozonetech f\u00f6rst\u00e5r att all rening av processavloppsvatten kr\u00e4ver skr\u00e4ddarsydda l\u00f6sningar och behov. F\u00f6r leverera system f\u00f6r just ert avloppsvatten erbjuder vi pilotprojekt med projektledning och utf\u00f6rande med v\u00e5ra pilotsystem. Allt med hj\u00e4lp av v\u00e5r egna erfarenhet och kompetens.<\/p>\n        <\/div>\n    <\/div>\n<\/div>\n\n\n<div class=\"container-fluid editor_content content content--narrow\">\n    <div class=\"row\">\n        <div class=\"col-md-6\">\n            <h4>F\u00f6rstudie<\/h4>\n<p>N\u00e4r ni kontaktar oss genomf\u00f6r vi en f\u00f6rstudie f\u00f6r att utv\u00e4rdera l\u00e4mplig teknik och uppskattar erforderlig kapacitet och driftsparametrar baserat p\u00e5 aktuellt processvatten och dess inneh\u00e5ll. Om ett fullskaligt system kan levereras forts\u00e4tter projektet in i n\u00e4sta fas.<\/p>\n        <\/div>\n        <div class=\"col-md-6\">\n            <h4>Screening<\/h4>\n<p>Genomf\u00f6randet av pilotprojektet b\u00f6rjar med en screening d\u00e4r vi hittar grundl\u00e4ggande processparametrar inf\u00f6r rening p\u00e5 pilotskala. Detta omfattar exempelvis l\u00e4mpliga pH-niv\u00e5er, f\u00f6rfiltrering och skumhantering. I detta steg vv\u00e4ljer vi \u00e4ven l\u00e4mplig teknik s\u00e5som ozon, ozon-AOP eller andra metoder som l\u00e4mpar sig f\u00f6r ett fullskaligt system. Ozon \u00e4r grunden i v\u00e5r teknik, men vi till\u00e4mpar \u00e4ven andra teknologier vid behov.<\/p>\n        <\/div>\n    <\/div>\n<\/div>\n<div class=\"container-fluid editor_content content content--narrow\">\n    <div class=\"row\">\n        <div class=\"col-md-6\">\n            <h4>Rening i pilotskala<\/h4>\n<p>Baserat p\u00e5 resultaten i screening-fasen genomf\u00f6rs rening i pilotskala. Pilotanl\u00e4ggning \u00e4r utformat av Ozonetech och reningen utf\u00f6rs i v\u00e5ra egna lokaler. Rening utf\u00f6rs under 6-24 timmar. Under reningen tas processvatten ut enligt projektplan och analyseras via tredje part.<\/p>\n        <\/div>\n        <div class=\"col-md-6\">\n            <h4>Rapport<\/h4>\n<p>Efter analys av relevanta reningsparametrar skriver vi en professionell rapport med metodbeskrivning, resultat, rekationskinetik och andra viktiga observationer.<\/p>\n        <\/div>\n    <\/div>\n<\/div>\n<div class=\"container-fluid editor_content content content--narrow\">\n    <div class=\"row\">\n        <div class=\"col-md-6\">\n            <h4>Offert p\u00e5 fullskaligt system<\/h4>\n<p>Baserat p\u00e5 resultaten och l\u00e4mplig reningsteknik, levererar vi ut\u00f6ver komplett professionell rapport \u00e4ven erbjudande av fullskaligt system som garanterar erforderlig reningsgrad.<\/p>\n        <\/div>\n        <div class=\"col-md-6\">\n                    <\/div>\n    <\/div>\n<\/div>\n\n<div class=\"container-fluid editor_content content content--narrow\">\n    <div class=\"row\">\n        <div class=\"col-12 editor_content\">\n            <h2 style=\"text-align: center;\"><img loading=\"lazy\" decoding=\"async\" class=\"aligncenter wp-image-25042 size-large\" src=\"https:\/\/ozonetech.com\/wp-content\/uploads\/2021\/03\/projektansvar-fran-borjan-till-slut-1-e1615215562731-1024x232.png\" alt=\"\" width=\"1024\" height=\"232\" srcset=\"https:\/\/ozonetech.com\/wp-content\/uploads\/2021\/03\/projektansvar-fran-borjan-till-slut-1-e1615215562731-1024x232.png 1024w, https:\/\/ozonetech.com\/wp-content\/uploads\/2021\/03\/projektansvar-fran-borjan-till-slut-1-e1615215562731-300x68.png 300w, https:\/\/ozonetech.com\/wp-content\/uploads\/2021\/03\/projektansvar-fran-borjan-till-slut-1-e1615215562731-768x174.png 768w, https:\/\/ozonetech.com\/wp-content\/uploads\/2021\/03\/projektansvar-fran-borjan-till-slut-1-e1615215562731.png 1440w\" sizes=\"auto, (max-width: 1024px) 100vw, 1024px\" \/><\/h2>\n        <\/div>\n    <\/div>\n<\/div>\n\n<\/section>\n\n\n\n<section\n    id=\"\"\n    class=\"block content-block\"\n\tstyle=\"--cb-bg: white; --cb-content: #000; padding-top: 30px; padding-bottom: 30px;\"\n>\n    \n\n<div class=\"container-fluid editor_content content content--narrow\">\n    <div class=\"row\">\n        <div class=\"col-12 editor_content\">\n            <h3>L\u00f6sningar f\u00f6r m\u00e5nga branscher<\/h3>\n        <\/div>\n    <\/div>\n<\/div>\n\n\n<div class=\"container-fluid editor_content content content--narrow\">\n    <div class=\"row\">\n        <div class=\"col-md-6\">\n            <h4>L\u00e4kemedelsindustrin<\/h4>\n<p>P\u00e5 grund av dess komplexa molekyl\u00e4ra struktur \u00e4r utsl\u00e4pp av l\u00e4kemedelsrester ett v\u00e4xande problem f\u00f6r avloppsreningsverk. Ozonerening \u00e4r en vedertagen teknik f\u00f6r att <a href=\"https:\/\/ozonetech.com\/sv\/lakemedelsindustrin\/\">eliminera l\u00e4kemedelsrester<\/a> direkt vid k\u00e4llan. Detta kan vara l\u00e4kemedelsproducenter, sjukhus eller rening p\u00e5 avloppsreningsverket.<\/p>\n<p><strong>Exempel p\u00e5 l\u00e4kemedelssubstanser som kan renas med ozon:<\/strong> paracetamol, kodein, propofol, diclofenac.<\/p>\n        <\/div>\n        <div class=\"col-md-6\">\n            <h4>Processindustrin<\/h4>\n<p>Vi renar industriellt avloppsvatten fr\u00e5n oljeindustrin, kemikalieanl\u00e4ggningar, textilindustrin med flera. Avloppsvattnet kan inneh\u00e5lla vitt skilda substanser som \u00e4r dyra att rena och hantera med traditionella metoder. V\u00e5ra l\u00f6sningar erbjuder kostnadseffektiv rening.<\/p>\n<p><strong>Exempel p\u00e5 substanser som kan renas med ozon:<\/strong> aminer, alcoholer, aldehyder, oljerester, BOD, COD, TOC<\/p>\n        <\/div>\n    <\/div>\n<\/div>\n\n<div class=\"container-fluid editor_content content content--narrow\">\n    <div class=\"row\">\n        <div class=\"col-12 editor_content\">\n            <h4>Livsmedelsindustrin<\/h4>\n<p>Livsmedelsproduktion l\u00e4mnar ofta f\u00f6rh\u00f6jda halter av biologiskt syrebehov (BOD), COD och kemikalier. Med ozonteknik minskar belastningen fr\u00e5n anl\u00e4ggningen. Med ett pilotprojekt med Ozonetech hj\u00e4lper vi er att hitta den mest effektiva reningsmetoden och implementering av fullskaligt system som klarar utsl\u00e4ppskraven.<\/p>\n<p><strong>Exempel p\u00e5 kravparametrar:<\/strong> BOD, COD, TOC, f\u00e4rg, turbiditet<\/p>\n<h2 style=\"text-align: center;\"><img loading=\"lazy\" decoding=\"async\" class=\"alignnone size-large wp-image-22634\" src=\"https:\/\/ozonetech.com\/wp-content\/uploads\/2021\/03\/industry-collage-1024x371.jpg\" alt=\"\" width=\"1024\" height=\"371\" srcset=\"https:\/\/ozonetech.com\/wp-content\/uploads\/2021\/03\/industry-collage-1024x371.jpg 1024w, https:\/\/ozonetech.com\/wp-content\/uploads\/2021\/03\/industry-collage-300x109.jpg 300w, https:\/\/ozonetech.com\/wp-content\/uploads\/2021\/03\/industry-collage-768x279.jpg 768w, https:\/\/ozonetech.com\/wp-content\/uploads\/2021\/03\/industry-collage.jpg 1500w\" sizes=\"auto, (max-width: 1024px) 100vw, 1024px\" \/><\/h2>\n        <\/div>\n    <\/div>\n<\/div>\n\n<\/section>\n\n\n\n<section class=\"block big-cta\" style=\"--cta-bg: #5f5f5f; --cta-text: #fff; --cta-btn: #299f23; --cta-btn-hover: #5f5f5f; --cta-btn-text-hover: #299f23; --cta-border: #299f23 \">\n    <div class=\"container-fluid d-flex flex-column align-items-center editor-content\">\n        \n        <h3 class='h3'>Kontakta oss idag<\/h3>\n        <div class=\"content\">\n            Tveka inte att kontakta v\u00e5ra ingenj\u00f6rer p\u00e5 industriellt vatten idag.        <\/div>\n\n        <div class=\"btn-container\">\n                            <a href='https:\/\/mellifiq.com\/sv\/kontakt\/' class='btn btn--secondary' target='_blank'>Kontakta oss<\/a>                    <\/div>\n    <\/div>\n<\/section>\n","protected":false},"excerpt":{"rendered":"","protected":false},"author":21,"featured_media":0,"parent":14823,"menu_order":0,"comment_status":"closed","ping_status":"closed","template":"","meta":{"_acf_changed":false,"_seopress_robots_primary_cat":"","_seopress_titles_title":"","_seopress_titles_desc":"Vi levererar ut\u00f6ver komplett professionell rapport \u00e4ven erbjudande av fullskaligt system som garanterar erforderlig reningsgrad.","_seopress_robots_index":"","inline_featured_image":false,"footnotes":""},"class_list":["post-11515","page","type-page","status-publish","hentry"],"acf":[],"_links":{"self":[{"href":"https:\/\/ozonetech.com\/sv\/wp-json\/wp\/v2\/pages\/11515","targetHints":{"allow":["GET"]}}],"collection":[{"href":"https:\/\/ozonetech.com\/sv\/wp-json\/wp\/v2\/pages"}],"about":[{"href":"https:\/\/ozonetech.com\/sv\/wp-json\/wp\/v2\/types\/page"}],"author":[{"embeddable":true,"href":"https:\/\/ozonetech.com\/sv\/wp-json\/wp\/v2\/users\/21"}],"replies":[{"embeddable":true,"href":"https:\/\/ozonetech.com\/sv\/wp-json\/wp\/v2\/comments?post=11515"}],"version-history":[{"count":49,"href":"https:\/\/ozonetech.com\/sv\/wp-json\/wp\/v2\/pages\/11515\/revisions"}],"predecessor-version":[{"id":40873,"href":"https:\/\/ozonetech.com\/sv\/wp-json\/wp\/v2\/pages\/11515\/revisions\/40873"}],"up":[{"embeddable":true,"href":"https:\/\/ozonetech.com\/sv\/wp-json\/wp\/v2\/pages\/14823"}],"wp:attachment":[{"href":"https:\/\/ozonetech.com\/sv\/wp-json\/wp\/v2\/media?parent=11515"}],"curies":[{"name":"wp","href":"https:\/\/api.w.org\/{rel}","templated":true}]}}