{"id":11493,"date":"2020-06-24T11:36:06","date_gmt":"2020-06-24T11:36:06","guid":{"rendered":"https:\/\/ozonetech.com\/solutions-systems-air-treatment-tailored-pilot-projects\/"},"modified":"2024-10-10T11:10:14","modified_gmt":"2024-10-10T09:10:14","slug":"pilotprojekt-luftbehandling","status":"publish","type":"page","link":"https:\/\/ozonetech.com\/sv\/losningar-system\/luftbehandling\/pilotprojekt-luftbehandling\/","title":{"rendered":"Skr\u00e4ddarsydda pilotprojekt f\u00f6r luftbehandling"},"content":{"rendered":"\n<section\n    class=\"block hero hero--regular\"\n    style=\"background-image: url('https:\/\/ozonetech.com\/wp-content\/uploads\/2021\/03\/industrial-air-pilot-1-1600x484.jpg'); --hero-opacity: 0.3\"\n>\n\n    <div class=\"container-fluid\">\n\n        <div class=\"content editor_content\">\n                         \n                <h2 class='h1'>Skr\u00e4ddarsydda pilotprojekt f\u00f6r luftbehandling<\/h2>            \n                    <\/div>\n\n            <\/div>\n<\/section>\n\n\n<section class=\"component component_breadcrumbs\">\n\t<div class=\"container-fluid\">\n  \t<\/div>\n<\/section>\n\n\n<section\n    id=\"\"\n    class=\"block content-block\"\n\tstyle=\"--cb-bg: light-gray; --cb-content: #000; padding-top: 30px; padding-bottom: 30px;\"\n>\n    \n\n<div class=\"container-fluid editor_content content content--narrow\">\n    <div class=\"row\">\n        <div class=\"col-12 editor_content\">\n            <h1>Pilottestning \u00e4r det optimala f\u00f6rsta steget f\u00f6r att skapa perfekta luftbehandlingsl\u00f6sningar<\/h1>\n<p class=\"preamble\">Effektiv behandling av industriella luftutsl\u00e4pp \u00e4r en utmanande uppgift. Varje process \u00e4r unik och det g\u00e4ller dess \u00e4ven utsl\u00e4pp. Samma reningssystem kan om\u00f6jligen l\u00f6sa alla fall, speciellt f\u00f6r stora luftfl\u00f6den med h\u00f6ga reningskrav. Man kan spara mycket pengar och undvika suboptimering och ineffektiva l\u00f6sningar om man analyserar och optimerar\u00a0 \u00a0varje enskild process.<\/p>\n<p>F\u00f6r att optimera komplexa luftbehandlingssystem kr\u00e4vs ett pilotprojekt. F\u00f6rh\u00e5llandena \u00e5terskapas\u00a0 i laboratoriemilj\u00f6 och man uppn\u00e5r d\u00e5 alla de f\u00f6rdelar som ett laboratorieprojekt ger, inklusive l\u00e5ga kostnader och fullt kontrollerbara f\u00f6rh\u00e5llanden.<\/p>\n        <\/div>\n    <\/div>\n<\/div>\n\n\n\n<div class=\"container-fluid editor_content content content--narrow\">\n    <div class=\"row\">\n        <div class=\"col-12 editor_content\">\n            <h3>V\u00e5r l\u00f6sning<\/h3>\n<p>I v\u00e5ra lokaler i Stockholm har vi en av de mest avancerade testriggarna f\u00f6r utv\u00e4rdering av pilotl\u00f6sningar f\u00f6r industriell luftrening. Systemet kan \u00e5terskapa f\u00f6rh\u00e5llanden representativa f\u00f6r m\u00e5nga industriella fall med hj\u00e4lp av de mest avancerade oxidationsteknikerna och ett modul\u00e4rt tillv\u00e4gag\u00e5ngss\u00e4tt. De tre mest lovande oxidationsteknikerna ing\u00e5r i piloten.<\/p>\n        <\/div>\n    <\/div>\n<\/div>\n\n\n<div class=\"container-fluid editor_content content content--narrow\">\n    <div class=\"row\">\n        <div class=\"col-md-6\">\n            <h4><img loading=\"lazy\" decoding=\"async\" class=\"alignleft wp-image-22308 size-medium\" src=\"https:\/\/ozonetech.com\/wp-content\/uploads\/2021\/03\/ozonation-300x212.jpg\" alt=\"\" width=\"300\" height=\"212\" srcset=\"https:\/\/ozonetech.com\/wp-content\/uploads\/2021\/03\/ozonation-300x212.jpg 300w, https:\/\/ozonetech.com\/wp-content\/uploads\/2021\/03\/ozonation.jpg 425w\" sizes=\"auto, (max-width: 300px) 100vw, 300px\" \/><\/h4>\n<h4><\/h4>\n<h4><\/h4>\n<h4><\/h4>\n<h4><\/h4>\n<h4><\/h4>\n<p><strong>Ozonering<\/strong><\/p>\n<p><em>Oxidation med ozon<\/em><\/p>\n        <\/div>\n        <div class=\"col-md-6\">\n            <h4><img loading=\"lazy\" decoding=\"async\" class=\"alignleft wp-image-22298 size-medium\" src=\"https:\/\/ozonetech.com\/wp-content\/uploads\/2021\/03\/advanced-oxidation-process-300x212.jpg\" alt=\"\" width=\"300\" height=\"212\" srcset=\"https:\/\/ozonetech.com\/wp-content\/uploads\/2021\/03\/advanced-oxidation-process-300x212.jpg 300w, https:\/\/ozonetech.com\/wp-content\/uploads\/2021\/03\/advanced-oxidation-process.jpg 425w\" sizes=\"auto, (max-width: 300px) 100vw, 300px\" \/><\/h4>\n<h4><\/h4>\n<h4><\/h4>\n<h4><\/h4>\n<h4><\/h4>\n<h4><\/h4>\n<p><strong>Avancerad oxidationsprocess (AOP)<\/strong><\/p>\n<p><em>Oxidation med hydroxylradikaler<\/em><\/p>\n        <\/div>\n    <\/div>\n<\/div>\n<div class=\"container-fluid editor_content content content--narrow\">\n    <div class=\"row\">\n        <div class=\"col-md-6\">\n            <h4><img loading=\"lazy\" decoding=\"async\" class=\"alignleft wp-image-22303 size-medium\" src=\"https:\/\/ozonetech.com\/wp-content\/uploads\/2021\/03\/catalytic-oxidation-300x212.jpg\" alt=\"\" width=\"300\" height=\"212\" srcset=\"https:\/\/ozonetech.com\/wp-content\/uploads\/2021\/03\/catalytic-oxidation-300x212.jpg 300w, https:\/\/ozonetech.com\/wp-content\/uploads\/2021\/03\/catalytic-oxidation.jpg 425w\" sizes=\"auto, (max-width: 300px) 100vw, 300px\" \/><\/h4>\n<h4><\/h4>\n<h4><\/h4>\n<h4><\/h4>\n<h4><\/h4>\n<h4><\/h4>\n<p><strong>Katalytisk oxidation<\/strong><\/p>\n<p><em>Oxidation med katalys och ozon<\/em><\/p>\n        <\/div>\n        <div class=\"col-md-6\">\n            <p>&nbsp;<\/p>\n<p>&nbsp;<\/p>\n<p>Varje behandlingssteg kan till\u00e4mpas b\u00e5de frist\u00e5ende och i kombination med andra, vilket g\u00f6r det m\u00f6jligt att testa process-synergierna.<\/p>\n        <\/div>\n    <\/div>\n<\/div>\n\n<div class=\"container-fluid editor_content content content--narrow\">\n    <div class=\"row\">\n        <div class=\"col-12 editor_content\">\n            <h3>V\u00e5r metod<\/h3>\n<p>Vi genomf\u00f6r alla steg noggrant och i samarbete med v\u00e5ra kunder. V\u00e5r metod best\u00e5r av dessa fem steg.<\/p>\n<p><img loading=\"lazy\" decoding=\"async\" class=\"alignnone size-large wp-image-22410\" src=\"https:\/\/ozonetech.com\/wp-content\/uploads\/2021\/03\/var-metod-1024x568.png\" alt=\"\" width=\"1024\" height=\"568\" srcset=\"https:\/\/ozonetech.com\/wp-content\/uploads\/2021\/03\/var-metod-1024x568.png 1024w, https:\/\/ozonetech.com\/wp-content\/uploads\/2021\/03\/var-metod-300x166.png 300w, https:\/\/ozonetech.com\/wp-content\/uploads\/2021\/03\/var-metod-768x426.png 768w, https:\/\/ozonetech.com\/wp-content\/uploads\/2021\/03\/var-metod.png 1501w\" sizes=\"auto, (max-width: 1024px) 100vw, 1024px\" \/><\/p>\n        <\/div>\n    <\/div>\n<\/div>\n\n\n<div class=\"container-fluid editor_content content content--narrow\">\n    <div class=\"row\">\n        <div class=\"col-md-6\">\n            <h4>1. Analys<\/h4>\n<p>Vi analyserar luftutsl\u00e4ppen fr\u00e5n det verkliga industriella fallet. Med hj\u00e4lp av den senaste tekniken kan vi uppt\u00e4cka \u00e4ven de minsta sp\u00e5ren av f\u00f6roreningar. Oavsett om sp\u00e5ren kommer fr\u00e5n VOC, H<sub>2<\/sub>S, ammoniak eller partiklar s\u00e5 har vi de instrument som kr\u00e4vs f\u00f6r att m\u00e4ta inom alla omr\u00e5den.<\/p>\n<p>Att best\u00e4mma den exakta koncentrationen av varje f\u00f6rorening \u00e4r ett grundl\u00e4ggande krav b\u00e5de f\u00f6r att utforma pilottesterna och bygga den fullskaliga l\u00f6sningen.<\/p>\n        <\/div>\n        <div class=\"col-md-6\">\n            <h4>2. Uppl\u00e4gg<\/h4>\n<p>Vi \u00e5terskapar f\u00e4ltf\u00f6rh\u00e5llandena i v\u00e5ra egna anl\u00e4ggningar baserat p\u00e5 luftanalysen. Ett representativt luftfl\u00f6de st\u00e4lls in, inklusive luftfuktighet och temperaturv\u00e4rden. Vi matar sedan in luftf\u00f6roreningarna fr\u00e5n en gasblandning som med samma typ av f\u00f6reningar som finns i det verkliga fallet.<\/p>\n<p>Innan varje test startar vi systemet och kontrollerar att varje komponent fungerar ordentligt.<\/p>\n        <\/div>\n    <\/div>\n<\/div>\n<div class=\"container-fluid editor_content content content--narrow\">\n    <div class=\"row\">\n        <div class=\"col-md-6\">\n            <h4>3. Test<\/h4>\n<p>Detta steg \u00e4r k\u00e4rnan i v\u00e5r metod. Vi kan utf\u00f6ra ett stort antal tester och utv\u00e4rdera prestanda f\u00f6r varje teknik i f\u00f6rh\u00e5llande till de andra. Vi fokuserar extra mycket p\u00e5 kundens krav och hur kostnadseffektiv reningsprocessen \u00e4r. Eftersom n\u00e4sta steg efter pilotprovet kan bli att utforma av en fullskalig l\u00f6sning, tar vi ocks\u00e5 h\u00e4nsyn till investerings- och driftkostnader.<\/p>\n        <\/div>\n        <div class=\"col-md-6\">\n            <h4>4. Rapport<\/h4>\n<p>All samlad information fr\u00e5n steg 1-3 samlas och presenteras i en utf\u00f6rlig rapport. Effekten av varje behandlingsteknik &#8211; ozonering, AOP eller katalys &#8211; utv\u00e4rderas med fokus p\u00e5 hur och presenterar hur kundens krav kan uppfyllas. Rapporten inneh\u00e5ller relevanta slutsatser kopplade till det verkliga industriella fallet.<\/p>\n        <\/div>\n    <\/div>\n<\/div>\n<div class=\"container-fluid editor_content content content--narrow\">\n    <div class=\"row\">\n        <div class=\"col-md-6\">\n            <h4>5. F\u00f6rslag<\/h4>\n<p>Om v\u00e5ra kunder vill, tar vi fram ett f\u00f6rslag p\u00e5 utformningen av sj\u00e4lva anl\u00e4ggningen. Genom att anv\u00e4nda resultaten fr\u00e5n pilotstudien f\u00f6renklas utformningen av det fullskaliga reningssystemet eftersom m\u00e5nga viktiga variabler unders\u00f6kts i experimenten. D\u00e4rf\u00f6r kan vi finjustera alla parametrar s\u00e5 att l\u00f6sningen uppfyller kraven med l\u00e4gsta m\u00f6jliga investerings- och driftkostnader.<\/p>\n<p>Vi kan leverera det vi lovar, eftersom vi redan har testat den f\u00f6reslagna l\u00f6sningen.<\/p>\n        <\/div>\n        <div class=\"col-md-6\">\n                    <\/div>\n    <\/div>\n<\/div><\/section>\n\n\n\n<section\n    id=\"\"\n    class=\"block content-block\"\n\tstyle=\"--cb-bg: #e6e6e6; --cb-content: #000; padding-top: 30px; padding-bottom: 30px;\"\n>\n    \n\n<div class=\"container-fluid editor_content content content--narrow\">\n    <div class=\"row\">\n        <div class=\"col-12 editor_content\">\n            <h3>Branscher och till\u00e4mpningar<\/h3>\n<p>V\u00e5r testanl\u00e4ggning har ett brett anv\u00e4ndningsomr\u00e5de. Vi kan testa minskning av b\u00e5de <a href=\"https:\/\/ozonetech.com\/sv\/applikationer\/luftbehandling\/luktbehandling\/\"><strong>lukt<\/strong> <\/a>och gasformiga f\u00f6roreningar som <a href=\"https:\/\/ozonetech.com\/sv\/applikationer\/luftbehandling\/voc\/\"><strong>VOC<\/strong><\/a>, NH<sub>3<\/sub> och H<sub>2<\/sub>S. Vi kan \u00e4ven testa <a href=\"https:\/\/ozonetech.com\/sv\/applikationer\/luftbehandling\/luftdesinfektion\/\"><strong>desinfektionsl\u00f6sningar<\/strong><\/a>, utv\u00e4rdera loggreduktionen av bakterier i luft eller p\u00e5 ytor. Vi \u00e4r ocks\u00e5 \u00f6ppna f\u00f6r skr\u00e4ddarsydda projekt.<\/p>\n<p>Med v\u00e5ra pilottester kan vi l\u00f6sa luftrelaterade problem i m\u00e5nga branscher, se exempel nedan.<\/p>\n        <\/div>\n    <\/div>\n<\/div>\n\n<\/section>\n\n\n\n<section class=\"block landing-page-grid\" style=\"--grid-bg: #e6e6e6; --grid-link: #5f5f5f; --grid-content: #000;\">\n\n    <div class=\"container-fluid grid\">\n\n                \n                    <div class=\"grid__list\">\n                                    <a class=\"item\" href=\"https:\/\/mellifiq.com\/sv\/markets\/biogasanlaggningar\/\" target=\"_blank\">\n                        <span class=\"item__overlay\"><\/span>\n                        <span\n                            class=\"item__background-image\"\n                            style=\"background-image: url('https:\/\/ozonetech.com\/wp-content\/uploads\/2021\/03\/biogas-plant.jpg');\"\n                        ><\/span>\n                        \n                        <span class=\"item__content\">\n                            <figure class=\"item__content--icon\">\n                                                            <\/figure>\n\n                            <span class=\"item__content--link\">\n                                <span>Biogasanl\u00e4ggningar<\/span><svg version=\"1.1\" id=\"Layer_1\" xmlns=\"http:\/\/www.w3.org\/2000\/svg\" x=\"0\" y=\"0\" viewBox=\"0 0 25 21.76\" xml:space=\"preserve\"><path fill=\"#FF691C\" d=\"M12.17 1.45l1.11-1.1c.46-.47 1.22-.47 1.68 0l9.69 9.68c.47.46.47 1.22 0 1.68l-9.69 9.69c-.46.47-1.22.47-1.68 0l-1.11-1.11c-.47-.47-.46-1.23.01-1.7l.01-.01 6-5.72h-17c-.66 0-1.2-.53-1.2-1.19v-1.6c0-.66.53-1.2 1.19-1.2h17.01l-6-5.72c-.48-.45-.5-1.2-.05-1.68.01 0 .02-.01.03-.02z\"\/><\/svg>                            <\/span>\n                        <\/span>\n                    <\/a>\n                                    <a class=\"item\" href=\"https:\/\/mellifiq.com\/sv\/markets\/mejerier\/\" target=\"\">\n                        <span class=\"item__overlay\"><\/span>\n                        <span\n                            class=\"item__background-image\"\n                            style=\"background-image: url('https:\/\/ozonetech.com\/wp-content\/uploads\/2021\/03\/Diary-production.jpg');\"\n                        ><\/span>\n                        \n                        <span class=\"item__content\">\n                            <figure class=\"item__content--icon\">\n                                                            <\/figure>\n\n                            <span class=\"item__content--link\">\n                                <span>Mejerier<\/span><svg version=\"1.1\" id=\"Layer_1\" xmlns=\"http:\/\/www.w3.org\/2000\/svg\" x=\"0\" y=\"0\" viewBox=\"0 0 25 21.76\" xml:space=\"preserve\"><path fill=\"#FF691C\" d=\"M12.17 1.45l1.11-1.1c.46-.47 1.22-.47 1.68 0l9.69 9.68c.47.46.47 1.22 0 1.68l-9.69 9.69c-.46.47-1.22.47-1.68 0l-1.11-1.11c-.47-.47-.46-1.23.01-1.7l.01-.01 6-5.72h-17c-.66 0-1.2-.53-1.2-1.19v-1.6c0-.66.53-1.2 1.19-1.2h17.01l-6-5.72c-.48-.45-.5-1.2-.05-1.68.01 0 .02-.01.03-.02z\"\/><\/svg>                            <\/span>\n                        <\/span>\n                    <\/a>\n                                    <a class=\"item\" href=\"https:\/\/mellifiq.com\/sv\/markets\/livsmedelsindustri\/\" target=\"_blank\">\n                        <span class=\"item__overlay\"><\/span>\n                        <span\n                            class=\"item__background-image\"\n                            style=\"background-image: url('https:\/\/ozonetech.com\/wp-content\/uploads\/2021\/03\/food-production.jpg');\"\n                        ><\/span>\n                        \n                        <span class=\"item__content\">\n                            <figure class=\"item__content--icon\">\n                                                            <\/figure>\n\n                            <span class=\"item__content--link\">\n                                <span>Livsmedelsindustri<\/span><svg version=\"1.1\" id=\"Layer_1\" xmlns=\"http:\/\/www.w3.org\/2000\/svg\" x=\"0\" y=\"0\" viewBox=\"0 0 25 21.76\" xml:space=\"preserve\"><path fill=\"#FF691C\" d=\"M12.17 1.45l1.11-1.1c.46-.47 1.22-.47 1.68 0l9.69 9.68c.47.46.47 1.22 0 1.68l-9.69 9.69c-.46.47-1.22.47-1.68 0l-1.11-1.11c-.47-.47-.46-1.23.01-1.7l.01-.01 6-5.72h-17c-.66 0-1.2-.53-1.2-1.19v-1.6c0-.66.53-1.2 1.19-1.2h17.01l-6-5.72c-.48-.45-.5-1.2-.05-1.68.01 0 .02-.01.03-.02z\"\/><\/svg>                            <\/span>\n                        <\/span>\n                    <\/a>\n                                    <a class=\"item\" href=\"https:\/\/mellifiq.com\/sv\/markets\/storkok\/\" target=\"_blank\">\n                        <span class=\"item__overlay\"><\/span>\n                        <span\n                            class=\"item__background-image\"\n                            style=\"background-image: url('https:\/\/ozonetech.com\/wp-content\/uploads\/2021\/03\/commercial-kitchen-1.jpg');\"\n                        ><\/span>\n                        \n                        <span class=\"item__content\">\n                            <figure class=\"item__content--icon\">\n                                                            <\/figure>\n\n                            <span class=\"item__content--link\">\n                                <span>Stork\u00f6k<\/span><svg version=\"1.1\" id=\"Layer_1\" xmlns=\"http:\/\/www.w3.org\/2000\/svg\" x=\"0\" y=\"0\" viewBox=\"0 0 25 21.76\" xml:space=\"preserve\"><path fill=\"#FF691C\" d=\"M12.17 1.45l1.11-1.1c.46-.47 1.22-.47 1.68 0l9.69 9.68c.47.46.47 1.22 0 1.68l-9.69 9.69c-.46.47-1.22.47-1.68 0l-1.11-1.11c-.47-.47-.46-1.23.01-1.7l.01-.01 6-5.72h-17c-.66 0-1.2-.53-1.2-1.19v-1.6c0-.66.53-1.2 1.19-1.2h17.01l-6-5.72c-.48-.45-.5-1.2-.05-1.68.01 0 .02-.01.03-.02z\"\/><\/svg>                            <\/span>\n                        <\/span>\n                    <\/a>\n                            <\/div>\n            <\/div>\n\n<\/section>","protected":false},"excerpt":{"rendered":"","protected":false},"author":21,"featured_media":0,"parent":14817,"menu_order":0,"comment_status":"closed","ping_status":"closed","template":"","meta":{"_acf_changed":false,"_seopress_robots_primary_cat":"","_seopress_titles_title":"","_seopress_titles_desc":"I v\u00e5ra lokaler i Stockholm har vi en av de mest avancerade testriggarna f\u00f6r utv\u00e4rdering av pilotl\u00f6sningar f\u00f6r industriell luftrening.","_seopress_robots_index":"","inline_featured_image":false,"footnotes":""},"class_list":["post-11493","page","type-page","status-publish","hentry"],"acf":[],"_links":{"self":[{"href":"https:\/\/ozonetech.com\/sv\/wp-json\/wp\/v2\/pages\/11493","targetHints":{"allow":["GET"]}}],"collection":[{"href":"https:\/\/ozonetech.com\/sv\/wp-json\/wp\/v2\/pages"}],"about":[{"href":"https:\/\/ozonetech.com\/sv\/wp-json\/wp\/v2\/types\/page"}],"author":[{"embeddable":true,"href":"https:\/\/ozonetech.com\/sv\/wp-json\/wp\/v2\/users\/21"}],"replies":[{"embeddable":true,"href":"https:\/\/ozonetech.com\/sv\/wp-json\/wp\/v2\/comments?post=11493"}],"version-history":[{"count":70,"href":"https:\/\/ozonetech.com\/sv\/wp-json\/wp\/v2\/pages\/11493\/revisions"}],"predecessor-version":[{"id":40843,"href":"https:\/\/ozonetech.com\/sv\/wp-json\/wp\/v2\/pages\/11493\/revisions\/40843"}],"up":[{"embeddable":true,"href":"https:\/\/ozonetech.com\/sv\/wp-json\/wp\/v2\/pages\/14817"}],"wp:attachment":[{"href":"https:\/\/ozonetech.com\/sv\/wp-json\/wp\/v2\/media?parent=11493"}],"curies":[{"name":"wp","href":"https:\/\/api.w.org\/{rel}","templated":true}]}}