{"id":11323,"date":"2020-06-24T11:18:41","date_gmt":"2020-06-24T11:18:41","guid":{"rendered":"https:\/\/ozonetech.com\/solutions-systems-air-treatment-rena-pro-systems\/"},"modified":"2024-10-10T10:57:35","modified_gmt":"2024-10-10T08:57:35","slug":"ozonsystem-rena-pro","status":"publish","type":"page","link":"https:\/\/ozonetech.com\/sv\/losningar-system\/luftbehandling\/ozonsystem-rena-pro\/","title":{"rendered":"RENA Pro Ozonsystem"},"content":{"rendered":"\n<section\n    class=\"block hero hero--regular\"\n    style=\"background-image: url('https:\/\/ozonetech.com\/wp-content\/uploads\/2021\/03\/rena-pro-systems-2-1600x484.jpg'); --hero-opacity: 0.3\"\n>\n\n    <div class=\"container-fluid\">\n\n        <div class=\"content editor_content\">\n                         \n                <h2 class='h2'>Ozonsystem RENA Pro<\/h2>            \n                    <\/div>\n\n            <\/div>\n<\/section>\n\n\n<section class=\"component component_breadcrumbs\">\n\t<div class=\"container-fluid\">\n  \t<\/div>\n<\/section>\n\n\n<section\n    id=\"\"\n    class=\"block content-block\"\n\tstyle=\"--cb-bg: white; --cb-content: #000; padding-top: 30px; padding-bottom: 30px;\"\n>\n    \n\n<div class=\"container-fluid editor_content content content--narrow\">\n    <div class=\"row\">\n        <div class=\"col-12 editor_content\">\n            <h1>Det mest effektiva och h\u00e5llbara ozonsystemet f\u00f6r luftbehandling<\/h1>\n<p class=\"preamble\">RENA Pro \u00e4r en l\u00f6sning med ozonbehandling av h\u00f6gsta kvalitet f\u00f6r luftrening. Denna kan anv\u00e4ndas i n\u00e4stan alla luftapplikationer t\u00e4nkbara, allt ifr\u00e5n h\u00f6g-effektiv reduktion av H<sub>2<\/sub>S i industrier till luktrening i allm\u00e4n ventilation. I systemet ing\u00e5r alltid h\u00f6gprestanda ozongeneratorer, vilket kan kopplas ihop med tillbeh\u00f6r s\u00e5som integrerade syrgaskoncentratorer f\u00f6r maximal effektivitet, s\u00e4kerhetssystem och r\u00f6rdelar &amp; kopplingar av h\u00f6gsta kvalitet; allt detta strukturerat och monterat i ett kompakt utf\u00f6rande.<\/p>\n<p>RENA Pro \u00e4r en plattform med en exceptionell modul\u00e4ritet som medf\u00f6r att r\u00e4tt ozonbehandling l\u00e4tt kan utformas utefter kundens krav och \u00f6nskem\u00e5l. I v\u00e5rt utbud finns det fem serier av RENA Pro-l\u00f6sningen, grupperade efter ozonkapacitet, fr\u00e5n A till E.<\/p>\n<h3>Allm\u00e4nna f\u00f6rdelar med RENA Pro:<\/h3>\n<ul>\n<li>H\u00f6g-effektiv ozonproduktion vilket ger l\u00e5g energif\u00f6rbrukning och sm\u00e5 ytterm\u00e5tt<\/li>\n<li>Stabil och p\u00e5litlig ozonproduktion \u00f6ver tid:<\/li>\n<li>Matas med syre av h\u00f6gsta kvalitet (koncentrerat och avfuktat syre fr\u00e5n syrgasgenerator)<\/li>\n<li><strong>Levererar rent ozon.<\/strong> Inga biprodukter som NOx, ingen salpetersyra (HNO<sub>3<\/sub>) eller saltbildning, vilket f\u00f6rl\u00e4nger systemets livsl\u00e4ngd<\/li>\n<li>Effektiv kylning (v\u00e4tskekyld) f\u00f6r stabil och p\u00e5litlig drift f\u00f6rl\u00e4nger systemets livsl\u00e4ngd<\/li>\n<li>Minimerat behov av underh\u00e5ll tack vare smart design, ren och torr syrgasmatning samt v\u00e4tskekylning<\/li>\n<li>Distribution av ozon genom Teflon-slang<\/li>\n<li>Robust design f\u00f6r tuffa milj\u00f6er och f\u00f6rh\u00e5llanden<\/li>\n<li><strong>Tillval:<\/strong> Fj\u00e4rrstyrning och \u00f6vervakning med <a href=\"https:\/\/ozonetech.com\/sv\/produkter\/ozontillbehor-slutna-kylsystem\/\">O3Eye\u2122<\/a><\/li>\n<\/ul>\n<p>Ut\u00f6ver f\u00f6rdelarna ovan bidrar en RENA Pro-l\u00f6sning med ytterligare f\u00f6rdelar f\u00f6r applikationer med H<sub>2<\/sub>S:<\/p>\n<ul>\n<li>Utm\u00e4rkt reduktion av H<sub>2<\/sub>S<\/li>\n<li><strong><a href=\"https:\/\/ozonetech.com\/sv\/applikationer\/luftbehandling\/luktbehandling\/\">Luktreducering<\/a><a href=\"https:\/\/ozonetech.com\/sv\/node\/528?language=en\"><br \/>\n<\/a><\/strong><\/li>\n<li>Mindre risk f\u00f6r korrosion<\/li>\n<\/ul>\n<div class=\"caption mceTemp draggable panopoly-images-processed\">\n<div class=\"caption-width-container\"><\/div>\n<\/div>\n<div id=\"attachment_22185\" style=\"width: 860px\" class=\"wp-caption aligncenter\"><img loading=\"lazy\" decoding=\"async\" aria-describedby=\"caption-attachment-22185\" class=\"wp-image-22185 size-full\" src=\"https:\/\/ozonetech.com\/wp-content\/uploads\/2021\/03\/rena-pro-a-series.jpg\" alt=\"IMAGE ALT TEXT: Five Ozonetech Rena Pro A-series with integrated oxygen concentrator, sensor and monitoring equipment O3Eye\u2122\" width=\"850\" height=\"480\" srcset=\"https:\/\/ozonetech.com\/wp-content\/uploads\/2021\/03\/rena-pro-a-series.jpg 850w, https:\/\/ozonetech.com\/wp-content\/uploads\/2021\/03\/rena-pro-a-series-300x169.jpg 300w, https:\/\/ozonetech.com\/wp-content\/uploads\/2021\/03\/rena-pro-a-series-768x434.jpg 768w\" sizes=\"auto, (max-width: 850px) 100vw, 850px\" \/><p id=\"caption-attachment-22185\" class=\"wp-caption-text\"><em>Figur 1 &#8211; RENA Pro A-serien med integrerad syrgaskoncentrator, sensor och \u00f6vervakningsutrustningen O3Eye\u2122.<\/em><\/p><\/div>\n<p>&nbsp;<\/p>\n        <\/div>\n    <\/div>\n<\/div>\n\n\n<div class=\"container-fluid editor_content content content--narrow\">\n    <div class=\"row\">\n        <div class=\"col-md-6\">\n            <h4>RENA Pro A-serien<\/h4>\n<p>A-serien \u00e4r systemen med l\u00e4gst ozonkapacitet f\u00f6r rening av processluft upp till 2 500 m<sup>3<\/sup>\/h. Dessa passar utm\u00e4rkt f\u00f6r applikationer s\u00e5som mikrobiell desinfektion (t.ex. salmonella) eller h\u00f6g-intensiv luktrening i avluftningsapplikationer.<\/p>\n        <\/div>\n        <div class=\"col-md-6\">\n            <h4>RENA Pro B-serien<\/h4>\n<p>RENA Pro B-serien \u00e4r det vanligaste paketet d\u00e5 systemet kan behandla allt mellan 500 &#8211; 30 000 m<sup>3<\/sup>\/h med en h\u00f6g prestanda, vilket medf\u00f6r att B-serien med l\u00e4gre kapacitet kan anv\u00e4ndas f\u00f6r luktrening i avluftning medan B-serien med h\u00f6gre kapacitet passar perfekt f\u00f6r H<sub>2<\/sub>S reduktion i avloppsreningsverk. L\u00f6sningen har en kompakt design med dimensionerna 80 x 60 x 180 cm (B x D x H; halvpall). Fl\u00f6det kylv\u00e4tska varierar mellan 1-6 l\/min beroende p\u00e5 modell, vilket kan utg\u00f6ras av vatten p\u00e5 plats eller med hj\u00e4lp av ett specialgjort kylsystem. Effektbehovet till systemet varierar ocks\u00e5 med modell och b\u00f6rjar p\u00e5 0,25 kW.<\/p>\n        <\/div>\n    <\/div>\n<\/div>\n\n<div class=\"container-fluid editor_content content content--narrow\">\n    <div class=\"row\">\n        <div class=\"col-12 editor_content\">\n            <h4>RENA Pro C-serien<\/h4>\n<p>C-serien anv\u00e4nds f\u00f6r applikationer d\u00e4r det antingen \u00e4r stora luftfl\u00f6den eller h\u00f6ga koncentrationer f\u00f6roreningar t.ex. industriell H<sub>2<\/sub>S reduktion f\u00f6r <a href=\"https:\/\/mellifiq.com\/sv\/markets\/biogasanlaggningar\/\" target=\"_blank\" rel=\"noopener\">metanuppgradering<\/a> vid biogasframst\u00e4llning. Alternativt kan den anv\u00e4ndas d\u00e5 ozon beh\u00f6vs p\u00e5 flera platser samtidigt i l\u00e4gre halter. Enheten kan d\u00e5 fungera som en &#8221;ozoncentral&#8221; d\u00e4r ozonkapaciteten f\u00f6rdelas beroende p\u00e5 kundens \u00f6nskem\u00e5l. Kylv\u00e4tskefl\u00f6de b\u00f6rjar p\u00e5 12 l\/min och effektbehovet p\u00e5 1,5 kW.<\/p>\n<div id=\"attachment_22116\" style=\"width: 1034px\" class=\"wp-caption aligncenter\"><img loading=\"lazy\" decoding=\"async\" aria-describedby=\"caption-attachment-22116\" class=\"size-large wp-image-22116\" src=\"https:\/\/ozonetech.com\/wp-content\/uploads\/2021\/03\/rena-pro-c-series-1024x819.jpg\" alt=\"RENA Pro C-serien\" width=\"1024\" height=\"819\" srcset=\"https:\/\/ozonetech.com\/wp-content\/uploads\/2021\/03\/rena-pro-c-series-1024x819.jpg 1024w, https:\/\/ozonetech.com\/wp-content\/uploads\/2021\/03\/rena-pro-c-series-300x240.jpg 300w, https:\/\/ozonetech.com\/wp-content\/uploads\/2021\/03\/rena-pro-c-series-768x614.jpg 768w, https:\/\/ozonetech.com\/wp-content\/uploads\/2021\/03\/rena-pro-c-series.jpg 1500w\" sizes=\"auto, (max-width: 1024px) 100vw, 1024px\" \/><p id=\"caption-attachment-22116\" class=\"wp-caption-text\"><em>V\u00e4nster: RENA Pro C-serien fram. H\u00f6ger: RENA Pro C-serien sidan.<\/em><\/p><\/div>\n        <\/div>\n    <\/div>\n<\/div>\n\n\n<div class=\"container-fluid editor_content content content--narrow\">\n    <div class=\"row\">\n        <div class=\"col-md-6\">\n            <h4>RENA Pro D-serien<\/h4>\n<p>D-serien anv\u00e4nds f\u00f6r applikationer d\u00e4r C-serien inte r\u00e4cker till. Desas kan vara st\u00f6rre industriella applikationer s\u00e5som VOC reduktion i f\u00e4rg- &amp; lackindustrin eller kraftigt f\u00f6rorenade luftstr\u00f6mmar med H<sub>2<\/sub>S &amp; merkaptaner t.ex. avlopp och <a href=\"https:\/\/mellifiq.com\/sv\/markets\/biogasanlaggningar\/\" target=\"_blank\" rel=\"noopener\"><strong>biogas<\/strong><\/a>.<\/p>\n        <\/div>\n        <div class=\"col-md-6\">\n            <h4>RENA Pro E-serien<\/h4>\n<p>E-serien \u00e4r de kraftfullaste RENA Pro-ozonsystemen som vi levererar till luftapplikationer. Denna serie kan behandla kraftigt f\u00f6rorenade luftstr\u00f6mmar med fl\u00f6den upp till 120 000 m<sup>3<\/sup>\/h, vilket kan beh\u00f6vas i v\u00e4ldigt intensiva och stora industriella applikationer med stora fl\u00f6den och h\u00f6ga koncentrationer av f\u00f6roreningar.<\/p>\n        <\/div>\n    <\/div>\n<\/div>\n\n<div class=\"container-fluid editor_content content content--narrow\">\n    <div class=\"row\">\n        <div class=\"col-12 editor_content\">\n            <div id=\"attachment_22146\" style=\"width: 1034px\" class=\"wp-caption aligncenter\"><img loading=\"lazy\" decoding=\"async\" aria-describedby=\"caption-attachment-22146\" class=\"wp-image-22146 size-large\" src=\"https:\/\/ozonetech.com\/wp-content\/uploads\/2021\/03\/RENA-Pro-E-1024x851.jpg\" alt=\"Ozone System RENA Pro E\" width=\"1024\" height=\"851\" srcset=\"https:\/\/ozonetech.com\/wp-content\/uploads\/2021\/03\/RENA-Pro-E-1024x851.jpg 1024w, https:\/\/ozonetech.com\/wp-content\/uploads\/2021\/03\/RENA-Pro-E-300x249.jpg 300w, https:\/\/ozonetech.com\/wp-content\/uploads\/2021\/03\/RENA-Pro-E-768x638.jpg 768w, https:\/\/ozonetech.com\/wp-content\/uploads\/2021\/03\/RENA-Pro-E.jpg 1500w\" sizes=\"auto, (max-width: 1024px) 100vw, 1024px\" \/><p id=\"caption-attachment-22146\" class=\"wp-caption-text\">V\u00e4nster: RENA Pro E-serien fram. H\u00f6ger: RENA Pro E-serien bak.<\/p><\/div>\n<h4>RENA Pro X<\/h4>\n<p>Om det inte var nog med ozon i n\u00e5gon av RENA Pro-systemen som listats ovan, finns det m\u00f6jlighet f\u00f6r en specialgjord RENA Pro-l\u00f6sning, ocks\u00e5 kallad RENA Pro X. Beroende p\u00e5 \u00f6nskem\u00e5l kan denna uppn\u00e5 3 kilogram ozon per timme. Likt de ordinarie serierna har RENA Pro X fullst\u00e4ndig anpassningsbarhet n\u00e4r det g\u00e4ller tillbeh\u00f6r s\u00e5som \u00f6vervakning, HMI och syrgaskoncentratorer.<\/p>\n<p><em>Tveka inte att skicka en\u00a0<a href=\"https:\/\/mellifiq.com\/sv\/kontakt\/\" target=\"_blank\" rel=\"noopener\">f\u00f6rfr\u00e5gan till oss<\/a>\u00a0g\u00e4llande en RENA Pro X-l\u00f6sning!<\/em><\/p>\n<p><em>Ladda ned produktbroschyren f\u00f6r RENA Pro-serien\u00a0<strong><a href=\"https:\/\/ozonetech.com\/wp-content\/uploads\/2020\/12\/Brochure-RENA-Pro-Ozone-Systems-v1.5-EN-web-1.pdf\" target=\"_blank\" rel=\"noopener\">h\u00e4r<\/a><\/strong>!<\/em><\/p>\n        <\/div>\n    <\/div>\n<\/div>\n\n\n\n<div class=\"container-fluid editor_content content content--narrow\">\n    <div class=\"row\">\n        <div class=\"col-12 editor_content\">\n            <h3>Sammanfattning<\/h3>\n<p>RENA Pro \u00e4r Ozonetechs mest kompletta och effektiva ozonbehandling f\u00f6r luftapplikationer. Systemen \u00e4r indelade i A-, B-, C-, D-, och E-serien beroende p\u00e5 applikation och krav\/\u00f6nskem\u00e5l hos kunden.<\/p>\n        <\/div>\n    <\/div>\n<\/div>\n\n<div class=\"container-fluid editor_content\">\n    <div class=\"row\">\n        <div class=\"col-12 editor_content table-wrapper \" style=\"--table-text-color-header: #FFFFFF; --table-text-color-rows: #000000; --table-background-color-header: #5f5f5f; --table-background-color-rows-even: #efefef; --table-background-color-rows-odd: #dfdfdf; \">\n                            \n<table id=\"tablepress-86\" class=\"tablepress tablepress-id-86 tbody-has-connected-cells\" aria-describedby=\"tablepress-86-description\">\n<thead>\n<tr class=\"row-1\">\n\t<th colspan=\"2\" class=\"column-1\"><strong>Tekniska specifikationer<\/strong><\/th>\n<\/tr>\n<\/thead>\n<tbody class=\"row-striping\">\n<tr class=\"row-2\">\n\t<td colspan=\"2\" class=\"column-1\"><strong>Ozonproduktion<\/strong><\/td>\n<\/tr>\n<tr class=\"row-3\">\n\t<td class=\"column-1\">Kapacitet<\/td><td class=\"column-2\">Upp till 0,5 kg\/tim<\/td>\n<\/tr>\n<tr class=\"row-4\">\n\t<td class=\"column-1\">Koncentration, upp till<\/td><td class=\"column-2\">240 g\/Nm<sup>3<\/sup><\/td>\n<\/tr>\n<tr class=\"row-5\">\n\t<td class=\"column-1\">F\u00f6rdelning<\/td><td class=\"column-2\">Flexibel<\/td>\n<\/tr>\n<tr class=\"row-6\">\n\t<td colspan=\"2\" class=\"column-1\"><strong>Matning (gas)\t<\/strong><\/td>\n<\/tr>\n<tr class=\"row-7\">\n\t<td class=\"column-1\">Syrgas<\/td><td class=\"column-2\">Max daggpunkt 70\u2103 \/ 158\u2109<\/td>\n<\/tr>\n<tr class=\"row-8\">\n\t<td class=\"column-1\">Tryck, internt<\/td><td class=\"column-2\">0.8 &#8211; 1.2 bar g (11.6 &#8211; 17.4 psi g)<\/td>\n<\/tr>\n<tr class=\"row-9\">\n\t<td class=\"column-1\">Gasfl\u00f6de<\/td><td class=\"column-2\">0.6 till 60 l\/min<\/td>\n<\/tr>\n<tr class=\"row-10\">\n\t<td colspan=\"2\" class=\"column-1\"><strong>Kylning<\/strong><\/td>\n<\/tr>\n<tr class=\"row-11\">\n\t<td class=\"column-1\">Kvalitet<\/td><td class=\"column-2\">Kylv\u00e4tska eller filtrerat f\u00e4rskvatten<\/td>\n<\/tr>\n<tr class=\"row-12\">\n\t<td class=\"column-1\">Tryck, in<\/td><td class=\"column-2\">2 &#8211; 4 bar g (29 &#8211; 58 psi g)<\/td>\n<\/tr>\n<tr class=\"row-13\">\n\t<td class=\"column-1\">Temperatur<\/td><td class=\"column-2\">5 &#8211; 12 \u2103 (41 &#8211; 53.6\u2109)<\/td>\n<\/tr>\n<tr class=\"row-14\">\n\t<td colspan=\"2\" class=\"column-1\"><strong>Fl\u00f6de<\/strong><\/td>\n<\/tr>\n<tr class=\"row-15\">\n\t<td class=\"column-1\">A-serien<\/td><td class=\"column-2\">0.5 l\/min<\/td>\n<\/tr>\n<tr class=\"row-16\">\n\t<td class=\"column-1\">B-serien<\/td><td class=\"column-2\">1 &#8211; 6 l\/min<\/td>\n<\/tr>\n<tr class=\"row-17\">\n\t<td class=\"column-1\">C-serien<\/td><td class=\"column-2\">6 &#8211; 12 l\/min<\/td>\n<\/tr>\n<tr class=\"row-18\">\n\t<td class=\"column-1\">D-serien<\/td><td class=\"column-2\">12 &#8211; 18 l\/min<\/td>\n<\/tr>\n<tr class=\"row-19\">\n\t<td class=\"column-1\">E-serien<\/td><td class=\"column-2\">16 &#8211; 24 l\/min<\/td>\n<\/tr>\n<tr class=\"row-20\">\n\t<td colspan=\"2\" class=\"column-1\"><strong>Elektriska egenskaper<\/strong><\/td>\n<\/tr>\n<tr class=\"row-21\">\n\t<td class=\"column-1\">Sp\u00e4nning<\/td><td class=\"column-2\">230 VAC, 50 Hz<br \/>\n<\/td>\n<\/tr>\n<tr class=\"row-22\">\n\t<td colspan=\"2\" class=\"column-1\"><strong>Effekt<\/strong><\/td>\n<\/tr>\n<tr class=\"row-23\">\n\t<td class=\"column-1\">A-serien<\/td><td class=\"column-2\">0.125 &#8211; 0.5 kW<\/td>\n<\/tr>\n<tr class=\"row-24\">\n\t<td class=\"column-1\">B-serien<\/td><td class=\"column-2\">0.25 &#8211; 2.75 kW<\/td>\n<\/tr>\n<tr class=\"row-25\">\n\t<td class=\"column-1\">C-serien<\/td><td class=\"column-2\">1.5 &#8211; 3.5 kW<\/td>\n<\/tr>\n<tr class=\"row-26\">\n\t<td class=\"column-1\">D-serien<\/td><td class=\"column-2\">3.0 &#8211; 5.0 kW<\/td>\n<\/tr>\n<tr class=\"row-27\">\n\t<td class=\"column-1\">E-serien<\/td><td class=\"column-2\">4.0 &#8211; 7.0 kW<\/td>\n<\/tr>\n<tr class=\"row-28\">\n\t<td colspan=\"2\" class=\"column-1\"><strong>Anslutningar<\/strong><\/td>\n<\/tr>\n<tr class=\"row-29\">\n\t<td class=\"column-1\">O<sub>2<\/sub> in<\/td><td class=\"column-2\">A-serien 6 mm, snabbkoppling<br \/>\nB, C, D, E-serierna: 8 mm, snabbkoppling<\/td>\n<\/tr>\n<tr class=\"row-30\">\n\t<td class=\"column-1\">O<sub>3<\/sub> ut<\/td><td class=\"column-2\">A-serien 6 mm, kl\u00e4mringskopplingar<br \/>\nB, C, D, E-serierna: 8 mm, kl\u00e4mringskopplingar <\/td>\n<\/tr>\n<tr class=\"row-31\">\n\t<td class=\"column-1\">Kylv\u00e4tska in<\/td><td class=\"column-2\">A, B-serien: hane G3\/8&#8243;<br \/>\nC, D, E-serien: hona G1\/2&#8243;<\/td>\n<\/tr>\n<tr class=\"row-32\">\n\t<td class=\"column-1\">Kylv\u00e4tska ut<\/td><td class=\"column-2\">A, B-serien: hane G3\/8&#8243;<br \/>\nC, D, E-serien: hona G1\/2&#8243;<\/td>\n<\/tr>\n<tr class=\"row-33\">\n\t<td colspan=\"2\" class=\"column-1\"><strong>Ozonsystem<\/strong><\/td>\n<\/tr>\n<tr class=\"row-34\">\n\t<td class=\"column-1\">Storlek (B x D x H)\t<\/td><td class=\"column-2\">800 x 600 x 1800 mm<\/td>\n<\/tr>\n<tr class=\"row-35\">\n\t<td class=\"column-1\">IP-klass<\/td><td class=\"column-2\">64<\/td>\n<\/tr>\n<\/tbody>\n<\/table>\n<span id=\"tablepress-86-description\" class=\"tablepress-table-description tablepress-table-description-id-86\"><\/span>\n<!-- #tablepress-86 from cache -->                                <\/div>\n    <\/div>\n<\/div>\n<div class=\"container-fluid editor_content\">\n    <div class=\"row\">\n        <div class=\"col-12 editor_content table-wrapper \" style=\"--table-text-color-header: #FFFFFF; --table-text-color-rows: #000000; --table-background-color-header: #5f5f5f; --table-background-color-rows-even: #efefef; --table-background-color-rows-odd: #dfdfdf; \">\n                            \n<table id=\"tablepress-87\" class=\"tablepress tablepress-id-87\" aria-describedby=\"tablepress-87-description\">\n<thead>\n<tr class=\"row-1\">\n\t<th colspan=\"6\" class=\"column-1\"><strong>Komponenter<\/strong><\/th>\n<\/tr>\n<\/thead>\n<tbody class=\"row-striping\">\n<tr class=\"row-2\">\n\t<td class=\"column-1\"><strong>Funktion<\/strong><\/td><td class=\"column-2\"><strong>A-serien<\/strong><\/td><td class=\"column-3\"><strong>B-serien<\/strong><\/td><td class=\"column-4\"><strong>C-serien<\/strong><\/td><td class=\"column-5\"><strong>D-serien<\/strong><\/td><td class=\"column-6\"><strong>E-serien<\/strong><\/td>\n<\/tr>\n<tr class=\"row-3\">\n\t<td class=\"column-1\">H\u00f6gprestanda ozongenerator med HELS\u2122-teknologi\t<\/td><td class=\"column-2\">Alltid<\/td><td class=\"column-3\">Alltid<\/td><td class=\"column-4\">Alltid<\/td><td class=\"column-5\">Alltid<\/td><td class=\"column-6\">Alltid<\/td>\n<\/tr>\n<tr class=\"row-4\">\n\t<td class=\"column-1\">Integrerad syrgaskoncentrator<\/td><td class=\"column-2\">Typisk<\/td><td class=\"column-3\">Ja<\/td><td class=\"column-4\">Ja<\/td><td class=\"column-5\">Externt syrgassystem<\/td><td class=\"column-6\">Externt syrgassystem<\/td>\n<\/tr>\n<tr class=\"row-5\">\n\t<td class=\"column-1\">Ozondetektor omgivande luft<\/td><td class=\"column-2\">Ja<\/td><td class=\"column-3\">Ja<\/td><td class=\"column-4\">Ja<\/td><td class=\"column-5\">Ja<\/td><td class=\"column-6\">Ja<\/td>\n<\/tr>\n<tr class=\"row-6\">\n\t<td class=\"column-1\">S\u00e4kerhets\u00f6vervakning O3EYE\u2122<\/td><td class=\"column-2\">Frivilligt<\/td><td class=\"column-3\">Ja<\/td><td class=\"column-4\">Ja<\/td><td class=\"column-5\">Ja<\/td><td class=\"column-6\">Ja<\/td>\n<\/tr>\n<tr class=\"row-7\">\n\t<td class=\"column-1\">Avancerat styrsystem med touchpanel<\/td><td class=\"column-2\">Frivilligt<\/td><td class=\"column-3\">Frivilligt<\/td><td class=\"column-4\">Frivilligt<\/td><td class=\"column-5\">Frivilligt<\/td><td class=\"column-6\">Frivilligt<\/td>\n<\/tr>\n<\/tbody>\n<\/table>\n<span id=\"tablepress-87-description\" class=\"tablepress-table-description tablepress-table-description-id-87\"><\/span>\n<!-- #tablepress-87 from cache -->                                <\/div>\n    <\/div>\n<\/div>\n<\/section>\n\n\n\n<section\n    id=\"\"\n    class=\"block content-block\"\n\tstyle=\"--cb-bg: light-gray; --cb-content: #000; padding-top: 30px; padding-bottom: 30px;\"\n>\n    \n\n<div class=\"container-fluid editor_content content content--narrow\">\n    <div class=\"row\">\n        <div class=\"col-12 editor_content\">\n            <h3>Vilken l\u00f6sning passar b\u00e4st f\u00f6r dig?<\/h3>\n<p>RENA Pro kan anv\u00e4ndas i m\u00e5nga olika kommersiella eller industriella applikationer d\u00e4r ozonbehandling beh\u00f6vs. F\u00f6r att hitta en optimal luftbehandling blir det viktiga att hitta r\u00e4tt modell och version f\u00f6r just din applikation.<\/p>\n<p>Nedan finner ni v\u00e5r generella dimensioneringsguide f\u00f6r RENA Pro-l\u00f6sningarna.<\/p>\n<p>&nbsp;<\/p>\n        <\/div>\n    <\/div>\n<\/div>\n\n<div class=\"container-fluid editor_content\">\n    <div class=\"row\">\n        <div class=\"col-12 editor_content table-wrapper \" style=\"--table-text-color-header: #FFFFFF; --table-text-color-rows: #000000; --table-background-color-header: #5f5f5f; --table-background-color-rows-even: #efefef; --table-background-color-rows-odd: #dfdfdf; \">\n                            \n<table id=\"tablepress-88\" class=\"tablepress tablepress-id-88\" aria-describedby=\"tablepress-88-description\">\n<thead>\n<tr class=\"row-1\">\n\t<th class=\"column-1\">Modell<\/th><th class=\"column-2\">Luftfl\u00f6de [m<sup>3<\/sup>\/h]<br \/>\n[H\u00f6g f\u00f6roreningsgrad]<\/th><th class=\"column-3\">Luftfl\u00f6de [m<sup>3<\/sup>\/h] <br \/>\n[L\u00e5g f\u00f6roreningsgrad]<\/th>\n<\/tr>\n<\/thead>\n<tbody class=\"row-striping\">\n<tr class=\"row-2\">\n\t<td class=\"column-1\">A-serien<\/td><td class=\"column-2\">0 &#8211; 500<\/td><td class=\"column-3\">0 &#8211; 2,500<\/td>\n<\/tr>\n<tr class=\"row-3\">\n\t<td class=\"column-1\">B-serien<\/td><td class=\"column-2\">500 &#8211; 6,000<\/td><td class=\"column-3\">2,500 &#8211; 30,000<\/td>\n<\/tr>\n<tr class=\"row-4\">\n\t<td class=\"column-1\">C-serien<\/td><td class=\"column-2\">6,000 &#8211; 12,000<\/td><td class=\"column-3\">30,000 &#8211; 60,000<\/td>\n<\/tr>\n<tr class=\"row-5\">\n\t<td class=\"column-1\">D-serien<\/td><td class=\"column-2\">12,000 &#8211; 18,000<\/td><td class=\"column-3\">60,000 &#8211; 90,000<\/td>\n<\/tr>\n<tr class=\"row-6\">\n\t<td class=\"column-1\">E-serien<\/td><td class=\"column-2\">18,000 &#8211; 24,000<\/td><td class=\"column-3\">90,000 &#8211; 120,000<\/td>\n<\/tr>\n<\/tbody>\n<\/table>\n<span id=\"tablepress-88-description\" class=\"tablepress-table-description tablepress-table-description-id-88\"><\/span>\n<!-- #tablepress-88 from cache -->                                <\/div>\n    <\/div>\n<\/div>\n\n\n<div class=\"container-fluid editor_content content content--narrow\">\n    <div class=\"row\">\n        <div class=\"col-12 editor_content\">\n            <p>Denna guide anv\u00e4nder sig utav antaganden s\u00e5som att samma typer av f\u00f6roreningar varit aktuella och att tillr\u00e4cklig reaktionstid till\u00e5ts.<\/p>\n<p>F\u00f6r att kunna s\u00e4kerst\u00e4lla en optimal l\u00f6sning f\u00f6r en viss applikation kr\u00e4vs ett antal parametrar, s\u00e5som:<\/p>\n<ul>\n<li>Luftfl\u00f6de (m<sup>3<\/sup>\/h)<\/li>\n<li>Typ av f\u00f6roreningar (Flyktiga organiska f\u00f6reningar (VOCer), svavel\u00e4mnen, ammoniak, mikroorganismer etc.)<\/li>\n<li>Koncentration av f\u00f6roreningar (ppm)<\/li>\n<li>Tillg\u00e4ngligt utrymme p\u00e5 plats (golvyta &amp; m\u00f6jliga h\u00f6jdrestriktioner)<\/li>\n<li>Reaktionstid (existerande r\u00f6r\/ventilation)<\/li>\n<li>Krav eller \u00f6nskem\u00e5l fr\u00e5n kunden (%luktreduktion eller liknande)<\/li>\n<\/ul>\n<p>F\u00f6r de str\u00e4ngaste krav eller f\u00f6ruts\u00e4ttningar kan RENA Pro l\u00e4tt paras ihop med andra l\u00f6sningar s\u00e5som <a href=\"https:\/\/ozonetech.com\/sv\/losningar-system\/luftbehandling\/uv-c-luft\/\"><strong>UV-C Air 515<\/strong><\/a> (AOP) eller\u00a0<a href=\"https:\/\/mellifiq.com\/sv\/brands\/nodora\/\" target=\"_blank\" rel=\"noopener\"><strong>Nodora luktrening<\/strong><\/a> f\u00f6r att n\u00e5 era reduktionskrav.<\/p>\n<p>Tveka inte att\u00a0<a href=\"https:\/\/mellifiq.com\/sv\/kontakt\/\" target=\"_blank\" rel=\"noopener\"><strong>kontakta oss idag<\/strong> <\/a>f\u00f6r att s\u00e4kerst\u00e4lla en optimal luftrening f\u00f6r er applikation!<\/p>\n<p><em>F\u00f6r nyckelf\u00e4rdig ozonbehandling i\u00a0<strong>vattenapplikationer<\/strong>, se v\u00e5rt\u00a0<strong><a href=\"https:\/\/ozonetech.com\/sv\/losningar-system\/vattenrening\/rena-vivo\/\">RENA Vivo-segment<\/a>.<\/strong><\/em><\/p>\n        <\/div>\n    <\/div>\n<\/div>\n\n<\/section>\n","protected":false},"excerpt":{"rendered":"","protected":false},"author":21,"featured_media":0,"parent":14817,"menu_order":0,"comment_status":"closed","ping_status":"closed","template":"","meta":{"_acf_changed":false,"_seopress_robots_primary_cat":"","_seopress_titles_title":"","_seopress_titles_desc":"RENA Pro \u00e4r en h\u00f6gkvalitet l\u00f6sning f\u00f6r luftrening och kan anv\u00e4ndas i n\u00e4stan alla luftapplikationer som H2S borttagning eller luftbehandling.","_seopress_robots_index":"","inline_featured_image":false,"footnotes":""},"class_list":["post-11323","page","type-page","status-publish","hentry"],"acf":[],"_links":{"self":[{"href":"https:\/\/ozonetech.com\/sv\/wp-json\/wp\/v2\/pages\/11323","targetHints":{"allow":["GET"]}}],"collection":[{"href":"https:\/\/ozonetech.com\/sv\/wp-json\/wp\/v2\/pages"}],"about":[{"href":"https:\/\/ozonetech.com\/sv\/wp-json\/wp\/v2\/types\/page"}],"author":[{"embeddable":true,"href":"https:\/\/ozonetech.com\/sv\/wp-json\/wp\/v2\/users\/21"}],"replies":[{"embeddable":true,"href":"https:\/\/ozonetech.com\/sv\/wp-json\/wp\/v2\/comments?post=11323"}],"version-history":[{"count":90,"href":"https:\/\/ozonetech.com\/sv\/wp-json\/wp\/v2\/pages\/11323\/revisions"}],"predecessor-version":[{"id":40779,"href":"https:\/\/ozonetech.com\/sv\/wp-json\/wp\/v2\/pages\/11323\/revisions\/40779"}],"up":[{"embeddable":true,"href":"https:\/\/ozonetech.com\/sv\/wp-json\/wp\/v2\/pages\/14817"}],"wp:attachment":[{"href":"https:\/\/ozonetech.com\/sv\/wp-json\/wp\/v2\/media?parent=11323"}],"curies":[{"name":"wp","href":"https:\/\/api.w.org\/{rel}","templated":true}]}}