{"id":11298,"date":"2020-06-24T09:40:12","date_gmt":"2020-06-24T09:40:12","guid":{"rendered":"https:\/\/ozonetech.com\/solutions-systems-air-treatment-ozone-destruction\/"},"modified":"2024-10-10T11:01:15","modified_gmt":"2024-10-10T09:01:15","slug":"ozondestruktosystem","status":"publish","type":"page","link":"https:\/\/ozonetech.com\/sv\/losningar-system\/luftbehandling\/ozondestruktosystem\/","title":{"rendered":"Ozondestruktorsystem"},"content":{"rendered":"\n<section\n    class=\"block hero hero--regular\"\n    style=\"background-image: url('https:\/\/ozonetech.com\/wp-content\/uploads\/2021\/03\/contra-1600x484.jpg'); --hero-opacity: 0.3\"\n>\n\n    <div class=\"container-fluid\">\n\n        <div class=\"content editor_content\">\n                         \n                <h2 class='h2'>Ozondestruktorsystem<\/h2>            \n                    <\/div>\n\n            <\/div>\n<\/section>\n\n\n<section class=\"component component_breadcrumbs\">\n\t<div class=\"container-fluid\">\n  \t<\/div>\n<\/section>\n\n\n<section\n    id=\"\"\n    class=\"block content-block\"\n\tstyle=\"--cb-bg: light-gray; --cb-content: #000; padding-top: 30px; padding-bottom: 30px;\"\n>\n    \n\n<div class=\"container-fluid editor_content content content--narrow\">\n    <div class=\"row\">\n        <div class=\"col-12 editor_content\">\n            <h1 style=\"text-align: left;\">Effektiv destruktion av ozon\u00f6verskott<\/h1>\n<p class=\"preamble\">Ozon \u00e4r en v\u00e4ldigt kraftfull molekyl som \u00e4r anv\u00e4ndbar inom m\u00e5nga applikationer i b\u00e5de luft- och vattenapplikationer. I vissa fall kan det f\u00f6rekomma h\u00f6ga koncentrationer av ozon efter att behandlingen \u00e4r klar som i sin tur m\u00e5ste reduceras med hj\u00e4lp av en &#8221;ozondestruktor\u201d. D\u00e4rf\u00f6r har vi utvecklat en innovativ l\u00f6sning f\u00f6r eliminering av s\u00e4rskilt h\u00f6ga halter ozon, n\u00e4mligen Contra-l\u00f6sningen.<\/p>\n<p>Vid vattenrening med ozon kan det kvarst\u00e5 h\u00f6ga koncentrationer efter injektion i vattenfasen. \u00c4ven om man anv\u00e4nder den b\u00e4sta m\u00f6jliga tekniken f\u00f6r att maximera uppl\u00f6sningen av ozon i vatten, kvarst\u00e5r det alltid en del ozon som inte l\u00f6ser sig. Contra passar perfekt f\u00f6r stora vattenapplikationer d\u00e4r h\u00f6ga halter ozon anv\u00e4nds. Dessutom kan h\u00f6ga ozonkoncentrationer ocks\u00e5 f\u00f6rekomma vid luftbehandling med ozon s\u00e5som vid sanering av stora volymer.<\/p>\n        <\/div>\n    <\/div>\n<\/div>\n\n\n\n<div class=\"container-fluid editor_content content content--narrow\">\n    <div class=\"row\">\n        <div class=\"col-12 editor_content\">\n            <h3>L\u00f6sningslayout<\/h3>\n<p>Contra \u00e4r en komplett l\u00f6sning f\u00f6r eliminering av ozon monterad p\u00e5 pall med standard EUR-pall m\u00e5tt. Systemet best\u00e5r av flera delar beroende p\u00e5 kundens \u00f6nskem\u00e5l. Ett exempel p\u00e5 en upps\u00e4ttning visas nedan.<\/p>\n<div class=\"caption caption-right mceTemp draggable panopoly-image-original panopoly-images-processed\">\n<div class=\"caption-width-container\">\n<div class=\"caption-inner\"><\/div>\n<\/div>\n<\/div>\n<div style=\"width: 310px\" class=\"wp-caption alignright\"><img loading=\"lazy\" decoding=\"async\" class=\"alignnone size-medium wp-image-14261\" src=\"https:\/\/ozonetech.com\/wp-content\/uploads\/2021\/01\/Contra-ozone-destruction-system-229x300.png\" alt=\"\" width=\"300\" height=\"392\" srcset=\"https:\/\/ozonetech.com\/wp-content\/uploads\/2021\/01\/Contra-ozone-destruction-system-229x300.png 229w, https:\/\/ozonetech.com\/wp-content\/uploads\/2021\/01\/Contra-ozone-destruction-system.png 593w\" sizes=\"auto, (max-width: 300px) 100vw, 300px\" \/><p class=\"wp-caption-text\">Komplett ozondestruktor-system &#8211; Contra<\/p><\/div>\n<p>Om fl\u00f6det med ozon \u00e4r v\u00e4ldigt fuktigt kan det installeras en avfuktningsanordning (demister) med en dr\u00e4neringsventil f\u00f6r kondens. Demistern tar bort st\u00f6rre vattendroppar som f\u00f6rekommer vid tillst\u00e5nd d\u00e5 luften \u00f6verskrider sin m\u00e4ttnadsgr\u00e4ns. D\u00e5 kondensation av vatten m\u00e5ste undvikas i systemet har det installerats ett v\u00e4rmeelement som \u00f6kar temperaturen med 10 &#8211; 15 \u00b0C, enligt rekommendationer f\u00f6r materialet i sj\u00e4lva ozondestruktorn. Temperaturen f\u00f6re och efter v\u00e4rmeelementet kan observeras p\u00e5 enheten som ger m\u00f6jlighet f\u00f6r reglage av str\u00f6mtillf\u00f6rseln genom en integrerad kontrollpanel. Dessutom kan systemet inneh\u00e5lla en trycksensor f\u00f6r \u00f6vervakning av tryckfallet \u00f6ver ozondestruktorns b\u00e4ddmaterial. L\u00f6sningen g\u00f6rs komplett med en integrerad fl\u00e4kt med ett reglerbart luftfl\u00f6de. Det valda luftfl\u00f6det \u00f6vervakas kontinuerligt och h\u00e5lls konstant genom att justera str\u00f6mmen med hj\u00e4lp av kontrollpanelen.<\/p>\n<p>Vi har utvecklat fyra stycken l\u00f6sningar beroende p\u00e5 fl\u00f6de (kapacitet) och \u00f6nskem\u00e5l.<\/p>\n        <\/div>\n    <\/div>\n<\/div>\n\n<div class=\"container-fluid editor_content\">\n    <div class=\"row\">\n        <div class=\"col-12 editor_content table-wrapper \" style=\"--table-text-color-header: #FFFFFF; --table-text-color-rows: #000000; --table-background-color-header: #5f5f5f; --table-background-color-rows-even: #efefef; --table-background-color-rows-odd: #dfdfdf; \">\n                            \n<table id=\"tablepress-82\" class=\"tablepress tablepress-id-82\" aria-describedby=\"tablepress-82-description\">\n<thead>\n<tr class=\"row-1\">\n\t<th class=\"column-1\">Modell<\/th><th class=\"column-2\">Max. kapacitet<\/th><th class=\"column-3\">Max. ozonkoncentration <\/th>\n<\/tr>\n<\/thead>\n<tbody class=\"row-striping\">\n<tr class=\"row-2\">\n\t<td class=\"column-1\">Contra \u2013 50<\/td><td class=\"column-2\">50 m<sup>3<\/sup>\/h<\/td><td class=\"column-3\">300 g\/m<sup>3<\/sup><\/td>\n<\/tr>\n<tr class=\"row-3\">\n\t<td class=\"column-1\">Contra \u2013 150<\/td><td class=\"column-2\">150 m<sup>3<\/sup>\/h<\/td><td class=\"column-3\">300 g\/m<sup>3<\/sup><\/td>\n<\/tr>\n<tr class=\"row-4\">\n\t<td class=\"column-1\">Contra \u2013 300<\/td><td class=\"column-2\">300 m<sup>3<\/sup>\/h<\/td><td class=\"column-3\">300 g\/m<sup>3<\/sup><\/td>\n<\/tr>\n<tr class=\"row-5\">\n\t<td class=\"column-1\">Contra \u2013 500<\/td><td class=\"column-2\">500 m<sup>3<\/sup>\/h<\/td><td class=\"column-3\">300 g\/m<sup>3<\/sup><\/td>\n<\/tr>\n<\/tbody>\n<\/table>\n<span id=\"tablepress-82-description\" class=\"tablepress-table-description tablepress-table-description-id-82\"><\/span>\n<!-- #tablepress-82 from cache -->                                <\/div>\n    <\/div>\n<\/div>\n\n\n<div class=\"container-fluid editor_content content content--narrow\">\n    <div class=\"row\">\n        <div class=\"col-12 editor_content\">\n            <h3>Material f\u00f6r ozondestruktion<\/h3>\n<p>Materialet som anv\u00e4nds f\u00f6r ozondestruktionen \u00e4r en specialutvecklad katalysator. Det \u00e4r samma material som anv\u00e4nds i v\u00e5r <strong><a href=\"https:\/\/ozonetech.com\/sv\/produkter\/ozondestruktorer\/\">OD 100-5000<\/a><\/strong> produktserie. Katalysatorn s\u00e4kerst\u00e4ller en utloppskoncentration av ozon p\u00e5 0,1 ppm oavsett inloppskoncentration. B\u00e4ddmaterialet \u00e4r inneslutet i en modul i 316L rostfritt st\u00e5l med kopplingar\/anslutningar. Dessutom \u00e4r den utformad s\u00e5 att byte av material kan enkelt ske genom att \u00f6ppna upp konstruktionen.<\/p>\n<p><strong>OBS:\u00a0<\/strong><em>Fukt, damm, partiklar etc. kan ha en negativ inverkan p\u00e5 katalysatorns livsl\u00e4ngd. &#8221;F\u00f6rgiftning&#8221; av katalysatorn kan ske av svavelf\u00f6reningar, NOx och kolv\u00e4ten, som kan medf\u00f6ra irreversibla skador p\u00e5 materialet.\u00a0<\/em><\/p>\n<h3>Applikationsomr\u00e5den<\/h3>\n<ul>\n<li>Vattenrening av st\u00f6rre karakt\u00e4r som t.ex.\u00a0<a href=\"https:\/\/ozonetech.com\/sv\/applikationer\/vattenrening\/dricksvatten\/\"><strong>Dricksvatten<\/strong><\/a> och\u00a0<a href=\"https:\/\/ozonetech.com\/sv\/applikationer\/vattenrening\/bod-cod-reduktion\/\"><strong>COD &amp; BOD reduktion<\/strong><\/a>.<\/li>\n<li>Ozonbehandling f\u00f6r sanering av luft<\/li>\n<\/ul>\n<h3>F\u00f6rdelar<\/h3>\n<ul>\n<li>Effektiv reducering av ozon till under 0,1 ppm<\/li>\n<li>Destruktion oberoende av inloppskoncentration<\/li>\n<li>Komplett l\u00f6sning f\u00f6r ett stort antal olika str\u00f6mmar<\/li>\n<li>Tar upp en liten yta: en standard EUR-pall<\/li>\n<li>En robust l\u00f6sning med ett l\u00e5gt behov av underh\u00e5ll<\/li>\n<li>Modul\u00e4r design med flexibla kombinationer<\/li>\n<li>L\u00e5ng livsl\u00e4ngd<\/li>\n<\/ul>\n        <\/div>\n    <\/div>\n<\/div>\n\n<\/section>\n\n\n\n<section\n    id=\"\"\n    class=\"block content-block\"\n\tstyle=\"--cb-bg: white; --cb-content: #000; padding-top: 30px; padding-bottom: 30px;\"\n>\n    <div class=\"container-fluid editor_content\">\n    <div class=\"row\">\n        <div class=\"col-12 editor_content table-wrapper \" style=\"--table-text-color-header: #FFFFFF; --table-text-color-rows: #000000; --table-background-color-header: #5f5f5f; --table-background-color-rows-even: #efefef; --table-background-color-rows-odd: #dfdfdf; \">\n                            \n<table id=\"tablepress-83\" class=\"tablepress tablepress-id-83 tbody-has-connected-cells\" aria-describedby=\"tablepress-83-description\">\n<thead>\n<tr class=\"row-1\">\n\t<th colspan=\"2\" class=\"column-1\"><strong>Tekniska specifikationer<\/strong><\/th>\n<\/tr>\n<\/thead>\n<tbody class=\"row-striping\">\n<tr class=\"row-2\">\n\t<td colspan=\"2\" class=\"column-1\"><strong>Specifikationer av Contra<\/strong><\/td>\n<\/tr>\n<tr class=\"row-3\">\n\t<td class=\"column-1\">Ozon-luftfl\u00f6de<\/td><td class=\"column-2\">0 \u2013 50 m<sup>3<\/sup>\/h  \u2013  Contra \u2013 50<br \/>\n0 \u2013 150 m<sup>3<\/sup>\/h \u2013 Contra \u2013 150<br \/>\n0 \u2013 300 m<sup>3<\/sup>\/h \u2013 Contra \u2013 300<br \/>\n0 \u2013 500 m<sup>3<\/sup>\/h \u2013 Contra \u2013 500<\/td>\n<\/tr>\n<tr class=\"row-4\">\n\t<td class=\"column-1\">Utloppskoncentration av ozon<\/td><td class=\"column-2\">0.1 ppm<\/td>\n<\/tr>\n<tr class=\"row-5\">\n\t<td class=\"column-1\">Temperatur<\/td><td class=\"column-2\">0 \u2013 80 \u00b0C<\/td>\n<\/tr>\n<tr class=\"row-6\">\n\t<td class=\"column-1\">Relativ fuktighet<\/td><td class=\"column-2\">0 \u2013 100 % RH<\/td>\n<\/tr>\n<tr class=\"row-7\">\n\t<td class=\"column-1\">Omgivande material <\/td><td class=\"column-2\">316 L rostfritt st\u00e5l<\/td>\n<\/tr>\n<\/tbody>\n<\/table>\n<span id=\"tablepress-83-description\" class=\"tablepress-table-description tablepress-table-description-id-83\"><\/span>\n<!-- #tablepress-83 from cache -->                                <\/div>\n    <\/div>\n<\/div>\n<div class=\"container-fluid editor_content\">\n    <div class=\"row\">\n        <div class=\"col-12 editor_content table-wrapper \" style=\"--table-text-color-header: #FFFFFF; --table-text-color-rows: #000000; --table-background-color-header: #5f5f5f; --table-background-color-rows-even: #efefef; --table-background-color-rows-odd: #dfdfdf; \">\n                            \n<table id=\"tablepress-84\" class=\"tablepress tablepress-id-84\" aria-describedby=\"tablepress-84-description\">\n<thead>\n<tr class=\"row-1\">\n\t<th colspan=\"2\" class=\"column-1\"><strong>Komponentlista<\/strong><\/th>\n<\/tr>\n<\/thead>\n<tbody class=\"row-striping\">\n<tr class=\"row-2\">\n\t<td class=\"column-1\"><strong>Enhet<\/strong><\/td><td class=\"column-2\"><strong>Beskrivning<\/strong><\/td>\n<\/tr>\n<tr class=\"row-3\">\n\t<td class=\"column-1\">Katalysator-modul<\/td><td class=\"column-2\">Modul i 316L rostfritt f\u00f6r inneslutande av katalysator-materialet. Den \u00e4r utformad f\u00f6r anv\u00e4ndarv\u00e4nligt och enkelt byte av materialet vid behov.<\/td>\n<\/tr>\n<tr class=\"row-4\">\n\t<td class=\"column-1\">Katalysatorb\u00e4dd<\/td><td class=\"column-2\">Katalysator f\u00f6r ozondestruktion<\/td>\n<\/tr>\n<tr class=\"row-5\">\n\t<td class=\"column-1\">R\u00f6rdelar<\/td><td class=\"column-2\">R\u00f6rdelarna anv\u00e4nds f\u00f6r att koppla ihop systemets olika komponenter och sj\u00e4lva luftfl\u00f6det. Olika typer av anslutningar finns tillg\u00e4ngliga.<\/td>\n<\/tr>\n<tr class=\"row-6\">\n\t<td class=\"column-1\">Fl\u00e4kt<\/td><td class=\"column-2\">Fl\u00e4kten anv\u00e4nds f\u00f6r att f\u00f6ra ett \u00f6nskat fl\u00f6de genom systemet.<\/td>\n<\/tr>\n<tr class=\"row-7\">\n\t<td class=\"column-1\">Kontrollsystem<\/td><td class=\"column-2\">Kontrollsystem f\u00f6r reglage av fl\u00e4ktkapaciteten samt att h\u00e5lla fl\u00f6det konstant<\/td>\n<\/tr>\n<\/tbody>\n<\/table>\n<span id=\"tablepress-84-description\" class=\"tablepress-table-description tablepress-table-description-id-84\"><\/span>\n<!-- #tablepress-84 from cache -->                                <\/div>\n    <\/div>\n<\/div>\n<div class=\"container-fluid editor_content\">\n    <div class=\"row\">\n        <div class=\"col-12 editor_content table-wrapper \" style=\"--table-text-color-header: #FFFFFF; --table-text-color-rows: #000000; --table-background-color-header: #5f5f5f; --table-background-color-rows-even: #efefef; --table-background-color-rows-odd: #dfdfdf; \">\n                            \n<table id=\"tablepress-85\" class=\"tablepress tablepress-id-85\" aria-describedby=\"tablepress-85-description\">\n<thead>\n<tr class=\"row-1\">\n\t<th colspan=\"2\" class=\"column-1\"><strong>Tillbeh\u00f6r &amp; alternativ<\/strong><\/th>\n<\/tr>\n<\/thead>\n<tbody class=\"row-striping\">\n<tr class=\"row-2\">\n\t<td class=\"column-1\"><strong>Enhet<\/strong><\/td><td class=\"column-2\"><strong>Beskrivning<\/strong><\/td>\n<\/tr>\n<tr class=\"row-3\">\n\t<td class=\"column-1\">F7-filter<\/td><td class=\"column-2\">Filter som tar bort damm och partiklar innan fl\u00f6det n\u00e5r katalysatorb\u00e4dden.<\/td>\n<\/tr>\n<tr class=\"row-4\">\n\t<td class=\"column-1\">Demister (avfuktning)<\/td><td class=\"column-2\">Demistern tar bort st\u00f6rre vattendroppar<\/td>\n<\/tr>\n<tr class=\"row-5\">\n\t<td class=\"column-1\">V\u00e4rmeelement<\/td><td class=\"column-2\">V\u00e4rmare f\u00f6r att undvika kondensation av vatten i katalysator-materialet<\/td>\n<\/tr>\n<tr class=\"row-6\">\n\t<td class=\"column-1\">Ozonsensor (in-line)<\/td><td class=\"column-2\">Sensor f\u00f6r kontinuerlig \u00f6vervakning av ozonkoncentrationen i systemets utlopp<\/td>\n<\/tr>\n<tr class=\"row-7\">\n\t<td class=\"column-1\">Ozonsensor (omgivning)<\/td><td class=\"column-2\">Sensor f\u00f6r kontinuerlig \u00f6vervakning av ozonkoncentrationen i omgivningen utanf\u00f6r systemet<\/td>\n<\/tr>\n<tr class=\"row-8\">\n\t<td class=\"column-1\">Trycksensor<\/td><td class=\"column-2\">Sensor f\u00f6r \u00f6vervakning av tryckfallet \u00f6ver den katalytiska b\u00e4dden.<\/td>\n<\/tr>\n<\/tbody>\n<\/table>\n<span id=\"tablepress-85-description\" class=\"tablepress-table-description tablepress-table-description-id-85\"><\/span>\n<!-- #tablepress-85 from cache -->                                <\/div>\n    <\/div>\n<\/div>\n\n\n<div class=\"container-fluid editor_content content content--narrow\">\n    <div class=\"row\">\n        <div class=\"col-12 editor_content\">\n            <p><em>F\u00f6r mer information ang\u00e5ende v\u00e5ra mindre enheter f\u00f6r ozondestruktion, se v\u00e5r\u00a0<strong><a href=\"https:\/\/ozonetech.com\/sv\/produkter\/ozondestruktorer\/\">Ozondestruktorer<\/a>\u00a0<\/strong>produktsida.<\/em><\/p>\n        <\/div>\n    <\/div>\n<\/div>\n\n<\/section>\n","protected":false},"excerpt":{"rendered":"","protected":false},"author":21,"featured_media":0,"parent":14817,"menu_order":0,"comment_status":"closed","ping_status":"closed","template":"","meta":{"_acf_changed":false,"_seopress_robots_primary_cat":"","_seopress_titles_title":"","_seopress_titles_desc":"Contra \u00e4r en ozoneliminering l\u00f6sning monterad p\u00e5 pall med standard EUR-pall m\u00e5tt, som best\u00e5r av flera delar beroende p\u00e5 kundens \u00f6nskem\u00e5l.","_seopress_robots_index":"","inline_featured_image":false,"footnotes":""},"class_list":["post-11298","page","type-page","status-publish","hentry"],"acf":[],"_links":{"self":[{"href":"https:\/\/ozonetech.com\/sv\/wp-json\/wp\/v2\/pages\/11298","targetHints":{"allow":["GET"]}}],"collection":[{"href":"https:\/\/ozonetech.com\/sv\/wp-json\/wp\/v2\/pages"}],"about":[{"href":"https:\/\/ozonetech.com\/sv\/wp-json\/wp\/v2\/types\/page"}],"author":[{"embeddable":true,"href":"https:\/\/ozonetech.com\/sv\/wp-json\/wp\/v2\/users\/21"}],"replies":[{"embeddable":true,"href":"https:\/\/ozonetech.com\/sv\/wp-json\/wp\/v2\/comments?post=11298"}],"version-history":[{"count":55,"href":"https:\/\/ozonetech.com\/sv\/wp-json\/wp\/v2\/pages\/11298\/revisions"}],"predecessor-version":[{"id":40802,"href":"https:\/\/ozonetech.com\/sv\/wp-json\/wp\/v2\/pages\/11298\/revisions\/40802"}],"up":[{"embeddable":true,"href":"https:\/\/ozonetech.com\/sv\/wp-json\/wp\/v2\/pages\/14817"}],"wp:attachment":[{"href":"https:\/\/ozonetech.com\/sv\/wp-json\/wp\/v2\/media?parent=11298"}],"curies":[{"name":"wp","href":"https:\/\/api.w.org\/{rel}","templated":true}]}}