{"id":11282,"date":"2020-06-24T09:24:57","date_gmt":"2020-06-24T09:24:57","guid":{"rendered":"https:\/\/ozonetech.com\/solutions-systems-air-treatment-cfd-simulaton-service\/"},"modified":"2024-10-10T11:06:40","modified_gmt":"2024-10-10T09:06:40","slug":"cfd-simulering","status":"publish","type":"page","link":"https:\/\/ozonetech.com\/sv\/losningar-system\/luftbehandling\/cfd-simulering\/","title":{"rendered":"CFD simulering"},"content":{"rendered":"\n<section\n    class=\"block hero hero--regular\"\n    style=\"background-image: url('https:\/\/ozonetech.com\/wp-content\/uploads\/2021\/03\/Streamlines-2-1600x484.jpg'); --hero-opacity: 0.3\"\n>\n\n    <div class=\"container-fluid\">\n\n        <div class=\"content editor_content\">\n                         \n                <h2 class='h2'>CFD simulering<\/h2>            \n                    <\/div>\n\n            <\/div>\n<\/section>\n\n\n<section class=\"component component_breadcrumbs\">\n\t<div class=\"container-fluid\">\n  \t<\/div>\n<\/section>\n\n\n<section\n    id=\"\"\n    class=\"block content-block\"\n\tstyle=\"--cb-bg: light-gray; --cb-content: #000; padding-top: 30px; padding-bottom: 30px;\"\n>\n    \n\n<div class=\"container-fluid editor_content content content--narrow\">\n    <div class=\"row\">\n        <div class=\"col-12 editor_content\">\n            <h1>Kraftfull datorsimulering av fl\u00f6desdynamik<\/h1>\n<p class=\"preamble\">Computational fluid dynamics (CFD) \u00e4r ett samlingsnamn f\u00f6r ekvationssystem som anv\u00e4nds f\u00f6r att f\u00f6rutsp\u00e5 fl\u00f6desriktningar, hastighet och turbulens av ett v\u00e4tske- eller gasfl\u00f6de.<\/p>\n<p>Ozonetech erbjuder state-of-the-art systeml\u00f6sningar, vi tar det extra steget och erbjuder avancerade CFD simuleringar som en del av v\u00e5r arbetsprocess f\u00f6r b\u00e5de luft och vatten.<\/p>\n<h3><strong>Verkligheten \u00e4r inte ideal!\u00a0<\/strong><\/h3>\n<p>Det \u00e4r l\u00e4tt att anta ideala f\u00f6rh\u00e5llanden i processtr\u00f6mar och utrustning, men i m\u00e5nga fall orsakar icke-ideala f\u00f6rh\u00e5llanden stora prestationsskillnader mellan designber\u00e4kningar och verkligheten, speciellt i industriell skala.<\/p>\n<p><em>F\u00f6rdelar med CFD simuleringar:\u00a0<\/em><\/p>\n<ul>\n<li>F\u00e5 b\u00e4sta m\u00f6jliga prestation \u2013 spara tid och pengar genom att inte beh\u00f6va kompensera f\u00f6r designfel!<\/li>\n<li>F\u00f6rutsp\u00e5 d\u00e5liga inblandning f\u00f6rh\u00e5llanden och stagnata zoner, som kan leda till ov\u00e4ntad l\u00e5g effektivitet eller korrosion<\/li>\n<li>S\u00e4kerst\u00e4ll bra injektor position \u2013 F\u00e5 ut det mesta av din ozonl\u00f6sning<\/li>\n<li>Kombinera CFD med andra fenomen f\u00f6r att optimera v\u00e4rme\u00f6verf\u00f6ring, kylning, reaktions utbyte och anv\u00e4ndning av filter<\/li>\n<\/ul>\n        <\/div>\n    <\/div>\n<\/div>\n\n\n\n<div class=\"container-fluid editor_content content content--narrow\">\n    <div class=\"row\">\n        <div class=\"col-12 editor_content\">\n            <p>Simuleringar kan g\u00f6ras med varierande komplexitet, beroende p\u00e5 kundens behov och \u00f6nskem\u00e5l anpassar vi komplexiteten. Vi kan bland annat erbjuda nedanst\u00e5ende tj\u00e4nster:<\/p>\n<ul>\n<li>CFD \u2013 Unders\u00f6k hur fl\u00f6den f\u00f6rdelar sig och vart fl\u00f6det \u00e4r st\u00f6rst och minst<\/li>\n<li>Fl\u00f6de p\u00e5verkat av propellrar \u2013 \u00c4r propeller effekten tillr\u00e4cklig?<\/li>\n<li>Studie av koncentrationsprofiler \u2013 Maximera inblandning och\/eller f\u00f6rebygg korrosion<\/li>\n<li>V\u00e4rme\u00f6verf\u00f6ring analys \u2013 F\u00e5 ut det mesta av v\u00e4rme\u00e5tervinning och\/eller undvik kritiska temperaturer<\/li>\n<li>Reaktionsteknik \u2013 Simulera kemiska rektioner, ber\u00e4kna reaktionsutbyte och tillsammans med v\u00e4rme\u00f6verf\u00f6ring kan \u00e4ven v\u00e4rmeutveckling f\u00f6rutsp\u00e5s<\/li>\n<li>Multi-fas system \u2013 Simulera bubblor i v\u00e4tskor och tillsammans med transport fenomen och j\u00e4mviktsber\u00e4kningar kan uppl\u00f6sning av ozon uppskattas<\/li>\n<\/ul>\n<p>L\u00e4s mer om v\u00e5r <a href=\"https:\/\/ozonetech.com\/sv\/losningar-system\/luftbehandling\/\">arbetsprocess<\/a>, eller\u00a0<a href=\"https:\/\/ozonetech.com\/contact\/\" target=\"_blank\" rel=\"noopener\">kontakta oss<\/a>\u00a0f\u00f6r mer information.<\/p>\n        <\/div>\n    <\/div>\n<\/div>\n\n<\/section>\n","protected":false},"excerpt":{"rendered":"","protected":false},"author":21,"featured_media":0,"parent":14817,"menu_order":0,"comment_status":"closed","ping_status":"closed","template":"","meta":{"_acf_changed":false,"_seopress_robots_primary_cat":"","_seopress_titles_title":"","_seopress_titles_desc":"Ozonetech tar det extra steget och erbjuder avancerade CFD simuleringar som en del av v\u00e5r arbetsprocess f\u00f6r b\u00e5de luft och vatten.","_seopress_robots_index":"","inline_featured_image":false,"footnotes":""},"class_list":["post-11282","page","type-page","status-publish","hentry"],"acf":[],"_links":{"self":[{"href":"https:\/\/ozonetech.com\/sv\/wp-json\/wp\/v2\/pages\/11282","targetHints":{"allow":["GET"]}}],"collection":[{"href":"https:\/\/ozonetech.com\/sv\/wp-json\/wp\/v2\/pages"}],"about":[{"href":"https:\/\/ozonetech.com\/sv\/wp-json\/wp\/v2\/types\/page"}],"author":[{"embeddable":true,"href":"https:\/\/ozonetech.com\/sv\/wp-json\/wp\/v2\/users\/21"}],"replies":[{"embeddable":true,"href":"https:\/\/ozonetech.com\/sv\/wp-json\/wp\/v2\/comments?post=11282"}],"version-history":[{"count":30,"href":"https:\/\/ozonetech.com\/sv\/wp-json\/wp\/v2\/pages\/11282\/revisions"}],"predecessor-version":[{"id":40828,"href":"https:\/\/ozonetech.com\/sv\/wp-json\/wp\/v2\/pages\/11282\/revisions\/40828"}],"up":[{"embeddable":true,"href":"https:\/\/ozonetech.com\/sv\/wp-json\/wp\/v2\/pages\/14817"}],"wp:attachment":[{"href":"https:\/\/ozonetech.com\/sv\/wp-json\/wp\/v2\/media?parent=11282"}],"curies":[{"name":"wp","href":"https:\/\/api.w.org\/{rel}","templated":true}]}}