{"id":11261,"date":"2020-06-24T08:59:58","date_gmt":"2020-06-24T08:59:58","guid":{"rendered":"https:\/\/ozonetech.com\/solutions-systems-air-treatment\/"},"modified":"2024-10-10T11:03:02","modified_gmt":"2024-10-10T09:03:02","slug":"luft-luktanalys","status":"publish","type":"page","link":"https:\/\/ozonetech.com\/sv\/losningar-system\/luftbehandling\/luft-luktanalys\/","title":{"rendered":"Luft- &amp; luktanalys"},"content":{"rendered":"\n<section\n    class=\"block hero hero--regular\"\n    style=\"background-image: url('https:\/\/ozonetech.com\/wp-content\/uploads\/2021\/03\/air-odor-anlysis-1600x484.jpg'); --hero-opacity: 0.3\"\n>\n\n    <div class=\"container-fluid\">\n\n        <div class=\"content editor_content\">\n                         \n                <h2 class='h2'>Luft- &#038; luktanalys<\/h2>            \n                    <\/div>\n\n            <\/div>\n<\/section>\n\n\n<section class=\"component component_breadcrumbs\">\n\t<div class=\"container-fluid\">\n  \t<\/div>\n<\/section>\n\n\n<section\n    id=\"\"\n    class=\"block content-block\"\n\tstyle=\"--cb-bg: light-gray; --cb-content: #000; padding-top: 30px; padding-bottom: 30px;\"\n>\n    \n\n<div class=\"container-fluid editor_content content content--narrow\">\n    <div class=\"row\">\n        <div class=\"col-12 editor_content\">\n            <h1>Avancerad vetenskaplig analys av luft- och luktsammans\u00e4ttning<\/h1>\n<p class=\"preamble\">Att behandla diverse problem i luft kan vara en stor utmaning, speciellt f\u00f6r lukter. En del av utmaningen ligger i att det finns os\u00e4kerheter i exakt vad det \u00e4r som genererar det ursprungliga problemet. F\u00f6r att l\u00f6sa denna del erbjuder vi olika typer av luftanalyser f\u00f6r att b\u00e4ttre karakt\u00e4risera och kvantifiera luftens sammans\u00e4ttning och kunna uppn\u00e5 en optimal skr\u00e4ddarsydd ozon-l\u00f6sning.<\/p>\n<p>Eftersom vi hanterar m\u00e5nga olika applikationsomr\u00e5den erbjuder vi analyser med m\u00e5l att identifiera och kvantifiera luftf\u00f6roreningar. Vi utf\u00f6r analyserna utefter kundens \u00f6nskem\u00e5l, b\u00e5de internt och\/eller i samarbete med certifierade oberoende partners. V\u00e5rt m\u00e5l \u00e4r att alltid uppn\u00e5 en s\u00e5 noggrann analys som m\u00f6jligt och d\u00e4rmed anv\u00e4nder vi enbart den mest kvalificerade tekniken med den b\u00e4sta utrustningen f\u00f6r \u00e4ndam\u00e5let.<\/p>\n<h3>Analyserade parametrar<\/h3>\n<p>Nedan finns en lista \u00f6ver de vanligaste parametrarna som unders\u00f6ks i v\u00e5ra analyser, beroende p\u00e5 applikation.<\/p>\n<p><em>Andra typer av analyser finns ocks\u00e5 tillg\u00e4ngliga, <a href=\"https:\/\/mellifiq.com\/sv\/kontakt\/\" target=\"_blank\" rel=\"noopener\"><strong>kontakta oss<\/strong> <\/a>f\u00f6r mer information.<\/em><\/p>\n        <\/div>\n    <\/div>\n<\/div>\n\n\n<div class=\"container-fluid editor_content content content--narrow\">\n    <div class=\"row\">\n        <div class=\"col-md-6\">\n            <h4>Koncentration av luft\u00e4mnen<\/h4>\n<ul>\n<li>H<sub>2<\/sub>S<\/li>\n<li>Flyktiga Organiska F\u00f6reningar &#8211; VOC (koncentration med FID och identifiering med GC-MS)<\/li>\n<li>Ozon<\/li>\n<li>Ammoniak<\/li>\n<li>Merkaptaner<\/li>\n<li>Metan<\/li>\n<li>NOx<\/li>\n<\/ul>\n        <\/div>\n        <div class=\"col-md-6\">\n            <h4>Process-parametrar<\/h4>\n<ul>\n<li>Luftfuktighet<\/li>\n<li>Temperatur<\/li>\n<li>Luftfl\u00f6de<\/li>\n<li>Tryck och tryckfall<\/li>\n<\/ul>\n        <\/div>\n    <\/div>\n<\/div>\n\n<div class=\"container-fluid editor_content content content--narrow\">\n    <div class=\"row\">\n        <div class=\"col-12 editor_content\">\n            <h3>Luktanalys<\/h3>\n<p>Att m\u00e4ta och utv\u00e4rdera lukter \u00e4r en av de mest komplicerade uppgifter som finns inom luftanalyser. Detta f\u00f6r att det inte riktigt finns elektronisk utrustning eller ber\u00e4kningar som ger ett definitivt svar p\u00e5 hur mycket det egentligen luktar. Varje \u201dlukt\u201d kan vara en komplicerad blandning av olika \u00e4mnen. N\u00e4r blandningen n\u00e5r receptorerna i v\u00e5ra n\u00e4sor har alla \u00e4mnen sina egna interaktioner med olika receptorer, vilket skapar den slutliga lukten vi uppfattar. Vissa \u00e4mnen kan k\u00e4nnas av n\u00e4san redan vid en koncentration i storleksordningen ppb (parts-per-billion; miljard-delar) medan andra kan vara helt utan lukt oavsett koncentration. Hur tillfredst\u00e4llande sj\u00e4lva lukten \u00e4r g\u00f6r en stor skillnad p\u00e5 luktproblemet. Ett \u00e4mne som \u00e4r i en h\u00f6g koncentration men luktar gott kan tolereras, medan ett \u00e4mne som luktar svagt men d\u00e5ligt m\u00e5ste behandlas.<\/p>\n<p><img loading=\"lazy\" decoding=\"async\" class=\"alignnone size-large wp-image-22046 aligncenter\" src=\"https:\/\/ozonetech.com\/wp-content\/uploads\/2021\/03\/Smell-flower-1024x683.jpg\" alt=\"\" width=\"1024\" height=\"683\" srcset=\"https:\/\/ozonetech.com\/wp-content\/uploads\/2021\/03\/Smell-flower-1024x683.jpg 1024w, https:\/\/ozonetech.com\/wp-content\/uploads\/2021\/03\/Smell-flower-300x200.jpg 300w, https:\/\/ozonetech.com\/wp-content\/uploads\/2021\/03\/Smell-flower-768x512.jpg 768w, https:\/\/ozonetech.com\/wp-content\/uploads\/2021\/03\/Smell-flower.jpg 1500w\" sizes=\"auto, (max-width: 1024px) 100vw, 1024px\" \/><\/p>\n        <\/div>\n    <\/div>\n<\/div>\n\n\n\n<div class=\"container-fluid editor_content content content--narrow\">\n    <div class=\"row\">\n        <div class=\"col-12 editor_content\">\n            <p>Bara fr\u00e5n detta kan man f\u00f6rst\u00e5 att det \u00e4r en avancerad och komplicerad process att fastst\u00e4lla en komplett karakt\u00e4risering av luktproblemet. D\u00e4remot finns det \u00e4nnu flera parametrar som kan p\u00e5verka vid potentiella luktproblem, s\u00e5som att vissa lukter kan \u201dd\u00f6lja\u201d andra (s.k. \u201dmasking\u201d) och att luktsinnet kan bed\u00f6vas vid kontinuerlig exponering f\u00f6r en viss lukt (s.k. \u201dolfactory fatigue\u201d).<\/p>\n<p>Vi \u00e4r utvecklat tv\u00e5 alternativ som m\u00f6jligg\u00f6r noggranna luktanalyser. Det f\u00f6rsta alternativet \u00e4r ett digitalt ber\u00e4kningsverktyg som f\u00f6ruts\u00e4ger luktv\u00e4rdena i en blandning genom ber\u00e4kningar med avseende p\u00e5 \u00e4mnenas fysiska koncentration och luktintensitet. Detta verktyg \u00e4r noggrant och kan j\u00e4mf\u00f6ra fall med och utan ozonbehandling.<\/p>\n<p>V\u00e5rt andra alternativ \u00e4r en fysisk luktm\u00e4tning, certifierad i enlighet med EU-standarden EN 13725:2003 f\u00f6r luktanalyser.\u00a0 Eftersom det f\u00f6r n\u00e4rvarande inte finns utrustning som kan byta ut m\u00e4nniskans n\u00e4sa, g\u00f6rs analysen genom en luktpanel som testar lukten vid olika utsp\u00e4dningar. Luktpanelen best\u00e4mmer vid vilken utsp\u00e4dning som de inte kan k\u00e4nna av lukten l\u00e4ngre, vilket best\u00e4mmer \u00e4mnets \u201dluktgr\u00e4ns\u201d (odor threshold). Denna m\u00e4tning g\u00f6rs i samarbete med en av v\u00e5ra oberoende partners.<\/p>\n<h3>Rapportering och utveckling av l\u00f6sning<\/h3>\n<p>Efter en luft- eller luktanalys levererar vi en professionell rapport med relevanta slutsatser n\u00e4r det g\u00e4ller behandlingen som kr\u00e4vs f\u00f6r luktf\u00f6roreningarna. Vid behov presenterar vi ocks\u00e5 en komplett l\u00f6sning f\u00f6r luftbehandlingen. Den huvudsakliga designen av l\u00f6sningen och beskrivning av delstegen presenteras tillsammans med f\u00f6rslaget. L\u00f6sningen \u00e4r framtagen utefter analysens resultat och kundens \u00f6nskem\u00e5l vilket medf\u00f6r att en skr\u00e4ddarsydd l\u00f6sning kan uppn\u00e5s f\u00f6r varje enskilt fall.<\/p>\n<p><em>Tveka inte att <a href=\"https:\/\/ozonetech.com\/contact\/\" target=\"_blank\" rel=\"noopener\"><strong>kontakta oss<\/strong><\/a> om ni har n\u00e5gra fr\u00e5gor!<\/em><\/p>\n        <\/div>\n    <\/div>\n<\/div>\n\n<\/section>\n","protected":false},"excerpt":{"rendered":"","protected":false},"author":21,"featured_media":0,"parent":14817,"menu_order":0,"comment_status":"closed","ping_status":"closed","template":"","meta":{"_acf_changed":false,"_seopress_robots_primary_cat":"","_seopress_titles_title":"","_seopress_titles_desc":"Eftersom vi hanterar m\u00e5nga olika applikationsomr\u00e5den erbjuder vi analyser med m\u00e5l att identifiera och kvantifiera luftf\u00f6roreningar.","_seopress_robots_index":"","inline_featured_image":false,"footnotes":""},"class_list":["post-11261","page","type-page","status-publish","hentry"],"acf":[],"_links":{"self":[{"href":"https:\/\/ozonetech.com\/sv\/wp-json\/wp\/v2\/pages\/11261","targetHints":{"allow":["GET"]}}],"collection":[{"href":"https:\/\/ozonetech.com\/sv\/wp-json\/wp\/v2\/pages"}],"about":[{"href":"https:\/\/ozonetech.com\/sv\/wp-json\/wp\/v2\/types\/page"}],"author":[{"embeddable":true,"href":"https:\/\/ozonetech.com\/sv\/wp-json\/wp\/v2\/users\/21"}],"replies":[{"embeddable":true,"href":"https:\/\/ozonetech.com\/sv\/wp-json\/wp\/v2\/comments?post=11261"}],"version-history":[{"count":30,"href":"https:\/\/ozonetech.com\/sv\/wp-json\/wp\/v2\/pages\/11261\/revisions"}],"predecessor-version":[{"id":40811,"href":"https:\/\/ozonetech.com\/sv\/wp-json\/wp\/v2\/pages\/11261\/revisions\/40811"}],"up":[{"embeddable":true,"href":"https:\/\/ozonetech.com\/sv\/wp-json\/wp\/v2\/pages\/14817"}],"wp:attachment":[{"href":"https:\/\/ozonetech.com\/sv\/wp-json\/wp\/v2\/media?parent=11261"}],"curies":[{"name":"wp","href":"https:\/\/api.w.org\/{rel}","templated":true}]}}